{"id":26,"date":"2023-11-01T16:00:46","date_gmt":"2023-11-01T19:00:46","guid":{"rendered":"http:\/\/www2.uepg.br\/caar\/?page_id=26"},"modified":"2026-03-11T16:57:17","modified_gmt":"2026-03-11T19:57:17","slug":"processo-seletivo","status":"publish","type":"page","link":"https:\/\/www2.uepg.br\/caar\/processo-seletivo\/","title":{"rendered":"Processo Seletivo"},"content":{"rendered":"<div>\n<h1 style=\"text-align: center\"><span style=\"color: #003366\"><em><strong><span style=\"color: #008000\">PROCESSO SELETIVO PARA INGRESSO EM 2026<\/span><\/strong><\/em><\/span><\/h1>\n<h1 style=\"text-align: center\"><strong><span style=\"color: #0000ff\"><a style=\"color: #0000ff\" href=\"https:\/\/www2.uepg.br\/caar\/processo-seletivo\/edital-08_26-12o-chamada\/\" rel=\"attachment wp-att-3549\">Edital 08_26_Processo Seletivo 12\u00ba chamada<\/a><\/span><\/strong><\/h1>\n<h1 style=\"text-align: center\"><span style=\"color: #0000ff\"><strong><a style=\"color: #0000ff\" href=\"https:\/\/www2.uepg.br\/caar\/processo-seletivo\/edital-06_26-processo-seletivo-11-chamada\/\" rel=\"attachment wp-att-3542\">Edital 07_26-Processo-Seletivo- 11\u00b0 CHAMADA<\/a><\/strong><\/span><\/h1>\n<h1 style=\"text-align: center\"><strong><span style=\"color: #0000ff\"><a style=\"color: #0000ff\" href=\"https:\/\/www2.uepg.br\/caar\/processo-seletivo\/edital-06_26-processo-seletivo-10-chamada\/\" rel=\"attachment wp-att-3536\">Edital 06_26-Processo-Seletivo- 10\u00b0 CHAMADA<\/a><\/span><\/strong><\/h1>\n<h1 style=\"text-align: center\"><span style=\"color: #0000ff\"><strong><a style=\"color: #0000ff\" href=\"https:\/\/www2.uepg.br\/caar\/processo-seletivo\/edital-05_26-processo-seletivo-9-chamada\/\" rel=\"attachment wp-att-3501\">Edital 05_26-Processo-Seletivo- 9\u00b0 CHAMADA<\/a><\/strong><\/span><\/h1>\n<h1 style=\"text-align: center\"><strong><span style=\"color: #0000ff\"><a style=\"color: #0000ff\" href=\"https:\/\/www2.uepg.br\/caar\/processo-seletivo\/edital-04_26-processo-seletivo-8-chamada\/\" rel=\"attachment wp-att-3493\">Edital 04_26-Processo-Seletivo- 8\u00b0 CHAMADA<\/a><\/span><\/strong><\/h1>\n<h1 style=\"text-align: center\"><span style=\"color: #0000ff\"><strong><a style=\"color: #0000ff\" href=\"https:\/\/www2.uepg.br\/caar\/processo-seletivo\/edital-03_26-processo-seletivo-7-chamada-1\/\" rel=\"attachment wp-att-3468\">Edital 03.26_Aprovados em 7\u00b0 CHAMADA <\/a><\/strong><\/span><\/h1>\n<h1 style=\"text-align: center\"><strong><a href=\"https:\/\/www2.uepg.br\/caar\/editais\/edital-6o-chamada-processo-seletivo\/\" rel=\"attachment wp-att-3459\">Edital 02.2026_Aprovados em 6\u00ba chamada<\/a><\/strong><\/h1>\n<h1 style=\"text-align: center\"><span style=\"color: #ff9900\"><em><strong> <a style=\"color: #ff9900\" href=\"https:\/\/www2.uepg.br\/caar\/processo-seletivo\/informativo-de-matriculas-5o-chamada-2\/\" rel=\"attachment wp-att-3444\">INFORMATIVO DE MATRICULAS 5\u00ba CHAMADA<\/a> <\/strong><\/em><\/span><\/h1>\n<h1 style=\"text-align: center\"><span style=\"color: #0000ff\"><em><strong><a style=\"color: #0000ff\" href=\"https:\/\/www2.uepg.br\/caar\/processo-seletivo\/edital-01-2026-aprovados-em-5-chamada\/\" rel=\"attachment wp-att-3445\">Edital 01.2026- Aprovados em 5\u00b0 Chamada<\/a><\/strong><\/em><\/span><\/h1>\n<p>&nbsp;<\/p>\n<h3 style=\"text-align: center\"><span style=\"color: #0000ff\"><strong><a style=\"color: #0000ff\" href=\"https:\/\/www2.uepg.br\/caar\/processo-seletivo\/informativo-de-matriculas-4o-chamada-2\/\" rel=\"attachment wp-att-3429\">Informativo de matr\u00edculas 4\u00ba chamada<\/a><\/strong><\/span><\/h3>\n<\/div>\n<h3 style=\"text-align: center\"><strong><span style=\"color: #ff0000\"><a style=\"color: #ff0000\" href=\"https:\/\/www2.uepg.br\/caar\/processo-seletivo\/edital-16-aprovados-4o-chamada\/\" rel=\"attachment wp-att-3427\">Edital 16.2025 &#8211; Aprovados 4\u00ba chamada<\/a><\/span><\/strong><\/h3>\n<p>&nbsp;<\/p>\n<div>\n<h3 style=\"text-align: center\"><strong><span style=\"color: #ff6600\"><a style=\"color: #ff6600\" href=\"https:\/\/www2.uepg.br\/caar\/processo-seletivo\/informativo-de-matriculas-3o-chamada-2\/\" rel=\"attachment wp-att-3411\">INFORMATIVO DE MATR\u00cdCULAS 3\u00ba CHAMADA<\/a><\/span><\/strong><\/h3>\n<h3 style=\"text-align: center\"><strong><span style=\"color: #0000ff\"><a style=\"color: #0000ff\" href=\"https:\/\/www2.uepg.br\/caar\/processo-seletivo\/edital-15-2025-aprovados-em-3-chamada\/\" rel=\"attachment wp-att-3410\">Edital 15.2025- Aprovados em 3\u00b0 Chamada<\/a><\/span><\/strong><\/h3>\n<\/div>\n<p>&nbsp;<\/p>\n<h3 style=\"text-align: center\"><strong><span style=\"color: #ff0000\"><a style=\"color: #ff0000\" href=\"https:\/\/www2.uepg.br\/caar\/processo-seletivo\/informativo-de-matriculas-2o-chamada-2\/\" rel=\"attachment wp-att-3395\">Informativo de matr\u00edculas 2\u00ba chamada<\/a><\/span><\/strong><\/h3>\n<h3><\/h3>\n<h3 style=\"text-align: center\"><strong><span style=\"color: #ff00ff\"><a style=\"color: #ff00ff\" href=\"https:\/\/www2.uepg.br\/caar\/processo-seletivo\/edital-14-2025-aprovados-em-2-chamada\/\" rel=\"attachment wp-att-3393\">Edital 14.2025- Aprovados em 2\u00b0 Chamada<\/a><\/span><\/strong><\/h3>\n<p>&nbsp;<\/p>\n<div>\n<h3 style=\"text-align: center\"><strong><span style=\"color: #ff0000\"><a style=\"color: #ff0000\" href=\"https:\/\/www2.uepg.br\/caar\/processo-seletivo\/informativo-de-matricula-2026_1chamada\/\" rel=\"attachment wp-att-3377\">Informativo de Matr\u00edculas 2026_1\u00b0Chamada<\/a><\/span><\/strong><\/h3>\n<h3><\/h3>\n<\/div>\n<h3 style=\"text-align: center\"><strong><span style=\"color: #ff00ff\"><a style=\"color: #ff00ff\" href=\"https:\/\/www2.uepg.br\/caar\/processo-seletivo\/edital-13-2025-resultado-aprovados-em-1-chamada\/\" rel=\"attachment wp-att-3334\">Edital 13.2025- Aprovados em 1\u00b0 Chamada<\/a><\/span><\/strong><\/h3>\n<h3><\/h3>\n<h3 style=\"text-align: center\"><strong><span style=\"color: #ff0000\"><a style=\"color: #ff0000\" href=\"https:\/\/www2.uepg.br\/caar\/processo-seletivo\/edital-12-2025-inscricoes-deferidas-processo-seletivo-2026\/\" rel=\"attachment wp-att-3330\">Edital 12.2025- INSCRI\u00c7\u00d5ES DEFERIDAS PROCESSO SELETIVO 2026<\/a><\/span><\/strong><\/h3>\n<h3><\/h3>\n<h3><\/h3>\n<h3 style=\"text-align: center\"><strong><span style=\"color: #ff0000\"><a style=\"color: #ff0000\" href=\"https:\/\/www2.uepg.br\/caar\/processo-seletivo\/edital-11-2025-retificado-inscricoes-indeferidas-processo-seletivo-2026\/\" rel=\"attachment wp-att-3327\">Edital 11.2025- RETIFICA\u00c7\u00c3O- INSCRI\u00c7\u00d5ES INDEFERIDAS PROCESSO SELETIVO 2026<\/a><\/span><\/strong><\/h3>\n<h3><\/h3>\n<h3 style=\"text-align: center\"><strong><span style=\"color: #0000ff\"><a style=\"color: #0000ff\" href=\"https:\/\/www2.uepg.br\/caar\/processo-seletivo\/edital-11-2025-inscricoes-indeferidas-processo-seletivo-2026\/\" rel=\"attachment wp-att-3316\"><span style=\"color: #ff0000\">Edital 11.2025- INSCRI\u00c7\u00d5ES INDEFERIDAS &#8211; Processo Seletivo &#8211; 2026<\/span><\/a><\/span><\/strong><\/h3>\n<h3><\/h3>\n<h2 style=\"text-align: center\"><em><strong><span style=\"color: #0000ff\"><a style=\"color: #0000ff\" href=\"https:\/\/www2.uepg.br\/caar\/processo-seletivo\/edital-10-2025-abertura-do-processo-seletivo-2026\/\" rel=\"attachment wp-att-3241\">Edital 10.2025- Abertura do Processo-Seletivo-2026<\/a><\/span><\/strong><\/em><\/h2>\n<h3><\/h3>\n<h3 style=\"text-align: center\"><span style=\"color: #ff0000\"><a style=\"color: #ff0000\" href=\"https:\/\/www2.uepg.br\/caar\/processo-seletivo\/manual-para-inscricao-no-processo-seletivo-2026\/\" rel=\"attachment wp-att-3245\"><strong>Manual para inscri\u00e7\u00e3o no Processo Seletivo 2026<\/strong><\/a><\/span><\/h3>\n<h3><\/h3>\n<p>&nbsp;<\/p>\n<h2 style=\"text-align: center\"><em><span style=\"color: #008000\"><strong>Para preencher o Formul\u00e1rio de Inscri\u00e7\u00e3o clique no bot\u00e3o abaixo\u00a0<\/strong><\/span><\/em><\/h2>\n<p>&nbsp;<\/p>\n<p><a href=\"https:\/\/docs.google.com\/forms\/d\/e\/1FAIpQLSc5d0uW1mkJN5mT-EH0vcSpZu2I7Qo_WF9mIFaYyjOIBkO4_Q\/viewform?usp=sf_link\"><img loading=\"lazy\" class=\"aligncenter wp-image-2305\" title=\"https:\/\/docs.google.com\/forms\/d\/e\/1FAIpQLSeSVJ33v9jdo493kHatTwNbqAjzsVW4bmHG1ircr7NqCSK7Kg\/viewform?usp=sf_link\" src=\"http:\/\/www2.uepg.br\/caar\/wp-content\/uploads\/sites\/24\/2023\/08\/clique-aqui.jpg\" alt=\"\" width=\"259\" height=\"81\" \/><\/a><\/p>\n<p>&nbsp;<\/p>\n<h2 style=\"text-align: center\"><strong><em><span style=\"color: #008000\">Para gerar o boleto para pagamento da Taxa de Inscri\u00e7\u00e3o clique no bot\u00e3o abaixo<\/span><\/em><\/strong><\/h2>\n<p><a href=\"https:\/\/siseve.apps.uepg.br\/pt_BR\" rel=\"attachment wp-att-2847\"><img loading=\"lazy\" class=\"aligncenter wp-image-2847\" src=\"http:\/\/www2.uepg.br\/caar\/wp-content\/uploads\/sites\/24\/2024\/08\/botao-clique-aqui-png-2.png\" alt=\"\" width=\"302\" height=\"90\" \/><\/a><\/p>\n<p>&nbsp;<\/p>\n<p>&nbsp;<\/p>\n<p>&nbsp;<\/p>\n<p>&nbsp;<\/p>\n<p>&nbsp;<\/p>\n<div><\/div>\n<div class=\"col-padding\">\n<hr \/>\n<\/div>\n<div class=\"col-padding\">\n<h3 style=\"text-align: center\"><\/h3>\n<\/div>\n","protected":false},"excerpt":{"rendered":"<p>PROCESSO SELETIVO PARA INGRESSO EM 2026 Edital 08_26_Processo Seletivo 12\u00ba chamada Edital 07_26-Processo-Seletivo- 11\u00b0 CHAMADA Edital 06_26-Processo-Seletivo- 10\u00b0 CHAMADA Edital 05_26-Processo-Seletivo- 9\u00b0 CHAMADA Edital 04_26-Processo-Seletivo- 8\u00b0 CHAMADA Edital 03.26_Aprovados em 7\u00b0 CHAMADA Edital 02.2026_Aprovados em 6\u00ba chamada INFORMATIVO DE MATRICULAS 5\u00ba CHAMADA Edital 01.2026- Aprovados em 5\u00b0 Chamada &nbsp; Informativo de matr\u00edculas 4\u00ba chamada Edital&nbsp;&hellip;<\/p>\n","protected":false},"author":24,"featured_media":0,"parent":0,"menu_order":7,"comment_status":"closed","ping_status":"closed","template":"","meta":[],"_links":{"self":[{"href":"https:\/\/www2.uepg.br\/caar\/wp-json\/wp\/v2\/pages\/26"}],"collection":[{"href":"https:\/\/www2.uepg.br\/caar\/wp-json\/wp\/v2\/pages"}],"about":[{"href":"https:\/\/www2.uepg.br\/caar\/wp-json\/wp\/v2\/types\/page"}],"author":[{"embeddable":true,"href":"https:\/\/www2.uepg.br\/caar\/wp-json\/wp\/v2\/users\/24"}],"replies":[{"embeddable":true,"href":"https:\/\/www2.uepg.br\/caar\/wp-json\/wp\/v2\/comments?post=26"}],"version-history":[{"count":480,"href":"https:\/\/www2.uepg.br\/caar\/wp-json\/wp\/v2\/pages\/26\/revisions"}],"predecessor-version":[{"id":3541,"href":"https:\/\/www2.uepg.br\/caar\/wp-json\/wp\/v2\/pages\/26\/revisions\/3541"}],"wp:attachment":[{"href":"https:\/\/www2.uepg.br\/caar\/wp-json\/wp\/v2\/media?parent=26"}],"curies":[{"name":"wp","href":"https:\/\/api.w.org\/{rel}","templated":true}]}}