{"id":128,"date":"2021-02-03T10:01:15","date_gmt":"2021-02-03T13:01:15","guid":{"rendered":"http:\/\/www2.uepg.br\/caic\/?page_id=128"},"modified":"2021-02-04T14:39:41","modified_gmt":"2021-02-04T17:39:41","slug":"o-caic","status":"publish","type":"page","link":"https:\/\/www2.uepg.br\/caic\/o-caic\/","title":{"rendered":"O CAIC"},"content":{"rendered":"<div id=\"pl-128\" class=\"panel-layout\">\n<div id=\"pg-128-0\" class=\"panel-grid panel-no-style\">\n<div id=\"pgc-128-0-0\" class=\"panel-grid-cell\" data-weight=\"1\">\n<div id=\"panel-128-0-0-0\" class=\"so-panel widget widget_sow-editor panel-first-child panel-last-child\" data-index=\"0\">\n<div class=\"so-widget-sow-editor so-widget-sow-editor-base\">\n<div class=\"siteorigin-widget-tinymce textwidget\">\n<h2 style=\"text-align: left;\"><span style=\"color: #16648e;\">Hist\u00f3rico<\/span><\/h2>\n<hr size=\"2\" \/>\n<div align=\"justify\">\n<p>Pela Resolu\u00e7\u00e3o Universit\u00e1ria n.\u00ba 016 de 10 de agosto de 1990 foi criado o Centro Educacional como \u00f3rg\u00e3o suplementar da Universidade Estadual de Ponta Grossa, incluso no artigo 5.\u00ba, inciso 8.\u00ba do Regimento Geral da UEPG.<\/p>\n<p>Em 1992 por solicita\u00e7\u00e3o da UEPG o Governo Federal construiu no Campus Universit\u00e1rio de Uvaranas uma unidade de servi\u00e7os de um Centro Integrado de Apoio \u00e0 Crian\u00e7a (CIAC), atualmente denominado Centro de Aten\u00e7\u00e3o \u00e0 Crian\u00e7a e ao Adolescente (CAIC), para nele viabilizar a proposta pedag\u00f3gica do Centro Educacional.<\/p>\n<p>Com a inaugura\u00e7\u00e3o do espa\u00e7o f\u00edsico, foi poss\u00edvel a amplia\u00e7\u00e3o das atividades previstas para o Centro Educacional com a cria\u00e7\u00e3o da Escola Reitor Alvaro Augusto Cunha Rocha &#8211; Ensino Pr\u00e9 Escolar e de 1.\u00ba grau, pela Portaria n.\u00ba 042 de 05 de janeiro de 1993.<\/p>\n<p>Em 04 de junho de 1996, atendendo solicita\u00e7\u00e3o do PRONAICA \u2013 Programa Nacional de Aten\u00e7\u00e3o Integral \u00e0 Crian\u00e7a e ao Adolescente para legaliza\u00e7\u00e3o dos CAICs em n\u00edvel federal, foi criado o Centro de Aten\u00e7\u00e3o Integral \u00e0 Crian\u00e7a e ao Adolescente Reitor Alvaro Augusto Cunha Rocha, em substitui\u00e7\u00e3o ao \u00f3rg\u00e3o suplementar desta Universidade denominado \u201cCentro Educacional\u201d atrav\u00e9s da resolu\u00e7\u00e3o CA n\u00ba 171 de 04\/06\/1996.<\/p>\n<p>A estrutura organizacional aprovada, seguia um padr\u00e3o para os CAICs em n\u00edvel nacional, por\u00e9m a implanta\u00e7\u00e3o da proposta original n\u00e3o foi poss\u00edvel, uma vez que exigia uma demanda de recursos humanos e financeiros n\u00e3o dispon\u00edveis e n\u00e3o condizentes com as possibilidades e realidade vigente na estrutura da UEPG, mantenedora do \u00f3rg\u00e3o. A experi\u00eancia adquirida pela equipe de profissionais atuantes no CAIC Reitor Alvaro Augusto Cunha Rocha neste per\u00edodo de tempo (1996-2002), exigiu, portanto, modifica\u00e7\u00f5es graduais na estrutura inicial para adapt\u00e1-la \u00e0s necessidades reais do \u00f3rg\u00e3o e seus usu\u00e1rios, bem como as possibilidades de manuten\u00e7\u00e3o do mesmo pela UEPG.<\/p>\n<p>Este processo culminou no desenvolvimento de uma estrutura organizacional que demonstrou na pr\u00e1tica maior funcionalidade para que se pudessem alcan\u00e7ar os objetivos propostos pelo Projeto Pedag\u00f3gico do Centro de Aten\u00e7\u00e3o Integral \u00e0 Crian\u00e7a e ao Adolescente Reitor Alvaro Augusto Cunha Rocha, no que lhe concerne, que \u00e9 a oferta da Educa\u00e7\u00e3o B\u00e1sica em Educa\u00e7\u00e3o Infantil e Ensino Fundamental \u2013 1\u00aa a 8\u00aa s\u00e9ries.<\/p>\n<p>Da mesma forma, verificou-se a necessidade de reestrutura\u00e7\u00e3o nos espa\u00e7os f\u00edsicos e na estrutura organizacional das escolas: Escola Reitor Alvaro Augusto Cunha Rocha \u2013 Educa\u00e7\u00e3o Infantil e Ensino Fundamental 1\u00aa a 4\u00aa s\u00e9ries e Escola Estadual Professora Halia Terezinha Gruba \u2013 Ensino Fundamental &#8211; 5\u00aa a 8\u00aa s\u00e9ries, como tamb\u00e9m, nos diversos setores administrativos, cujas a\u00e7\u00f5es administrativas e pedag\u00f3gicas oferecem os meios necess\u00e1rios aos educandos para o bom aproveitamento da educa\u00e7\u00e3o escolar.<\/p>\n<p>Outro aspecto de extrema relev\u00e2ncia, tamb\u00e9m, \u00e9 que a estrutura de cargos e fun\u00e7\u00f5es, bem como suas denomina\u00e7\u00f5es, eram incompat\u00edveis com os cargos dos servidores do quadro funcional da UEPG.<\/p>\n<p>Pelos motivos acima expostos, \u00e9 que se prop\u00f4s uma reformula\u00e7\u00e3o na estrutura organizacional do CAIC Reitor Alvaro Augusto Cunha Rocha, e conseq\u00fcentemente no seu projeto pol\u00edtico pedag\u00f3gico.<\/p>\n<\/div>\n<\/div>\n<\/div>\n<\/div>\n<\/div>\n<\/div>\n<\/div>\n","protected":false},"excerpt":{"rendered":"<p>Hist\u00f3rico Pela Resolu\u00e7\u00e3o Universit\u00e1ria n.\u00ba 016 de 10 de agosto de 1990 foi criado o Centro Educacional como \u00f3rg\u00e3o suplementar da Universidade Estadual de Ponta Grossa, incluso no artigo 5.\u00ba, inciso 8.\u00ba do Regimento Geral da UEPG. Em 1992 por solicita\u00e7\u00e3o da UEPG o Governo Federal construiu no Campus Universit\u00e1rio de Uvaranas uma unidade de&nbsp;&hellip;<\/p>\n","protected":false},"author":204,"featured_media":0,"parent":0,"menu_order":0,"comment_status":"closed","ping_status":"closed","template":"","meta":[],"_links":{"self":[{"href":"https:\/\/www2.uepg.br\/caic\/wp-json\/wp\/v2\/pages\/128"}],"collection":[{"href":"https:\/\/www2.uepg.br\/caic\/wp-json\/wp\/v2\/pages"}],"about":[{"href":"https:\/\/www2.uepg.br\/caic\/wp-json\/wp\/v2\/types\/page"}],"author":[{"embeddable":true,"href":"https:\/\/www2.uepg.br\/caic\/wp-json\/wp\/v2\/users\/204"}],"replies":[{"embeddable":true,"href":"https:\/\/www2.uepg.br\/caic\/wp-json\/wp\/v2\/comments?post=128"}],"version-history":[{"count":14,"href":"https:\/\/www2.uepg.br\/caic\/wp-json\/wp\/v2\/pages\/128\/revisions"}],"predecessor-version":[{"id":687,"href":"https:\/\/www2.uepg.br\/caic\/wp-json\/wp\/v2\/pages\/128\/revisions\/687"}],"wp:attachment":[{"href":"https:\/\/www2.uepg.br\/caic\/wp-json\/wp\/v2\/media?parent=128"}],"curies":[{"name":"wp","href":"https:\/\/api.w.org\/{rel}","templated":true}]}}