{"id":205,"date":"2021-02-03T11:01:59","date_gmt":"2021-02-03T14:01:59","guid":{"rendered":"http:\/\/www2.uepg.br\/caic\/?page_id=205"},"modified":"2021-02-03T11:02:45","modified_gmt":"2021-02-03T14:02:45","slug":"espaco-fisico","status":"publish","type":"page","link":"https:\/\/www2.uepg.br\/caic\/espaco-fisico\/","title":{"rendered":"Espa\u00e7o F\u00edsico"},"content":{"rendered":"<div id=\"pl-205\"  class=\"panel-layout\" ><div id=\"pg-205-0\"  class=\"panel-grid panel-no-style\" ><div id=\"pgc-205-0-0\"  class=\"panel-grid-cell\" ><div id=\"panel-205-0-0-0\" class=\"so-panel widget widget_sow-accordion panel-first-child panel-last-child\" data-index=\"0\" ><div\n\t\t\t\n\t\t\tclass=\"so-widget-sow-accordion so-widget-sow-accordion-default-bb1a11dbae05-205\"\n\t\t\t\n\t\t><div>\n\t<div class=\"sow-accordion\">\n\t\t\t<div class=\"sow-accordion-panel\"\n\t\t\t data-anchor=\"cidade\">\n\t\t\t\t<div class=\"sow-accordion-panel-header-container\" role=\"heading\" aria-level=\"2\">\n\t\t\t\t\t<div class=\"sow-accordion-panel-header\" tabindex=\"0\" role=\"button\" id=\"accordion-label-cidade\" aria-controls=\"accordion-content-cidade\" aria-expanded=\"false\">\n\t\t\t\t\t\t<div class=\"sow-accordion-title sow-accordion-title-icon-left\">\n\t\t\t\t\t\t\t\t\t\t\t\t\t\tCidade\t\t\t\t\t\t\t\t\t\t\t\t\t<\/div>\n\t\t\t\t\t\t<div class=\"sow-accordion-open-close-button\">\n\t\t\t\t\t\t\t<div class=\"sow-accordion-open-button\">\n\t\t\t\t\t\t\t\t<span class=\"sow-icon-ionicons\" data-sow-icon=\"&#xf218;\"\n\t\t \n\t\taria-hidden=\"true\"><\/span>\t\t\t\t\t\t\t<\/div>\n\t\t\t\t\t\t\t<div class=\"sow-accordion-close-button\">\n\t\t\t\t\t\t\t\t<span class=\"sow-icon-ionicons\" data-sow-icon=\"&#xf209;\"\n\t\t \n\t\taria-hidden=\"true\"><\/span>\t\t\t\t\t\t\t<\/div>\n\t\t\t\t\t\t<\/div>\n\t\t\t\t\t<\/div>\n\t\t\t\t<\/div>\n\n\t\t\t<div\n\t\t\t\tclass=\"sow-accordion-panel-content\"\n\t\t\t\trole=\"region\"\n\t\t\t\taria-labelledby=\"accordion-label-cidade\"\n\t\t\t\tid=\"accordion-content-cidade\"\n\t\t\t\tstyle=\"display: none;\"\t\t\t>\n\t\t\t\t<div class=\"sow-accordion-panel-border\" tabindex=\"0\">\n\t\t\t\t\t<h2><span style=\"color: #16648e;\">Cidade<\/span><\/h2>\n<hr size=\"2\" \/>\n<div align=\"justify\">\n<p>Ponta Grossa foi fundada em 1812, tendo sido elevada a condi\u00e7\u00e3o de cidade em 24 de mar\u00e7o de 1862.<br \/>\nDevido a sua localiza\u00e7\u00e3o, tornou-se caminho o obrigat\u00f3rio e parada das tropas, iniciando a pr\u00e1tica do com\u00e9rcio, presente at\u00e9 os dias de hoje. Est\u00e1 localizada no 2\u00ba Planalto, ou Campos Gerais, altitude de 975 metros, em uma \u00e1rea de 2100 Km2. O clima \u00e9 ameno no ver\u00e3o\u00a0 e\u00a0 frio\u00a0 no\u00a0 inverno,\u00a0 com\u00a0 incid\u00eancia\u00a0 de geadas. Temperaturas m\u00e9dias: ver\u00e3o 21\u00ba \/inverno 14\u00ba C. A popula\u00e7\u00e3o \u00e9 de aproximadamente\u00a0 300.000 habitantes.<\/p>\n<p>A economia \u00e9 baseada na extra\u00e7\u00e3o de talco, pecu\u00e1ria e na agroind\u00fastria, principalmente a ind\u00fastria da soja, sendo o munic\u00edpio um dos maiores centros de processamento de soja do mundo. Tamb\u00e9m se destacam o forte com\u00e9rcio e as ind\u00fastrias metal-mec\u00e2nica e madeireiras. Ponta Grossa \u00e9 uma cidade que conta com um favor\u00e1vel equil\u00edbrio econ\u00f4mico, incentivo a industrializa\u00e7\u00e3o e amplia\u00e7\u00e3o\u00a0\u00a0 constante do mercado agropecu\u00e1rio.<\/p>\n<\/div>\n\t\t\t\t<\/div>\n\t\t\t<\/div>\n\t\t<\/div>\n\t\t\t<div class=\"sow-accordion-panel\"\n\t\t\t data-anchor=\"a-comunidade-escolar-atendida\">\n\t\t\t\t<div class=\"sow-accordion-panel-header-container\" role=\"heading\" aria-level=\"2\">\n\t\t\t\t\t<div class=\"sow-accordion-panel-header\" tabindex=\"0\" role=\"button\" id=\"accordion-label-a-comunidade-escolar-atendida\" aria-controls=\"accordion-content-a-comunidade-escolar-atendida\" aria-expanded=\"false\">\n\t\t\t\t\t\t<div class=\"sow-accordion-title sow-accordion-title-icon-left\">\n\t\t\t\t\t\t\t\t\t\t\t\t\t\tA Comunidade Escolar Atendida\t\t\t\t\t\t\t\t\t\t\t\t\t<\/div>\n\t\t\t\t\t\t<div class=\"sow-accordion-open-close-button\">\n\t\t\t\t\t\t\t<div class=\"sow-accordion-open-button\">\n\t\t\t\t\t\t\t\t<span class=\"sow-icon-ionicons\" data-sow-icon=\"&#xf218;\"\n\t\t \n\t\taria-hidden=\"true\"><\/span>\t\t\t\t\t\t\t<\/div>\n\t\t\t\t\t\t\t<div class=\"sow-accordion-close-button\">\n\t\t\t\t\t\t\t\t<span class=\"sow-icon-ionicons\" data-sow-icon=\"&#xf209;\"\n\t\t \n\t\taria-hidden=\"true\"><\/span>\t\t\t\t\t\t\t<\/div>\n\t\t\t\t\t\t<\/div>\n\t\t\t\t\t<\/div>\n\t\t\t\t<\/div>\n\n\t\t\t<div\n\t\t\t\tclass=\"sow-accordion-panel-content\"\n\t\t\t\trole=\"region\"\n\t\t\t\taria-labelledby=\"accordion-label-a-comunidade-escolar-atendida\"\n\t\t\t\tid=\"accordion-content-a-comunidade-escolar-atendida\"\n\t\t\t\tstyle=\"display: none;\"\t\t\t>\n\t\t\t\t<div class=\"sow-accordion-panel-border\" tabindex=\"0\">\n\t\t\t\t\t<h2><span style=\"color: #16648e;\">A Comunidade Escolar Atendida<\/span><\/h2>\n<hr size=\"2\" \/>\n<div align=\"justify\">\n<p>A clientela escolar atendida pelo CAIC\u00a0 Reitor Alvaro Augusto Cunha Rocha, \u00e9 na sua grande maioria do Bairro de Uvaranas, cujo nome\u00a0 \u00e9 origin\u00e1rio da planta \"varana\" ou \"tuvarana\", existente em grande quantidade na regi\u00e3o. \u00c9 um dos dezesseis bairros que comp\u00f5em a cidade de Ponta Grossa, destacado pela prosperidade e import\u00e2ncia em virtude da transforma\u00e7\u00e3o que o Campus Universit\u00e1rio vem influenciando nos \u00faltimos anos.<\/p>\n<\/div>\n\t\t\t\t<\/div>\n\t\t\t<\/div>\n\t\t<\/div>\n\t\t\t<div class=\"sow-accordion-panel\"\n\t\t\t data-anchor=\"o-bairro\">\n\t\t\t\t<div class=\"sow-accordion-panel-header-container\" role=\"heading\" aria-level=\"2\">\n\t\t\t\t\t<div class=\"sow-accordion-panel-header\" tabindex=\"0\" role=\"button\" id=\"accordion-label-o-bairro\" aria-controls=\"accordion-content-o-bairro\" aria-expanded=\"false\">\n\t\t\t\t\t\t<div class=\"sow-accordion-title sow-accordion-title-icon-left\">\n\t\t\t\t\t\t\t\t\t\t\t\t\t\tO Bairro\t\t\t\t\t\t\t\t\t\t\t\t\t<\/div>\n\t\t\t\t\t\t<div class=\"sow-accordion-open-close-button\">\n\t\t\t\t\t\t\t<div class=\"sow-accordion-open-button\">\n\t\t\t\t\t\t\t\t<span class=\"sow-icon-ionicons\" data-sow-icon=\"&#xf218;\"\n\t\t \n\t\taria-hidden=\"true\"><\/span>\t\t\t\t\t\t\t<\/div>\n\t\t\t\t\t\t\t<div class=\"sow-accordion-close-button\">\n\t\t\t\t\t\t\t\t<span class=\"sow-icon-ionicons\" data-sow-icon=\"&#xf209;\"\n\t\t \n\t\taria-hidden=\"true\"><\/span>\t\t\t\t\t\t\t<\/div>\n\t\t\t\t\t\t<\/div>\n\t\t\t\t\t<\/div>\n\t\t\t\t<\/div>\n\n\t\t\t<div\n\t\t\t\tclass=\"sow-accordion-panel-content\"\n\t\t\t\trole=\"region\"\n\t\t\t\taria-labelledby=\"accordion-label-o-bairro\"\n\t\t\t\tid=\"accordion-content-o-bairro\"\n\t\t\t\tstyle=\"display: none;\"\t\t\t>\n\t\t\t\t<div class=\"sow-accordion-panel-border\" tabindex=\"0\">\n\t\t\t\t\t<h2><span style=\"color: #16648e;\">O Bairro<\/span><\/h2>\n<hr size=\"2\" \/>\n<div align=\"justify\">\n<p>\u00a0 \u00a0 \u00a0 \u00a0 \u00a0 \u00a0Em Uvaranas, a caracter\u00edstica \u00e9 de uma \u00e1rea residencial, mas localizam-se algumas entidades de destaque no munic\u00edpio: o Hip\u00f3dromo, 13\u00ba Batalh\u00e3o de Infantaria Blindada, P\u00e1tio da Am\u00e9rica Latina Log\u00edstica, Rede Ferrovi\u00e1ria, Uni\u00e3o Campo Alegre Esporte Clube, Fazenda Modelo, Associa\u00e7\u00e3o Atl\u00e9tica Banco do Brasil, Spaipa S\/A Ind\u00fastria Brasileira de Bebidas, Sementes FAVA, Vega Sopave,\u00a0 J. Baron Ind\u00fastria e Com\u00e9rcio, Minera\u00e7\u00e3o Giraldi, Costalco, Cooperativa de Carnes de Ponta Grossa,\u00a0 Via\u00e7\u00e3o Campos Gerais, Construtora Wosgrau Ltda, Igreja Bom Jesus,\u00a0 Faculdade de Direito - CESCAGE,\u00a0 SADIA-Frigobr\u00e1s Cia Bras. de Frigor\u00edfico, Metal\u00fargica \u00c1guia, Col\u00e9gio Estadual Agr\u00edcola Augusto Ribas, Centro de Estudos Superiores dos Campos Gerais - CESCAGE. O Hospital Vicentino, sob a responsabilidade dos irm\u00e3os Camilianos, d\u00e1 atendimento \u00e0 sa\u00fade da comunidade.<\/p>\n<p>Al\u00e9m da representatividade das entidades acima arroladas merece destaque especial o \u201cCampus\u201d da Universidade Estadual de Ponta Grossa,\u00a0 localizado na Vila Rubini, que vem se expandindo\u00a0 tanto quanto a estrutura f\u00edsica como no desenvolvimento das atividades de ensino, pesquisa e extens\u00e3o,\u00a0 dos diversos cursos universit\u00e1rios ali em funcionamento, a cria\u00e7\u00e3o de um\u00a0 Centro Interdisciplinar de Pesquisa e P\u00f3s-gradua\u00e7\u00e3o e da Universidade Eletr\u00f4nica e a revitaliza\u00e7\u00e3o da Avenida Carlos Cavalcanti com a constru\u00e7\u00e3o de uma rotat\u00f3ria que d\u00e1 acesso ao CAIC\u00a0 e ao Campus Universit\u00e1rio.<\/p>\n<\/div>\n\t\t\t\t<\/div>\n\t\t\t<\/div>\n\t\t<\/div>\n\t\t\t<div class=\"sow-accordion-panel\"\n\t\t\t data-anchor=\"%c3%a1rea-verde\">\n\t\t\t\t<div class=\"sow-accordion-panel-header-container\" role=\"heading\" aria-level=\"2\">\n\t\t\t\t\t<div class=\"sow-accordion-panel-header\" tabindex=\"0\" role=\"button\" id=\"accordion-label-%c3%a1rea-verde\" aria-controls=\"accordion-content-%c3%a1rea-verde\" aria-expanded=\"false\">\n\t\t\t\t\t\t<div class=\"sow-accordion-title sow-accordion-title-icon-left\">\n\t\t\t\t\t\t\t\t\t\t\t\t\t\t\u00c1rea verde\t\t\t\t\t\t\t\t\t\t\t\t\t<\/div>\n\t\t\t\t\t\t<div class=\"sow-accordion-open-close-button\">\n\t\t\t\t\t\t\t<div class=\"sow-accordion-open-button\">\n\t\t\t\t\t\t\t\t<span class=\"sow-icon-ionicons\" data-sow-icon=\"&#xf218;\"\n\t\t \n\t\taria-hidden=\"true\"><\/span>\t\t\t\t\t\t\t<\/div>\n\t\t\t\t\t\t\t<div class=\"sow-accordion-close-button\">\n\t\t\t\t\t\t\t\t<span class=\"sow-icon-ionicons\" data-sow-icon=\"&#xf209;\"\n\t\t \n\t\taria-hidden=\"true\"><\/span>\t\t\t\t\t\t\t<\/div>\n\t\t\t\t\t\t<\/div>\n\t\t\t\t\t<\/div>\n\t\t\t\t<\/div>\n\n\t\t\t<div\n\t\t\t\tclass=\"sow-accordion-panel-content\"\n\t\t\t\trole=\"region\"\n\t\t\t\taria-labelledby=\"accordion-label-%c3%a1rea-verde\"\n\t\t\t\tid=\"accordion-content-%c3%a1rea-verde\"\n\t\t\t\tstyle=\"display: none;\"\t\t\t>\n\t\t\t\t<div class=\"sow-accordion-panel-border\" tabindex=\"0\">\n\t\t\t\t\t<h2><span style=\"color: #16648e;\">\u00c1rea Verde<\/span><\/h2>\n<hr size=\"2\" \/>\n<div align=\"justify\">\n<p style=\"text-align: center;\">Em breve mais informa\u00e7\u00f5es<\/p>\n<\/div>\n\t\t\t\t<\/div>\n\t\t\t<\/div>\n\t\t<\/div>\n\t\t\t<div class=\"sow-accordion-panel\"\n\t\t\t data-anchor=\"bosque\">\n\t\t\t\t<div class=\"sow-accordion-panel-header-container\" role=\"heading\" aria-level=\"2\">\n\t\t\t\t\t<div class=\"sow-accordion-panel-header\" tabindex=\"0\" role=\"button\" id=\"accordion-label-bosque\" aria-controls=\"accordion-content-bosque\" aria-expanded=\"false\">\n\t\t\t\t\t\t<div class=\"sow-accordion-title sow-accordion-title-icon-left\">\n\t\t\t\t\t\t\t\t\t\t\t\t\t\tBosque\t\t\t\t\t\t\t\t\t\t\t\t\t<\/div>\n\t\t\t\t\t\t<div class=\"sow-accordion-open-close-button\">\n\t\t\t\t\t\t\t<div class=\"sow-accordion-open-button\">\n\t\t\t\t\t\t\t\t<span class=\"sow-icon-ionicons\" data-sow-icon=\"&#xf218;\"\n\t\t \n\t\taria-hidden=\"true\"><\/span>\t\t\t\t\t\t\t<\/div>\n\t\t\t\t\t\t\t<div class=\"sow-accordion-close-button\">\n\t\t\t\t\t\t\t\t<span class=\"sow-icon-ionicons\" data-sow-icon=\"&#xf209;\"\n\t\t \n\t\taria-hidden=\"true\"><\/span>\t\t\t\t\t\t\t<\/div>\n\t\t\t\t\t\t<\/div>\n\t\t\t\t\t<\/div>\n\t\t\t\t<\/div>\n\n\t\t\t<div\n\t\t\t\tclass=\"sow-accordion-panel-content\"\n\t\t\t\trole=\"region\"\n\t\t\t\taria-labelledby=\"accordion-label-bosque\"\n\t\t\t\tid=\"accordion-content-bosque\"\n\t\t\t\tstyle=\"display: none;\"\t\t\t>\n\t\t\t\t<div class=\"sow-accordion-panel-border\" tabindex=\"0\">\n\t\t\t\t\t<h2><span style=\"color: #16648e;\">Bosque<\/span><\/h2>\n<hr size=\"2\" \/>\n<div align=\"justify\">\n<p style=\"text-align: center;\">Em breve mais informa\u00e7\u00f5es<\/p>\n<\/div>\n\t\t\t\t<\/div>\n\t\t\t<\/div>\n\t\t<\/div>\n\t\t\t<div class=\"sow-accordion-panel\"\n\t\t\t data-anchor=\"gin%c3%a1sio\">\n\t\t\t\t<div class=\"sow-accordion-panel-header-container\" role=\"heading\" aria-level=\"2\">\n\t\t\t\t\t<div class=\"sow-accordion-panel-header\" tabindex=\"0\" role=\"button\" id=\"accordion-label-gin%c3%a1sio\" aria-controls=\"accordion-content-gin%c3%a1sio\" aria-expanded=\"false\">\n\t\t\t\t\t\t<div class=\"sow-accordion-title sow-accordion-title-icon-left\">\n\t\t\t\t\t\t\t\t\t\t\t\t\t\tGin\u00e1sio\t\t\t\t\t\t\t\t\t\t\t\t\t<\/div>\n\t\t\t\t\t\t<div class=\"sow-accordion-open-close-button\">\n\t\t\t\t\t\t\t<div class=\"sow-accordion-open-button\">\n\t\t\t\t\t\t\t\t<span class=\"sow-icon-ionicons\" data-sow-icon=\"&#xf218;\"\n\t\t \n\t\taria-hidden=\"true\"><\/span>\t\t\t\t\t\t\t<\/div>\n\t\t\t\t\t\t\t<div class=\"sow-accordion-close-button\">\n\t\t\t\t\t\t\t\t<span class=\"sow-icon-ionicons\" data-sow-icon=\"&#xf209;\"\n\t\t \n\t\taria-hidden=\"true\"><\/span>\t\t\t\t\t\t\t<\/div>\n\t\t\t\t\t\t<\/div>\n\t\t\t\t\t<\/div>\n\t\t\t\t<\/div>\n\n\t\t\t<div\n\t\t\t\tclass=\"sow-accordion-panel-content\"\n\t\t\t\trole=\"region\"\n\t\t\t\taria-labelledby=\"accordion-label-gin%c3%a1sio\"\n\t\t\t\tid=\"accordion-content-gin%c3%a1sio\"\n\t\t\t\tstyle=\"display: none;\"\t\t\t>\n\t\t\t\t<div class=\"sow-accordion-panel-border\" tabindex=\"0\">\n\t\t\t\t\t<h2><span style=\"color: #16648e;\">Gin\u00e1sio<\/span><\/h2>\n<hr size=\"2\" \/>\n<div align=\"justify\">\n<p style=\"text-align: center;\">Em breve mais informa\u00e7\u00f5es<\/p>\n<\/div>\n\t\t\t\t<\/div>\n\t\t\t<\/div>\n\t\t<\/div>\n\t\t\t<div class=\"sow-accordion-panel\"\n\t\t\t data-anchor=\"brinquedoteca\">\n\t\t\t\t<div class=\"sow-accordion-panel-header-container\" role=\"heading\" aria-level=\"2\">\n\t\t\t\t\t<div class=\"sow-accordion-panel-header\" tabindex=\"0\" role=\"button\" id=\"accordion-label-brinquedoteca\" aria-controls=\"accordion-content-brinquedoteca\" aria-expanded=\"false\">\n\t\t\t\t\t\t<div class=\"sow-accordion-title sow-accordion-title-icon-left\">\n\t\t\t\t\t\t\t\t\t\t\t\t\t\tBrinquedoteca\t\t\t\t\t\t\t\t\t\t\t\t\t<\/div>\n\t\t\t\t\t\t<div class=\"sow-accordion-open-close-button\">\n\t\t\t\t\t\t\t<div class=\"sow-accordion-open-button\">\n\t\t\t\t\t\t\t\t<span class=\"sow-icon-ionicons\" data-sow-icon=\"&#xf218;\"\n\t\t \n\t\taria-hidden=\"true\"><\/span>\t\t\t\t\t\t\t<\/div>\n\t\t\t\t\t\t\t<div class=\"sow-accordion-close-button\">\n\t\t\t\t\t\t\t\t<span class=\"sow-icon-ionicons\" data-sow-icon=\"&#xf209;\"\n\t\t \n\t\taria-hidden=\"true\"><\/span>\t\t\t\t\t\t\t<\/div>\n\t\t\t\t\t\t<\/div>\n\t\t\t\t\t<\/div>\n\t\t\t\t<\/div>\n\n\t\t\t<div\n\t\t\t\tclass=\"sow-accordion-panel-content\"\n\t\t\t\trole=\"region\"\n\t\t\t\taria-labelledby=\"accordion-label-brinquedoteca\"\n\t\t\t\tid=\"accordion-content-brinquedoteca\"\n\t\t\t\tstyle=\"display: none;\"\t\t\t>\n\t\t\t\t<div class=\"sow-accordion-panel-border\" tabindex=\"0\">\n\t\t\t\t\t<h2><span style=\"color: #16648e;\">Brinquedoteca<\/span><\/h2>\n<hr size=\"2\" \/>\n<div align=\"justify\">\n<p style=\"text-align: center;\">Em breve mais informa\u00e7\u00f5es<\/p>\n<\/div>\n\t\t\t\t<\/div>\n\t\t\t<\/div>\n\t\t<\/div>\n\t\t\t<div class=\"sow-accordion-panel\"\n\t\t\t data-anchor=\"biblioteca\">\n\t\t\t\t<div class=\"sow-accordion-panel-header-container\" role=\"heading\" aria-level=\"2\">\n\t\t\t\t\t<div class=\"sow-accordion-panel-header\" tabindex=\"0\" role=\"button\" id=\"accordion-label-biblioteca\" aria-controls=\"accordion-content-biblioteca\" aria-expanded=\"false\">\n\t\t\t\t\t\t<div class=\"sow-accordion-title sow-accordion-title-icon-left\">\n\t\t\t\t\t\t\t\t\t\t\t\t\t\tBiblioteca\t\t\t\t\t\t\t\t\t\t\t\t\t<\/div>\n\t\t\t\t\t\t<div class=\"sow-accordion-open-close-button\">\n\t\t\t\t\t\t\t<div class=\"sow-accordion-open-button\">\n\t\t\t\t\t\t\t\t<span class=\"sow-icon-ionicons\" data-sow-icon=\"&#xf218;\"\n\t\t \n\t\taria-hidden=\"true\"><\/span>\t\t\t\t\t\t\t<\/div>\n\t\t\t\t\t\t\t<div class=\"sow-accordion-close-button\">\n\t\t\t\t\t\t\t\t<span class=\"sow-icon-ionicons\" data-sow-icon=\"&#xf209;\"\n\t\t \n\t\taria-hidden=\"true\"><\/span>\t\t\t\t\t\t\t<\/div>\n\t\t\t\t\t\t<\/div>\n\t\t\t\t\t<\/div>\n\t\t\t\t<\/div>\n\n\t\t\t<div\n\t\t\t\tclass=\"sow-accordion-panel-content\"\n\t\t\t\trole=\"region\"\n\t\t\t\taria-labelledby=\"accordion-label-biblioteca\"\n\t\t\t\tid=\"accordion-content-biblioteca\"\n\t\t\t\tstyle=\"display: none;\"\t\t\t>\n\t\t\t\t<div class=\"sow-accordion-panel-border\" tabindex=\"0\">\n\t\t\t\t\t<h2><span style=\"color: #16648e;\">Biblioteca<\/span><\/h2>\n<hr size=\"2\" \/>\n<div align=\"justify\">\n<p style=\"text-align: center;\">Em breve mais informa\u00e7\u00f5es<\/p>\n<\/div>\n\t\t\t\t<\/div>\n\t\t\t<\/div>\n\t\t<\/div>\n\t\t<\/div>\n<\/div>\n<\/div><\/div><\/div><\/div><\/div>","protected":false},"excerpt":{"rendered":"<p>Cidade Cidade Ponta Grossa foi fundada em 1812, tendo sido elevada a condi\u00e7\u00e3o de cidade em 24 de mar\u00e7o de 1862. Devido a sua localiza\u00e7\u00e3o, tornou-se caminho o obrigat\u00f3rio e parada das tropas, iniciando a pr\u00e1tica do com\u00e9rcio, presente at\u00e9 os dias de hoje. Est\u00e1 localizada no 2\u00ba Planalto, ou Campos Gerais, altitude de 975&nbsp;&hellip;<\/p>\n","protected":false},"author":204,"featured_media":0,"parent":0,"menu_order":0,"comment_status":"closed","ping_status":"closed","template":"","meta":[],"_links":{"self":[{"href":"https:\/\/www2.uepg.br\/caic\/wp-json\/wp\/v2\/pages\/205"}],"collection":[{"href":"https:\/\/www2.uepg.br\/caic\/wp-json\/wp\/v2\/pages"}],"about":[{"href":"https:\/\/www2.uepg.br\/caic\/wp-json\/wp\/v2\/types\/page"}],"author":[{"embeddable":true,"href":"https:\/\/www2.uepg.br\/caic\/wp-json\/wp\/v2\/users\/204"}],"replies":[{"embeddable":true,"href":"https:\/\/www2.uepg.br\/caic\/wp-json\/wp\/v2\/comments?post=205"}],"version-history":[{"count":3,"href":"https:\/\/www2.uepg.br\/caic\/wp-json\/wp\/v2\/pages\/205\/revisions"}],"predecessor-version":[{"id":208,"href":"https:\/\/www2.uepg.br\/caic\/wp-json\/wp\/v2\/pages\/205\/revisions\/208"}],"wp:attachment":[{"href":"https:\/\/www2.uepg.br\/caic\/wp-json\/wp\/v2\/media?parent=205"}],"curies":[{"name":"wp","href":"https:\/\/api.w.org\/{rel}","templated":true}]}}