{"id":209,"date":"2021-02-03T11:03:47","date_gmt":"2021-02-03T14:03:47","guid":{"rendered":"http:\/\/www2.uepg.br\/caic\/?page_id=209"},"modified":"2023-11-08T16:37:06","modified_gmt":"2023-11-08T19:37:06","slug":"fale-conosco","status":"publish","type":"page","link":"https:\/\/www2.uepg.br\/caic\/fale-conosco\/","title":{"rendered":"Fale Conosco"},"content":{"rendered":"<h2><span style=\"color: #16648e\">Dados Identifica\u00e7\u00e3o<\/span><\/h2>\n<hr size=\"2\" \/>\n<div align=\"justify\">\n<p>O Centro de Aten\u00e7\u00e3o Integral \u00e0 Crian\u00e7a e ao Adolescente Reitor Alvaro Augusto Cunha Rocha \u2013 CAIC \u2013 \u00e9 um \u00f3rg\u00e3o suplementar da Universidade Estadual de Ponta Grossa, situado\u00a0 \u00e0\u00a0 Alameda Coronel Camis\u00e3o s\/ n.\u00ba,\u00a0 Campus Universit\u00e1rio,\u00a0 no bairro\u00a0 de\u00a0 Uvaranas,\u00a0 no\u00a0 munic\u00edpio\u00a0 de\u00a0 Ponta\u00a0 Grossa\/Paran\u00e1, CEP 84031-020.<\/p>\n<p><strong>e-mail:\u00a0<a href=\"mailto:caic@uepg.br\">caic@uepg.br<\/a><\/strong><\/p>\n<p><strong>Telefones:<\/strong><\/p>\n<ul>\n<li>(42) 3220-3444 Dire\u00e7\u00e3o Geral<\/li>\n<li>(42) 3220-3445 Divis\u00e3o Administrativa<\/li>\n<li>(42) 3220-3065 Secretaria Geral &#8211; Secretaria Escola Halia Terezinha Gruba<\/li>\n<li>(42) 3220-3499 Secretaria Geral &#8211; Secretaria Escola Reitor Alvaro Augusto Cunha Rocha<\/li>\n<li>(42) 3220-3443 Escola Halia Terezinha Gruba &#8211; Dire\u00e7\u00e3o e Coordena\u00e7\u00e3o Pedag\u00f3gica<\/li>\n<li>(42) 3220-3034 Escola Reitor Alvaro Augusto Cunha Rocha &#8211; Dire\u00e7\u00e3o<\/li>\n<li>(42) 3220-3442 Escola Reitor Alvaro Augusto Cunha Rocha &#8211; Coordena\u00e7\u00e3o Pedag\u00f3gica 3\u00ba ao 5\u00ba Ano<\/li>\n<li>(42) 3220-3430 Escola Reitor Alvaro Augusto Cunha Rocha &#8211; Coordena\u00e7\u00e3o Pedag\u00f3gica &#8211; Educa\u00e7\u00e3o Infantil ao 2\u00ba Ano<\/li>\n<li>(42) 3220-3042 Biblioteca<\/li>\n<li>(42) 3220-3491 Se\u00e7\u00e3o de Sa\u00fade<\/li>\n<li>(42) 3220-3336 Se\u00e7\u00e3o de Manuten\u00e7\u00e3o<\/li>\n<\/ul>\n<\/div>\n","protected":false},"excerpt":{"rendered":"<p>Dados Identifica\u00e7\u00e3o O Centro de Aten\u00e7\u00e3o Integral \u00e0 Crian\u00e7a e ao Adolescente Reitor Alvaro Augusto Cunha Rocha \u2013 CAIC \u2013 \u00e9 um \u00f3rg\u00e3o suplementar da Universidade Estadual de Ponta Grossa, situado\u00a0 \u00e0\u00a0 Alameda Coronel Camis\u00e3o s\/ n.\u00ba,\u00a0 Campus Universit\u00e1rio,\u00a0 no bairro\u00a0 de\u00a0 Uvaranas,\u00a0 no\u00a0 munic\u00edpio\u00a0 de\u00a0 Ponta\u00a0 Grossa\/Paran\u00e1, CEP 84031-020. e-mail:\u00a0caic@uepg.br Telefones: (42) 3220-3444 Dire\u00e7\u00e3o&nbsp;&hellip;<\/p>\n","protected":false},"author":204,"featured_media":0,"parent":0,"menu_order":0,"comment_status":"closed","ping_status":"closed","template":"","meta":[],"_links":{"self":[{"href":"https:\/\/www2.uepg.br\/caic\/wp-json\/wp\/v2\/pages\/209"}],"collection":[{"href":"https:\/\/www2.uepg.br\/caic\/wp-json\/wp\/v2\/pages"}],"about":[{"href":"https:\/\/www2.uepg.br\/caic\/wp-json\/wp\/v2\/types\/page"}],"author":[{"embeddable":true,"href":"https:\/\/www2.uepg.br\/caic\/wp-json\/wp\/v2\/users\/204"}],"replies":[{"embeddable":true,"href":"https:\/\/www2.uepg.br\/caic\/wp-json\/wp\/v2\/comments?post=209"}],"version-history":[{"count":7,"href":"https:\/\/www2.uepg.br\/caic\/wp-json\/wp\/v2\/pages\/209\/revisions"}],"predecessor-version":[{"id":1710,"href":"https:\/\/www2.uepg.br\/caic\/wp-json\/wp\/v2\/pages\/209\/revisions\/1710"}],"wp:attachment":[{"href":"https:\/\/www2.uepg.br\/caic\/wp-json\/wp\/v2\/media?parent=209"}],"curies":[{"name":"wp","href":"https:\/\/api.w.org\/{rel}","templated":true}]}}