{"id":235,"date":"2025-05-26T16:10:11","date_gmt":"2025-05-26T19:10:11","guid":{"rendered":"https:\/\/www2.uepg.br\/cdph\/?page_id=235"},"modified":"2025-12-03T15:30:57","modified_gmt":"2025-12-03T18:30:57","slug":"exposicoes","status":"publish","type":"page","link":"https:\/\/www2.uepg.br\/cdph\/exposicoes\/","title":{"rendered":"Exposi\u00e7\u00f5es"},"content":{"rendered":"<div id=\"pl-235\"  class=\"panel-layout\" ><div id=\"pg-235-0\"  class=\"panel-grid panel-no-style\" ><div id=\"pgc-235-0-0\"  class=\"panel-grid-cell\" ><div id=\"panel-235-0-0-0\" class=\"so-panel widget widget_listcategorypostswidget panel-first-child panel-last-child\" data-index=\"0\" ><h3 class=\"widget-title\">Patrim\u00f4nio Sonoro: a preserva\u00e7\u00e3o e acessibilidade do Fundo Alceu Schwab no CDPH \u2013 DEHIS\/UEPG<\/h3><ul class=\"lcp_catlist\" id=\"lcp_instance_listcategorypostswidget-1\"><li><a href=\"https:\/\/www2.uepg.br\/cdph\/patrimonio-sonoro-a-preservacao-e-acessibilidade-do-fundo-alceu-schwab-no-cdph-dehis-uepg\/\">Patrim\u00f4nio Sonoro: a preserva\u00e7\u00e3o e acessibilidade do Fundo Alceu Schwab no CDPH \u2013 DEHIS\/UEPG<\/a><a href=\"https:\/\/www2.uepg.br\/cdph\/patrimonio-sonoro-a-preservacao-e-acessibilidade-do-fundo-alceu-schwab-no-cdph-dehis-uepg\/\" title=\"Patrim\u00f4nio Sonoro: a preserva\u00e7\u00e3o e acessibilidade do Fundo Alceu Schwab no CDPH \u2013 DEHIS\/UEPG\"><img width=\"1024\" height=\"759\" src=\"https:\/\/www2.uepg.br\/cdph\/wp-content\/uploads\/sites\/129\/2025\/06\/IMG_20250530_172209-1024x759.jpg\" class=\"lcp_thumbnail wp-post-image\" alt=\"Patrim\u00f4nio Sonoro: a preserva\u00e7\u00e3o e acessibilidade do Fundo Alceu Schwab no CDPH \u2013 DEHIS\/UEPG\" loading=\"lazy\" srcset=\"https:\/\/www2.uepg.br\/cdph\/wp-content\/uploads\/sites\/129\/2025\/06\/IMG_20250530_172209-1024x759.jpg 1024w, https:\/\/www2.uepg.br\/cdph\/wp-content\/uploads\/sites\/129\/2025\/06\/IMG_20250530_172209-300x222.jpg 300w, https:\/\/www2.uepg.br\/cdph\/wp-content\/uploads\/sites\/129\/2025\/06\/IMG_20250530_172209-768x569.jpg 768w, https:\/\/www2.uepg.br\/cdph\/wp-content\/uploads\/sites\/129\/2025\/06\/IMG_20250530_172209-1536x1139.jpg 1536w, https:\/\/www2.uepg.br\/cdph\/wp-content\/uploads\/sites\/129\/2025\/06\/IMG_20250530_172209-2048x1518.jpg 2048w, https:\/\/www2.uepg.br\/cdph\/wp-content\/uploads\/sites\/129\/2025\/06\/IMG_20250530_172209-1232x913.jpg 1232w, https:\/\/www2.uepg.br\/cdph\/wp-content\/uploads\/sites\/129\/2025\/06\/IMG_20250530_172209-1457x1080.jpg 1457w\" sizes=\"(max-width: 1024px) 100vw, 1024px\" \/><\/a><\/li><\/ul><a href=\"https:\/\/www2.uepg.br\/cdph\/category\/exposicoes\/\"> <\/a><\/div><\/div><\/div><\/div>","protected":false},"excerpt":{"rendered":"<p>Patrim\u00f4nio Sonoro: a preserva\u00e7\u00e3o e acessibilidade do Fundo Alceu Schwab no CDPH \u2013 DEHIS\/UEPGPatrim\u00f4nio Sonoro: a preserva\u00e7\u00e3o e acessibilidade do Fundo Alceu Schwab no CDPH \u2013 DEHIS\/UEPG<\/p>\n","protected":false},"author":766,"featured_media":429,"parent":0,"menu_order":0,"comment_status":"closed","ping_status":"closed","template":"","meta":[],"_links":{"self":[{"href":"https:\/\/www2.uepg.br\/cdph\/wp-json\/wp\/v2\/pages\/235"}],"collection":[{"href":"https:\/\/www2.uepg.br\/cdph\/wp-json\/wp\/v2\/pages"}],"about":[{"href":"https:\/\/www2.uepg.br\/cdph\/wp-json\/wp\/v2\/types\/page"}],"author":[{"embeddable":true,"href":"https:\/\/www2.uepg.br\/cdph\/wp-json\/wp\/v2\/users\/766"}],"replies":[{"embeddable":true,"href":"https:\/\/www2.uepg.br\/cdph\/wp-json\/wp\/v2\/comments?post=235"}],"version-history":[{"count":8,"href":"https:\/\/www2.uepg.br\/cdph\/wp-json\/wp\/v2\/pages\/235\/revisions"}],"predecessor-version":[{"id":431,"href":"https:\/\/www2.uepg.br\/cdph\/wp-json\/wp\/v2\/pages\/235\/revisions\/431"}],"wp:featuredmedia":[{"embeddable":true,"href":"https:\/\/www2.uepg.br\/cdph\/wp-json\/wp\/v2\/media\/429"}],"wp:attachment":[{"href":"https:\/\/www2.uepg.br\/cdph\/wp-json\/wp\/v2\/media?parent=235"}],"curies":[{"name":"wp","href":"https:\/\/api.w.org\/{rel}","templated":true}]}}