{"id":40,"date":"2020-07-21T10:28:17","date_gmt":"2020-07-21T13:28:17","guid":{"rendered":"http:\/\/www2.uepg.br\/cdph\/?page_id=40"},"modified":"2025-12-03T15:31:10","modified_gmt":"2025-12-03T18:31:10","slug":"historico","status":"publish","type":"page","link":"https:\/\/www2.uepg.br\/cdph\/historico\/","title":{"rendered":"Hist\u00f3rico"},"content":{"rendered":"<p><strong>Um pouco da trajet\u00f3ria do CDPH:<\/strong><\/p>\n<p>Foi criado em agosto de 1995, com o recebimento da doa\u00e7\u00e3o do acervo documental e bibliogr\u00e1fico do Centro Cultural Euclides da Cunha, com intuito de preserva\u00e7\u00e3o documental e de propiciar o acesso \u00e0 pesquisa acad\u00eamica e \u00e0s atividades de ensino. Instalado em uma antiga sala de aula\/laborat\u00f3rio, recebeu a denomina\u00e7\u00e3o de Sala do Acervo Centro Cultural Euclides da Cunha. Nos anos seguintes outros acervos de tem\u00e1ticas diversificadas foram focados no intuito de preserva\u00e7\u00e3o documental e recebidos em doa\u00e7\u00e3o. Em 1996, atrav\u00e9s de um projeto de pesquisa departamental viabilizou-se o acesso e o contato com fontes prim\u00e1rias produzidas pelo poder judici\u00e1rio local. E em mar\u00e7o de 1997, o F\u00f3rum de Ponta Grossa passa a guarda dos processos-crimes que transcorreram na 1\u00aa. Vara Criminal, entre 1884-1976 para a Sala do Acervo CCEC. No ano seguinte, recebe o acervo documental e bibliogr\u00e1fico da biblioteca particular e acervo documental do Prof. Faris Michaele, fundador do Centro Cultural Euclides da Cunha. Nos anos posteriores, outras doa\u00e7\u00f5es de acervos significativos para a hist\u00f3ria local e regional foram encaminhadas para a Sala do Acervo e Sala de Documenta\u00e7\u00e3o Judici\u00e1ria. Em 2007, recebe a doa\u00e7\u00e3o do acervo documental e fonogr\u00e1fico de Alceu Schwab. Em 2008, a doa\u00e7\u00e3o da cole\u00e7\u00e3o do jornal local \u201cJornal da Manh\u00e3\u201d, com publica\u00e7\u00f5es de agosto\/1954 a agosto\/2007.<br \/>\nEm sua trajet\u00f3ria hist\u00f3rica o CDPH recebeu diferentes nomes. Primeiramente, era t\u00e3o somente a Sala do Acervo CCEC. Em 1998, denominado Laborat\u00f3rio de Pesquisa em Hist\u00f3ria, em que o acervo judici\u00e1rio recebe uma ambienta\u00e7\u00e3o especifica &#8211; a Sala de Documenta\u00e7\u00e3o Judici\u00e1ria &#8211; em um espa\u00e7o alugado pela universidade para alocar alguns outros setores da universidade. O Laborat\u00f3rio de Pesquisa em Hist\u00f3ria passa a ser subdividido em dois espa\u00e7os: Sala do Acervo CCEC e Sala de Documenta\u00e7\u00e3o Judici\u00e1ria. A partir de 2006, o Laborat\u00f3rio de Pesquisa em Hist\u00f3ria estrutura-se com normas internas e regimento pr\u00f3prio, de acordo com o disposto na Resolu\u00e7\u00e3o Universit\u00e1ria n\u00ba. 52, de 04\/08\/2006.<br \/>\nA partir do segundo semestre de 2009, com a inaugura\u00e7\u00e3o do novo espa\u00e7o para o curso de Hist\u00f3ria no Campus de Uvaranas, o antigo Laborat\u00f3rio recebe a atual denomina\u00e7\u00e3o de \u2018<em>Centro de Documenta\u00e7\u00e3o e Pesquisa em Hist\u00f3ria\/UEPG\u2019<\/em>, mantendo a disposi\u00e7\u00e3o inicial dos dois espa\u00e7os f\u00edsicos anteriores para a guarda documental: Sala do Acervo Centro Cultural Euclides da Cunha e Sala de Documenta\u00e7\u00e3o Judici\u00e1ria.<br \/>\nEm 2019, a Comiss\u00e3o de Acervos do CDPH come\u00e7ou o processo de reformula\u00e7\u00e3o do antigo regimento, processo esse que por conta da pandemia de COVID-19, teve sua tramita\u00e7\u00e3o comprometida, sendo conclu\u00edda apenas em 2021, com a aprova\u00e7\u00e3o da resolu\u00e7\u00e3o universit\u00e1ria N\u00b0 2021.16.<\/p>\n<p><a href=\"http:\/\/www2.uepg.br\/cdph\/wp-content\/uploads\/sites\/129\/2024\/10\/Resuniv2021.16.pdf\" target=\"_blank\" rel=\"noopener\">Regimento 2021.16<\/a>&#8211; Regimento vigente CDPH<\/p>\n","protected":false},"excerpt":{"rendered":"<p>Um pouco da trajet\u00f3ria do CDPH: Foi criado em agosto de 1995, com o recebimento da doa\u00e7\u00e3o do acervo documental e bibliogr\u00e1fico do Centro Cultural Euclides da Cunha, com intuito de preserva\u00e7\u00e3o documental e de propiciar o acesso \u00e0 pesquisa acad\u00eamica e \u00e0s atividades de ensino. Instalado em uma antiga sala de aula\/laborat\u00f3rio, recebeu a&nbsp;&hellip;<\/p>\n","protected":false},"author":24,"featured_media":429,"parent":0,"menu_order":0,"comment_status":"closed","ping_status":"closed","template":"","meta":[],"_links":{"self":[{"href":"https:\/\/www2.uepg.br\/cdph\/wp-json\/wp\/v2\/pages\/40"}],"collection":[{"href":"https:\/\/www2.uepg.br\/cdph\/wp-json\/wp\/v2\/pages"}],"about":[{"href":"https:\/\/www2.uepg.br\/cdph\/wp-json\/wp\/v2\/types\/page"}],"author":[{"embeddable":true,"href":"https:\/\/www2.uepg.br\/cdph\/wp-json\/wp\/v2\/users\/24"}],"replies":[{"embeddable":true,"href":"https:\/\/www2.uepg.br\/cdph\/wp-json\/wp\/v2\/comments?post=40"}],"version-history":[{"count":5,"href":"https:\/\/www2.uepg.br\/cdph\/wp-json\/wp\/v2\/pages\/40\/revisions"}],"predecessor-version":[{"id":209,"href":"https:\/\/www2.uepg.br\/cdph\/wp-json\/wp\/v2\/pages\/40\/revisions\/209"}],"wp:featuredmedia":[{"embeddable":true,"href":"https:\/\/www2.uepg.br\/cdph\/wp-json\/wp\/v2\/media\/429"}],"wp:attachment":[{"href":"https:\/\/www2.uepg.br\/cdph\/wp-json\/wp\/v2\/media?parent=40"}],"curies":[{"name":"wp","href":"https:\/\/api.w.org\/{rel}","templated":true}]}}