{"id":42,"date":"2020-07-21T10:33:50","date_gmt":"2020-07-21T13:33:50","guid":{"rendered":"http:\/\/www2.uepg.br\/cdph\/?page_id=42"},"modified":"2025-12-03T15:29:00","modified_gmt":"2025-12-03T18:29:00","slug":"acervos","status":"publish","type":"page","link":"https:\/\/www2.uepg.br\/cdph\/acervos\/","title":{"rendered":"Acervos"},"content":{"rendered":"<p style=\"text-align: center\"><strong>Sala do Acervo Centro Cultural Euclides da Cunha<\/strong><\/p>\n<p style=\"text-align: center\">Acervo documental e bibliogr\u00e1fico do Centro Cultural Euclides da Cunha<\/p>\n<p style=\"text-align: center\">Acervo documental e bibliogr\u00e1fico do Prof\u00ba. Faris Michaele<\/p>\n<p style=\"text-align: center\">Acervo documental e bibliogr\u00e1fico do Dr. Lourival Santos Lima<\/p>\n<p style=\"text-align: center\">Acervo documental e fonogr\u00e1fico de Alceu Schwab<\/p>\n<p style=\"text-align: center\">Acervo fonogr\u00e1fico de Zulmir Luiz Barbosa<\/p>\n<p style=\"text-align: center\">Acervo bibliogr\u00e1fico do Departamento de Hist\u00f3ria<\/p>\n<p style=\"text-align: center\">Acervo documental e bibliogr\u00e1fico do Dr. Luiz Gonzaga Pinto<\/p>\n<p style=\"text-align: center\">Acervo documental do Dr. Jos\u00e9 Ruyter Teixeira<\/p>\n<p style=\"text-align: center\">Acervo documental de Francisca Batista Carvalho<\/p>\n<p style=\"text-align: center\">Acervo documental do Prof\u00ba Brasil Pinheiro Machado (UFPR)<\/p>\n<p style=\"text-align: center\">Acervo documental e bibliogr\u00e1fico da Prof\u00aa. Elisabete Alves Pinto (UEPG)<\/p>\n<p style=\"text-align: center\">Acervo bibliogr\u00e1fico da Prof\u00aa. Odette Cominato<\/p>\n<p>&nbsp;<\/p>\n<p style=\"text-align: center\"><strong>Sala da Documenta\u00e7\u00e3o Judici\u00e1ria<\/strong><\/p>\n<p style=\"text-align: center\">Acervo documental do Cart\u00f3rio de Uvaia (Ponta Grossa), com transcri\u00e7\u00e3o e c\u00f3pias.<\/p>\n<p style=\"text-align: center\">Acervo de processos-crimes da 1\u00aa Vara Criminal de Ponta Grossa (1884-1997)<\/p>\n<p style=\"text-align: center\">Acervo documental da 13\u00aa Delegacia de Pol\u00edcia de Ponta Grossa (1928-1988)<\/p>\n<p style=\"text-align: center\">Acervo do &#8220;Jornal da Manh\u00e3&#8221; (1954-2007)<\/p>\n<p style=\"text-align: center\">Acervo documental do Departamento de Hist\u00f3ria<\/p>\n<p style=\"text-align: center\">Acervo documental de Daily Luiz Wambier<\/p>\n<p style=\"text-align: center\">Acervo documental e bibliogr\u00e1fico da Prof\u00aa. Carmencita de Holleben Mello Ditzel (UEPG)<\/p>\n<p style=\"text-align: center\">Acervo bibliogr\u00e1fico e fonogr\u00e1fico do Prof\u00ba. Cl\u00e1udio Denipoti (UEPG)<\/p>\n<p style=\"text-align: center\">Acervo bibliogr\u00e1fico da Prof\u00aa Helenice Rodrigues da Silva (UFPR)<\/p>\n<p style=\"text-align: center\">Acervo bibliogr\u00e1fico do Prof\u00ba Magnus Roberto de Mello Pereira (UFPR)<\/p>\n<p style=\"text-align: center\">Acervo documental da Prof\u00aa. Cirlei Gomes Carneiro (UEPG)<\/p>\n<p>&nbsp;<\/p>\n<p>&nbsp;<\/p>\n\n\t\t<style type=\"text\/css\">\n\t\t\t#gallery-1 {\n\t\t\t\tmargin: auto;\n\t\t\t}\n\t\t\t#gallery-1 .gallery-item {\n\t\t\t\tfloat: left;\n\t\t\t\tmargin-top: 10px;\n\t\t\t\ttext-align: center;\n\t\t\t\twidth: 25%;\n\t\t\t}\n\t\t\t#gallery-1 img {\n\t\t\t\tborder: 2px solid #cfcfcf;\n\t\t\t}\n\t\t\t#gallery-1 .gallery-caption {\n\t\t\t\tmargin-left: 0;\n\t\t\t}\n\t\t\t\/* see gallery_shortcode() in wp-includes\/media.php *\/\n\t\t<\/style>\n\t\t<div id='gallery-1' class='gallery galleryid-42 gallery-columns-4 gallery-size-thumbnail'><dl class='gallery-item'>\n\t\t\t<dt class='gallery-icon landscape'>\n\t\t\t\t<a href='https:\/\/www2.uepg.br\/cdph\/wp-content\/uploads\/sites\/129\/2020\/07\/012013.jpg'><img width=\"150\" height=\"150\" src=\"https:\/\/www2.uepg.br\/cdph\/wp-content\/uploads\/sites\/129\/2020\/07\/012013-150x150.jpg\" class=\"attachment-thumbnail size-thumbnail\" alt=\"\" loading=\"lazy\" aria-describedby=\"gallery-1-43\" \/><\/a>\n\t\t\t<\/dt>\n\t\t\t\t<dd class='wp-caption-text gallery-caption' id='gallery-1-43'>\n\t\t\t\tFigura 1 Sala do Acervo Centro Cultural Euclides da Cunha 2011\n\t\t\t\t<\/dd><\/dl><dl class='gallery-item'>\n\t\t\t<dt class='gallery-icon landscape'>\n\t\t\t\t<a href='https:\/\/www2.uepg.br\/cdph\/wp-content\/uploads\/sites\/129\/2020\/07\/022013.jpg'><img width=\"150\" height=\"150\" src=\"https:\/\/www2.uepg.br\/cdph\/wp-content\/uploads\/sites\/129\/2020\/07\/022013-150x150.jpg\" class=\"attachment-thumbnail size-thumbnail\" alt=\"\" loading=\"lazy\" aria-describedby=\"gallery-1-44\" \/><\/a>\n\t\t\t<\/dt>\n\t\t\t\t<dd class='wp-caption-text gallery-caption' id='gallery-1-44'>\n\t\t\t\tFigura 2 Sala da Documenta\u00e7\u00e3o Judici\u00e1ria 2011\n\t\t\t\t<\/dd><\/dl><dl class='gallery-item'>\n\t\t\t<dt class='gallery-icon portrait'>\n\t\t\t\t<a href='https:\/\/www2.uepg.br\/cdph\/wp-content\/uploads\/sites\/129\/2020\/07\/032013.jpg'><img width=\"150\" height=\"150\" src=\"https:\/\/www2.uepg.br\/cdph\/wp-content\/uploads\/sites\/129\/2020\/07\/032013-150x150.jpg\" class=\"attachment-thumbnail size-thumbnail\" alt=\"\" loading=\"lazy\" aria-describedby=\"gallery-1-45\" \/><\/a>\n\t\t\t<\/dt>\n\t\t\t\t<dd class='wp-caption-text gallery-caption' id='gallery-1-45'>\n\t\t\t\tFigura 3 Acervo Jornal da Manh\u00e3 (1954-2007) 2011\n\t\t\t\t<\/dd><\/dl><dl class='gallery-item'>\n\t\t\t<dt class='gallery-icon landscape'>\n\t\t\t\t<a href='https:\/\/www2.uepg.br\/cdph\/wp-content\/uploads\/sites\/129\/2020\/07\/042013.jpg'><img width=\"150\" height=\"150\" src=\"https:\/\/www2.uepg.br\/cdph\/wp-content\/uploads\/sites\/129\/2020\/07\/042013-150x150.jpg\" class=\"attachment-thumbnail size-thumbnail\" alt=\"\" loading=\"lazy\" aria-describedby=\"gallery-1-46\" \/><\/a>\n\t\t\t<\/dt>\n\t\t\t\t<dd class='wp-caption-text gallery-caption' id='gallery-1-46'>\n\t\t\t\tFigura 4 Acervo fonogr\u00e1fico Alceu Schwab \/ MPB 2011\n\t\t\t\t<\/dd><\/dl><br style=\"clear: both\" \/>\n\t\t<\/div>\n\n<p>&nbsp;<\/p>\n","protected":false},"excerpt":{"rendered":"<p>Sala do Acervo Centro Cultural Euclides da Cunha Acervo documental e bibliogr\u00e1fico do Centro Cultural Euclides da Cunha Acervo documental e bibliogr\u00e1fico do Prof\u00ba. Faris Michaele Acervo documental e bibliogr\u00e1fico do Dr. Lourival Santos Lima Acervo documental e fonogr\u00e1fico de Alceu Schwab Acervo fonogr\u00e1fico de Zulmir Luiz Barbosa Acervo bibliogr\u00e1fico do Departamento de Hist\u00f3ria Acervo&nbsp;&hellip;<\/p>\n","protected":false},"author":24,"featured_media":429,"parent":0,"menu_order":0,"comment_status":"closed","ping_status":"closed","template":"","meta":[],"_links":{"self":[{"href":"https:\/\/www2.uepg.br\/cdph\/wp-json\/wp\/v2\/pages\/42"}],"collection":[{"href":"https:\/\/www2.uepg.br\/cdph\/wp-json\/wp\/v2\/pages"}],"about":[{"href":"https:\/\/www2.uepg.br\/cdph\/wp-json\/wp\/v2\/types\/page"}],"author":[{"embeddable":true,"href":"https:\/\/www2.uepg.br\/cdph\/wp-json\/wp\/v2\/users\/24"}],"replies":[{"embeddable":true,"href":"https:\/\/www2.uepg.br\/cdph\/wp-json\/wp\/v2\/comments?post=42"}],"version-history":[{"count":5,"href":"https:\/\/www2.uepg.br\/cdph\/wp-json\/wp\/v2\/pages\/42\/revisions"}],"predecessor-version":[{"id":226,"href":"https:\/\/www2.uepg.br\/cdph\/wp-json\/wp\/v2\/pages\/42\/revisions\/226"}],"wp:featuredmedia":[{"embeddable":true,"href":"https:\/\/www2.uepg.br\/cdph\/wp-json\/wp\/v2\/media\/429"}],"wp:attachment":[{"href":"https:\/\/www2.uepg.br\/cdph\/wp-json\/wp\/v2\/media?parent=42"}],"curies":[{"name":"wp","href":"https:\/\/api.w.org\/{rel}","templated":true}]}}