{"id":55,"date":"2020-07-21T10:42:23","date_gmt":"2020-07-21T13:42:23","guid":{"rendered":"http:\/\/www2.uepg.br\/cdph\/?page_id=55"},"modified":"2026-03-30T17:34:46","modified_gmt":"2026-03-30T20:34:46","slug":"informacoes","status":"publish","type":"page","link":"https:\/\/www2.uepg.br\/cdph\/informacoes\/","title":{"rendered":"Informa\u00e7\u00f5es"},"content":{"rendered":"<h1 style=\"text-align: center\"><strong><span style=\"color: #ff0000\">AVISO 2026<\/span><\/strong><\/h1>\n<h3 style=\"text-align: center\">A Coordena\u00e7\u00e3o\u00a0 informa que o CDPH-UEPG estar\u00e1 fechado para agendamentos de pesquisadores no per\u00edodo de 23 de fevereiro\u00a0 a 22 de abril de 2026 para reestrutura\u00e7\u00e3o interna e implanta\u00e7\u00e3o do Laborat\u00f3rio de Digitaliza\u00e7\u00e3o. Contamos com a compreens\u00e3o!<\/h3>\n<p>&nbsp;<\/p>\n<h2><\/h2>\n<h2 style=\"text-align: center\"><strong><span style=\"color: #ff0000\">AVISO<\/span><\/strong><\/h2>\n<p>O CDPH\/UEPG funciona com atendimento presencial, agendamento pr\u00e9vio e n\u00famero limitado para usu\u00e1rios\/pesquisadores.<br \/>\nO usu\u00e1rio\/pesquisador interessado dever\u00e1 enviar um e-mail para <a href=\"mailto:cdph@uepg.br\" target=\"_blank\" rel=\"noopener\">cdph@uepg.br<\/a>. Na sequ\u00eancia, em resposta ao e-mail, receber\u00e1 para preencher uma ficha pr\u00e9via com hor\u00e1rios dispon\u00edveis, dados sobre a inten\u00e7\u00e3o da pesquisa e documentos a serem pesquisados, assim como outros dados necess\u00e1rios para a realiza\u00e7\u00e3o da consulta presencial.<\/p>\n<p>&nbsp;<\/p>\n<p><strong>Endere\u00e7o:<\/strong><br \/>\nCentro de Documenta\u00e7\u00e3o e Pesquisa em Hist\u00f3ria\/DEHIS UEPG<br \/>\nUniversidade Estadual de Ponta Grossa\/ Campus de Uvaranas<br \/>\nAvenida Carlos Cavalcanti 4748<br \/>\nCentral de Salas &#8211; Bloco Did\u00e1tico de Artes e Hist\u00f3ria Sala 65 (Mapa do Campus)<br \/>\n84.030-900 Ponta Grossa\/Paran\u00e1\/Brasil<br \/>\nTelefone: 42 &#8211; 2102-8791\u00a0 \u00a0 \u00a0 \u00a0 \u00a0 \u00a0 \u00a0 \u00a0 \u00a0 \u00a0 \u00a0 \u00a0 \u00a0 \u00a0 \u00a0 \u00a0 \u00a0 email para contato:\u00a0<a href=\"mailto:cdph@uepg.br\">cdph@uepg.br<\/a><\/p>\n<p><strong>Hor\u00e1rio de funcionamento para atendimento presencial: de 2\u00aa a 6\u00aa feira<\/strong>: das 14:00 as 21:00 horas<\/p>\n<p>&nbsp;<\/p>\n<p><strong>Diretrizes para pesquisa \/ Normas e procedimentos<\/strong><\/p>\n<ul>\n<li>As pesquisas ser\u00e3o realizadas na Sala de Consultas, sendo restrito o acesso \u00e0s salas de guarda documental;<\/li>\n<li>Os documentos somente podem ser consultados na sala de consulta;<\/li>\n<li>Os pesquisadores dever\u00e3o informar sobre seus objetivos e planos, indicando precisamente o que desejam;<\/li>\n<li>Os pesquisadores ser\u00e3o respons\u00e1veis pela integridade e preserva\u00e7\u00e3o dos documentos;<\/li>\n<li>\u00c9 necess\u00e1ria a utiliza\u00e7\u00e3o de luvas e m\u00e1scaras descart\u00e1veis para manuseio de documentos e o porte preferencialmente de l\u00e1pis ou lapiseira, borracha e papel para anota\u00e7\u00f5es;<\/li>\n<li>A fragilidade de determinados documentos exige cuidados especiais para seu manuseio, recomenda-se: n\u00e3o usar caneta ou borracha perto dos documentos, n\u00e3o escrever neles ou sobre eles; n\u00e3o dobrar as folhas para marcar a p\u00e1gina e nem deixar marcadores nos documentos;<\/li>\n<li>Quanto aos originais, mant\u00ea-los na ordem encontrada;<\/li>\n<li>Como recurso de reprodu\u00e7\u00e3o de documentos somente \u00e9 permitido ao pesquisador fotografar o material, sem o uso de flash, com a justificativa pr\u00e9via de sua inten\u00e7\u00e3o.<\/li>\n<li>Ao final da pesquisa registrar em uma ficha espec\u00edfica seus dados pessoais, inten\u00e7\u00e3o da pesquisa e documentos pesquisados, encontrados ou n\u00e3o.<\/li>\n<\/ul>\n<p>&nbsp;<\/p>\n<p>&nbsp;<\/p>\n","protected":false},"excerpt":{"rendered":"<p>AVISO 2026 A Coordena\u00e7\u00e3o\u00a0 informa que o CDPH-UEPG estar\u00e1 fechado para agendamentos de pesquisadores no per\u00edodo de 23 de fevereiro\u00a0 a 22 de abril de 2026 para reestrutura\u00e7\u00e3o interna e implanta\u00e7\u00e3o do Laborat\u00f3rio de Digitaliza\u00e7\u00e3o. Contamos com a compreens\u00e3o! &nbsp; AVISO O CDPH\/UEPG funciona com atendimento presencial, agendamento pr\u00e9vio e n\u00famero limitado para usu\u00e1rios\/pesquisadores. O&nbsp;&hellip;<\/p>\n","protected":false},"author":24,"featured_media":429,"parent":0,"menu_order":0,"comment_status":"closed","ping_status":"closed","template":"","meta":[],"_links":{"self":[{"href":"https:\/\/www2.uepg.br\/cdph\/wp-json\/wp\/v2\/pages\/55"}],"collection":[{"href":"https:\/\/www2.uepg.br\/cdph\/wp-json\/wp\/v2\/pages"}],"about":[{"href":"https:\/\/www2.uepg.br\/cdph\/wp-json\/wp\/v2\/types\/page"}],"author":[{"embeddable":true,"href":"https:\/\/www2.uepg.br\/cdph\/wp-json\/wp\/v2\/users\/24"}],"replies":[{"embeddable":true,"href":"https:\/\/www2.uepg.br\/cdph\/wp-json\/wp\/v2\/comments?post=55"}],"version-history":[{"count":16,"href":"https:\/\/www2.uepg.br\/cdph\/wp-json\/wp\/v2\/pages\/55\/revisions"}],"predecessor-version":[{"id":451,"href":"https:\/\/www2.uepg.br\/cdph\/wp-json\/wp\/v2\/pages\/55\/revisions\/451"}],"wp:featuredmedia":[{"embeddable":true,"href":"https:\/\/www2.uepg.br\/cdph\/wp-json\/wp\/v2\/media\/429"}],"wp:attachment":[{"href":"https:\/\/www2.uepg.br\/cdph\/wp-json\/wp\/v2\/media?parent=55"}],"curies":[{"name":"wp","href":"https:\/\/api.w.org\/{rel}","templated":true}]}}