{"id":57,"date":"2020-07-21T10:42:59","date_gmt":"2020-07-21T13:42:59","guid":{"rendered":"http:\/\/www2.uepg.br\/cdph\/?page_id=57"},"modified":"2026-02-20T19:34:54","modified_gmt":"2026-02-20T22:34:54","slug":"equipe","status":"publish","type":"page","link":"https:\/\/www2.uepg.br\/cdph\/equipe\/","title":{"rendered":"Equipe"},"content":{"rendered":"<p style=\"text-align: center\"><strong>Chefia do Departamento de Hist\u00f3ria:<\/strong><br \/>\nAngela Ribeiro Ferreira<\/p>\n<p style=\"text-align: center\"><b>Coordenadora da Comiss\u00e3o de Acervos do CDPH\/DEHIS:<\/b><\/p>\n<p style=\"text-align: center\">Elizabeth Johansen<\/p>\n<p style=\"text-align: center\"><strong>Estagi\u00e1rios (2026):<\/strong><\/p>\n<p>&nbsp;<\/p>\n<p style=\"text-align: center\"><b>Comiss\u00e3o de Acervos do CDPH\/DEHIS:<\/b><br \/>\n<a href=\"http:\/\/www2.uepg.br\/cdph\/wp-content\/uploads\/sites\/129\/2024\/10\/PORTARIA_SETORIAL_No_62_Comissao_do_CDPHIS.pdf\" target=\"_blank\" rel=\"noopener\">Comiss\u00e3o de Acervos CDPH\/DEHIS<\/a><\/p>\n<hr \/>\n<p>&nbsp;<\/p>\n<p>&nbsp;<\/p>\n<p>&nbsp;<\/p>\n<hr \/>\n<p style=\"text-align: center\"><strong>Membros Anteriores:<\/strong><\/p>\n<p style=\"text-align: center\"><strong>T\u00e9cnica Aposentada:<\/strong><br \/>\n<span style=\"font-weight: 400\">Jos\u00e9lia Maria Loyola de Oliveira Gomes<\/span><\/p>\n<p style=\"text-align: center\"><strong>T\u00e9cnica:<\/strong><br \/>\n<span style=\"font-weight: 400\">Luciana Cristina Pinto<\/span><\/p>\n<p style=\"text-align: center\"><strong>Estagi\u00e1rios (2024-2025):<\/strong><br \/>\nGabriel Sirineu Gouvea<br \/>\nSara Bomfim Cinque<br \/>\nThaysa Raquel Albini Ferreira<\/p>\n<p style=\"text-align: center\"><strong>Estagi\u00e1rios (2022-2023):<\/strong><br \/>\nFernando Cherevate<br \/>\nGabriel Lacerda de Souza<br \/>\nGabrielle Mello Maynardes<\/p>\n<p style=\"text-align: center\"><strong>Estagi\u00e1rios (2019-2020):<\/strong><br \/>\nAnanda Cristina de Freitas<br \/>\nRafael Foga\u00e7a Sabino<br \/>\nThalia Edvirgens Almeida<\/p>\n<hr \/>\n<p>&nbsp;<\/p>\n<p>&nbsp;<\/p>\n","protected":false},"excerpt":{"rendered":"<p>Chefia do Departamento de Hist\u00f3ria: Angela Ribeiro Ferreira Coordenadora da Comiss\u00e3o de Acervos do CDPH\/DEHIS: Elizabeth Johansen Estagi\u00e1rios (2026): &nbsp; Comiss\u00e3o de Acervos do CDPH\/DEHIS: Comiss\u00e3o de Acervos CDPH\/DEHIS &nbsp; &nbsp; &nbsp; Membros Anteriores: T\u00e9cnica Aposentada: Jos\u00e9lia Maria Loyola de Oliveira Gomes T\u00e9cnica: Luciana Cristina Pinto Estagi\u00e1rios (2024-2025): Gabriel Sirineu Gouvea Sara Bomfim Cinque Thaysa&nbsp;&hellip;<\/p>\n","protected":false},"author":24,"featured_media":429,"parent":0,"menu_order":0,"comment_status":"closed","ping_status":"closed","template":"","meta":[],"_links":{"self":[{"href":"https:\/\/www2.uepg.br\/cdph\/wp-json\/wp\/v2\/pages\/57"}],"collection":[{"href":"https:\/\/www2.uepg.br\/cdph\/wp-json\/wp\/v2\/pages"}],"about":[{"href":"https:\/\/www2.uepg.br\/cdph\/wp-json\/wp\/v2\/types\/page"}],"author":[{"embeddable":true,"href":"https:\/\/www2.uepg.br\/cdph\/wp-json\/wp\/v2\/users\/24"}],"replies":[{"embeddable":true,"href":"https:\/\/www2.uepg.br\/cdph\/wp-json\/wp\/v2\/comments?post=57"}],"version-history":[{"count":19,"href":"https:\/\/www2.uepg.br\/cdph\/wp-json\/wp\/v2\/pages\/57\/revisions"}],"predecessor-version":[{"id":444,"href":"https:\/\/www2.uepg.br\/cdph\/wp-json\/wp\/v2\/pages\/57\/revisions\/444"}],"wp:featuredmedia":[{"embeddable":true,"href":"https:\/\/www2.uepg.br\/cdph\/wp-json\/wp\/v2\/media\/429"}],"wp:attachment":[{"href":"https:\/\/www2.uepg.br\/cdph\/wp-json\/wp\/v2\/media?parent=57"}],"curies":[{"name":"wp","href":"https:\/\/api.w.org\/{rel}","templated":true}]}}