{"id":121,"date":"2021-03-30T14:57:12","date_gmt":"2021-03-30T17:57:12","guid":{"rendered":"https:\/\/www2.uepg.br\/cee\/?page_id=121"},"modified":"2025-09-03T16:45:23","modified_gmt":"2025-09-03T19:45:23","slug":"contato","status":"publish","type":"page","link":"https:\/\/www2.uepg.br\/cee\/contato\/","title":{"rendered":"Contato"},"content":{"rendered":"<div id=\"pl-121\"  class=\"panel-layout\" ><div id=\"pg-121-0\"  class=\"panel-grid panel-no-style\" ><div id=\"pgc-121-0-0\"  class=\"panel-grid-cell\" ><div id=\"panel-121-0-0-0\" class=\"so-panel widget widget_sow-editor panel-first-child\" data-index=\"0\" ><div\n\t\t\t\n\t\t\tclass=\"so-widget-sow-editor so-widget-sow-editor-base\"\n\t\t\t\n\t\t><h3 class=\"widget-title\">Quer entrar em contato?<\/h3>\n<div class=\"siteorigin-widget-tinymce textwidget\">\n\t<h4 class=\"font_5\" style=\"text-align: center\">Gostaria de participar de um projeto j\u00e1 existente ou propor uma atividade?<\/h4>\n<p style=\"text-align: center\">Entre em contato via E-mail ou Redes Sociais.<\/p>\n<h5><img loading=\"lazy\" class=\"wp-image-231 alignleft\" src=\"http:\/\/www2.uepg.br\/cee\/wp-content\/uploads\/sites\/180\/2022\/04\/Identificacao_Marca_CEE_page-0007-300x212.jpg\" alt=\"\" width=\"306\" height=\"216\" srcset=\"https:\/\/www2.uepg.br\/cee\/wp-content\/uploads\/sites\/180\/2022\/04\/Identificacao_Marca_CEE_page-0007-300x212.jpg 300w, https:\/\/www2.uepg.br\/cee\/wp-content\/uploads\/sites\/180\/2022\/04\/Identificacao_Marca_CEE_page-0007-1024x725.jpg 1024w, https:\/\/www2.uepg.br\/cee\/wp-content\/uploads\/sites\/180\/2022\/04\/Identificacao_Marca_CEE_page-0007-768x543.jpg 768w, https:\/\/www2.uepg.br\/cee\/wp-content\/uploads\/sites\/180\/2022\/04\/Identificacao_Marca_CEE_page-0007-1536x1087.jpg 1536w, https:\/\/www2.uepg.br\/cee\/wp-content\/uploads\/sites\/180\/2022\/04\/Identificacao_Marca_CEE_page-0007-1232x872.jpg 1232w, https:\/\/www2.uepg.br\/cee\/wp-content\/uploads\/sites\/180\/2022\/04\/Identificacao_Marca_CEE_page-0007-1526x1080.jpg 1526w, https:\/\/www2.uepg.br\/cee\/wp-content\/uploads\/sites\/180\/2022\/04\/Identificacao_Marca_CEE_page-0007.jpg 1754w\" sizes=\"(max-width: 306px) 100vw, 306px\" \/><\/h5>\n<p>Centro de Educa\u00e7\u00e3o Empreendedora<\/p>\n<hr \/>\n<p><em>\u201cEducar para empreender \u00e9 educar para fazer acontecer\u201d<\/em><\/p>\n<\/div>\n<\/div><\/div><div id=\"panel-121-0-0-1\" class=\"widget_text so-panel widget widget_custom_html panel-last-child\" data-index=\"1\" ><div class=\"textwidget custom-html-widget\"><\/div>\n<\/div>\n<div class='footer footer-contact-boxes'>\n    <div class='footer-content'>\n        <div class=\"gridContainer\">\n            <div class=\"row text-center\">\n                <div class=\"col-sm-3\">\n                        <div data-type=\"group\" data-dynamic-mod=\"true\">\n        <i class=\"big-icon mdi mdi-pin\"><\/i>\n        <p>\n            R. Dr. Penteado de Almeida, 228 <br>Ponta Grossa \u2013 PR <br>CEP 84010-240 - Central UEPG <br>\n        <\/p>\n    <\/div>\n                    <\/div>\n                <div class=\"col-sm-3\">\n                        <div data-type=\"group\" data-dynamic-mod=\"true\">\n        <i class=\"big-icon mdi mdi-email\"><\/i>\n        <p>\n            CEE: centroeducacaoempreendedora@gmail.com<br>\n    <\/div>\n                    <\/div>\n                <div class=\"col-sm-3\">\n                        <div data-type=\"group\" data-dynamic-mod=\"true\">\n        <i class=\"big-icon mdi mdi-cellphone-android\"><\/i>\n        <p>\n            Cel\/wpp: (42) 3220-3320<br>\n        <\/p>\n    <\/div>\n                    <\/div>\n                <div class=\"col-sm-3\">\n                    <div>\n                            <div data-type=\"group\" data-dynamic-mod=\"true\" class=\"footer-social-icons\">\n                      <a target=\"_blank\" class=\"social-icon\" href=\"https:\/\/www.instagram.com\/cee.uepg?igsh=MTQ3cmZsczBrZzhmZg==\" rel=\"noopener\">\n                  <i class=\"mdi mdi-instagram\"><\/i>\n              <\/a>\n                            <a target=\"_blank\" class=\"social-icon\" href=\"https:\/\/youtube.com\/@cee-uepg?si=SPZbAVuRDri2nofT\" rel=\"noopener\">\n                  <i class=\"mdi mdi-youtube-play\"><\/i>\n              <\/a>\n              \n    <\/div>\n\n                        <\/div>\n                    <p class=\"copyright\">&copy;&nbsp;&nbsp;2024&nbsp;Centro de Educa\u00e7\u00e3o empreendedora.&nbsp;Constru\u00eddo usando o WordPress <a rel=\"nofollow\">\n            <\/div>\n        <\/div>\n    <\/div>\n<\/div>\n    <div class=\"enabled\">\n      <div class=\"active\"><\/div>\n        <div>\n      <div class=\"vw-plugin-top-wrapper\"><\/div>\n    <\/div>\n  <\/div><\/div><\/div><\/div><\/div><\/div>","protected":false},"excerpt":{"rendered":"<p>Gostaria de participar de um projeto j\u00e1 existente ou propor uma atividade? Entre em contato via E-mail ou Redes Sociais. Centro de Educa\u00e7\u00e3o Empreendedora \u201cEducar para empreender \u00e9 educar para fazer acontecer\u201d<\/p>\n","protected":false},"author":204,"featured_media":0,"parent":0,"menu_order":0,"comment_status":"closed","ping_status":"closed","template":"page-templates\/page-with-right-sidebar.php","meta":[],"_links":{"self":[{"href":"https:\/\/www2.uepg.br\/cee\/wp-json\/wp\/v2\/pages\/121"}],"collection":[{"href":"https:\/\/www2.uepg.br\/cee\/wp-json\/wp\/v2\/pages"}],"about":[{"href":"https:\/\/www2.uepg.br\/cee\/wp-json\/wp\/v2\/types\/page"}],"author":[{"embeddable":true,"href":"https:\/\/www2.uepg.br\/cee\/wp-json\/wp\/v2\/users\/204"}],"replies":[{"embeddable":true,"href":"https:\/\/www2.uepg.br\/cee\/wp-json\/wp\/v2\/comments?post=121"}],"version-history":[{"count":24,"href":"https:\/\/www2.uepg.br\/cee\/wp-json\/wp\/v2\/pages\/121\/revisions"}],"predecessor-version":[{"id":1722,"href":"https:\/\/www2.uepg.br\/cee\/wp-json\/wp\/v2\/pages\/121\/revisions\/1722"}],"wp:attachment":[{"href":"https:\/\/www2.uepg.br\/cee\/wp-json\/wp\/v2\/media?parent=121"}],"curies":[{"name":"wp","href":"https:\/\/api.w.org\/{rel}","templated":true}]}}