{"id":123,"date":"2021-03-30T14:58:10","date_gmt":"2021-03-30T17:58:10","guid":{"rendered":"https:\/\/www2.uepg.br\/cee\/?page_id=123"},"modified":"2024-06-07T15:21:02","modified_gmt":"2024-06-07T18:21:02","slug":"real-challenge","status":"publish","type":"page","link":"https:\/\/www2.uepg.br\/cee\/real-challenge\/","title":{"rendered":"Letramento Digital"},"content":{"rendered":"<div id=\"pl-123\"  class=\"panel-layout\" ><div id=\"pg-123-0\"  class=\"panel-grid panel-no-style\" ><div id=\"pgc-123-0-0\"  class=\"panel-grid-cell\" ><div id=\"panel-123-0-0-0\" class=\"so-panel widget widget_text panel-first-child\" data-index=\"0\" ><h3 class=\"widget-title\">LETRAMENTO DIGITAL<\/h3>\t\t\t<div class=\"textwidget\"><p>&nbsp;<\/p>\n<p><strong>O que \u00e9 o Letramento Digital?<\/strong><\/p>\n<p>&nbsp;<\/p>\n<p><span style=\"font-weight: 400\">Criado e desenvolvido em parceria com o <\/span><span style=\"font-weight: 400\">Servi\u00e7o Brasileiro de Apoio \u00e0s Micro e Pequenas Empresas (SEBRAE) de Ponta Grossa. <\/span><span style=\"font-weight: 400\">O projeto de Letramento Digital \u00e9 um programa educacional destinado aos professores das redes p\u00fablicas de ensino <\/span><span style=\"font-weight: 400\">fundamental-1, de escolas da Regi\u00e3o dos Campos Gerais.<\/span><\/p>\n<p><span style=\"font-weight: 400\">Tendo previs\u00e3o de 2 anos, j\u00e1 ocorrido em duas edi\u00e7\u00f5es no ano de 2023 que teve como objetivo, fornecer aos docentes, conhecimentos b\u00e1sicos sobre tecnologia e softwares que poder\u00e3o auxiliar na educa\u00e7\u00e3o, proporcionando assim uma melhor qualidade de ensino e reintegra\u00e7\u00e3o no mercado de trabalho; e duas edi\u00e7\u00f5es na cidade de Carambe\u00ed com o Feir\u00e3o de Empregos, uma em 2023 e outra em 2024.<\/span><\/p>\n<p>&nbsp;<\/p>\n<div id=\"attachment_972\" style=\"width: 463px\" class=\"wp-caption aligncenter\"><a href=\"http:\/\/www2.uepg.br\/cee\/wp-content\/uploads\/sites\/180\/2023\/06\/WhatsApp-Image-2023-05-10-at-13.40.38-1-2.jpeg\"><img aria-describedby=\"caption-attachment-972\" loading=\"lazy\" class=\"wp-image-972\" src=\"http:\/\/www2.uepg.br\/cee\/wp-content\/uploads\/sites\/180\/2023\/06\/WhatsApp-Image-2023-05-10-at-13.40.38-1-2-300x135.jpeg\" alt=\"\" width=\"453\" height=\"204\" srcset=\"https:\/\/www2.uepg.br\/cee\/wp-content\/uploads\/sites\/180\/2023\/06\/WhatsApp-Image-2023-05-10-at-13.40.38-1-2-300x135.jpeg 300w, https:\/\/www2.uepg.br\/cee\/wp-content\/uploads\/sites\/180\/2023\/06\/WhatsApp-Image-2023-05-10-at-13.40.38-1-2-1024x461.jpeg 1024w, https:\/\/www2.uepg.br\/cee\/wp-content\/uploads\/sites\/180\/2023\/06\/WhatsApp-Image-2023-05-10-at-13.40.38-1-2-768x346.jpeg 768w, https:\/\/www2.uepg.br\/cee\/wp-content\/uploads\/sites\/180\/2023\/06\/WhatsApp-Image-2023-05-10-at-13.40.38-1-2-1536x692.jpeg 1536w, https:\/\/www2.uepg.br\/cee\/wp-content\/uploads\/sites\/180\/2023\/06\/WhatsApp-Image-2023-05-10-at-13.40.38-1-2-1232x555.jpeg 1232w, https:\/\/www2.uepg.br\/cee\/wp-content\/uploads\/sites\/180\/2023\/06\/WhatsApp-Image-2023-05-10-at-13.40.38-1-2.jpeg 1600w\" sizes=\"(max-width: 453px) 100vw, 453px\" \/><\/a><p id=\"caption-attachment-972\" class=\"wp-caption-text\">Reuni\u00e3o com Escola Municipal Zanoni Rogoski<\/p><\/div>\n<\/div>\n\t\t<\/div><div id=\"panel-123-0-0-1\" class=\"so-panel widget widget_sow-accordion\" data-index=\"1\" ><div\n\t\t\t\n\t\t\tclass=\"so-widget-sow-accordion so-widget-sow-accordion-default-c1467679865a-123\"\n\t\t\t\n\t\t><h3 class=\"widget-title\">EVENTOS REALIZADOS DO TEMA<\/h3><div>\n\t<div class=\"sow-accordion\">\n\t\t\t<div class=\"sow-accordion-panel\"\n\t\t\t data-anchor=\"escola-municipal-zanoni-rogoski\">\n\t\t\t\t<div class=\"sow-accordion-panel-header-container\" role=\"heading\" aria-level=\"2\">\n\t\t\t\t\t<div class=\"sow-accordion-panel-header\" tabindex=\"0\" role=\"button\" id=\"accordion-label-escola-municipal-zanoni-rogoski\" aria-controls=\"accordion-content-escola-municipal-zanoni-rogoski\" aria-expanded=\"false\">\n\t\t\t\t\t\t<div class=\"sow-accordion-title sow-accordion-title-icon-left\">\n\t\t\t\t\t\t\t\t\t\t\t\t\t\tEscola Municipal Zanoni Rogoski\t\t\t\t\t\t\t\t\t\t\t\t\t<\/div>\n\t\t\t\t\t\t<div class=\"sow-accordion-open-close-button\">\n\t\t\t\t\t\t\t<div class=\"sow-accordion-open-button\">\n\t\t\t\t\t\t\t\t<span class=\"sow-icon-ionicons\" data-sow-icon=\"&#xf218;\"\n\t\t \n\t\taria-hidden=\"true\"><\/span>\t\t\t\t\t\t\t<\/div>\n\t\t\t\t\t\t\t<div class=\"sow-accordion-close-button\">\n\t\t\t\t\t\t\t\t<span class=\"sow-icon-ionicons\" data-sow-icon=\"&#xf209;\"\n\t\t \n\t\taria-hidden=\"true\"><\/span>\t\t\t\t\t\t\t<\/div>\n\t\t\t\t\t\t<\/div>\n\t\t\t\t\t<\/div>\n\t\t\t\t<\/div>\n\n\t\t\t<div\n\t\t\t\tclass=\"sow-accordion-panel-content\"\n\t\t\t\trole=\"region\"\n\t\t\t\taria-labelledby=\"accordion-label-escola-municipal-zanoni-rogoski\"\n\t\t\t\tid=\"accordion-content-escola-municipal-zanoni-rogoski\"\n\t\t\t\tstyle=\"display: none;\"\t\t\t>\n\t\t\t\t<div class=\"sow-accordion-panel-border\" tabindex=\"0\">\n\t\t\t\t\t<p><span style=\"font-weight: 400\">O Letramento Digital, evento que teve destaque na participa\u00e7\u00e3o da Escola Municipal <\/span><span style=\"font-weight: 400\">Zanoni Rogoski tendo 17 professoras participantes participantes na<\/span> <b><i>primeira atividade<\/i><\/b><span style=\"font-weight: 400\">, seu conte\u00fado se baseou no conhecimento b\u00e1sico de hardware e projetores, uso de internet, aplicativos do GOOGLE e Microsoft.<\/span><\/p>\n<p>&nbsp;<\/p>\n<p><div id=\"attachment_1198\" style=\"width: 316px\" class=\"wp-caption aligncenter\"><a href=\"http:\/\/www2.uepg.br\/cee\/wp-content\/uploads\/sites\/180\/2024\/05\/WhatsApp-Image-2023-06-05-at-15.38.10-4.jpeg\"><img aria-describedby=\"caption-attachment-1198\" class=\"wp-image-1198\" src=\"http:\/\/www2.uepg.br\/cee\/wp-content\/uploads\/sites\/180\/2024\/05\/WhatsApp-Image-2023-06-05-at-15.38.10-4.jpeg\" alt=\"\" width=\"306\" height=\"407\" \/><\/a><p id=\"caption-attachment-1198\" class=\"wp-caption-text\">Realiza\u00e7\u00e3o do Letramento Digital para professoras da Escola Municipal Zanoni Rogoski (04\/2023)<\/p><\/div><\/p>\n<p><div id=\"attachment_1199\" style=\"width: 594px\" class=\"wp-caption aligncenter\"><a href=\"http:\/\/www2.uepg.br\/cee\/wp-content\/uploads\/sites\/180\/2024\/05\/WhatsApp-Image-2023-06-05-at-14.02.49.jpeg\"><img aria-describedby=\"caption-attachment-1199\" class=\"wp-image-1199\" src=\"http:\/\/www2.uepg.br\/cee\/wp-content\/uploads\/sites\/180\/2024\/05\/WhatsApp-Image-2023-06-05-at-14.02.49.jpeg\" alt=\"\" width=\"584\" height=\"263\" \/><\/a><p id=\"caption-attachment-1199\" class=\"wp-caption-text\">1\u00ba Turma do Letramento Digital (04\/2023)<\/p><\/div><\/p>\n<p>&nbsp;<\/p>\n\t\t\t\t<\/div>\n\t\t\t<\/div>\n\t\t<\/div>\n\t\t\t<div class=\"sow-accordion-panel\"\n\t\t\t data-anchor=\"escola-municipal-glacy-camargo-secco\">\n\t\t\t\t<div class=\"sow-accordion-panel-header-container\" role=\"heading\" aria-level=\"2\">\n\t\t\t\t\t<div class=\"sow-accordion-panel-header\" tabindex=\"0\" role=\"button\" id=\"accordion-label-escola-municipal-glacy-camargo-secco\" aria-controls=\"accordion-content-escola-municipal-glacy-camargo-secco\" aria-expanded=\"false\">\n\t\t\t\t\t\t<div class=\"sow-accordion-title sow-accordion-title-icon-left\">\n\t\t\t\t\t\t\t\t\t\t\t\t\t\tEscola Municipal Glacy Camargo Secco\t\t\t\t\t\t\t\t\t\t\t\t\t<\/div>\n\t\t\t\t\t\t<div class=\"sow-accordion-open-close-button\">\n\t\t\t\t\t\t\t<div class=\"sow-accordion-open-button\">\n\t\t\t\t\t\t\t\t<span class=\"sow-icon-ionicons\" data-sow-icon=\"&#xf218;\"\n\t\t \n\t\taria-hidden=\"true\"><\/span>\t\t\t\t\t\t\t<\/div>\n\t\t\t\t\t\t\t<div class=\"sow-accordion-close-button\">\n\t\t\t\t\t\t\t\t<span class=\"sow-icon-ionicons\" data-sow-icon=\"&#xf209;\"\n\t\t \n\t\taria-hidden=\"true\"><\/span>\t\t\t\t\t\t\t<\/div>\n\t\t\t\t\t\t<\/div>\n\t\t\t\t\t<\/div>\n\t\t\t\t<\/div>\n\n\t\t\t<div\n\t\t\t\tclass=\"sow-accordion-panel-content\"\n\t\t\t\trole=\"region\"\n\t\t\t\taria-labelledby=\"accordion-label-escola-municipal-glacy-camargo-secco\"\n\t\t\t\tid=\"accordion-content-escola-municipal-glacy-camargo-secco\"\n\t\t\t\tstyle=\"display: none;\"\t\t\t>\n\t\t\t\t<div class=\"sow-accordion-panel-border\" tabindex=\"0\">\n\t\t\t\t\t<p><span style=\"font-weight: 400\">O Letramento Digital, evento que teve destaque na participa\u00e7\u00e3o da <\/span><span style=\"font-weight: 400\">Escola Municipal Glacy Camargo Secco tendo 14 professoras participantes na<\/span> <b><i>primeira atividade<\/i><\/b><span style=\"font-weight: 400\">, seu conte\u00fado se baseou no conhecimento b\u00e1sico de hardware e projetores, uso de internet, aplicativos do GOOGLE e Microsoft.<\/span><\/p>\n<p>&nbsp;<\/p>\n<p><div id=\"attachment_1202\" style=\"width: 523px\" class=\"wp-caption aligncenter\"><a href=\"http:\/\/www2.uepg.br\/cee\/wp-content\/uploads\/sites\/180\/2024\/05\/WhatsApp-Image-2023-06-05-at-12.49.17.jpeg\"><img aria-describedby=\"caption-attachment-1202\" class=\"wp-image-1202\" src=\"http:\/\/www2.uepg.br\/cee\/wp-content\/uploads\/sites\/180\/2024\/05\/WhatsApp-Image-2023-06-05-at-12.49.17.jpeg\" alt=\"\" width=\"513\" height=\"231\" \/><\/a><p id=\"caption-attachment-1202\" class=\"wp-caption-text\">Realiza\u00e7\u00e3o do Letramento Digital com a Escola Municipal Glacy Camargo Secco (04\/2023)<\/p><\/div><\/p>\n<p>&nbsp;<\/p>\n<p><div id=\"attachment_1203\" style=\"width: 511px\" class=\"wp-caption aligncenter\"><a href=\"http:\/\/www2.uepg.br\/cee\/wp-content\/uploads\/sites\/180\/2024\/05\/WhatsApp-Image-2023-06-05-at-12.48.43.jpeg\"><img aria-describedby=\"caption-attachment-1203\" class=\"wp-image-1203\" src=\"http:\/\/www2.uepg.br\/cee\/wp-content\/uploads\/sites\/180\/2024\/05\/WhatsApp-Image-2023-06-05-at-12.48.43.jpeg\" alt=\"\" width=\"501\" height=\"226\" \/><\/a><p id=\"caption-attachment-1203\" class=\"wp-caption-text\">2\u00ba Turma do Letramento Digital (04\/2023)<\/p><\/div><\/p>\n\t\t\t\t<\/div>\n\t\t\t<\/div>\n\t\t<\/div>\n\t\t\t<div class=\"sow-accordion-panel\"\n\t\t\t data-anchor=\"escola-municipal-guaracy-paran%c3%a1-vieira\">\n\t\t\t\t<div class=\"sow-accordion-panel-header-container\" role=\"heading\" aria-level=\"2\">\n\t\t\t\t\t<div class=\"sow-accordion-panel-header\" tabindex=\"0\" role=\"button\" id=\"accordion-label-escola-municipal-guaracy-paran%c3%a1-vieira\" aria-controls=\"accordion-content-escola-municipal-guaracy-paran%c3%a1-vieira\" aria-expanded=\"false\">\n\t\t\t\t\t\t<div class=\"sow-accordion-title sow-accordion-title-icon-left\">\n\t\t\t\t\t\t\t\t\t\t\t\t\t\tEscola Municipal Guaracy Paran\u00e1 Vieira\t\t\t\t\t\t\t\t\t\t\t\t\t<\/div>\n\t\t\t\t\t\t<div class=\"sow-accordion-open-close-button\">\n\t\t\t\t\t\t\t<div class=\"sow-accordion-open-button\">\n\t\t\t\t\t\t\t\t<span class=\"sow-icon-ionicons\" data-sow-icon=\"&#xf218;\"\n\t\t \n\t\taria-hidden=\"true\"><\/span>\t\t\t\t\t\t\t<\/div>\n\t\t\t\t\t\t\t<div class=\"sow-accordion-close-button\">\n\t\t\t\t\t\t\t\t<span class=\"sow-icon-ionicons\" data-sow-icon=\"&#xf209;\"\n\t\t \n\t\taria-hidden=\"true\"><\/span>\t\t\t\t\t\t\t<\/div>\n\t\t\t\t\t\t<\/div>\n\t\t\t\t\t<\/div>\n\t\t\t\t<\/div>\n\n\t\t\t<div\n\t\t\t\tclass=\"sow-accordion-panel-content\"\n\t\t\t\trole=\"region\"\n\t\t\t\taria-labelledby=\"accordion-label-escola-municipal-guaracy-paran%c3%a1-vieira\"\n\t\t\t\tid=\"accordion-content-escola-municipal-guaracy-paran%c3%a1-vieira\"\n\t\t\t\tstyle=\"display: none;\"\t\t\t>\n\t\t\t\t<div class=\"sow-accordion-panel-border\" tabindex=\"0\">\n\t\t\t\t\t<p><span style=\"font-weight: 400\">A sua <\/span><b><i>segunda atividade<\/i><\/b><span style=\"font-weight: 400\">, realizada nos dias vinte e dois (22) de setembro e vite e sete (27) de outubro, com 15 professoras da Escola Municipal Guaracy Paran\u00e1 Vieira, sendo apresentado os conte\u00fados da edi\u00e7\u00e3o passada com alguns adicionados, como Tours online educacionais e a ferramenta Microsoft Clipchamp.<\/span><\/p>\n<p>&nbsp;<\/p>\n<p><div id=\"attachment_1208\" style=\"width: 593px\" class=\"wp-caption aligncenter\"><a href=\"http:\/\/www2.uepg.br\/cee\/wp-content\/uploads\/sites\/180\/2024\/05\/1698777078745.jpg\"><img aria-describedby=\"caption-attachment-1208\" class=\"wp-image-1208\" src=\"http:\/\/www2.uepg.br\/cee\/wp-content\/uploads\/sites\/180\/2024\/05\/1698777078745.jpg\" alt=\"\" width=\"583\" height=\"269\" \/><\/a><p id=\"caption-attachment-1208\" class=\"wp-caption-text\">Realiza\u00e7\u00e3o da 2\u00ba edi\u00e7\u00e3o do Letramento Digital para professoras da Escola Municipal Guaracy Paran\u00e1 Vieira (09\/2023 e 10\/2023)<\/p><\/div><\/p>\n<p>&nbsp;<\/p>\n<p><div id=\"attachment_1209\" style=\"width: 584px\" class=\"wp-caption aligncenter\"><a href=\"http:\/\/www2.uepg.br\/cee\/wp-content\/uploads\/sites\/180\/2024\/05\/1698777224802.jpg\"><img aria-describedby=\"caption-attachment-1209\" class=\"wp-image-1209\" src=\"http:\/\/www2.uepg.br\/cee\/wp-content\/uploads\/sites\/180\/2024\/05\/1698777224802.jpg\" alt=\"\" width=\"574\" height=\"431\" \/><\/a><p id=\"caption-attachment-1209\" class=\"wp-caption-text\">1\u00ba Turma da 2\u00ba edi\u00e7\u00e3o do Letramento Digital (09\/2023 e 10\/2023)<\/p><\/div><\/p>\n\t\t\t\t<\/div>\n\t\t\t<\/div>\n\t\t<\/div>\n\t\t\t<div class=\"sow-accordion-panel\"\n\t\t\t data-anchor=\"feir%c3%a3o-de-empregos-de-carambe%c3%ad-2023\">\n\t\t\t\t<div class=\"sow-accordion-panel-header-container\" role=\"heading\" aria-level=\"2\">\n\t\t\t\t\t<div class=\"sow-accordion-panel-header\" tabindex=\"0\" role=\"button\" id=\"accordion-label-feir%c3%a3o-de-empregos-de-carambe%c3%ad-2023\" aria-controls=\"accordion-content-feir%c3%a3o-de-empregos-de-carambe%c3%ad-2023\" aria-expanded=\"false\">\n\t\t\t\t\t\t<div class=\"sow-accordion-title sow-accordion-title-icon-left\">\n\t\t\t\t\t\t\t\t\t\t\t\t\t\tFeir\u00e3o de Empregos de Carambe\u00ed (2023)\t\t\t\t\t\t\t\t\t\t\t\t\t<\/div>\n\t\t\t\t\t\t<div class=\"sow-accordion-open-close-button\">\n\t\t\t\t\t\t\t<div class=\"sow-accordion-open-button\">\n\t\t\t\t\t\t\t\t<span class=\"sow-icon-ionicons\" data-sow-icon=\"&#xf218;\"\n\t\t \n\t\taria-hidden=\"true\"><\/span>\t\t\t\t\t\t\t<\/div>\n\t\t\t\t\t\t\t<div class=\"sow-accordion-close-button\">\n\t\t\t\t\t\t\t\t<span class=\"sow-icon-ionicons\" data-sow-icon=\"&#xf209;\"\n\t\t \n\t\taria-hidden=\"true\"><\/span>\t\t\t\t\t\t\t<\/div>\n\t\t\t\t\t\t<\/div>\n\t\t\t\t\t<\/div>\n\t\t\t\t<\/div>\n\n\t\t\t<div\n\t\t\t\tclass=\"sow-accordion-panel-content\"\n\t\t\t\trole=\"region\"\n\t\t\t\taria-labelledby=\"accordion-label-feir%c3%a3o-de-empregos-de-carambe%c3%ad-2023\"\n\t\t\t\tid=\"accordion-content-feir%c3%a3o-de-empregos-de-carambe%c3%ad-2023\"\n\t\t\t\tstyle=\"display: none;\"\t\t\t>\n\t\t\t\t<div class=\"sow-accordion-panel-border\" tabindex=\"0\">\n\t\t\t\t\t<p><span style=\"font-weight: 400\">Projeto realizado no dia tr\u00eas (03) de maio de 2023 em parceria do Centro de Educa\u00e7\u00e3o Empreendedora (CEE) com a C\u00e2mara de Vereadores de Carambe\u00ed. Teve o objetivo de auxiliar os estudantes concluintes do ensino m\u00e9dio de col\u00e9gios locais e adultos que tentavam entrar para o mercado de trabalho e auxili\u00e1-los na cria\u00e7\u00e3o ou atualiza\u00e7\u00e3o de curr\u00edculos digitais.\u00a0<\/span><\/p>\n<p>&nbsp;<\/p>\n<p><div id=\"attachment_1213\" style=\"width: 405px\" class=\"wp-caption aligncenter\"><a href=\"http:\/\/www2.uepg.br\/cee\/wp-content\/uploads\/sites\/180\/2024\/05\/WhatsApp-Image-2023-05-04-at-13.40.40.jpeg\"><img aria-describedby=\"caption-attachment-1213\" class=\"wp-image-1213\" src=\"http:\/\/www2.uepg.br\/cee\/wp-content\/uploads\/sites\/180\/2024\/05\/WhatsApp-Image-2023-05-04-at-13.40.40.jpeg\" alt=\"\" width=\"395\" height=\"527\" \/><\/a><p id=\"caption-attachment-1213\" class=\"wp-caption-text\">Apresenta\u00e7\u00e3o sobre curr\u00edculo e mercado de trabalho - C\u00e2mara Municipal de Carambe\u00ed (05\/2023)<\/p><\/div><\/p>\n<p>&nbsp;<\/p>\n<p><div id=\"attachment_1214\" style=\"width: 462px\" class=\"wp-caption aligncenter\"><a href=\"http:\/\/www2.uepg.br\/cee\/wp-content\/uploads\/sites\/180\/2024\/05\/WhatsApp-Image-2023-05-04-at-13.40.32.jpeg\"><img aria-describedby=\"caption-attachment-1214\" class=\"wp-image-1214\" src=\"http:\/\/www2.uepg.br\/cee\/wp-content\/uploads\/sites\/180\/2024\/05\/WhatsApp-Image-2023-05-04-at-13.40.32.jpeg\" alt=\"\" width=\"452\" height=\"339\" \/><\/a><p id=\"caption-attachment-1214\" class=\"wp-caption-text\">Equipe do CEE junto ao Vereador Deleon Betim (05\/2023)<\/p><\/div><\/p>\n\t\t\t\t<\/div>\n\t\t\t<\/div>\n\t\t<\/div>\n\t\t\t<div class=\"sow-accordion-panel\"\n\t\t\t data-anchor=\"feir%c3%a3o-de-empregos-de-carambe%c3%ad-2024\">\n\t\t\t\t<div class=\"sow-accordion-panel-header-container\" role=\"heading\" aria-level=\"2\">\n\t\t\t\t\t<div class=\"sow-accordion-panel-header\" tabindex=\"0\" role=\"button\" id=\"accordion-label-feir%c3%a3o-de-empregos-de-carambe%c3%ad-2024\" aria-controls=\"accordion-content-feir%c3%a3o-de-empregos-de-carambe%c3%ad-2024\" aria-expanded=\"false\">\n\t\t\t\t\t\t<div class=\"sow-accordion-title sow-accordion-title-icon-left\">\n\t\t\t\t\t\t\t\t\t\t\t\t\t\tFeir\u00e3o de Empregos de Carambe\u00ed (2024)\t\t\t\t\t\t\t\t\t\t\t\t\t<\/div>\n\t\t\t\t\t\t<div class=\"sow-accordion-open-close-button\">\n\t\t\t\t\t\t\t<div class=\"sow-accordion-open-button\">\n\t\t\t\t\t\t\t\t<span class=\"sow-icon-ionicons\" data-sow-icon=\"&#xf218;\"\n\t\t \n\t\taria-hidden=\"true\"><\/span>\t\t\t\t\t\t\t<\/div>\n\t\t\t\t\t\t\t<div class=\"sow-accordion-close-button\">\n\t\t\t\t\t\t\t\t<span class=\"sow-icon-ionicons\" data-sow-icon=\"&#xf209;\"\n\t\t \n\t\taria-hidden=\"true\"><\/span>\t\t\t\t\t\t\t<\/div>\n\t\t\t\t\t\t<\/div>\n\t\t\t\t\t<\/div>\n\t\t\t\t<\/div>\n\n\t\t\t<div\n\t\t\t\tclass=\"sow-accordion-panel-content\"\n\t\t\t\trole=\"region\"\n\t\t\t\taria-labelledby=\"accordion-label-feir%c3%a3o-de-empregos-de-carambe%c3%ad-2024\"\n\t\t\t\tid=\"accordion-content-feir%c3%a3o-de-empregos-de-carambe%c3%ad-2024\"\n\t\t\t\tstyle=\"display: none;\"\t\t\t>\n\t\t\t\t<div class=\"sow-accordion-panel-border\" tabindex=\"0\">\n\t\t\t\t\t<p><span style=\"font-weight: 400\">A segunda edi\u00e7\u00e3o do Projeto foi realizado no dia onze (11) de maio de 2024 em parceria do Centro de Educa\u00e7\u00e3o Empreendedora (CEE) com a Prefeitura Municipal de Carambe\u00ed. Voltando com o objetivo de auxiliar mais estudantes concluintes do ensino m\u00e9dio de col\u00e9gios locais e adultos que tentavam entrar para o mercado de trabalho e auxili\u00e1-los na cria\u00e7\u00e3o ou atualiza\u00e7\u00e3o de curr\u00edculos digitais.<\/span><\/p>\n<p><div id=\"attachment_1217\" style=\"width: 431px\" class=\"wp-caption aligncenter\"><a href=\"http:\/\/www2.uepg.br\/cee\/wp-content\/uploads\/sites\/180\/2024\/05\/WhatsApp-Image-2024-05-15-at-20.00.34-1.jpeg\"><img aria-describedby=\"caption-attachment-1217\" class=\"wp-image-1217\" src=\"http:\/\/www2.uepg.br\/cee\/wp-content\/uploads\/sites\/180\/2024\/05\/WhatsApp-Image-2024-05-15-at-20.00.34-1.jpeg\" alt=\"\" width=\"421\" height=\"562\" \/><\/a><p id=\"caption-attachment-1217\" class=\"wp-caption-text\">Equipe CEE e equipe Consult\u00f3rio Financeiro junto ao Vereador Deleon Betim (05\/2024)<\/p><\/div><\/p>\n\t\t\t\t<\/div>\n\t\t\t<\/div>\n\t\t<\/div>\n\t\t\t<div class=\"sow-accordion-panel\"\n\t\t\t data-anchor=\"aproaut-social-2024\">\n\t\t\t\t<div class=\"sow-accordion-panel-header-container\" role=\"heading\" aria-level=\"2\">\n\t\t\t\t\t<div class=\"sow-accordion-panel-header\" tabindex=\"0\" role=\"button\" id=\"accordion-label-aproaut-social-2024\" aria-controls=\"accordion-content-aproaut-social-2024\" aria-expanded=\"false\">\n\t\t\t\t\t\t<div class=\"sow-accordion-title sow-accordion-title-icon-left\">\n\t\t\t\t\t\t\t\t\t\t\t\t\t\tAPROAUT - Social (2024)\t\t\t\t\t\t\t\t\t\t\t\t\t<\/div>\n\t\t\t\t\t\t<div class=\"sow-accordion-open-close-button\">\n\t\t\t\t\t\t\t<div class=\"sow-accordion-open-button\">\n\t\t\t\t\t\t\t\t<span class=\"sow-icon-ionicons\" data-sow-icon=\"&#xf218;\"\n\t\t \n\t\taria-hidden=\"true\"><\/span>\t\t\t\t\t\t\t<\/div>\n\t\t\t\t\t\t\t<div class=\"sow-accordion-close-button\">\n\t\t\t\t\t\t\t\t<span class=\"sow-icon-ionicons\" data-sow-icon=\"&#xf209;\"\n\t\t \n\t\taria-hidden=\"true\"><\/span>\t\t\t\t\t\t\t<\/div>\n\t\t\t\t\t\t<\/div>\n\t\t\t\t\t<\/div>\n\t\t\t\t<\/div>\n\n\t\t\t<div\n\t\t\t\tclass=\"sow-accordion-panel-content\"\n\t\t\t\trole=\"region\"\n\t\t\t\taria-labelledby=\"accordion-label-aproaut-social-2024\"\n\t\t\t\tid=\"accordion-content-aproaut-social-2024\"\n\t\t\t\tstyle=\"display: none;\"\t\t\t>\n\t\t\t\t<div class=\"sow-accordion-panel-border\" tabindex=\"0\">\n\t\t\t\t\t<p>A palestra teve como objetivo levar a educa\u00e7\u00e3o sobre higiene bucal para os pais de pessoas com transtorno do espectro autista. As alunas demostraram a forma de fazer uma escova\u00e7\u00e3o correta utilizando seus materiais e falaram de formas de escova\u00e7\u00e3o que proporcione menos est\u00edmulos e mais independ\u00eancia, tamb\u00e9m, formas de deixar o momento mais confort\u00e1vel e de mostrar a import\u00e2ncia da higiene bucal. Al\u00e9m de tirarem d\u00favidas e explicarem sobre sinais de poss\u00edveis doen\u00e7as e les\u00f5es nas mucosas e dentes, deixando os pais alertas a quaisquer sinais. Durante a roda de conversa os pais fizeram perguntas tanto sobre o caso de seus filhos quanto d\u00favidas gerais, como os tipos de pasta de dente, enxaguantes bucais, gengivites e c\u00e1ries. Assim, a a\u00e7\u00e3o mostrou que h\u00e1bitos de higiene bucal devem ser diariamente treinadas, de forma que se adquira autonomia de forma agrad\u00e1vel.<\/p>\n<p>&nbsp;<\/p>\n<p><div id=\"attachment_1364\" style=\"width: 642px\" class=\"wp-caption aligncenter\"><a href=\"http:\/\/www2.uepg.br\/cee\/wp-content\/uploads\/sites\/180\/2024\/06\/1715886899955.jpg\"><img aria-describedby=\"caption-attachment-1364\" class=\"wp-image-1364\" src=\"http:\/\/www2.uepg.br\/cee\/wp-content\/uploads\/sites\/180\/2024\/06\/1715886899955.jpg\" alt=\"\" width=\"632\" height=\"474\" \/><\/a><p id=\"caption-attachment-1364\" class=\"wp-caption-text\">Realiza\u00e7\u00e3o do evento da APROAUT.<\/p><\/div><\/p>\n<p>&nbsp;<\/p>\n<p><div id=\"attachment_1363\" style=\"width: 491px\" class=\"wp-caption aligncenter\"><a href=\"http:\/\/www2.uepg.br\/cee\/wp-content\/uploads\/sites\/180\/2024\/06\/1715886899848.jpg\"><img aria-describedby=\"caption-attachment-1363\" class=\"wp-image-1363\" src=\"http:\/\/www2.uepg.br\/cee\/wp-content\/uploads\/sites\/180\/2024\/06\/1715886899848.jpg\" alt=\"\" width=\"481\" height=\"641\" \/><\/a><p id=\"caption-attachment-1363\" class=\"wp-caption-text\">Realiza\u00e7\u00e3o do evento da APROAUT.<\/p><\/div><\/p>\n<p>&nbsp;<\/p>\n<p><div id=\"attachment_1365\" style=\"width: 575px\" class=\"wp-caption aligncenter\"><a href=\"http:\/\/www2.uepg.br\/cee\/wp-content\/uploads\/sites\/180\/2024\/06\/1715885017858.jpg\"><img aria-describedby=\"caption-attachment-1365\" class=\"wp-image-1365\" src=\"http:\/\/www2.uepg.br\/cee\/wp-content\/uploads\/sites\/180\/2024\/06\/1715885017858.jpg\" alt=\"\" width=\"565\" height=\"261\" \/><\/a><p id=\"caption-attachment-1365\" class=\"wp-caption-text\">Realiza\u00e7\u00e3o do evento da APROAUT.<\/p><\/div><\/p>\n\t\t\t\t<\/div>\n\t\t\t<\/div>\n\t\t<\/div>\n\t\t<\/div>\n<\/div>\n<\/div><\/div><div id=\"panel-123-0-0-2\" class=\"so-panel widget widget_text\" data-index=\"2\" >\t\t\t<div class=\"textwidget\"><p>&nbsp;<\/p>\n<p><img class=\"alignleft\" src=\"http:\/\/www2.uepg.br\/cee\/wp-content\/uploads\/sites\/180\/2022\/04\/Identificacao_Marca_CEE_page-0003-300x212.jpg\" \/><\/p>\n<p>&nbsp;<\/p>\n<p>&nbsp;<\/p>\n<p>Centro de Educa\u00e7\u00e3o Empreendedora<\/p>\n<hr \/>\n<p><em>\u201cEducar para empreender \u00e9 educar para fazer acontecer\u201d<\/em><\/p>\n<\/div>\n\t\t<\/div><div id=\"panel-123-0-0-3\" class=\"widget_text so-panel widget widget_custom_html panel-last-child\" data-index=\"3\" ><div class=\"textwidget custom-html-widget\"><\/div>\n<\/div>\n<div class='footer footer-contact-boxes'>\n    <div class='footer-content'>\n        <div class=\"gridContainer\">\n            <div class=\"row text-center\">\n                <div class=\"col-sm-3\">\n                        <div data-type=\"group\" data-dynamic-mod=\"true\">\n        <i class=\"big-icon mdi mdi-pin\"><\/i>\n        <p>\n            R. Dr. Penteado de Almeida, 228 <br>Ponta Grossa \u2013 PR <br>CEP 84010-240 - Central UEPG <br>\n        <\/p>\n    <\/div>\n                    <\/div>\n                <div class=\"col-sm-3\">\n                        <div data-type=\"group\" data-dynamic-mod=\"true\">\n        <i class=\"big-icon mdi mdi-email\"><\/i>\n        <p>\n            CEE: centroeducacaoempreendedora@gmail.com<br>\n    <\/div>\n                    <\/div>\n                <div class=\"col-sm-3\">\n                        <div data-type=\"group\" data-dynamic-mod=\"true\">\n        <i class=\"big-icon mdi mdi-cellphone-android\"><\/i>\n        <p>\n            Cel\/wpp: (42) 3220-3320<br>\n        <\/p>\n    <\/div>\n                    <\/div>\n                <div class=\"col-sm-3\">\n                    <div>\n                            <div data-type=\"group\" data-dynamic-mod=\"true\" class=\"footer-social-icons\">\n                      <a target=\"_blank\" class=\"social-icon\" href=\"https:\/\/www.instagram.com\/cee.uepg?igsh=MTQ3cmZsczBrZzhmZg==\" rel=\"noopener\">\n                  <i class=\"mdi mdi-instagram\"><\/i>\n              <\/a>\n                            <a target=\"_blank\" class=\"social-icon\" href=\"https:\/\/youtube.com\/@cee-uepg?si=SPZbAVuRDri2nofT\" rel=\"noopener\">\n                  <i class=\"mdi mdi-youtube-play\"><\/i>\n              <\/a>\n              \n    <\/div>\n\n                        <\/div>\n                    <p class=\"copyright\">&copy;&nbsp;&nbsp;2024&nbsp;Centro de Educa\u00e7\u00e3o empreendedora.&nbsp;Constru\u00eddo usando o WordPress <a rel=\"nofollow\">\n            <\/div>\n        <\/div>\n    <\/div>\n<\/div>\n    <div class=\"enabled\">\n      <div class=\"active\"><\/div>\n        <div>\n      <div class=\"vw-plugin-top-wrapper\"><\/div>\n    <\/div>\n  <\/div><\/div><\/div><\/div><\/div><\/div>","protected":false},"excerpt":{"rendered":"<p>&nbsp; O que \u00e9 o Letramento Digital? &nbsp; Criado e desenvolvido em parceria com o Servi\u00e7o Brasileiro de Apoio \u00e0s Micro e Pequenas Empresas (SEBRAE) de Ponta Grossa. O projeto de Letramento Digital \u00e9 um programa educacional destinado aos professores das redes p\u00fablicas de ensino fundamental-1, de escolas da Regi\u00e3o dos Campos Gerais. Tendo previs\u00e3o&nbsp;&hellip;<\/p>\n","protected":false},"author":204,"featured_media":0,"parent":0,"menu_order":0,"comment_status":"closed","ping_status":"closed","template":"","meta":[],"_links":{"self":[{"href":"https:\/\/www2.uepg.br\/cee\/wp-json\/wp\/v2\/pages\/123"}],"collection":[{"href":"https:\/\/www2.uepg.br\/cee\/wp-json\/wp\/v2\/pages"}],"about":[{"href":"https:\/\/www2.uepg.br\/cee\/wp-json\/wp\/v2\/types\/page"}],"author":[{"embeddable":true,"href":"https:\/\/www2.uepg.br\/cee\/wp-json\/wp\/v2\/users\/204"}],"replies":[{"embeddable":true,"href":"https:\/\/www2.uepg.br\/cee\/wp-json\/wp\/v2\/comments?post=123"}],"version-history":[{"count":42,"href":"https:\/\/www2.uepg.br\/cee\/wp-json\/wp\/v2\/pages\/123\/revisions"}],"predecessor-version":[{"id":1368,"href":"https:\/\/www2.uepg.br\/cee\/wp-json\/wp\/v2\/pages\/123\/revisions\/1368"}],"wp:attachment":[{"href":"https:\/\/www2.uepg.br\/cee\/wp-json\/wp\/v2\/media?parent=123"}],"curies":[{"name":"wp","href":"https:\/\/api.w.org\/{rel}","templated":true}]}}