{"id":129,"date":"2021-03-30T14:59:34","date_gmt":"2021-03-30T17:59:34","guid":{"rendered":"https:\/\/www2.uepg.br\/cee\/?page_id=129"},"modified":"2024-06-14T15:58:18","modified_gmt":"2024-06-14T18:58:18","slug":"startup-garage","status":"publish","type":"page","link":"https:\/\/www2.uepg.br\/cee\/startup-garage\/","title":{"rendered":"Consult\u00f3rio Financeiro"},"content":{"rendered":"<div id=\"pl-129\"  class=\"panel-layout\" ><div id=\"pg-129-0\"  class=\"panel-grid panel-no-style\" ><div id=\"pgc-129-0-0\"  class=\"panel-grid-cell\" ><div id=\"panel-129-0-0-0\" class=\"so-panel widget widget_sow-editor panel-first-child\" data-index=\"0\" ><div\n\t\t\t\n\t\t\tclass=\"so-widget-sow-editor so-widget-sow-editor-base\"\n\t\t\t\n\t\t>\n<div class=\"siteorigin-widget-tinymce textwidget\">\n\t<p><span style=\"font-weight: 400\">\u00a0 \u00a0Esse programa busca levar no\u00e7\u00f5es de gest\u00e3o de finan\u00e7as para toda a comunidade externa \u00e0 universidade, atrav\u00e9s de uma breve mentoria realizada por um professor qualificado do departamento de ci\u00eancias econ\u00f4micas da academia.<\/span><\/p>\n<p><strong>Import\u00e2ncia:<\/strong><\/p>\n<p>\u00c9 necess\u00e1rio reconhecer que estamos em uma sociedade em que o capital \u00e9 crucial para a realiza\u00e7\u00e3o de nossos anseios, sonhos e metas. E por isso mesmo ter sa\u00fade financeira \u00e9 t\u00e3o importante.<\/p>\n<p>N\u00e3o raro, muitas pessoas n\u00e3o t\u00eam a menor ideia de sua situa\u00e7\u00e3o financeira e muito menos de como se organizar. A falta de sa\u00fade financeira acarreta em problemas como estrese financeiro, endividamento excessivo, desconforto f\u00edsico e emocional, problemas interpessoais (de relacionamento), baixa autoestima, falta de foco e produtividade no trabalho, entre outros.<\/p>\n<p><b>Organiza\u00e7\u00e3o e Execu\u00e7\u00e3o da Atividade<\/b><\/p>\n<p><span style=\"font-weight: 400\">\u00a0 \u00a0O projeto tem sua execu\u00e7\u00e3o na sede do Centro de Educa\u00e7\u00e3o Empreendedora e a equipe do CEE atua em uma vis\u00e3o de secretariado do programa. Ele \u00e9 cont\u00ednuo, ou seja, teve seu in\u00edcio no m\u00eas de Abril de 2023. Atualmente j\u00e1 tendo abrangido um total de 24 pessoas sendo 20 em uma palestra na ACIPG e 4 atendida diretamente pelos professores.<\/span><\/p>\n<div id=\"attachment_1201\" style=\"width: 522px\" class=\"wp-caption aligncenter\"><a href=\"http:\/\/www2.uepg.br\/cee\/wp-content\/uploads\/sites\/180\/2024\/05\/Captura-de-tela-2024-05-20-142256.png\"><img aria-describedby=\"caption-attachment-1201\" loading=\"lazy\" class=\"wp-image-1201\" src=\"http:\/\/www2.uepg.br\/cee\/wp-content\/uploads\/sites\/180\/2024\/05\/Captura-de-tela-2024-05-20-142256.png\" alt=\"\" width=\"512\" height=\"249\" \/><\/a><p id=\"caption-attachment-1201\" class=\"wp-caption-text\">Apresenta\u00e7\u00e3o do projeto na ACIPG<\/p><\/div>\n<p><strong>Marcar consulta:<\/strong><\/p>\n<p>Voc\u00ea pode marcar uma consulta atrav\u00e9s do link: <a href=\"https:\/\/forms.gle\/S4eAUfP6CewrbxwUA\">https:\/\/forms.gle\/S4eAUfP6CewrbxwUA<\/a><\/p>\n<p><a href=\"http:\/\/www2.uepg.br\/cee\/wp-content\/uploads\/sites\/180\/2022\/04\/Identificacao_Marca_CEE_page-0003.jpg\"><img loading=\"lazy\" class=\"size-medium wp-image-225 alignleft\" src=\"http:\/\/www2.uepg.br\/cee\/wp-content\/uploads\/sites\/180\/2022\/04\/Identificacao_Marca_CEE_page-0003-300x212.jpg\" alt=\"\" width=\"300\" height=\"212\" srcset=\"https:\/\/www2.uepg.br\/cee\/wp-content\/uploads\/sites\/180\/2022\/04\/Identificacao_Marca_CEE_page-0003-300x212.jpg 300w, https:\/\/www2.uepg.br\/cee\/wp-content\/uploads\/sites\/180\/2022\/04\/Identificacao_Marca_CEE_page-0003-1024x725.jpg 1024w, https:\/\/www2.uepg.br\/cee\/wp-content\/uploads\/sites\/180\/2022\/04\/Identificacao_Marca_CEE_page-0003-768x543.jpg 768w, https:\/\/www2.uepg.br\/cee\/wp-content\/uploads\/sites\/180\/2022\/04\/Identificacao_Marca_CEE_page-0003-1536x1087.jpg 1536w, https:\/\/www2.uepg.br\/cee\/wp-content\/uploads\/sites\/180\/2022\/04\/Identificacao_Marca_CEE_page-0003-1232x872.jpg 1232w, https:\/\/www2.uepg.br\/cee\/wp-content\/uploads\/sites\/180\/2022\/04\/Identificacao_Marca_CEE_page-0003-1526x1080.jpg 1526w, https:\/\/www2.uepg.br\/cee\/wp-content\/uploads\/sites\/180\/2022\/04\/Identificacao_Marca_CEE_page-0003.jpg 1754w\" sizes=\"(max-width: 300px) 100vw, 300px\" \/><\/a><\/p>\n<h5><\/h5>\n<p>Centro de Educa\u00e7\u00e3o Empreendedora<\/p>\n<hr \/>\n<p><em>\u201cEducar para empreender \u00e9 educar para fazer acontecer\u201d<\/em><\/p>\n<\/div>\n<\/div><\/div><div id=\"panel-129-0-0-1\" class=\"widget_text so-panel widget widget_custom_html panel-last-child\" data-index=\"1\" ><div class=\"textwidget custom-html-widget\"><\/div>\n<\/div>\n<div class='footer footer-contact-boxes'>\n    <div class='footer-content'>\n        <div class=\"gridContainer\">\n            <div class=\"row text-center\">\n                <div class=\"col-sm-3\">\n                        <div data-type=\"group\" data-dynamic-mod=\"true\">\n        <i class=\"big-icon mdi mdi-pin\"><\/i>\n        <p>\n            R. Dr. Penteado de Almeida, 228 <br>Ponta Grossa \u2013 PR <br>CEP 84010-240 - Central UEPG <br>\n        <\/p>\n    <\/div>\n                    <\/div>\n                <div class=\"col-sm-3\">\n                        <div data-type=\"group\" data-dynamic-mod=\"true\">\n        <i class=\"big-icon mdi mdi-email\"><\/i>\n        <p>\n            CEE: centroeducacaoempreendedora@gmail.com<br>\n    <\/div>\n                    <\/div>\n                <div class=\"col-sm-3\">\n                        <div data-type=\"group\" data-dynamic-mod=\"true\">\n        <i class=\"big-icon mdi mdi-cellphone-android\"><\/i>\n        <p>\n            Cel\/wpp: (42) 3220-3320<br>\n        <\/p>\n    <\/div>\n                    <\/div>\n                <div class=\"col-sm-3\">\n                    <div>\n                            <div data-type=\"group\" data-dynamic-mod=\"true\" class=\"footer-social-icons\">\n                      <a target=\"_blank\" class=\"social-icon\" href=\"https:\/\/www.instagram.com\/cee.uepg?igsh=MTQ3cmZsczBrZzhmZg==\" rel=\"noopener\">\n                  <i class=\"mdi mdi-instagram\"><\/i>\n              <\/a>\n                            <a target=\"_blank\" class=\"social-icon\" href=\"https:\/\/youtube.com\/@cee-uepg?si=SPZbAVuRDri2nofT\" rel=\"noopener\">\n                  <i class=\"mdi mdi-youtube-play\"><\/i>\n              <\/a>\n              \n    <\/div>\n\n                        <\/div>\n                    <p class=\"copyright\">&copy;&nbsp;&nbsp;2024&nbsp;Centro de Educa\u00e7\u00e3o empreendedora.&nbsp;Constru\u00eddo usando o WordPress <a rel=\"nofollow\">\n            <\/div>\n        <\/div>\n    <\/div>\n<\/div>\n    <div class=\"enabled\">\n      <div class=\"active\"><\/div>\n        <div>\n      <div class=\"vw-plugin-top-wrapper\"><\/div>\n    <\/div>\n  <\/div><\/div><\/div><\/div><\/div><\/div>","protected":false},"excerpt":{"rendered":"<p>\u00a0 \u00a0Esse programa busca levar no\u00e7\u00f5es de gest\u00e3o de finan\u00e7as para toda a comunidade externa \u00e0 universidade, atrav\u00e9s de uma breve mentoria realizada por um professor qualificado do departamento de ci\u00eancias econ\u00f4micas da academia. Import\u00e2ncia: \u00c9 necess\u00e1rio reconhecer que estamos em uma sociedade em que o capital \u00e9 crucial para a realiza\u00e7\u00e3o de nossos anseios,&nbsp;&hellip;<\/p>\n","protected":false},"author":204,"featured_media":0,"parent":0,"menu_order":0,"comment_status":"closed","ping_status":"closed","template":"","meta":[],"_links":{"self":[{"href":"https:\/\/www2.uepg.br\/cee\/wp-json\/wp\/v2\/pages\/129"}],"collection":[{"href":"https:\/\/www2.uepg.br\/cee\/wp-json\/wp\/v2\/pages"}],"about":[{"href":"https:\/\/www2.uepg.br\/cee\/wp-json\/wp\/v2\/types\/page"}],"author":[{"embeddable":true,"href":"https:\/\/www2.uepg.br\/cee\/wp-json\/wp\/v2\/users\/204"}],"replies":[{"embeddable":true,"href":"https:\/\/www2.uepg.br\/cee\/wp-json\/wp\/v2\/comments?post=129"}],"version-history":[{"count":24,"href":"https:\/\/www2.uepg.br\/cee\/wp-json\/wp\/v2\/pages\/129\/revisions"}],"predecessor-version":[{"id":1338,"href":"https:\/\/www2.uepg.br\/cee\/wp-json\/wp\/v2\/pages\/129\/revisions\/1338"}],"wp:attachment":[{"href":"https:\/\/www2.uepg.br\/cee\/wp-json\/wp\/v2\/media?parent=129"}],"curies":[{"name":"wp","href":"https:\/\/api.w.org\/{rel}","templated":true}]}}