{"id":131,"date":"2021-03-30T15:00:07","date_gmt":"2021-03-30T18:00:07","guid":{"rendered":"https:\/\/www2.uepg.br\/cee\/?page_id=131"},"modified":"2024-05-27T16:34:04","modified_gmt":"2024-05-27T19:34:04","slug":"camara-do-desenvolvimento-dos-bairros","status":"publish","type":"page","link":"https:\/\/www2.uepg.br\/cee\/camara-do-desenvolvimento-dos-bairros\/","title":{"rendered":"Empreendedorismo Social"},"content":{"rendered":"<div id=\"pl-131\"  class=\"panel-layout\" ><div id=\"pg-131-0\"  class=\"panel-grid panel-no-style\" ><div id=\"pgc-131-0-0\"  class=\"panel-grid-cell\" ><div id=\"panel-131-0-0-0\" class=\"so-panel widget widget_sow-editor panel-first-child\" data-index=\"0\" ><div\n\t\t\t\n\t\t\tclass=\"so-widget-sow-editor so-widget-sow-editor-base\"\n\t\t\t\n\t\t>\n<div class=\"siteorigin-widget-tinymce textwidget\">\n\t<p><a href=\"http:\/\/www2.uepg.br\/cee\/wp-content\/uploads\/sites\/180\/2023\/03\/Design-sem-nome-7.png\"><img loading=\"lazy\" class=\"aligncenter wp-image-865\" src=\"http:\/\/www2.uepg.br\/cee\/wp-content\/uploads\/sites\/180\/2023\/03\/Design-sem-nome-7-300x300.png\" alt=\"\" width=\"200\" height=\"200\" srcset=\"https:\/\/www2.uepg.br\/cee\/wp-content\/uploads\/sites\/180\/2023\/03\/Design-sem-nome-7-300x300.png 300w, https:\/\/www2.uepg.br\/cee\/wp-content\/uploads\/sites\/180\/2023\/03\/Design-sem-nome-7-150x150.png 150w, https:\/\/www2.uepg.br\/cee\/wp-content\/uploads\/sites\/180\/2023\/03\/Design-sem-nome-7.png 500w\" sizes=\"(max-width: 200px) 100vw, 200px\" \/><\/a><\/p>\n<p style=\"text-align: center\"><strong><em>EMPREENDEDORISMO SOCIAL<\/em><\/strong><\/p>\n<p style=\"text-align: center\"><em>A origem dessa palavra \"Empreender\", est\u00e1 associada ao franc\u00eas \"entrepeneur\" (Fazer algo novo), muitos acreditam que o seu significado est\u00e1 somente atrelado a produ\u00e7\u00e3o de produtos e cria\u00e7\u00e3o de rentabilidade em franquias , por\u00e9m empreender na sociedade \u00e9 uma das pautas mais abordadas nos dias atuais, pois por toda hist\u00f3ria da hist\u00f3ria administrativa das empresas, cuidar e valorizar as pessoas mostrou e mostra que pode mudar muito mais do que se imagina.<\/em><\/p>\n<p>Como dito antes, o Centro de Educa\u00e7\u00e3o Empreendedora (CEE) quer mostrar aos alunos, que a<strong> sociedade tamb\u00e9m \u00e9 um lugar que podemos empreender e crescer com isso.<\/strong> Prezando os princ\u00edpios da Sustentabilidade e o Valor da Sociedade, acontece a gera\u00e7\u00e3o de impactos expressivos, seja um n\u00edvel local ou global.<\/p>\n<p>&nbsp;<\/p>\n<p>A CEE deseja com a cria\u00e7\u00e3o com o <em><strong>\"Empreendedorismo fora das empresas\"<\/strong><\/em> mostrar aos alunos como investir na sociedade \u00e9 o que mais da retorno em nossas vidas.<\/p>\n<p>&nbsp;<\/p>\n<p style=\"text-align: center\">EVENTOS QUE J\u00c1 OCORRERAM<\/p>\n<p style=\"text-align: center\"><a href=\"https:\/\/www2.uepg.br\/cee\/contato\/home\/noticias\/natal-cee-uepg-2022\/\">Natal UEPG <strong>2022<\/strong><\/a><\/p>\n<p>&nbsp;<\/p>\n<p>&nbsp;<\/p>\n<p style=\"text-align: center\">SAIBA MAIS SOBRE OS EVENTOS QUE IR\u00c3O ACONTECER<\/p>\n<p>&nbsp;<\/p>\n<h5><\/h5>\n<p>&nbsp;<\/p>\n<p><a href=\"http:\/\/www2.uepg.br\/cee\/wp-content\/uploads\/sites\/180\/2022\/04\/Identificacao_Marca_CEE_page-0003.jpg\"><img loading=\"lazy\" class=\"size-medium wp-image-225 alignleft\" src=\"http:\/\/www2.uepg.br\/cee\/wp-content\/uploads\/sites\/180\/2022\/04\/Identificacao_Marca_CEE_page-0003-300x212.jpg\" alt=\"\" width=\"300\" height=\"212\" srcset=\"https:\/\/www2.uepg.br\/cee\/wp-content\/uploads\/sites\/180\/2022\/04\/Identificacao_Marca_CEE_page-0003-300x212.jpg 300w, https:\/\/www2.uepg.br\/cee\/wp-content\/uploads\/sites\/180\/2022\/04\/Identificacao_Marca_CEE_page-0003-1024x725.jpg 1024w, https:\/\/www2.uepg.br\/cee\/wp-content\/uploads\/sites\/180\/2022\/04\/Identificacao_Marca_CEE_page-0003-768x543.jpg 768w, https:\/\/www2.uepg.br\/cee\/wp-content\/uploads\/sites\/180\/2022\/04\/Identificacao_Marca_CEE_page-0003-1536x1087.jpg 1536w, https:\/\/www2.uepg.br\/cee\/wp-content\/uploads\/sites\/180\/2022\/04\/Identificacao_Marca_CEE_page-0003-1232x872.jpg 1232w, https:\/\/www2.uepg.br\/cee\/wp-content\/uploads\/sites\/180\/2022\/04\/Identificacao_Marca_CEE_page-0003-1526x1080.jpg 1526w, https:\/\/www2.uepg.br\/cee\/wp-content\/uploads\/sites\/180\/2022\/04\/Identificacao_Marca_CEE_page-0003.jpg 1754w\" sizes=\"(max-width: 300px) 100vw, 300px\" \/><\/a><\/p>\n<h5><\/h5>\n<p>&nbsp;<\/p>\n<p>&nbsp;<\/p>\n<p>Centro de Educa\u00e7\u00e3o Empreendedora<\/p>\n<hr \/>\n<p><em>\u201cEducar para empreender \u00e9 educar para fazer acontecer\u201d<\/em><\/p>\n<p>&nbsp;<\/p>\n<\/div>\n<\/div><\/div><div id=\"panel-131-0-0-1\" class=\"widget_text so-panel widget widget_custom_html panel-last-child\" data-index=\"1\" ><div class=\"textwidget custom-html-widget\"><\/div>\n<\/div>\n<div class='footer footer-contact-boxes'>\n    <div class='footer-content'>\n        <div class=\"gridContainer\">\n            <div class=\"row text-center\">\n                <div class=\"col-sm-3\">\n                        <div data-type=\"group\" data-dynamic-mod=\"true\">\n        <i class=\"big-icon mdi mdi-pin\"><\/i>\n        <p>\n            R. Dr. Penteado de Almeida, 228 <br>Ponta Grossa \u2013 PR <br>CEP 84010-240 - Central UEPG <br>\n        <\/p>\n    <\/div>\n                    <\/div>\n                <div class=\"col-sm-3\">\n                        <div data-type=\"group\" data-dynamic-mod=\"true\">\n        <i class=\"big-icon mdi mdi-email\"><\/i>\n        <p>\n            CEE: centroeducacaoempreendedora@gmail.com<br>\n    <\/div>\n                    <\/div>\n                <div class=\"col-sm-3\">\n                        <div data-type=\"group\" data-dynamic-mod=\"true\">\n        <i class=\"big-icon mdi mdi-cellphone-android\"><\/i>\n        <p>\n            Cel\/wpp: (42) 3220-3320<br>\n        <\/p>\n    <\/div>\n                    <\/div>\n                <div class=\"col-sm-3\">\n                    <div>\n                            <div data-type=\"group\" data-dynamic-mod=\"true\" class=\"footer-social-icons\">\n                      <a target=\"_blank\" class=\"social-icon\" href=\"https:\/\/www.instagram.com\/cee.uepg?igsh=MTQ3cmZsczBrZzhmZg==\" rel=\"noopener\">\n                  <i class=\"mdi mdi-instagram\"><\/i>\n              <\/a>\n                            <a target=\"_blank\" class=\"social-icon\" href=\"https:\/\/youtube.com\/@cee-uepg?si=SPZbAVuRDri2nofT\" rel=\"noopener\">\n                  <i class=\"mdi mdi-youtube-play\"><\/i>\n              <\/a>\n              \n    <\/div>\n\n                        <\/div>\n                    <p class=\"copyright\">&copy;&nbsp;&nbsp;2024&nbsp;Centro de Educa\u00e7\u00e3o empreendedora.&nbsp;Constru\u00eddo usando o WordPress <a rel=\"nofollow\">\n            <\/div>\n        <\/div>\n    <\/div>\n<\/div>\n    <div class=\"enabled\">\n      <div class=\"active\"><\/div>\n        <div>\n      <div class=\"vw-plugin-top-wrapper\"><\/div>\n    <\/div>\n  <\/div><\/div><\/div><\/div><\/div><\/div>","protected":false},"excerpt":{"rendered":"<p>EMPREENDEDORISMO SOCIAL A origem dessa palavra &#8220;Empreender&#8221;, est\u00e1 associada ao franc\u00eas &#8220;entrepeneur&#8221; (Fazer algo novo), muitos acreditam que o seu significado est\u00e1 somente atrelado a produ\u00e7\u00e3o de produtos e cria\u00e7\u00e3o de rentabilidade em franquias , por\u00e9m empreender na sociedade \u00e9 uma das pautas mais abordadas nos dias atuais, pois por toda hist\u00f3ria da hist\u00f3ria administrativa&nbsp;&hellip;<\/p>\n","protected":false},"author":204,"featured_media":0,"parent":0,"menu_order":0,"comment_status":"closed","ping_status":"closed","template":"","meta":[],"_links":{"self":[{"href":"https:\/\/www2.uepg.br\/cee\/wp-json\/wp\/v2\/pages\/131"}],"collection":[{"href":"https:\/\/www2.uepg.br\/cee\/wp-json\/wp\/v2\/pages"}],"about":[{"href":"https:\/\/www2.uepg.br\/cee\/wp-json\/wp\/v2\/types\/page"}],"author":[{"embeddable":true,"href":"https:\/\/www2.uepg.br\/cee\/wp-json\/wp\/v2\/users\/204"}],"replies":[{"embeddable":true,"href":"https:\/\/www2.uepg.br\/cee\/wp-json\/wp\/v2\/comments?post=131"}],"version-history":[{"count":15,"href":"https:\/\/www2.uepg.br\/cee\/wp-json\/wp\/v2\/pages\/131\/revisions"}],"predecessor-version":[{"id":1348,"href":"https:\/\/www2.uepg.br\/cee\/wp-json\/wp\/v2\/pages\/131\/revisions\/1348"}],"wp:attachment":[{"href":"https:\/\/www2.uepg.br\/cee\/wp-json\/wp\/v2\/media?parent=131"}],"curies":[{"name":"wp","href":"https:\/\/api.w.org\/{rel}","templated":true}]}}