{"id":133,"date":"2021-03-30T15:00:44","date_gmt":"2021-03-30T18:00:44","guid":{"rendered":"https:\/\/www2.uepg.br\/cee\/?page_id=133"},"modified":"2025-11-06T16:16:52","modified_gmt":"2025-11-06T19:16:52","slug":"nosso-time","status":"publish","type":"page","link":"https:\/\/www2.uepg.br\/cee\/nosso-time\/","title":{"rendered":"Equipe"},"content":{"rendered":"<div id=\"pl-133\"  class=\"panel-layout\" ><div id=\"pg-133-0\"  class=\"panel-grid panel-no-style\" ><div id=\"pgc-133-0-0\"  class=\"panel-grid-cell\" ><div id=\"panel-133-0-0-0\" class=\"so-panel widget widget_sow-editor panel-first-child\" data-index=\"0\" ><div\n\t\t\t\n\t\t\tclass=\"so-widget-sow-editor so-widget-sow-editor-base\"\n\t\t\t\n\t\t>\n<div class=\"siteorigin-widget-tinymce textwidget\">\n\t<p style=\"text-align: center\">\"Trabalhar em equipe \u00e9 unir v\u00e1rias formas de pensar para um s\u00f3 objetivo.\"<\/p>\n<p style=\"text-align: center\"><a href=\"http:\/\/www2.uepg.br\/cee\/wp-content\/uploads\/sites\/180\/2024\/09\/Captura-de-tela-2024-09-05-141353.png\"><img loading=\"lazy\" class=\"aligncenter wp-image-1439 size-full\" src=\"http:\/\/www2.uepg.br\/cee\/wp-content\/uploads\/sites\/180\/2024\/09\/Captura-de-tela-2024-09-05-141353.png\" alt=\"\" width=\"270\" height=\"272\" \/><\/a><\/p>\n<p style=\"text-align: center\">Cleise Maria de Almeida Tupich Hilgemberg<\/p>\n<p style=\"text-align: center\">Diretora<\/p>\n<p>&nbsp;<\/p>\n<p style=\"text-align: center\"><a href=\"http:\/\/www2.uepg.br\/cee\/wp-content\/uploads\/sites\/180\/2024\/04\/Design-sem-nome-402.png\"><img loading=\"lazy\" class=\"aligncenter wp-image-1091\" src=\"http:\/\/www2.uepg.br\/cee\/wp-content\/uploads\/sites\/180\/2024\/04\/Design-sem-nome-402.png\" alt=\"\" width=\"269\" height=\"269\" \/><\/a><\/p>\n<p style=\"text-align: center\">Roseli Vaz de Almeida<\/p>\n<p style=\"text-align: center\">Secret\u00e1ria<\/p>\n<p>&nbsp;<\/p>\n<p style=\"text-align: center\"><img loading=\"lazy\" class=\"alignnone wp-image-1742\" src=\"http:\/\/www2.uepg.br\/cee\/wp-content\/uploads\/sites\/180\/2025\/10\/Imagem-do-WhatsApp-de-2025-10-29-as-14.15.03_cf0af55f-225x300.jpg\" alt=\"\" width=\"265\" height=\"353\" srcset=\"https:\/\/www2.uepg.br\/cee\/wp-content\/uploads\/sites\/180\/2025\/10\/Imagem-do-WhatsApp-de-2025-10-29-as-14.15.03_cf0af55f-225x300.jpg 225w, https:\/\/www2.uepg.br\/cee\/wp-content\/uploads\/sites\/180\/2025\/10\/Imagem-do-WhatsApp-de-2025-10-29-as-14.15.03_cf0af55f-768x1024.jpg 768w, https:\/\/www2.uepg.br\/cee\/wp-content\/uploads\/sites\/180\/2025\/10\/Imagem-do-WhatsApp-de-2025-10-29-as-14.15.03_cf0af55f.jpg 810w\" sizes=\"(max-width: 265px) 100vw, 265px\" \/><\/p>\n<p style=\"text-align: center\">Anna Carolina Strack\u00a0Haus<\/p>\n<p style=\"text-align: center\">Gerente de Marketing Jr.<\/p>\n<p>&nbsp;<\/p>\n<p style=\"text-align: center\"><img loading=\"lazy\" class=\"alignnone wp-image-1603\" src=\"http:\/\/www2.uepg.br\/cee\/wp-content\/uploads\/sites\/180\/2025\/03\/DSC_5862.jpg\" alt=\"\" width=\"268\" height=\"403\" \/><\/p>\n<p style=\"text-align: center\"><span style=\"font-weight: 400\">\u00a0Lucas Luft<\/span><\/p>\n<p style=\"text-align: center\"><span style=\"font-weight: 400\">Gerente Administrativo\/RH Jr.<\/span><\/p>\n<p>&nbsp;<\/p>\n<p><img loading=\"lazy\" class=\"alignnone wp-image-1747 aligncenter\" src=\"http:\/\/www2.uepg.br\/cee\/wp-content\/uploads\/sites\/180\/2025\/11\/8d8172b5-d725-462d-afea-26f6a35b3d2d-226x300.jpeg\" alt=\"\" width=\"261\" height=\"346\" srcset=\"https:\/\/www2.uepg.br\/cee\/wp-content\/uploads\/sites\/180\/2025\/11\/8d8172b5-d725-462d-afea-26f6a35b3d2d-226x300.jpeg 226w, https:\/\/www2.uepg.br\/cee\/wp-content\/uploads\/sites\/180\/2025\/11\/8d8172b5-d725-462d-afea-26f6a35b3d2d-770x1024.jpeg 770w, https:\/\/www2.uepg.br\/cee\/wp-content\/uploads\/sites\/180\/2025\/11\/8d8172b5-d725-462d-afea-26f6a35b3d2d-768x1021.jpeg 768w, https:\/\/www2.uepg.br\/cee\/wp-content\/uploads\/sites\/180\/2025\/11\/8d8172b5-d725-462d-afea-26f6a35b3d2d-813x1080.jpeg 813w, https:\/\/www2.uepg.br\/cee\/wp-content\/uploads\/sites\/180\/2025\/11\/8d8172b5-d725-462d-afea-26f6a35b3d2d.jpeg 963w\" sizes=\"(max-width: 261px) 100vw, 261px\" \/><\/p>\n<p style=\"text-align: center\">Augusto de Moraes Bassani<\/p>\n<p style=\"text-align: center\">Gerente de Projetos Jr.<\/p>\n<p>&nbsp;<\/p>\n<p style=\"text-align: center\"><img loading=\"lazy\" class=\" wp-image-1654 aligncenter\" src=\"http:\/\/www2.uepg.br\/cee\/wp-content\/uploads\/sites\/180\/2025\/07\/DSC_5849-283x300.jpg\" alt=\"\" width=\"260\" height=\"276\" srcset=\"https:\/\/www2.uepg.br\/cee\/wp-content\/uploads\/sites\/180\/2025\/07\/DSC_5849-283x300.jpg 283w, https:\/\/www2.uepg.br\/cee\/wp-content\/uploads\/sites\/180\/2025\/07\/DSC_5849-966x1024.jpg 966w, https:\/\/www2.uepg.br\/cee\/wp-content\/uploads\/sites\/180\/2025\/07\/DSC_5849-768x814.jpg 768w, https:\/\/www2.uepg.br\/cee\/wp-content\/uploads\/sites\/180\/2025\/07\/DSC_5849-1449x1536.jpg 1449w, https:\/\/www2.uepg.br\/cee\/wp-content\/uploads\/sites\/180\/2025\/07\/DSC_5849-1931x2048.jpg 1931w, https:\/\/www2.uepg.br\/cee\/wp-content\/uploads\/sites\/180\/2025\/07\/DSC_5849-1232x1306.jpg 1232w, https:\/\/www2.uepg.br\/cee\/wp-content\/uploads\/sites\/180\/2025\/07\/DSC_5849-1019x1080.jpg 1019w\" sizes=\"(max-width: 260px) 100vw, 260px\" \/><\/p>\n<p style=\"text-align: center\"><span style=\"font-weight: 400\">Guilherme Costa Corr\u00eaa De Oliveira<\/span><\/p>\n<p style=\"text-align: center\">Analista de Projetos Jr.<\/p>\n<p>&nbsp;<\/p>\n<p style=\"text-align: center\"><img loading=\"lazy\" class=\" wp-image-1741 aligncenter\" style=\"text-align: center\" src=\"http:\/\/www2.uepg.br\/cee\/wp-content\/uploads\/sites\/180\/2025\/10\/Imagem-do-WhatsApp-de-2025-10-29-as-14.15.04_11943abe-225x300.jpg\" alt=\"\" width=\"239\" height=\"319\" srcset=\"https:\/\/www2.uepg.br\/cee\/wp-content\/uploads\/sites\/180\/2025\/10\/Imagem-do-WhatsApp-de-2025-10-29-as-14.15.04_11943abe-225x300.jpg 225w, https:\/\/www2.uepg.br\/cee\/wp-content\/uploads\/sites\/180\/2025\/10\/Imagem-do-WhatsApp-de-2025-10-29-as-14.15.04_11943abe-768x1024.jpg 768w, https:\/\/www2.uepg.br\/cee\/wp-content\/uploads\/sites\/180\/2025\/10\/Imagem-do-WhatsApp-de-2025-10-29-as-14.15.04_11943abe.jpg 810w\" sizes=\"(max-width: 239px) 100vw, 239px\" \/><\/p>\n<p style=\"text-align: center\"><span style=\"font-weight: 400\">Daniel dos Santos Pereira Rodrigues<\/span><\/p>\n<p style=\"text-align: center\">T.I.<\/p>\n<p>&nbsp;<\/p>\n<p style=\"text-align: center\">\n<\/div>\n<\/div><\/div><div id=\"panel-133-0-0-1\" class=\"widget_text so-panel widget widget_custom_html panel-last-child\" data-index=\"1\" ><div class=\"textwidget custom-html-widget\"><\/div>\n<\/div>\n<div class='footer footer-contact-boxes'>\n    <div class='footer-content'>\n        <div class=\"gridContainer\">\n            <div class=\"row text-center\">\n                <div class=\"col-sm-3\">\n                        <div data-type=\"group\" data-dynamic-mod=\"true\">\n        <i class=\"big-icon mdi mdi-pin\"><\/i>\n        <p>\n            R. Dr. Penteado de Almeida, 228 <br>Ponta Grossa \u2013 PR <br>CEP 84010-240 - Central UEPG <br>\n        <\/p>\n    <\/div>\n                    <\/div>\n                <div class=\"col-sm-3\">\n                        <div data-type=\"group\" data-dynamic-mod=\"true\">\n        <i class=\"big-icon mdi mdi-email\"><\/i>\n        <p>\n            CEE: centroeducacaoempreendedora@gmail.com<br>\n    <\/div>\n                    <\/div>\n                <div class=\"col-sm-3\">\n                        <div data-type=\"group\" data-dynamic-mod=\"true\">\n        <i class=\"big-icon mdi mdi-cellphone-android\"><\/i>\n        <p>\n            Cel\/wpp: (42) 3220-3320<br>\n        <\/p>\n    <\/div>\n                    <\/div>\n                <div class=\"col-sm-3\">\n                    <div>\n                            <div data-type=\"group\" data-dynamic-mod=\"true\" class=\"footer-social-icons\">\n                      <a target=\"_blank\" class=\"social-icon\" href=\"https:\/\/www.instagram.com\/cee.uepg?igsh=MTQ3cmZsczBrZzhmZg==\" rel=\"noopener\">\n                  <i class=\"mdi mdi-instagram\"><\/i>\n              <\/a>\n                            <a target=\"_blank\" class=\"social-icon\" href=\"https:\/\/youtube.com\/@cee-uepg?si=SPZbAVuRDri2nofT\" rel=\"noopener\">\n                  <i class=\"mdi mdi-youtube-play\"><\/i>\n              <\/a>\n              \n    <\/div>\n\n                        <\/div>\n                    <p class=\"copyright\">&copy;&nbsp;&nbsp;2024&nbsp;Centro de Educa\u00e7\u00e3o empreendedora.&nbsp;Constru\u00eddo usando o WordPress <a rel=\"nofollow\">                <\/div>\n            <\/div>\n        <\/div>\n    <\/div>\n<\/div>\n    <div class=\"enabled\">\n      <div class=\"active\"><\/div>\n        <div>\n      <div class=\"vw-plugin-top-wrapper\"><\/div>\n    <\/div>\n  <\/div><\/div><\/div><\/div><\/div><\/div>","protected":false},"excerpt":{"rendered":"<p>&#8220;Trabalhar em equipe \u00e9 unir v\u00e1rias formas de pensar para um s\u00f3 objetivo.&#8221; Cleise Maria de Almeida Tupich Hilgemberg Diretora &nbsp; Roseli Vaz de Almeida Secret\u00e1ria &nbsp; Anna Carolina Strack\u00a0Haus Gerente de Marketing Jr. &nbsp; \u00a0Lucas Luft Gerente Administrativo\/RH Jr. &nbsp; Augusto de Moraes Bassani Gerente de Projetos Jr. &nbsp; Guilherme Costa Corr\u00eaa De Oliveira&nbsp;&hellip;<\/p>\n","protected":false},"author":204,"featured_media":0,"parent":0,"menu_order":0,"comment_status":"closed","ping_status":"closed","template":"","meta":[],"_links":{"self":[{"href":"https:\/\/www2.uepg.br\/cee\/wp-json\/wp\/v2\/pages\/133"}],"collection":[{"href":"https:\/\/www2.uepg.br\/cee\/wp-json\/wp\/v2\/pages"}],"about":[{"href":"https:\/\/www2.uepg.br\/cee\/wp-json\/wp\/v2\/types\/page"}],"author":[{"embeddable":true,"href":"https:\/\/www2.uepg.br\/cee\/wp-json\/wp\/v2\/users\/204"}],"replies":[{"embeddable":true,"href":"https:\/\/www2.uepg.br\/cee\/wp-json\/wp\/v2\/comments?post=133"}],"version-history":[{"count":54,"href":"https:\/\/www2.uepg.br\/cee\/wp-json\/wp\/v2\/pages\/133\/revisions"}],"predecessor-version":[{"id":1749,"href":"https:\/\/www2.uepg.br\/cee\/wp-json\/wp\/v2\/pages\/133\/revisions\/1749"}],"wp:attachment":[{"href":"https:\/\/www2.uepg.br\/cee\/wp-json\/wp\/v2\/media?parent=133"}],"curies":[{"name":"wp","href":"https:\/\/api.w.org\/{rel}","templated":true}]}}