{"id":137,"date":"2023-10-30T09:16:22","date_gmt":"2023-10-30T12:16:22","guid":{"rendered":"https:\/\/www2.uepg.br\/cipa\/?page_id=137"},"modified":"2023-11-07T14:48:19","modified_gmt":"2023-11-07T17:48:19","slug":"dicas-cartilhas","status":"publish","type":"page","link":"https:\/\/www2.uepg.br\/cipa\/dicas-cartilhas\/","title":{"rendered":"Dicas\/Cartilhas"},"content":{"rendered":"<div id=\"attachment_275\" style=\"width: 147px\" class=\"wp-caption aligncenter\"><a href=\"https:\/\/www2.uepg.br\/cipa\/wp-content\/uploads\/sites\/275\/2023\/11\/Voce-tem-o-direito.pdf\" target=\"_blank\" rel=\"Saber. Voc\u00ea de direito noopener o tem\"><img aria-describedby=\"caption-attachment-275\" loading=\"lazy\" class=\"wp-image-275\" src=\"https:\/\/www2.uepg.br\/cipa\/wp-content\/uploads\/sites\/275\/2023\/11\/1605.m00.i124.n010.S.c12.324488348-Worker-health-and-safety-vector-illustration.jpg\" alt=\"\" width=\"137\" height=\"137\" \/><\/a><p id=\"caption-attachment-275\" class=\"wp-caption-text\">Voc\u00ea tem o direito de saber.<\/p><\/div>\n<p>&nbsp;<\/p>\n<div id=\"attachment_277\" style=\"width: 192px\" class=\"wp-caption aligncenter\"><a href=\"https:\/\/www2.uepg.br\/cipa\/wp-content\/uploads\/sites\/275\/2023\/11\/cartilha_ergonomia.pdf\" target=\"_blank\" rel=\"noopener\"><img aria-describedby=\"caption-attachment-277\" loading=\"lazy\" class=\"wp-image-277\" src=\"https:\/\/www2.uepg.br\/cipa\/wp-content\/uploads\/sites\/275\/2023\/11\/Cartilha-Ergonomina.png\" alt=\"\" width=\"182\" height=\"119\" \/><\/a><p id=\"caption-attachment-277\" class=\"wp-caption-text\">Aspectos relacionados ao posto de trabalho<\/p><\/div>\n<div id=\"attachment_280\" style=\"width: 152px\" class=\"wp-caption aligncenter\"><img aria-describedby=\"caption-attachment-280\" loading=\"lazy\" class=\"wp-image-280\" src=\"https:\/\/www2.uepg.br\/cipa\/wp-content\/uploads\/sites\/275\/2023\/11\/qrcode_www.seguranca.pr_.gov_.br_.png\" alt=\"\" width=\"142\" height=\"142\" \/><p id=\"caption-attachment-280\" class=\"wp-caption-text\">Dicas de Seguran\u00e7a Orienta\u00e7\u00f5es Corpo de bombeiro\/Pol\u00edcia Militar<\/p><\/div>\n","protected":false},"excerpt":{"rendered":"<p>&nbsp;<\/p>\n","protected":false},"author":661,"featured_media":0,"parent":0,"menu_order":0,"comment_status":"closed","ping_status":"closed","template":"","meta":[],"_links":{"self":[{"href":"https:\/\/www2.uepg.br\/cipa\/wp-json\/wp\/v2\/pages\/137"}],"collection":[{"href":"https:\/\/www2.uepg.br\/cipa\/wp-json\/wp\/v2\/pages"}],"about":[{"href":"https:\/\/www2.uepg.br\/cipa\/wp-json\/wp\/v2\/types\/page"}],"author":[{"embeddable":true,"href":"https:\/\/www2.uepg.br\/cipa\/wp-json\/wp\/v2\/users\/661"}],"replies":[{"embeddable":true,"href":"https:\/\/www2.uepg.br\/cipa\/wp-json\/wp\/v2\/comments?post=137"}],"version-history":[{"count":6,"href":"https:\/\/www2.uepg.br\/cipa\/wp-json\/wp\/v2\/pages\/137\/revisions"}],"predecessor-version":[{"id":281,"href":"https:\/\/www2.uepg.br\/cipa\/wp-json\/wp\/v2\/pages\/137\/revisions\/281"}],"wp:attachment":[{"href":"https:\/\/www2.uepg.br\/cipa\/wp-json\/wp\/v2\/media?parent=137"}],"curies":[{"name":"wp","href":"https:\/\/api.w.org\/{rel}","templated":true}]}}