{"id":139,"date":"2023-10-30T09:17:59","date_gmt":"2023-10-30T12:17:59","guid":{"rendered":"https:\/\/www2.uepg.br\/cipa\/?page_id=139"},"modified":"2023-11-08T09:20:19","modified_gmt":"2023-11-08T12:20:19","slug":"manual","status":"publish","type":"page","link":"https:\/\/www2.uepg.br\/cipa\/manual\/","title":{"rendered":"Manual e Normas Regulamentadoras"},"content":{"rendered":"<p>Normas Regulamentadores:<\/p>\n<p><a href=\"https:\/\/www2.uepg.br\/cipa\/wp-content\/uploads\/sites\/275\/2023\/11\/nr-05-atualizada-2022.pdf\" target=\"_blank\" rel=\"noopener\">NR 05\u00a0 CIPA &#8211; Comiss\u00e3o Interna de Preceven\u00e7\u00e3o de Aciedentes e de Ass\u00e9dio<\/a><\/p>\n<p><a href=\"https:\/\/www2.uepg.br\/cipa\/wp-content\/uploads\/sites\/275\/2023\/11\/nr-07-atualizada-2022-1.pdf\">NR 07 &#8211; Programa de Controle M\u00e9dico de Sa\u00fade Ocupacional &#8211; PCMSO<\/a><\/p>\n<p><a href=\"https:\/\/www2.uepg.br\/cipa\/wp-content\/uploads\/sites\/275\/2023\/11\/nr-09-atualizada-2021-com-anexos-vibra-e-calor.pdf\">NR 09\u00a0 &#8211; Avalia\u00e7\u00e3o e Controle das Exposi\u00e7\u00f5es Ocupacionais a Agentes F\u00edsico, Qu\u00edmicos e Biol\u00f3gicos<\/a><\/p>\n<p><a href=\"https:\/\/www2.uepg.br\/cipa\/wp-content\/uploads\/sites\/275\/2023\/11\/nr-15-atualizada-2022.pdf\">NR 15 &#8211; Atividades e Opera\u00e7\u00f5es Insalubres<\/a><\/p>\n<p><a href=\"https:\/\/www2.uepg.br\/cipa\/wp-content\/uploads\/sites\/275\/2023\/11\/nr-16-atualizada-2023.pdf\">NR 16 &#8211; Atividades e Opera\u00e7\u00f5es Perigosas<\/a><\/p>\n<p><img loading=\"lazy\" class=\"wp-image-214 alignright\" src=\"https:\/\/www2.uepg.br\/cipa\/wp-content\/uploads\/sites\/275\/2023\/11\/normas-regulamentadoras.jpg\" alt=\"\" width=\"118\" height=\"147\" \/><\/p>\n<p><a href=\"https:\/\/www2.uepg.br\/cipa\/wp-content\/uploads\/sites\/275\/2023\/11\/nr-24-atualizada-2022.pdf\">NR 24 &#8211; Condi\u00e7\u00f5es Sanit\u00e1rias e de Conforto nos locais de Trabalho<\/a><\/p>\n<p><a href=\"https:\/\/www2.uepg.br\/cipa\/wp-content\/uploads\/sites\/275\/2023\/11\/Portaria-MTP-no-4.219-Altera-NRs-CIPA.pdf\">Portaria MTP n\u00ba 4.219 (Altera NRs &#8211; CIPA)<\/a><\/p>\n<p>Refer\u00eancia:\u00a0<a href=\"https:\/\/www.gov.br\/trabalho-e-emprego\/pt-br\">https:\/\/www.gov.br\/trabalho-e-emprego\/pt-br<\/a><\/p>\n<p>&nbsp;<\/p>\n","protected":false},"excerpt":{"rendered":"<p>Normas Regulamentadores: NR 05\u00a0 CIPA &#8211; Comiss\u00e3o Interna de Preceven\u00e7\u00e3o de Aciedentes e de Ass\u00e9dio NR 07 &#8211; Programa de Controle M\u00e9dico de Sa\u00fade Ocupacional &#8211; PCMSO NR 09\u00a0 &#8211; Avalia\u00e7\u00e3o e Controle das Exposi\u00e7\u00f5es Ocupacionais a Agentes F\u00edsico, Qu\u00edmicos e Biol\u00f3gicos NR 15 &#8211; Atividades e Opera\u00e7\u00f5es Insalubres NR 16 &#8211; Atividades e Opera\u00e7\u00f5es&nbsp;&hellip;<\/p>\n","protected":false},"author":661,"featured_media":0,"parent":0,"menu_order":0,"comment_status":"closed","ping_status":"closed","template":"","meta":[],"_links":{"self":[{"href":"https:\/\/www2.uepg.br\/cipa\/wp-json\/wp\/v2\/pages\/139"}],"collection":[{"href":"https:\/\/www2.uepg.br\/cipa\/wp-json\/wp\/v2\/pages"}],"about":[{"href":"https:\/\/www2.uepg.br\/cipa\/wp-json\/wp\/v2\/types\/page"}],"author":[{"embeddable":true,"href":"https:\/\/www2.uepg.br\/cipa\/wp-json\/wp\/v2\/users\/661"}],"replies":[{"embeddable":true,"href":"https:\/\/www2.uepg.br\/cipa\/wp-json\/wp\/v2\/comments?post=139"}],"version-history":[{"count":9,"href":"https:\/\/www2.uepg.br\/cipa\/wp-json\/wp\/v2\/pages\/139\/revisions"}],"predecessor-version":[{"id":283,"href":"https:\/\/www2.uepg.br\/cipa\/wp-json\/wp\/v2\/pages\/139\/revisions\/283"}],"wp:attachment":[{"href":"https:\/\/www2.uepg.br\/cipa\/wp-json\/wp\/v2\/media?parent=139"}],"curies":[{"name":"wp","href":"https:\/\/api.w.org\/{rel}","templated":true}]}}