{"id":143,"date":"2023-10-30T09:17:45","date_gmt":"2023-10-30T12:17:45","guid":{"rendered":"https:\/\/www2.uepg.br\/cipa\/?page_id=143"},"modified":"2024-10-11T08:50:40","modified_gmt":"2024-10-11T11:50:40","slug":"contato","status":"publish","type":"page","link":"https:\/\/www2.uepg.br\/cipa\/contato\/","title":{"rendered":"Contato"},"content":{"rendered":"<p style=\"text-align: center;\">Marcelo Hartmann<\/p>\n<p style=\"text-align: center;\"><strong>Presidente da Comiss\u00e3o Interna de Preven\u00e7\u00e3o de Acidentes e Ass\u00e9dio<\/strong><\/p>\n<p style=\"text-align: center;\">Endere\u00e7o: Av. Carlos Cavalcanti, 4748 \u2013 Uvaranas \u2013 Ponta Grossa \u2013 PR \u2013 CEP: 84.030-900<\/p>\n<p>&nbsp;<\/p>\n<p style=\"text-align: center;\">Telefone: 3320-3336<\/p>\n<p style=\"text-align: center;\"><span style=\"color: #000000;\">Hor\u00e1rio de atendimento: 08:00 \u00e0s 12:00 &#8211; 14:00 \u00e0s 18:00<\/span><\/p>\n<p>&nbsp;<\/p>\n","protected":false},"excerpt":{"rendered":"<p>Marcelo Hartmann Presidente da Comiss\u00e3o Interna de Preven\u00e7\u00e3o de Acidentes e Ass\u00e9dio Endere\u00e7o: Av. Carlos Cavalcanti, 4748 \u2013 Uvaranas \u2013 Ponta Grossa \u2013 PR \u2013 CEP: 84.030-900 &nbsp; Telefone: 3320-3336 Hor\u00e1rio de atendimento: 08:00 \u00e0s 12:00 &#8211; 14:00 \u00e0s 18:00 &nbsp;<\/p>\n","protected":false},"author":661,"featured_media":0,"parent":0,"menu_order":0,"comment_status":"closed","ping_status":"closed","template":"","meta":[],"_links":{"self":[{"href":"https:\/\/www2.uepg.br\/cipa\/wp-json\/wp\/v2\/pages\/143"}],"collection":[{"href":"https:\/\/www2.uepg.br\/cipa\/wp-json\/wp\/v2\/pages"}],"about":[{"href":"https:\/\/www2.uepg.br\/cipa\/wp-json\/wp\/v2\/types\/page"}],"author":[{"embeddable":true,"href":"https:\/\/www2.uepg.br\/cipa\/wp-json\/wp\/v2\/users\/661"}],"replies":[{"embeddable":true,"href":"https:\/\/www2.uepg.br\/cipa\/wp-json\/wp\/v2\/comments?post=143"}],"version-history":[{"count":5,"href":"https:\/\/www2.uepg.br\/cipa\/wp-json\/wp\/v2\/pages\/143\/revisions"}],"predecessor-version":[{"id":299,"href":"https:\/\/www2.uepg.br\/cipa\/wp-json\/wp\/v2\/pages\/143\/revisions\/299"}],"wp:attachment":[{"href":"https:\/\/www2.uepg.br\/cipa\/wp-json\/wp\/v2\/media?parent=143"}],"curies":[{"name":"wp","href":"https:\/\/api.w.org\/{rel}","templated":true}]}}