{"id":129,"date":"2022-03-03T09:06:37","date_gmt":"2022-03-03T12:06:37","guid":{"rendered":"https:\/\/www2.uepg.br\/computacaoaplicada\/?page_id=129"},"modified":"2024-06-27T09:09:54","modified_gmt":"2024-06-27T12:09:54","slug":"biblioteca","status":"publish","type":"page","link":"https:\/\/www2.uepg.br\/computacaoaplicada\/biblioteca\/","title":{"rendered":"Biblioteca"},"content":{"rendered":"<header class=\"entry-header\"><\/header>\n<div class=\"entry-content\">\n<p style=\"text-align: justify;\"><span style=\"color: #008000;\">\u00a0O sistema de bibliotecas da UEPG \u00e9 composto por tr\u00eas unidades, campus central, campus de Uvaranas, campus de Castro e uma unidade de segundo grau (Col\u00e9gio Agr\u00edcola Augusto Ribas \u2013 localizada no campus de Uvaranas).<\/span><\/p>\n<p style=\"text-align: justify;\"><span style=\"color: #008000;\">Em termos gerais o acervo de livros da biblioteca compreende 62157 t\u00edtulos e 98327 exemplares. O acervo de peri\u00f3dicos corresponde a 1827 t\u00edtulos e 92419 exemplares. Do total de acervo de livros, a Biblioteca disp\u00f5e de cerca de 785 t\u00edtulos (1759 exemplares) da \u00e1rea de inform\u00e1tica e Computa\u00e7\u00e3o e 1728 t\u00edtulos (3338 exemplares) relacionados a Agricultura , totalizando cerca de 2513 t\u00edtulos (5097 exemplares) diretamente relacionados ao Programa de P\u00f3s-Gradua\u00e7\u00e3o em Computa\u00e7\u00e3o Aplicada , \u00e1rea de concentra\u00e7\u00e3o Computa\u00e7\u00e3o Aplicada \u00e0 Agricultura.<\/span><\/p>\n<p style=\"text-align: justify;\"><span style=\"color: #008000;\">As unidades do sistema de biblioteca oferecem os seguintes servi\u00e7os aos alunos e docentes: empr\u00e9stimo domiciliar, empr\u00e9stimo interbibliotecas entre as bibliotecas da cidade e do estado, servi\u00e7o de refer\u00eancia (oferece ao usu\u00e1rio assist\u00eancia e instru\u00e7\u00e3o no uso da biblioteca, seus cat\u00e1logos, acervo, recursos e servi\u00e7os), servi\u00e7o de alerta (Informa aos usu\u00e1rios sobre a chegada de material relevante na sua \u00e1rea), levantamento bibliogr\u00e1fico (elabora levantamentos bibliogr\u00e1ficos sobre temas especializados em bases de dados nacionais e internacionais), normaliza\u00e7\u00e3o de trabalhos cient\u00edficos (segundo recomenda\u00e7\u00f5es da ABNT), oficinas de orienta\u00e7\u00e3o bibliogr\u00e1fica (oferece cursos de extens\u00e3o \u00e0 comunidade universit\u00e1ria com o objetivo de divulgar e orientar no uso das normas e padr\u00f5es de documenta\u00e7\u00e3o segundo a ABNT), consulta a acervo on-line (Disponibiliza na Internet a consulta ao seu acervo), visita orientada (Oferecida para calouros ou quando solicitada por docentes para apresentar os setores, servi\u00e7os e recursos da bibliotecas, comuta\u00e7\u00e3o bibliogr\u00e1fica (obt\u00e9m c\u00f3pias de artigos de peri\u00f3dicos, teses, disserta\u00e7\u00f5es, monografias, anais\/proceedings\/confer\u00eancias, relat\u00f3rios, publica\u00e7\u00f5es oficiais e cap\u00edtulos de livros, n\u00e3o localizados nas Bibliotecas da UEPG e no Portal de Peri\u00f3dicos da Capes e existentes nas bibliotecas brasileiras e na British Library (Inglaterra)).<\/span><\/p>\n<p style=\"text-align: justify;\"><span style=\"color: #008000;\">Usando dos recursos da Internet, a biblioteca disp\u00f5e tamb\u00e9m de acesso ao PORTAL DE PERI\u00d3DICOS DA CAPES,<\/span><\/p>\n<ul style=\"text-align: justify;\">\n<li><span style=\"color: #008000;\">PORTAL DA PESQUISA (PORTAL CAPES-EDITOR)<\/span><\/li>\n<li><span style=\"color: #008000;\">PORTAL DOM\u00cdNIO P\u00daBLICO<\/span><\/li>\n<\/ul>\n<p style=\"text-align: justify;\"><span style=\"color: #008000;\">A UEPG tamb\u00e9m possui o Sistema de Publica\u00e7\u00e3o Eletr\u00f4nica de Teses e Disserta\u00e7\u00f5es \u2013 Biblioteca Digital de Teses e Disserta\u00e7\u00f5es da UEPG, onde s\u00e3o disponibilizadas na Internet as teses e disserta\u00e7\u00f5es defendidas pelos alunos dos Programas de P\u00f3s-Gradua\u00e7\u00e3o da UEPG.<\/span><\/p>\n<\/div>\n<p><span style=\"color: #008000;\">Acesse o sistema: <strong><a style=\"color: #008000;\" href=\"https:\/\/www2.uepg.br\/bicen\/\">BICEN<\/a><\/strong><\/span><\/p>\n","protected":false},"excerpt":{"rendered":"<p>\u00a0O sistema de bibliotecas da UEPG \u00e9 composto por tr\u00eas unidades, campus central, campus de Uvaranas, campus de Castro e uma unidade de segundo grau (Col\u00e9gio Agr\u00edcola Augusto Ribas \u2013 localizada no campus de Uvaranas). Em termos gerais o acervo de livros da biblioteca compreende 62157 t\u00edtulos e 98327 exemplares. O acervo de peri\u00f3dicos corresponde&nbsp;&hellip;<\/p>\n","protected":false},"author":378,"featured_media":1519,"parent":0,"menu_order":0,"comment_status":"closed","ping_status":"closed","template":"","meta":[],"_links":{"self":[{"href":"https:\/\/www2.uepg.br\/computacaoaplicada\/wp-json\/wp\/v2\/pages\/129"}],"collection":[{"href":"https:\/\/www2.uepg.br\/computacaoaplicada\/wp-json\/wp\/v2\/pages"}],"about":[{"href":"https:\/\/www2.uepg.br\/computacaoaplicada\/wp-json\/wp\/v2\/types\/page"}],"author":[{"embeddable":true,"href":"https:\/\/www2.uepg.br\/computacaoaplicada\/wp-json\/wp\/v2\/users\/378"}],"replies":[{"embeddable":true,"href":"https:\/\/www2.uepg.br\/computacaoaplicada\/wp-json\/wp\/v2\/comments?post=129"}],"version-history":[{"count":12,"href":"https:\/\/www2.uepg.br\/computacaoaplicada\/wp-json\/wp\/v2\/pages\/129\/revisions"}],"predecessor-version":[{"id":2091,"href":"https:\/\/www2.uepg.br\/computacaoaplicada\/wp-json\/wp\/v2\/pages\/129\/revisions\/2091"}],"wp:featuredmedia":[{"embeddable":true,"href":"https:\/\/www2.uepg.br\/computacaoaplicada\/wp-json\/wp\/v2\/media\/1519"}],"wp:attachment":[{"href":"https:\/\/www2.uepg.br\/computacaoaplicada\/wp-json\/wp\/v2\/media?parent=129"}],"curies":[{"name":"wp","href":"https:\/\/api.w.org\/{rel}","templated":true}]}}