{"id":130,"date":"2022-03-03T09:06:38","date_gmt":"2022-03-03T12:06:38","guid":{"rendered":"https:\/\/www2.uepg.br\/computacaoaplicada\/?page_id=130"},"modified":"2024-07-24T16:33:04","modified_gmt":"2024-07-24T19:33:04","slug":"laboratorios","status":"publish","type":"page","link":"https:\/\/www2.uepg.br\/computacaoaplicada\/laboratorios\/","title":{"rendered":"Laborat\u00f3rios"},"content":{"rendered":"<div id=\"pl-130\"  class=\"panel-layout\" ><div id=\"pg-130-0\"  class=\"panel-grid panel-no-style\" ><div id=\"pgc-130-0-0\"  class=\"panel-grid-cell\" ><div id=\"panel-130-0-0-0\" class=\"so-panel widget widget_sow-accordion panel-first-child panel-last-child\" data-index=\"0\" ><div\n\t\t\t\n\t\t\tclass=\"so-widget-sow-accordion so-widget-sow-accordion-default-33396c0f15f1-130\"\n\t\t\t\n\t\t><div>\n\t<div class=\"sow-accordion\">\n\t\t\t<div class=\"sow-accordion-panel\"\n\t\t\t data-anchor=\"laborat%c3%b3rio-de-inform%c3%a1tica-aplicada-%c3%a0s-ci%c3%aancias-agr%c3%a1rias-e-ambientais\">\n\t\t\t\t<div class=\"sow-accordion-panel-header-container\" role=\"heading\" aria-level=\"2\">\n\t\t\t\t\t<div class=\"sow-accordion-panel-header\" tabindex=\"0\" role=\"button\" id=\"accordion-label-laborat%c3%b3rio-de-inform%c3%a1tica-aplicada-%c3%a0s-ci%c3%aancias-agr%c3%a1rias-e-ambientais\" aria-controls=\"accordion-content-laborat%c3%b3rio-de-inform%c3%a1tica-aplicada-%c3%a0s-ci%c3%aancias-agr%c3%a1rias-e-ambientais\" aria-expanded=\"false\">\n\t\t\t\t\t\t<div class=\"sow-accordion-title sow-accordion-title-icon-left\">\n\t\t\t\t\t\t\t\t\t\t\t\t\t\tLABORAT\u00d3RIO DE INFORM\u00c1TICA APLICADA \u00c0S CI\u00caNCIAS AGR\u00c1RIAS E AMBIENTAIS\t\t\t\t\t\t\t\t\t\t\t\t\t<\/div>\n\t\t\t\t\t\t<div class=\"sow-accordion-open-close-button\">\n\t\t\t\t\t\t\t<div class=\"sow-accordion-open-button\">\n\t\t\t\t\t\t\t\t<span class=\"sow-icon-ionicons\" data-sow-icon=\"&#xf218;\"\n\t\t \n\t\taria-hidden=\"true\"><\/span>\t\t\t\t\t\t\t<\/div>\n\t\t\t\t\t\t\t<div class=\"sow-accordion-close-button\">\n\t\t\t\t\t\t\t\t<span class=\"sow-icon-ionicons\" data-sow-icon=\"&#xf209;\"\n\t\t \n\t\taria-hidden=\"true\"><\/span>\t\t\t\t\t\t\t<\/div>\n\t\t\t\t\t\t<\/div>\n\t\t\t\t\t<\/div>\n\t\t\t\t<\/div>\n\n\t\t\t<div\n\t\t\t\tclass=\"sow-accordion-panel-content\"\n\t\t\t\trole=\"region\"\n\t\t\t\taria-labelledby=\"accordion-label-laborat%c3%b3rio-de-inform%c3%a1tica-aplicada-%c3%a0s-ci%c3%aancias-agr%c3%a1rias-e-ambientais\"\n\t\t\t\tid=\"accordion-content-laborat%c3%b3rio-de-inform%c3%a1tica-aplicada-%c3%a0s-ci%c3%aancias-agr%c3%a1rias-e-ambientais\"\n\t\t\t\tstyle=\"display: none;\"\t\t\t>\n\t\t\t\t<div class=\"sow-accordion-panel-border\" tabindex=\"0\">\n\t\t\t\t\t<p><span style=\"color: #008000\">Espa\u00e7o f\u00edsico compreendendo 42m\u00b2, com uma sala para alunos e sala para perman\u00eancia de docentes. O laborat\u00f3rio cont\u00e9m os seguintes equipamentos: 16 computadores Pentium, 2 impressoras jato de tinta, 1 Impressora Multifuncional,2 scanners, 1 Servidor IBM. O INFOAGRO tamb\u00e9m conta com os seguintes equipamentos destinados a pesquisa na \u00e1rea de vis\u00e3o computacional, recebidos em fevereiro de 2009:<\/span><\/p>\n<ul>\n<li><span style=\"color: #008000\">1 c\u00e2mera prosilica ec1350C 1392X1040,\u00a01394A e\u00a0<em>Mounting plate;<\/em><\/span><\/li>\n<li><span style=\"color: #008000\">1 c\u00e2mera basler scA640-70mg 659X494 GigE Monocrom\u00e1tica;<\/span><\/li>\n<li><span style=\"color: #008000\">1 c\u00e2mera basler scA640-74gc 659X494 GigE Color;<\/span><\/li>\n<li><span style=\"color: #008000\">1 placa GigE;<\/span><\/li>\n<li><span style=\"color: #008000\">2 cabos 12 pinos;<\/span><\/li>\n<li><span style=\"color: #008000\">1 fonte 12 V;<\/span><\/li>\n<li><span style=\"color: #008000\">1 ilumina\u00e7\u00e3o\u00a0<em>cognex smart light;<\/em><\/span><\/li>\n<li><span style=\"color: #008000\">1 DVT\u00a0<em>strobe;<\/em><\/span><\/li>\n<li><span style=\"color: #008000\">1 DVT;<\/span><\/li>\n<li><span style=\"color: #008000\">1\u00a0<em>Port<\/em>\u00a0III;<\/span><\/li>\n<li><span style=\"color: #008000\">1 caixa de alum\u00ednio 700X950X600;<\/span><\/li>\n<li><span style=\"color: #008000\">1 caixa de alum\u00ednio 700X600X500;<\/span><\/li>\n<li><span style=\"color: #008000\">1 suporte para c\u00e2mera;<\/span><\/li>\n<li><span style=\"color: #008000\">1 ring light branca 56563;<\/span><\/li>\n<li><span style=\"color: #008000\">1 spotlight 880nm 55816;<\/span><\/li>\n<li><span style=\"color: #008000\">1 line light branca 56390;<\/span><\/li>\n<li><span style=\"color: #008000\">1 filtro IR 54753;<\/span><\/li>\n<li><span style=\"color: #008000\">1 filtro IR 54756;<\/span><\/li>\n<li><span style=\"color: #008000\">1 polarizador 52mm 36441;<\/span><\/li>\n<li><span style=\"color: #008000\">1 Led apposelite 660NM 55267;<\/span><\/li>\n<li><span style=\"color: #008000\">1 Difuse Led Line Branco 56566;<\/span><\/li>\n<li><span style=\"color: #008000\">1 Camera Samsung;<\/span><\/li>\n<li><span style=\"color: #008000\">1 Lente Pelcon 6MM;<\/span><\/li>\n<li><span style=\"color: #008000\">2 fonte 12v;<\/span><\/li>\n<li><span style=\"color: #008000\">Cabos e conectores RCA;<\/span><\/li>\n<li><span style=\"color: #008000\">1 Camera Samsung;<\/span><\/li>\n<li><span style=\"color: #008000\">1 lente 10mm; e<\/span><\/li>\n<li><span style=\"color: #008000\">1 lente 15mm;<\/span><\/li>\n<\/ul>\n\t\t\t\t<\/div>\n\t\t\t<\/div>\n\t\t<\/div>\n\t\t<\/div>\n<\/div>\n<\/div><\/div><\/div><\/div><div id=\"pg-130-1\"  class=\"panel-grid panel-no-style\" ><div id=\"pgc-130-1-0\"  class=\"panel-grid-cell\" ><div id=\"panel-130-1-0-0\" class=\"so-panel widget widget_sow-accordion panel-first-child panel-last-child\" data-index=\"1\" ><div\n\t\t\t\n\t\t\tclass=\"so-widget-sow-accordion so-widget-sow-accordion-default-33396c0f15f1-130\"\n\t\t\t\n\t\t><div>\n\t<div class=\"sow-accordion\">\n\t\t\t<div class=\"sow-accordion-panel\"\n\t\t\t data-anchor=\"laborat%c3%b3rio-de-computa%c3%a7%c3%a3o-cient%c3%adfica-%e2%80%93-lcc\">\n\t\t\t\t<div class=\"sow-accordion-panel-header-container\" role=\"heading\" aria-level=\"2\">\n\t\t\t\t\t<div class=\"sow-accordion-panel-header\" tabindex=\"0\" role=\"button\" id=\"accordion-label-laborat%c3%b3rio-de-computa%c3%a7%c3%a3o-cient%c3%adfica-%e2%80%93-lcc\" aria-controls=\"accordion-content-laborat%c3%b3rio-de-computa%c3%a7%c3%a3o-cient%c3%adfica-%e2%80%93-lcc\" aria-expanded=\"false\">\n\t\t\t\t\t\t<div class=\"sow-accordion-title sow-accordion-title-icon-left\">\n\t\t\t\t\t\t\t\t\t\t\t\t\t\tLABORAT\u00d3RIO DE COMPUTA\u00c7\u00c3O CIENT\u00cdFICA \u2013 LCC\t\t\t\t\t\t\t\t\t\t\t\t\t<\/div>\n\t\t\t\t\t\t<div class=\"sow-accordion-open-close-button\">\n\t\t\t\t\t\t\t<div class=\"sow-accordion-open-button\">\n\t\t\t\t\t\t\t\t<span class=\"sow-icon-ionicons\" data-sow-icon=\"&#xf218;\"\n\t\t \n\t\taria-hidden=\"true\"><\/span>\t\t\t\t\t\t\t<\/div>\n\t\t\t\t\t\t\t<div class=\"sow-accordion-close-button\">\n\t\t\t\t\t\t\t\t<span class=\"sow-icon-ionicons\" data-sow-icon=\"&#xf209;\"\n\t\t \n\t\taria-hidden=\"true\"><\/span>\t\t\t\t\t\t\t<\/div>\n\t\t\t\t\t\t<\/div>\n\t\t\t\t\t<\/div>\n\t\t\t\t<\/div>\n\n\t\t\t<div\n\t\t\t\tclass=\"sow-accordion-panel-content\"\n\t\t\t\trole=\"region\"\n\t\t\t\taria-labelledby=\"accordion-label-laborat%c3%b3rio-de-computa%c3%a7%c3%a3o-cient%c3%adfica-%e2%80%93-lcc\"\n\t\t\t\tid=\"accordion-content-laborat%c3%b3rio-de-computa%c3%a7%c3%a3o-cient%c3%adfica-%e2%80%93-lcc\"\n\t\t\t\tstyle=\"display: none;\"\t\t\t>\n\t\t\t\t<div class=\"sow-accordion-panel-border\" tabindex=\"0\">\n\t\t\t\t\t<p><span style=\"color: #008000\">21m\u00b2 de \u00e1rea, 13 computadores, 1 impressora, 2 switches de rede e um ponto de acesso wireless, recebendo no 1\u00ba semestre de 2009 mais 2 computadores ( 1 deles com 4 n\u00facleos de processamento, projeto CNPQ). Laborat\u00f3rio destinado a pesquisa em Engenharia de Software e Computa\u00e7\u00e3o Paralela e Distribu\u00edda.<\/span><\/p>\n\t\t\t\t<\/div>\n\t\t\t<\/div>\n\t\t<\/div>\n\t\t<\/div>\n<\/div>\n<\/div><\/div><\/div><\/div><div id=\"pg-130-2\"  class=\"panel-grid panel-no-style\" ><div id=\"pgc-130-2-0\"  class=\"panel-grid-cell\" ><div id=\"panel-130-2-0-0\" class=\"so-panel widget widget_sow-accordion panel-first-child panel-last-child\" data-index=\"2\" ><div\n\t\t\t\n\t\t\tclass=\"so-widget-sow-accordion so-widget-sow-accordion-default-33396c0f15f1-130\"\n\t\t\t\n\t\t><div>\n\t<div class=\"sow-accordion\">\n\t\t\t<div class=\"sow-accordion-panel\"\n\t\t\t data-anchor=\"laborat%c3%b3rio-de-pesquisa-em-banco-de-dados\">\n\t\t\t\t<div class=\"sow-accordion-panel-header-container\" role=\"heading\" aria-level=\"2\">\n\t\t\t\t\t<div class=\"sow-accordion-panel-header\" tabindex=\"0\" role=\"button\" id=\"accordion-label-laborat%c3%b3rio-de-pesquisa-em-banco-de-dados\" aria-controls=\"accordion-content-laborat%c3%b3rio-de-pesquisa-em-banco-de-dados\" aria-expanded=\"false\">\n\t\t\t\t\t\t<div class=\"sow-accordion-title sow-accordion-title-icon-left\">\n\t\t\t\t\t\t\t\t\t\t\t\t\t\tLABORAT\u00d3RIO DE PESQUISA EM BANCO DE DADOS\t\t\t\t\t\t\t\t\t\t\t\t\t<\/div>\n\t\t\t\t\t\t<div class=\"sow-accordion-open-close-button\">\n\t\t\t\t\t\t\t<div class=\"sow-accordion-open-button\">\n\t\t\t\t\t\t\t\t<span class=\"sow-icon-ionicons\" data-sow-icon=\"&#xf218;\"\n\t\t \n\t\taria-hidden=\"true\"><\/span>\t\t\t\t\t\t\t<\/div>\n\t\t\t\t\t\t\t<div class=\"sow-accordion-close-button\">\n\t\t\t\t\t\t\t\t<span class=\"sow-icon-ionicons\" data-sow-icon=\"&#xf209;\"\n\t\t \n\t\taria-hidden=\"true\"><\/span>\t\t\t\t\t\t\t<\/div>\n\t\t\t\t\t\t<\/div>\n\t\t\t\t\t<\/div>\n\t\t\t\t<\/div>\n\n\t\t\t<div\n\t\t\t\tclass=\"sow-accordion-panel-content\"\n\t\t\t\trole=\"region\"\n\t\t\t\taria-labelledby=\"accordion-label-laborat%c3%b3rio-de-pesquisa-em-banco-de-dados\"\n\t\t\t\tid=\"accordion-content-laborat%c3%b3rio-de-pesquisa-em-banco-de-dados\"\n\t\t\t\tstyle=\"display: none;\"\t\t\t>\n\t\t\t\t<div class=\"sow-accordion-panel-border\" tabindex=\"0\">\n\t\t\t\t\t<p><span style=\"color: #008000\">Espa\u00e7o f\u00edsico compreendendo 21m\u00b2, com uma sala para perman\u00eancia de docente. O laborat\u00f3rio cont\u00e9m os seguintes equipamentos: 5 computadores, 1 impressora jato de tinta, 1 servidor de banco de dados.<\/span><\/p>\n\t\t\t\t<\/div>\n\t\t\t<\/div>\n\t\t<\/div>\n\t\t<\/div>\n<\/div>\n<\/div><\/div><\/div><\/div><div id=\"pg-130-3\"  class=\"panel-grid panel-no-style\" ><div id=\"pgc-130-3-0\"  class=\"panel-grid-cell\" ><div id=\"panel-130-3-0-0\" class=\"so-panel widget widget_sow-accordion panel-first-child panel-last-child\" data-index=\"3\" ><div\n\t\t\t\n\t\t\tclass=\"so-widget-sow-accordion so-widget-sow-accordion-default-33396c0f15f1-130\"\n\t\t\t\n\t\t><div>\n\t<div class=\"sow-accordion\">\n\t\t\t<div class=\"sow-accordion-panel\"\n\t\t\t data-anchor=\"laborat%c3%b3rio-de-automa%c3%a7%c3%a3o-e-rob%c3%b3tica-%e2%80%93-lar\">\n\t\t\t\t<div class=\"sow-accordion-panel-header-container\" role=\"heading\" aria-level=\"2\">\n\t\t\t\t\t<div class=\"sow-accordion-panel-header\" tabindex=\"0\" role=\"button\" id=\"accordion-label-laborat%c3%b3rio-de-automa%c3%a7%c3%a3o-e-rob%c3%b3tica-%e2%80%93-lar\" aria-controls=\"accordion-content-laborat%c3%b3rio-de-automa%c3%a7%c3%a3o-e-rob%c3%b3tica-%e2%80%93-lar\" aria-expanded=\"false\">\n\t\t\t\t\t\t<div class=\"sow-accordion-title sow-accordion-title-icon-left\">\n\t\t\t\t\t\t\t\t\t\t\t\t\t\tLABORAT\u00d3RIO DE AUTOMA\u00c7\u00c3O E ROB\u00d3TICA \u2013 LAR\t\t\t\t\t\t\t\t\t\t\t\t\t<\/div>\n\t\t\t\t\t\t<div class=\"sow-accordion-open-close-button\">\n\t\t\t\t\t\t\t<div class=\"sow-accordion-open-button\">\n\t\t\t\t\t\t\t\t<span class=\"sow-icon-ionicons\" data-sow-icon=\"&#xf218;\"\n\t\t \n\t\taria-hidden=\"true\"><\/span>\t\t\t\t\t\t\t<\/div>\n\t\t\t\t\t\t\t<div class=\"sow-accordion-close-button\">\n\t\t\t\t\t\t\t\t<span class=\"sow-icon-ionicons\" data-sow-icon=\"&#xf209;\"\n\t\t \n\t\taria-hidden=\"true\"><\/span>\t\t\t\t\t\t\t<\/div>\n\t\t\t\t\t\t<\/div>\n\t\t\t\t\t<\/div>\n\t\t\t\t<\/div>\n\n\t\t\t<div\n\t\t\t\tclass=\"sow-accordion-panel-content\"\n\t\t\t\trole=\"region\"\n\t\t\t\taria-labelledby=\"accordion-label-laborat%c3%b3rio-de-automa%c3%a7%c3%a3o-e-rob%c3%b3tica-%e2%80%93-lar\"\n\t\t\t\tid=\"accordion-content-laborat%c3%b3rio-de-automa%c3%a7%c3%a3o-e-rob%c3%b3tica-%e2%80%93-lar\"\n\t\t\t\tstyle=\"display: none;\"\t\t\t>\n\t\t\t\t<div class=\"sow-accordion-panel-border\" tabindex=\"0\">\n\t\t\t\t\t<p><span style=\"color: #008000\">Espa\u00e7o f\u00edsico de 42m\u00b2 sem divis\u00f5es. Este laborat\u00f3rio cont\u00e9m os seguintes equipamentos: kits did\u00e1ticos de sistemas microcontrolados (3) e de sistemas de controle (2); 02 controladores l\u00f3gicos program\u00e1veis (PLC) modelo SR2B201BD da Telemecanique Schneider; 01 oscilosc\u00f3pio 20 MHz, modelo OS-21 da ICEL; 01 gerador de fun\u00e7\u00f5es, modelo 8120 da TOPWARD; 02 fontes de Alimenta\u00e7\u00e3o DC, modelo FA-3003 da INSTRUTHERM; 02 fontes de alimenta\u00e7\u00e3o sim\u00e9trica DC fixada em pain\u00e9is; 01 contador de pulsos; 02 mult\u00edmetros anal\u00f3gicos e 02 mult\u00edmetros digitais; sensores e atuadores; 04 computador pessoais; 01 scanner e componentes e instrumentos eletr\u00f4nicos em geral (resistores, capacitores, transistores, diodos, LEDs, microcontroladores, circuitos integrados, ferros de solda, sugadores de solda, matrizes de contato, pares de ponta de prova e outros).<\/span><\/p>\n<p>&nbsp;<\/p>\n\t\t\t\t<\/div>\n\t\t\t<\/div>\n\t\t<\/div>\n\t\t<\/div>\n<\/div>\n<\/div><\/div><\/div><\/div><div id=\"pg-130-4\"  class=\"panel-grid panel-no-style\" ><div id=\"pgc-130-4-0\"  class=\"panel-grid-cell\" ><div id=\"panel-130-4-0-0\" class=\"so-panel widget widget_sow-accordion panel-first-child panel-last-child\" data-index=\"4\" ><div\n\t\t\t\n\t\t\tclass=\"so-widget-sow-accordion so-widget-sow-accordion-default-33396c0f15f1-130\"\n\t\t\t\n\t\t><div>\n\t<div class=\"sow-accordion\">\n\t\t\t<div class=\"sow-accordion-panel\"\n\t\t\t data-anchor=\"laborat%c3%b3rio-de-eletr%c3%b4nica-e-microprocessadores-%e2%80%93-lem\">\n\t\t\t\t<div class=\"sow-accordion-panel-header-container\" role=\"heading\" aria-level=\"2\">\n\t\t\t\t\t<div class=\"sow-accordion-panel-header\" tabindex=\"0\" role=\"button\" id=\"accordion-label-laborat%c3%b3rio-de-eletr%c3%b4nica-e-microprocessadores-%e2%80%93-lem\" aria-controls=\"accordion-content-laborat%c3%b3rio-de-eletr%c3%b4nica-e-microprocessadores-%e2%80%93-lem\" aria-expanded=\"false\">\n\t\t\t\t\t\t<div class=\"sow-accordion-title sow-accordion-title-icon-left\">\n\t\t\t\t\t\t\t\t\t\t\t\t\t\tLABORAT\u00d3RIO DE ELETR\u00d4NICA E MICROPROCESSADORES \u2013 LEM\t\t\t\t\t\t\t\t\t\t\t\t\t<\/div>\n\t\t\t\t\t\t<div class=\"sow-accordion-open-close-button\">\n\t\t\t\t\t\t\t<div class=\"sow-accordion-open-button\">\n\t\t\t\t\t\t\t\t<span class=\"sow-icon-ionicons\" data-sow-icon=\"&#xf218;\"\n\t\t \n\t\taria-hidden=\"true\"><\/span>\t\t\t\t\t\t\t<\/div>\n\t\t\t\t\t\t\t<div class=\"sow-accordion-close-button\">\n\t\t\t\t\t\t\t\t<span class=\"sow-icon-ionicons\" data-sow-icon=\"&#xf209;\"\n\t\t \n\t\taria-hidden=\"true\"><\/span>\t\t\t\t\t\t\t<\/div>\n\t\t\t\t\t\t<\/div>\n\t\t\t\t\t<\/div>\n\t\t\t\t<\/div>\n\n\t\t\t<div\n\t\t\t\tclass=\"sow-accordion-panel-content\"\n\t\t\t\trole=\"region\"\n\t\t\t\taria-labelledby=\"accordion-label-laborat%c3%b3rio-de-eletr%c3%b4nica-e-microprocessadores-%e2%80%93-lem\"\n\t\t\t\tid=\"accordion-content-laborat%c3%b3rio-de-eletr%c3%b4nica-e-microprocessadores-%e2%80%93-lem\"\n\t\t\t\tstyle=\"display: none;\"\t\t\t>\n\t\t\t\t<div class=\"sow-accordion-panel-border\" tabindex=\"0\">\n\t\t\t\t\t<p><span style=\"color: #008000\">Espa\u00e7o f\u00edsico de 42m\u00b2 sem divis\u00f5es. Este laborat\u00f3rio cont\u00e9m os seguintes equipamentos: 04 kits did\u00e1ticos para estudos de eletr\u00f4nica; 01 oscilosc\u00f3pio 20 MHz, modelo OS-21 da ICEL; 01 gerador de fun\u00e7\u00f5es, modelo 8120 da TOPWARD; 02 fontes de Alimenta\u00e7\u00e3o DC, modelo FA-3003 da INSTRUTHERM; 04 fontes de alimenta\u00e7\u00e3o DC; 01 contador de pulsos; 02 mult\u00edmetros anal\u00f3gicos e 06 mult\u00edmetros digitais; 02 computador pessoais e componentes e instrumentos eletr\u00f4nicos em geral (resistores, capacitores, transistores, diodos, LEDs, circuitos integrados, ferros de solda, sugadores de solda, matrizes de contato, pares de ponta de prova e outros).<\/span><\/p>\n\t\t\t\t<\/div>\n\t\t\t<\/div>\n\t\t<\/div>\n\t\t<\/div>\n<\/div>\n<\/div><\/div><\/div><\/div><div id=\"pg-130-5\"  class=\"panel-grid panel-no-style\" ><div id=\"pgc-130-5-0\"  class=\"panel-grid-cell\" ><div id=\"panel-130-5-0-0\" class=\"so-panel widget widget_sow-accordion panel-first-child panel-last-child\" data-index=\"5\" ><div\n\t\t\t\n\t\t\tclass=\"so-widget-sow-accordion so-widget-sow-accordion-default-33396c0f15f1-130\"\n\t\t\t\n\t\t><div>\n\t<div class=\"sow-accordion\">\n\t\t\t<div class=\"sow-accordion-panel\"\n\t\t\t data-anchor=\"laborat%c3%b3rio-de-fertilidade-do-solo\">\n\t\t\t\t<div class=\"sow-accordion-panel-header-container\" role=\"heading\" aria-level=\"2\">\n\t\t\t\t\t<div class=\"sow-accordion-panel-header\" tabindex=\"0\" role=\"button\" id=\"accordion-label-laborat%c3%b3rio-de-fertilidade-do-solo\" aria-controls=\"accordion-content-laborat%c3%b3rio-de-fertilidade-do-solo\" aria-expanded=\"false\">\n\t\t\t\t\t\t<div class=\"sow-accordion-title sow-accordion-title-icon-left\">\n\t\t\t\t\t\t\t\t\t\t\t\t\t\tLABORAT\u00d3RIO DE FERTILIDADE DO SOLO\t\t\t\t\t\t\t\t\t\t\t\t\t<\/div>\n\t\t\t\t\t\t<div class=\"sow-accordion-open-close-button\">\n\t\t\t\t\t\t\t<div class=\"sow-accordion-open-button\">\n\t\t\t\t\t\t\t\t<span class=\"sow-icon-ionicons\" data-sow-icon=\"&#xf218;\"\n\t\t \n\t\taria-hidden=\"true\"><\/span>\t\t\t\t\t\t\t<\/div>\n\t\t\t\t\t\t\t<div class=\"sow-accordion-close-button\">\n\t\t\t\t\t\t\t\t<span class=\"sow-icon-ionicons\" data-sow-icon=\"&#xf209;\"\n\t\t \n\t\taria-hidden=\"true\"><\/span>\t\t\t\t\t\t\t<\/div>\n\t\t\t\t\t\t<\/div>\n\t\t\t\t\t<\/div>\n\t\t\t\t<\/div>\n\n\t\t\t<div\n\t\t\t\tclass=\"sow-accordion-panel-content\"\n\t\t\t\trole=\"region\"\n\t\t\t\taria-labelledby=\"accordion-label-laborat%c3%b3rio-de-fertilidade-do-solo\"\n\t\t\t\tid=\"accordion-content-laborat%c3%b3rio-de-fertilidade-do-solo\"\n\t\t\t\tstyle=\"display: none;\"\t\t\t>\n\t\t\t\t<div class=\"sow-accordion-panel-border\" tabindex=\"0\">\n\t\t\t\t\t<p>&nbsp;<\/p>\n<p><span style=\"color: #008000\">Laborat\u00f3rio de 110 m\u00b2 com bancadas equipado para a realiza\u00e7\u00e3o de an\u00e1lises qu\u00edmicas de solo e de tecido vegetal. Possui sala de apoio com computador (4) e impressora (3). A infraestrutura em equipamentos \u00e9 constitu\u00edda de geladeira (1), freezer (1), balan\u00e7a anal\u00edtica (2), estufa com circula\u00e7\u00e3o for\u00e7ada de ar (2), moinho de plantas (1), moinho de solos (1), capela para exaust\u00e3o de gases (1), bloco digestor (2), destilador de nitrog\u00eanio-kjeldhal (2), potenci\u00f4metro (2), condutiv\u00edmetro (1), fot\u00f4metro de chama de emiss\u00e3o (2), espectrofot\u00f4metro (2), forno mufla (2), mesa agitadora de solos (2), aparelho separador de resina (1), aparelho recuperador de resina (1), deionizador (1) e aparelho de titula\u00e7\u00e3o (2).<\/span><\/p>\n\t\t\t\t<\/div>\n\t\t\t<\/div>\n\t\t<\/div>\n\t\t<\/div>\n<\/div>\n<\/div><\/div><\/div><\/div><div id=\"pg-130-6\"  class=\"panel-grid panel-no-style\" ><div id=\"pgc-130-6-0\"  class=\"panel-grid-cell\" ><div id=\"panel-130-6-0-0\" class=\"so-panel widget widget_sow-accordion panel-first-child panel-last-child\" data-index=\"6\" ><div\n\t\t\t\n\t\t\tclass=\"so-widget-sow-accordion so-widget-sow-accordion-default-33396c0f15f1-130\"\n\t\t\t\n\t\t><div>\n\t<div class=\"sow-accordion\">\n\t\t\t<div class=\"sow-accordion-panel\"\n\t\t\t data-anchor=\"laborat%c3%b3rio-integrado-de-gradua%c3%a7%c3%a3o-e-p%c3%b3s-gradua%c3%a7%c3%a3o\">\n\t\t\t\t<div class=\"sow-accordion-panel-header-container\" role=\"heading\" aria-level=\"2\">\n\t\t\t\t\t<div class=\"sow-accordion-panel-header\" tabindex=\"0\" role=\"button\" id=\"accordion-label-laborat%c3%b3rio-integrado-de-gradua%c3%a7%c3%a3o-e-p%c3%b3s-gradua%c3%a7%c3%a3o\" aria-controls=\"accordion-content-laborat%c3%b3rio-integrado-de-gradua%c3%a7%c3%a3o-e-p%c3%b3s-gradua%c3%a7%c3%a3o\" aria-expanded=\"false\">\n\t\t\t\t\t\t<div class=\"sow-accordion-title sow-accordion-title-icon-left\">\n\t\t\t\t\t\t\t\t\t\t\t\t\t\tLABORAT\u00d3RIO INTEGRADO DE GRADUA\u00c7\u00c3O E P\u00d3S-GRADUA\u00c7\u00c3O\t\t\t\t\t\t\t\t\t\t\t\t\t<\/div>\n\t\t\t\t\t\t<div class=\"sow-accordion-open-close-button\">\n\t\t\t\t\t\t\t<div class=\"sow-accordion-open-button\">\n\t\t\t\t\t\t\t\t<span class=\"sow-icon-ionicons\" data-sow-icon=\"&#xf218;\"\n\t\t \n\t\taria-hidden=\"true\"><\/span>\t\t\t\t\t\t\t<\/div>\n\t\t\t\t\t\t\t<div class=\"sow-accordion-close-button\">\n\t\t\t\t\t\t\t\t<span class=\"sow-icon-ionicons\" data-sow-icon=\"&#xf209;\"\n\t\t \n\t\taria-hidden=\"true\"><\/span>\t\t\t\t\t\t\t<\/div>\n\t\t\t\t\t\t<\/div>\n\t\t\t\t\t<\/div>\n\t\t\t\t<\/div>\n\n\t\t\t<div\n\t\t\t\tclass=\"sow-accordion-panel-content\"\n\t\t\t\trole=\"region\"\n\t\t\t\taria-labelledby=\"accordion-label-laborat%c3%b3rio-integrado-de-gradua%c3%a7%c3%a3o-e-p%c3%b3s-gradua%c3%a7%c3%a3o\"\n\t\t\t\tid=\"accordion-content-laborat%c3%b3rio-integrado-de-gradua%c3%a7%c3%a3o-e-p%c3%b3s-gradua%c3%a7%c3%a3o\"\n\t\t\t\tstyle=\"display: none;\"\t\t\t>\n\t\t\t\t<div class=\"sow-accordion-panel-border\" tabindex=\"0\">\n\t\t\t\t\t<p><span style=\"color: #008000\">Esse laborat\u00f3rio, compreendendo 21 m\u00b2 destina-se atualmente aos alunos de gradua\u00e7\u00e3o, os quais desenvolvem seus trabalhos de Inicia\u00e7\u00e3o Cient\u00edfica nesse local. Considerando que um dos objetivos do Programa de P\u00f3s Gradua\u00e7\u00e3o em Computa\u00e7\u00e3o Aplicada \u00e0 Agricultura \u00e9 integrar a Gradua\u00e7\u00e3o com a P\u00f3s-Gradua\u00e7\u00e3o, esse laborat\u00f3rio ser\u00e1 destinado tamb\u00e9m a alunos da P\u00f3s-Gradua\u00e7\u00e3o que tenham orientador em comum com os alunos da Gradua\u00e7\u00e3o que usufruem deste laborat\u00f3rio.<\/span><\/p>\n<div><\/div>\n\t\t\t\t<\/div>\n\t\t\t<\/div>\n\t\t<\/div>\n\t\t<\/div>\n<\/div>\n<\/div><\/div><\/div><\/div><\/div>","protected":false},"excerpt":{"rendered":"<p>LABORAT\u00d3RIO DE INFORM\u00c1TICA APLICADA \u00c0S CI\u00caNCIAS AGR\u00c1RIAS E AMBIENTAIS Espa\u00e7o f\u00edsico compreendendo 42m\u00b2, com uma sala para alunos e sala para perman\u00eancia de docentes. O laborat\u00f3rio cont\u00e9m os seguintes equipamentos: 16 computadores Pentium, 2 impressoras jato de tinta, 1 Impressora Multifuncional,2 scanners, 1 Servidor IBM. O INFOAGRO tamb\u00e9m conta com os seguintes equipamentos destinados a&nbsp;&hellip;<\/p>\n","protected":false},"author":378,"featured_media":1519,"parent":0,"menu_order":0,"comment_status":"closed","ping_status":"closed","template":"","meta":[],"_links":{"self":[{"href":"https:\/\/www2.uepg.br\/computacaoaplicada\/wp-json\/wp\/v2\/pages\/130"}],"collection":[{"href":"https:\/\/www2.uepg.br\/computacaoaplicada\/wp-json\/wp\/v2\/pages"}],"about":[{"href":"https:\/\/www2.uepg.br\/computacaoaplicada\/wp-json\/wp\/v2\/types\/page"}],"author":[{"embeddable":true,"href":"https:\/\/www2.uepg.br\/computacaoaplicada\/wp-json\/wp\/v2\/users\/378"}],"replies":[{"embeddable":true,"href":"https:\/\/www2.uepg.br\/computacaoaplicada\/wp-json\/wp\/v2\/comments?post=130"}],"version-history":[{"count":21,"href":"https:\/\/www2.uepg.br\/computacaoaplicada\/wp-json\/wp\/v2\/pages\/130\/revisions"}],"predecessor-version":[{"id":2312,"href":"https:\/\/www2.uepg.br\/computacaoaplicada\/wp-json\/wp\/v2\/pages\/130\/revisions\/2312"}],"wp:featuredmedia":[{"embeddable":true,"href":"https:\/\/www2.uepg.br\/computacaoaplicada\/wp-json\/wp\/v2\/media\/1519"}],"wp:attachment":[{"href":"https:\/\/www2.uepg.br\/computacaoaplicada\/wp-json\/wp\/v2\/media?parent=130"}],"curies":[{"name":"wp","href":"https:\/\/api.w.org\/{rel}","templated":true}]}}