{"id":132,"date":"2022-03-03T09:06:38","date_gmt":"2022-03-03T12:06:38","guid":{"rendered":"https:\/\/www2.uepg.br\/computacaoaplicada\/?page_id=132"},"modified":"2024-07-25T11:07:53","modified_gmt":"2024-07-25T14:07:53","slug":"outros","status":"publish","type":"page","link":"https:\/\/www2.uepg.br\/computacaoaplicada\/outros\/","title":{"rendered":"Outros"},"content":{"rendered":"<h4><span style=\"color: #008000\">Ordens de Servi\u00e7o:<\/span><\/h4>\n<p><span style=\"color: #008000\"><a style=\"color: #008000\" href=\"https:\/\/www2.uepg.br\/computacaoaplicada\/wp-content\/uploads\/sites\/219\/2024\/07\/SEI_UEPG-2099995-Ordem-de-Servico.pdf\">ORDEM DE SERVI\u00c7O BICEN N\u00ba 1\/2024<\/a> &#8211; normas para envio do arquivo de disserta\u00e7\u00e3o \u00e0 BICEN<\/span><\/p>\n","protected":false},"excerpt":{"rendered":"<p>Ordens de Servi\u00e7o: ORDEM DE SERVI\u00c7O BICEN N\u00ba 1\/2024 &#8211; normas para envio do arquivo de disserta\u00e7\u00e3o \u00e0 BICEN<\/p>\n","protected":false},"author":378,"featured_media":0,"parent":0,"menu_order":0,"comment_status":"closed","ping_status":"closed","template":"","meta":[],"_links":{"self":[{"href":"https:\/\/www2.uepg.br\/computacaoaplicada\/wp-json\/wp\/v2\/pages\/132"}],"collection":[{"href":"https:\/\/www2.uepg.br\/computacaoaplicada\/wp-json\/wp\/v2\/pages"}],"about":[{"href":"https:\/\/www2.uepg.br\/computacaoaplicada\/wp-json\/wp\/v2\/types\/page"}],"author":[{"embeddable":true,"href":"https:\/\/www2.uepg.br\/computacaoaplicada\/wp-json\/wp\/v2\/users\/378"}],"replies":[{"embeddable":true,"href":"https:\/\/www2.uepg.br\/computacaoaplicada\/wp-json\/wp\/v2\/comments?post=132"}],"version-history":[{"count":8,"href":"https:\/\/www2.uepg.br\/computacaoaplicada\/wp-json\/wp\/v2\/pages\/132\/revisions"}],"predecessor-version":[{"id":2377,"href":"https:\/\/www2.uepg.br\/computacaoaplicada\/wp-json\/wp\/v2\/pages\/132\/revisions\/2377"}],"wp:attachment":[{"href":"https:\/\/www2.uepg.br\/computacaoaplicada\/wp-json\/wp\/v2\/media?parent=132"}],"curies":[{"name":"wp","href":"https:\/\/api.w.org\/{rel}","templated":true}]}}