{"id":134,"date":"2022-03-03T09:06:38","date_gmt":"2022-03-03T12:06:38","guid":{"rendered":"https:\/\/www2.uepg.br\/computacaoaplicada\/?page_id=134"},"modified":"2026-03-02T09:33:28","modified_gmt":"2026-03-02T12:33:28","slug":"horarios-e-matriculas","status":"publish","type":"page","link":"https:\/\/www2.uepg.br\/computacaoaplicada\/horarios-e-matriculas\/","title":{"rendered":"Hor\u00e1rios e Matr\u00edculas"},"content":{"rendered":"<div><span style=\"color: #008000\">Clique <strong><a style=\"color: #008000\" href=\"https:\/\/www2.uepg.br\/computacaoaplicada\/wp-content\/uploads\/sites\/219\/2025\/06\/Ensalamento_2025-2_PPGCA-1.pdf\">aqui<\/a><\/strong> para baixar o arquivo com o hor\u00e1rio de 2025\/2.<br \/>\nClique <strong><a style=\"color: #008000\" href=\"https:\/\/www2.uepg.br\/computacaoaplicada\/wp-content\/uploads\/sites\/219\/2026\/03\/Ensalamento_2026.1_PPGCA.docx-4.pdf\">aqui<\/a><\/strong> para baixar o arquivo com o hor\u00e1rio de 2026\/1.<br \/>\nClique <strong><a style=\"color: #008000\" href=\"https:\/\/drive.google.com\/file\/d\/1HqVzaWixB9c00MeDm_qlTTO_rECwRwL3\/view?usp=drive_link\">aqui<\/a><\/strong> para baixar o arquivo com o hor\u00e1rio de 2026\/2.<br \/>\n<\/span><\/div>\n<div>\n<hr \/>\n<\/div>\n<div>\n<p><span style=\"color: #008000\">As disciplinas\u00a0<strong>Pesquisa Orientada, ODM I,\u00a0ODM\u00a0 II, Est\u00e1gio Doc\u00eancia<\/strong>, n\u00e3o possuem sala e hor\u00e1rio espec\u00edfico, pois tanto o local como hor\u00e1rio dever\u00e1 ser definido pelo respectivo orientador do aluno.<\/span><\/p>\n<p>&nbsp;<\/p>\n<\/div>\n<p style=\"text-align: left\"><strong style=\"color: #008000\">Per\u00edodo Letivo do 1\u00ba. Semestre de 2026:<\/strong><span style=\"color: #008000\"> 09\/03 a 04\/07\/2026<\/span><\/p>\n<div>\n<p style=\"text-align: left\"><span style=\"color: #008000\"><strong>Per\u00edodo de matr\u00edcula:<\/strong> 02\/03 a 09\/03\/2025<br \/>\n<\/span><\/p>\n<p style=\"text-align: left\"><span style=\"color: #008000\"><strong>In\u00edcio das aulas:<\/strong> 09\/03\/2026<\/span><\/p>\n<\/div>\n","protected":false},"excerpt":{"rendered":"<p>Clique aqui para baixar o arquivo com o hor\u00e1rio de 2025\/2. Clique aqui para baixar o arquivo com o hor\u00e1rio de 2026\/1. Clique aqui para baixar o arquivo com o hor\u00e1rio de 2026\/2. As disciplinas\u00a0Pesquisa Orientada, ODM I,\u00a0ODM\u00a0 II, Est\u00e1gio Doc\u00eancia, n\u00e3o possuem sala e hor\u00e1rio espec\u00edfico, pois tanto o local como hor\u00e1rio dever\u00e1 ser&nbsp;&hellip;<\/p>\n","protected":false},"author":378,"featured_media":1519,"parent":0,"menu_order":0,"comment_status":"closed","ping_status":"closed","template":"","meta":[],"_links":{"self":[{"href":"https:\/\/www2.uepg.br\/computacaoaplicada\/wp-json\/wp\/v2\/pages\/134"}],"collection":[{"href":"https:\/\/www2.uepg.br\/computacaoaplicada\/wp-json\/wp\/v2\/pages"}],"about":[{"href":"https:\/\/www2.uepg.br\/computacaoaplicada\/wp-json\/wp\/v2\/types\/page"}],"author":[{"embeddable":true,"href":"https:\/\/www2.uepg.br\/computacaoaplicada\/wp-json\/wp\/v2\/users\/378"}],"replies":[{"embeddable":true,"href":"https:\/\/www2.uepg.br\/computacaoaplicada\/wp-json\/wp\/v2\/comments?post=134"}],"version-history":[{"count":46,"href":"https:\/\/www2.uepg.br\/computacaoaplicada\/wp-json\/wp\/v2\/pages\/134\/revisions"}],"predecessor-version":[{"id":1484,"href":"https:\/\/www2.uepg.br\/computacaoaplicada\/wp-json\/wp\/v2\/pages\/134\/revisions\/1484"}],"wp:featuredmedia":[{"embeddable":true,"href":"https:\/\/www2.uepg.br\/computacaoaplicada\/wp-json\/wp\/v2\/media\/1519"}],"wp:attachment":[{"href":"https:\/\/www2.uepg.br\/computacaoaplicada\/wp-json\/wp\/v2\/media?parent=134"}],"curies":[{"name":"wp","href":"https:\/\/api.w.org\/{rel}","templated":true}]}}