{"id":137,"date":"2022-03-03T09:06:38","date_gmt":"2022-03-03T12:06:38","guid":{"rendered":"https:\/\/www2.uepg.br\/computacaoaplicada\/?page_id=137"},"modified":"2025-08-13T14:08:12","modified_gmt":"2025-08-13T17:08:12","slug":"linhas-de-pesquisa","status":"publish","type":"page","link":"https:\/\/www2.uepg.br\/computacaoaplicada\/linhas-de-pesquisa\/","title":{"rendered":"\u00c1rea e Linhas de Pesquisa"},"content":{"rendered":"<div style=\"text-align: center\">\n<div style=\"text-align: center\">\n<h4 style=\"text-align: left;margin: 0;padding: 0\"><span style=\"color: #008000\"><strong>\u00c1REA<\/strong><br \/>\nComputa\u00e7\u00e3o para Tecnologias em Agricultura <\/span><\/h4>\n<p>&nbsp;<\/p>\n<\/div>\n<h4 style=\"text-align: left;margin: 0;padding: 0\"><span style=\"color: #008000\"><strong>LINHAS DE PESQUISA<\/strong><\/span><\/h4>\n<h4 style=\"text-align: left;margin: 0;padding: 0\"><span style=\"color: #008000\">Modelagem Computacional Aplicada<\/span><\/h4>\n<\/div>\n<div style=\"text-align: justify;margin: 0;padding: 0\">\n<p><span style=\"color: #008000\">Os projetos desta linha abordam o desenvolvimento e an\u00e1lise de modelos computacionais para tomada de decis\u00e3o, rastreabilidade e simula\u00e7\u00e3o de fen\u00f4menos relacionados \u00e0 produ\u00e7\u00e3o agr\u00edcola e ao meio ambiente. Tamb\u00e9m aborda o emprego de computa\u00e7\u00e3o paralela e distribu\u00edda para otimiza\u00e7\u00e3o de procedimentos de aprendizagem de m\u00e1quina. As aplica\u00e7\u00f5es alvo s\u00e3o relacionadas ao emprego de t\u00e9cnicas de Intelig\u00eancia Artificial em bioinform\u00e1tica, vis\u00e3o computacional para imagens agr\u00edcolas, diagn\u00f3stico autom\u00e1tico e predi\u00e7\u00e3o da ocorr\u00eancia de doen\u00e7as em plantas e o tratamento de informa\u00e7\u00f5es imperfeitas no processamento de dados agr\u00edcolas.<\/span><\/p>\n<\/div>\n<h4 style=\"margin: 0;padding: 0\"><span style=\"color: #008000\">Computa\u00e7\u00e3o, Automa\u00e7\u00e3o e Gest\u00e3o de Dados em Agricultura<\/span><\/h4>\n<div style=\"text-align: justify;margin: 0;padding: 0\"><span style=\"color: #008000\">Essa linha \u00e9 destinada \u00e0 pesquisa e aplica\u00e7\u00e3o de t\u00e9cnicas computacionais em problemas agr\u00edcolas que envolvem a an\u00e1lise e gest\u00e3o de dados, instrumenta\u00e7\u00e3o e automa\u00e7\u00e3o de processos agroindustriais, sensoriamento remoto e aquisi\u00e7\u00e3o e processamento de imagens. Essa linha \u00e9 voltada tamb\u00e9m para o desenvolvimento de solu\u00e7\u00f5es interdisciplinares que integrem a ci\u00eancia, tecnologia e inova\u00e7\u00e3o no contexto da agricultura de precis\u00e3o.<\/span><\/div>\n","protected":false},"excerpt":{"rendered":"<p>\u00c1REA Computa\u00e7\u00e3o para Tecnologias em Agricultura &nbsp; LINHAS DE PESQUISA Modelagem Computacional Aplicada Os projetos desta linha abordam o desenvolvimento e an\u00e1lise de modelos computacionais para tomada de decis\u00e3o, rastreabilidade e simula\u00e7\u00e3o de fen\u00f4menos relacionados \u00e0 produ\u00e7\u00e3o agr\u00edcola e ao meio ambiente. Tamb\u00e9m aborda o emprego de computa\u00e7\u00e3o paralela e distribu\u00edda para otimiza\u00e7\u00e3o de procedimentos&nbsp;&hellip;<\/p>\n","protected":false},"author":378,"featured_media":1519,"parent":0,"menu_order":0,"comment_status":"closed","ping_status":"closed","template":"","meta":[],"_links":{"self":[{"href":"https:\/\/www2.uepg.br\/computacaoaplicada\/wp-json\/wp\/v2\/pages\/137"}],"collection":[{"href":"https:\/\/www2.uepg.br\/computacaoaplicada\/wp-json\/wp\/v2\/pages"}],"about":[{"href":"https:\/\/www2.uepg.br\/computacaoaplicada\/wp-json\/wp\/v2\/types\/page"}],"author":[{"embeddable":true,"href":"https:\/\/www2.uepg.br\/computacaoaplicada\/wp-json\/wp\/v2\/users\/378"}],"replies":[{"embeddable":true,"href":"https:\/\/www2.uepg.br\/computacaoaplicada\/wp-json\/wp\/v2\/comments?post=137"}],"version-history":[{"count":45,"href":"https:\/\/www2.uepg.br\/computacaoaplicada\/wp-json\/wp\/v2\/pages\/137\/revisions"}],"predecessor-version":[{"id":3283,"href":"https:\/\/www2.uepg.br\/computacaoaplicada\/wp-json\/wp\/v2\/pages\/137\/revisions\/3283"}],"wp:featuredmedia":[{"embeddable":true,"href":"https:\/\/www2.uepg.br\/computacaoaplicada\/wp-json\/wp\/v2\/media\/1519"}],"wp:attachment":[{"href":"https:\/\/www2.uepg.br\/computacaoaplicada\/wp-json\/wp\/v2\/media?parent=137"}],"curies":[{"name":"wp","href":"https:\/\/api.w.org\/{rel}","templated":true}]}}