{"id":1372,"date":"2024-06-19T08:47:25","date_gmt":"2024-06-19T11:47:25","guid":{"rendered":"https:\/\/www2.uepg.br\/computacaoaplicada\/?page_id=1372"},"modified":"2024-07-24T16:34:08","modified_gmt":"2024-07-24T19:34:08","slug":"salas-de-aula","status":"publish","type":"page","link":"https:\/\/www2.uepg.br\/computacaoaplicada\/salas-de-aula\/","title":{"rendered":"Salas de Aula"},"content":{"rendered":"<p><span style=\"color: #008000\">As salas de aulas s\u00e3o permamentes junto ao CIPP &#8211; Centro Integrado de Pesquisa e P\u00f3s-Gradua\u00e7\u00e3o.<\/span><\/p>\n","protected":false},"excerpt":{"rendered":"<p>As salas de aulas s\u00e3o permamentes junto ao CIPP &#8211; Centro Integrado de Pesquisa e P\u00f3s-Gradua\u00e7\u00e3o.<\/p>\n","protected":false},"author":661,"featured_media":1519,"parent":0,"menu_order":0,"comment_status":"closed","ping_status":"closed","template":"","meta":[],"_links":{"self":[{"href":"https:\/\/www2.uepg.br\/computacaoaplicada\/wp-json\/wp\/v2\/pages\/1372"}],"collection":[{"href":"https:\/\/www2.uepg.br\/computacaoaplicada\/wp-json\/wp\/v2\/pages"}],"about":[{"href":"https:\/\/www2.uepg.br\/computacaoaplicada\/wp-json\/wp\/v2\/types\/page"}],"author":[{"embeddable":true,"href":"https:\/\/www2.uepg.br\/computacaoaplicada\/wp-json\/wp\/v2\/users\/661"}],"replies":[{"embeddable":true,"href":"https:\/\/www2.uepg.br\/computacaoaplicada\/wp-json\/wp\/v2\/comments?post=1372"}],"version-history":[{"count":2,"href":"https:\/\/www2.uepg.br\/computacaoaplicada\/wp-json\/wp\/v2\/pages\/1372\/revisions"}],"predecessor-version":[{"id":2313,"href":"https:\/\/www2.uepg.br\/computacaoaplicada\/wp-json\/wp\/v2\/pages\/1372\/revisions\/2313"}],"wp:featuredmedia":[{"embeddable":true,"href":"https:\/\/www2.uepg.br\/computacaoaplicada\/wp-json\/wp\/v2\/media\/1519"}],"wp:attachment":[{"href":"https:\/\/www2.uepg.br\/computacaoaplicada\/wp-json\/wp\/v2\/media?parent=1372"}],"curies":[{"name":"wp","href":"https:\/\/api.w.org\/{rel}","templated":true}]}}