{"id":1376,"date":"2024-06-19T09:11:12","date_gmt":"2024-06-19T12:11:12","guid":{"rendered":"https:\/\/www2.uepg.br\/computacaoaplicada\/?page_id=1376"},"modified":"2024-07-24T11:25:47","modified_gmt":"2024-07-24T14:25:47","slug":"missao","status":"publish","type":"page","link":"https:\/\/www2.uepg.br\/computacaoaplicada\/missao\/","title":{"rendered":"Miss\u00e3o"},"content":{"rendered":"<p style=\"text-align: justify;color: black\"><span style=\"color: #008000\">O Programa de P\u00f3s-Gradua\u00e7\u00e3o em Computa\u00e7\u00e3o Aplicada (PPGCA) tem como miss\u00e3o formar profissionais qualificados para desenvolver e aplicar solu\u00e7\u00f5es computacionais inovadoras que contribuam para o avan\u00e7o tecnol\u00f3gico do setor agr\u00edcola. O PPGCA visa capacitar profissionais para atuar no ensino e pesquisa na \u00e1rea de computa\u00e7\u00e3o aplicada \u00e0 agricultura, promovendo a dissemina\u00e7\u00e3o do conhecimento e a gera\u00e7\u00e3o de novas tecnologias que atendam \u00e0s necessidades regionais e nacionais. O programa busca ainda fortalecer a colabora\u00e7\u00e3o entre universidades, empresas e institui\u00e7\u00f5es de pesquisa, incentivando projetos que promovam o desenvolvimento sustent\u00e1vel e tecnol\u00f3gico da agricultura brasileira.<\/span><\/p>\n<p style=\"text-align: justify;color: black\"><span style=\"color: #008000\">Ademais, o PPGCA dedica-se a criar um ambiente acad\u00eamico que estimule a criatividade, a interdisciplinaridade e o esp\u00edrito cr\u00edtico dos alunos, preparando-os para enfrentar os desafios complexos e din\u00e2micos do setor agr\u00edcola. O programa tamb\u00e9m se compromete a realizar atividades de extens\u00e3o que beneficiem as comunidades locais, promovendo a transfer\u00eancia de tecnologia e conhecimento para os produtores rurais e demais <em>stakeholders<\/em> do agroneg\u00f3cio.<\/span><\/p>\n<p style=\"text-align: justify;color: black\"><span style=\"color: #008000\">Al\u00e9m disso, o PPGCA enfatiza a import\u00e2ncia da internacionaliza\u00e7\u00e3o, buscando parcerias com institui\u00e7\u00f5es estrangeiras para interc\u00e2mbio de alunos e pesquisadores, participa\u00e7\u00e3o em projetos colaborativos e compartilhamento de boas pr\u00e1ticas e inova\u00e7\u00f5es. Visando ampliar a perspectiva dos alunos e pesquisadores, oferecendo-lhes uma forma\u00e7\u00e3o mais completa e alinhada com as tend\u00eancias e demandas globais da agricultura e da tecnologia.<\/span><\/p>\n<p style=\"text-align: justify;color: black\"><span style=\"color: #008000\">Por fim, o programa valoriza a cont\u00ednua atualiza\u00e7\u00e3o curricular e metodol\u00f3gica, incorporando as mais recentes descobertas cient\u00edficas e avan\u00e7os tecnol\u00f3gicos no campo da computa\u00e7\u00e3o aplicada \u00e0 agricultura. Dessa forma, o PPGCA assegura que seus egressos estejam na vanguarda do conhecimento e preparados para contribuir efetivamente para a moderniza\u00e7\u00e3o e competitividade do setor agr\u00edcola brasileiro e internacional.<\/span><\/p>\n","protected":false},"excerpt":{"rendered":"<p>O Programa de P\u00f3s-Gradua\u00e7\u00e3o em Computa\u00e7\u00e3o Aplicada (PPGCA) tem como miss\u00e3o formar profissionais qualificados para desenvolver e aplicar solu\u00e7\u00f5es computacionais inovadoras que contribuam para o avan\u00e7o tecnol\u00f3gico do setor agr\u00edcola. O PPGCA visa capacitar profissionais para atuar no ensino e pesquisa na \u00e1rea de computa\u00e7\u00e3o aplicada \u00e0 agricultura, promovendo a dissemina\u00e7\u00e3o do conhecimento e a&nbsp;&hellip;<\/p>\n","protected":false},"author":661,"featured_media":1519,"parent":0,"menu_order":0,"comment_status":"closed","ping_status":"closed","template":"","meta":[],"_links":{"self":[{"href":"https:\/\/www2.uepg.br\/computacaoaplicada\/wp-json\/wp\/v2\/pages\/1376"}],"collection":[{"href":"https:\/\/www2.uepg.br\/computacaoaplicada\/wp-json\/wp\/v2\/pages"}],"about":[{"href":"https:\/\/www2.uepg.br\/computacaoaplicada\/wp-json\/wp\/v2\/types\/page"}],"author":[{"embeddable":true,"href":"https:\/\/www2.uepg.br\/computacaoaplicada\/wp-json\/wp\/v2\/users\/661"}],"replies":[{"embeddable":true,"href":"https:\/\/www2.uepg.br\/computacaoaplicada\/wp-json\/wp\/v2\/comments?post=1376"}],"version-history":[{"count":8,"href":"https:\/\/www2.uepg.br\/computacaoaplicada\/wp-json\/wp\/v2\/pages\/1376\/revisions"}],"predecessor-version":[{"id":1757,"href":"https:\/\/www2.uepg.br\/computacaoaplicada\/wp-json\/wp\/v2\/pages\/1376\/revisions\/1757"}],"wp:featuredmedia":[{"embeddable":true,"href":"https:\/\/www2.uepg.br\/computacaoaplicada\/wp-json\/wp\/v2\/media\/1519"}],"wp:attachment":[{"href":"https:\/\/www2.uepg.br\/computacaoaplicada\/wp-json\/wp\/v2\/media?parent=1376"}],"curies":[{"name":"wp","href":"https:\/\/api.w.org\/{rel}","templated":true}]}}