{"id":1380,"date":"2024-06-19T09:11:23","date_gmt":"2024-06-19T12:11:23","guid":{"rendered":"https:\/\/www2.uepg.br\/computacaoaplicada\/?page_id=1380"},"modified":"2024-06-21T11:52:22","modified_gmt":"2024-06-21T14:52:22","slug":"visao","status":"publish","type":"page","link":"https:\/\/www2.uepg.br\/computacaoaplicada\/visao\/","title":{"rendered":"Vis\u00e3o"},"content":{"rendered":"<p style=\"text-align: justify;color: black\"><span style=\"color: #008000\">Ser reconhecido nacional e internacionalmente como um programa de excel\u00eancia em computa\u00e7\u00e3o aplicada, destacando-se pela qualidade de sua forma\u00e7\u00e3o interdisciplinar, pela relev\u00e2ncia e impacto de suas pesquisas, e pela contribui\u00e7\u00e3o para o desenvolvimento tecnol\u00f3gico e sustent\u00e1vel do setor agr\u00edcola. O PPGCA almeja ser um polo de inova\u00e7\u00e3o e refer\u00eancia na gera\u00e7\u00e3o de solu\u00e7\u00f5es tecnol\u00f3gicas que atendam \u00e0s demandas do mercado agr\u00edcola, formando l\u00edderes e especialistas capazes de transformar desafios em oportunidades para o desenvolvimento socioecon\u00f4mico.<\/span><\/p>\n<p style=\"text-align: justify;color: black\"><span style=\"color: #008000\">Al\u00e9m disso, o PPGCA busca estabelecer parcerias estrat\u00e9gicas com institui\u00e7\u00f5es acad\u00eamicas, centros de pesquisa e empresas do setor agr\u00edcola, tanto no Brasil quanto no exterior, para promover o interc\u00e2mbio de conhecimento e tecnologias avan\u00e7adas. Este enfoque colaborativo visa ampliar o alcance e a aplicabilidade das solu\u00e7\u00f5es desenvolvidas, garantindo que elas sejam alinhadas com as necessidades reais do mercado e das comunidades agr\u00edcolas.<\/span><\/p>\n<p style=\"text-align: justify;color: black\"><span style=\"color: #008000\">O PPGCA tamb\u00e9m se empenha em desenvolver um ambiente de aprendizagem din\u00e2mico e inclusivo, onde alunos e pesquisadores possam explorar novas ideias, metodologias e tecnologias, incentivando a criatividade e a inova\u00e7\u00e3o constante. O programa valoriza a diversidade de perspectivas e experi\u00eancias, reconhecendo que a colabora\u00e7\u00e3o entre diferentes \u00e1reas do conhecimento \u00e9 essencial para abordar os complexos desafios da agricultura moderna.<\/span><\/p>\n<p style=\"text-align: justify;color: black\"><span style=\"color: #008000\">Em sua busca pela excel\u00eancia, o PPGCA est\u00e1 comprometido com a melhoria cont\u00ednua de suas pr\u00e1ticas acad\u00eamicas e de pesquisa, adotando as melhores pr\u00e1ticas internacionais e promovendo uma cultura de avalia\u00e7\u00e3o e feedback constante. Dessa forma, o programa assegura que seus egressos possuam alto n\u00edvel de compet\u00eancia t\u00e9cnica e uma s\u00f3lida compreens\u00e3o das quest\u00f5es \u00e9ticas e sociais relacionadas ao uso da tecnologia na agricultura.<\/span><\/p>\n<p style=\"text-align: justify;color: black\"><span style=\"color: #008000\">Por fim, o PPGCA pretende ser um catalisador para o desenvolvimento sustent\u00e1vel da agricultura, contribuindo para a conserva\u00e7\u00e3o dos recursos naturais e a promo\u00e7\u00e3o de pr\u00e1ticas agr\u00edcolas que sejam ambientalmente respons\u00e1veis e economicamente vi\u00e1veis. Ao formar profissionais capazes de integrar conhecimentos de computa\u00e7\u00e3o e agricultura com uma vis\u00e3o de sustentabilidade, o programa busca impactar positivamente a sociedade e o meio ambiente, garantindo um futuro pr\u00f3spero e equilibrado para as pr\u00f3ximas gera\u00e7\u00f5es.<\/span><\/p>\n","protected":false},"excerpt":{"rendered":"<p>Ser reconhecido nacional e internacionalmente como um programa de excel\u00eancia em computa\u00e7\u00e3o aplicada, destacando-se pela qualidade de sua forma\u00e7\u00e3o interdisciplinar, pela relev\u00e2ncia e impacto de suas pesquisas, e pela contribui\u00e7\u00e3o para o desenvolvimento tecnol\u00f3gico e sustent\u00e1vel do setor agr\u00edcola. O PPGCA almeja ser um polo de inova\u00e7\u00e3o e refer\u00eancia na gera\u00e7\u00e3o de solu\u00e7\u00f5es tecnol\u00f3gicas que&nbsp;&hellip;<\/p>\n","protected":false},"author":661,"featured_media":1519,"parent":0,"menu_order":0,"comment_status":"closed","ping_status":"closed","template":"","meta":[],"_links":{"self":[{"href":"https:\/\/www2.uepg.br\/computacaoaplicada\/wp-json\/wp\/v2\/pages\/1380"}],"collection":[{"href":"https:\/\/www2.uepg.br\/computacaoaplicada\/wp-json\/wp\/v2\/pages"}],"about":[{"href":"https:\/\/www2.uepg.br\/computacaoaplicada\/wp-json\/wp\/v2\/types\/page"}],"author":[{"embeddable":true,"href":"https:\/\/www2.uepg.br\/computacaoaplicada\/wp-json\/wp\/v2\/users\/661"}],"replies":[{"embeddable":true,"href":"https:\/\/www2.uepg.br\/computacaoaplicada\/wp-json\/wp\/v2\/comments?post=1380"}],"version-history":[{"count":6,"href":"https:\/\/www2.uepg.br\/computacaoaplicada\/wp-json\/wp\/v2\/pages\/1380\/revisions"}],"predecessor-version":[{"id":1565,"href":"https:\/\/www2.uepg.br\/computacaoaplicada\/wp-json\/wp\/v2\/pages\/1380\/revisions\/1565"}],"wp:featuredmedia":[{"embeddable":true,"href":"https:\/\/www2.uepg.br\/computacaoaplicada\/wp-json\/wp\/v2\/media\/1519"}],"wp:attachment":[{"href":"https:\/\/www2.uepg.br\/computacaoaplicada\/wp-json\/wp\/v2\/media?parent=1380"}],"curies":[{"name":"wp","href":"https:\/\/api.w.org\/{rel}","templated":true}]}}