{"id":1407,"date":"2024-06-19T09:32:47","date_gmt":"2024-06-19T12:32:47","guid":{"rendered":"https:\/\/www2.uepg.br\/computacaoaplicada\/?page_id=1407"},"modified":"2026-03-11T11:07:00","modified_gmt":"2026-03-11T14:07:00","slug":"extensao","status":"publish","type":"page","link":"https:\/\/www2.uepg.br\/computacaoaplicada\/extensao\/","title":{"rendered":"Projetos de Extens\u00e3o"},"content":{"rendered":"<div id=\"pl-1407\"  class=\"panel-layout\" ><div id=\"pg-1407-0\"  class=\"panel-grid panel-no-style\" ><div id=\"pgc-1407-0-0\"  class=\"panel-grid-cell\" ><div id=\"panel-1407-0-0-0\" class=\"so-panel widget widget_sow-accordion panel-first-child\" data-index=\"0\" ><div\n\t\t\t\n\t\t\tclass=\"so-widget-sow-accordion so-widget-sow-accordion-default-33396c0f15f1-1407\"\n\t\t\t\n\t\t><div>\n\t<div class=\"sow-accordion\">\n\t\t\t<div class=\"sow-accordion-panel\"\n\t\t\t data-anchor=\"proenzem-projeto-de-intera%c3%a7%c3%a3o-das-engenharias-e-zootecnia-com-o-ensino-m%c3%a9dio\">\n\t\t\t\t<div class=\"sow-accordion-panel-header-container\" role=\"heading\" aria-level=\"2\">\n\t\t\t\t\t<div class=\"sow-accordion-panel-header\" tabindex=\"0\" role=\"button\" id=\"accordion-label-proenzem-projeto-de-intera%c3%a7%c3%a3o-das-engenharias-e-zootecnia-com-o-ensino-m%c3%a9dio\" aria-controls=\"accordion-content-proenzem-projeto-de-intera%c3%a7%c3%a3o-das-engenharias-e-zootecnia-com-o-ensino-m%c3%a9dio\" aria-expanded=\"false\">\n\t\t\t\t\t\t<div class=\"sow-accordion-title sow-accordion-title-icon-left\">\n\t\t\t\t\t\t\t\t\t\t\t\t\t\tPROENZEM - Projeto de Intera\u00e7\u00e3o das Engenharias e Zootecnia com o Ensino M\u00e9dio\t\t\t\t\t\t\t\t\t\t\t\t\t<\/div>\n\t\t\t\t\t\t<div class=\"sow-accordion-open-close-button\">\n\t\t\t\t\t\t\t<div class=\"sow-accordion-open-button\">\n\t\t\t\t\t\t\t\t<span class=\"sow-icon-ionicons\" data-sow-icon=\"&#xf218;\"\n\t\t \n\t\taria-hidden=\"true\"><\/span>\t\t\t\t\t\t\t<\/div>\n\t\t\t\t\t\t\t<div class=\"sow-accordion-close-button\">\n\t\t\t\t\t\t\t\t<span class=\"sow-icon-ionicons\" data-sow-icon=\"&#xf209;\"\n\t\t \n\t\taria-hidden=\"true\"><\/span>\t\t\t\t\t\t\t<\/div>\n\t\t\t\t\t\t<\/div>\n\t\t\t\t\t<\/div>\n\t\t\t\t<\/div>\n\n\t\t\t<div\n\t\t\t\tclass=\"sow-accordion-panel-content\"\n\t\t\t\trole=\"region\"\n\t\t\t\taria-labelledby=\"accordion-label-proenzem-projeto-de-intera%c3%a7%c3%a3o-das-engenharias-e-zootecnia-com-o-ensino-m%c3%a9dio\"\n\t\t\t\tid=\"accordion-content-proenzem-projeto-de-intera%c3%a7%c3%a3o-das-engenharias-e-zootecnia-com-o-ensino-m%c3%a9dio\"\n\t\t\t\tstyle=\"display: none;\"\t\t\t>\n\t\t\t\t<div class=\"sow-accordion-panel-border\" tabindex=\"0\">\n\t\t\t\t\t<div id=\"pg-6-0\" class=\"panel-grid panel-no-style\" data-color-label=\"1\">\n<div id=\"pgc-6-0-0\" class=\"panel-grid-cell panel-grid-cell-empty\" data-weight=\"1\">\n<div class=\"entry-content\" style=\"text-align: justify\">\n<div id=\"pl-6\" class=\"panel-layout\"><span style=\"color: #008000\">Este Projeto de Extens\u00e3o tem como objetivo principal despertar o interesse dos alunos do ensino m\u00e9dio pelos cursos ofertados pelo Setor de Engenharias, Ci\u00eancias Agr\u00e1rias e de Tecnologia (SECATE), que s\u00e3o: Engenharia de Materiais, Engenharia de Alimentos, Engenharia Civil, Engenharia de Computa\u00e7\u00e3o, Engenharia de Software, Agronomia e Zootecnia. \u00a0O estreitamento do relacionamento entre a Universidade e os Col\u00e9gios de Ensino M\u00e9dio mostra as possibilidades de intera\u00e7\u00e3o que podem e devem existir.<\/span><span style=\"color: #008000\">As atividades propostas nesse Programa visam estimular o aluno a conhecer e vivenciar o curso a ser realizado no Ensino Superior, antes do seu ingresso na Universidade, permitindo assim, despertar seu senso cr\u00edtico, para que ele possa tomar decis\u00f5es, qualificando-se para a escolha de uma profiss\u00e3o. As atividades realizadas s\u00e3o palestras, oficinas de experimenta\u00e7\u00e3o tecnol\u00f3gica, feiras de ci\u00eancias. O desenvolvimento desse Programa \u00e9 realizado nas escolas de ensino m\u00e9dio dos Campos Gerais e na Universidade, utilizando como espa\u00e7os o Hall Tecnol\u00f3gico e os laborat\u00f3rios dos cursos do SECATE.<\/span>\n<p><span style=\"color: #008000\"><strong>\u00a0<\/strong>Tem como objetivos realizar atividades que visem estimular o aluno do Ensino M\u00e9dio a conhecer e vivenciar os cursos oferecidos pelo Setor de Engenharias, Ci\u00eancias Agr\u00e1rias e de Tecnologia (SECATE) da UEPG, permitindo assim, despertar seu senso cr\u00edtico, para que ele possa tomar decis\u00f5es, qualificando-se para a escolha de uma profiss\u00e3o.<\/span><\/p>\n<p><span style=\"color: #008000\">Saiba mais no\u00a0<strong><a style=\"color: #008000\" href=\"https:\/\/www2.uepg.br\/proenzem\/\">site do projeto<\/a><\/strong><\/span><\/p>\n<\/div>\n<\/div>\n<\/div>\n<\/div>\n\t\t\t\t<\/div>\n\t\t\t<\/div>\n\t\t<\/div>\n\t\t<\/div>\n<\/div>\n<\/div><\/div><div id=\"panel-1407-0-0-1\" class=\"so-panel widget widget_sow-accordion\" data-index=\"1\" ><div\n\t\t\t\n\t\t\tclass=\"so-widget-sow-accordion so-widget-sow-accordion-default-33396c0f15f1-1407\"\n\t\t\t\n\t\t><div>\n\t<div class=\"sow-accordion\">\n\t\t\t<div class=\"sow-accordion-panel\"\n\t\t\t data-anchor=\"tecnologias-digitais-para-planejamento-e-sustentabilidade-da-agricultura-familiar-nos-campos-gerais\">\n\t\t\t\t<div class=\"sow-accordion-panel-header-container\" role=\"heading\" aria-level=\"2\">\n\t\t\t\t\t<div class=\"sow-accordion-panel-header\" tabindex=\"0\" role=\"button\" id=\"accordion-label-tecnologias-digitais-para-planejamento-e-sustentabilidade-da-agricultura-familiar-nos-campos-gerais\" aria-controls=\"accordion-content-tecnologias-digitais-para-planejamento-e-sustentabilidade-da-agricultura-familiar-nos-campos-gerais\" aria-expanded=\"false\">\n\t\t\t\t\t\t<div class=\"sow-accordion-title sow-accordion-title-icon-left\">\n\t\t\t\t\t\t\t\t\t\t\t\t\t\tTecnologias Digitais para Planejamento e Sustentabilidade da Agricultura Familiar nos Campos Gerais\t\t\t\t\t\t\t\t\t\t\t\t\t<\/div>\n\t\t\t\t\t\t<div class=\"sow-accordion-open-close-button\">\n\t\t\t\t\t\t\t<div class=\"sow-accordion-open-button\">\n\t\t\t\t\t\t\t\t<span class=\"sow-icon-ionicons\" data-sow-icon=\"&#xf218;\"\n\t\t \n\t\taria-hidden=\"true\"><\/span>\t\t\t\t\t\t\t<\/div>\n\t\t\t\t\t\t\t<div class=\"sow-accordion-close-button\">\n\t\t\t\t\t\t\t\t<span class=\"sow-icon-ionicons\" data-sow-icon=\"&#xf209;\"\n\t\t \n\t\taria-hidden=\"true\"><\/span>\t\t\t\t\t\t\t<\/div>\n\t\t\t\t\t\t<\/div>\n\t\t\t\t\t<\/div>\n\t\t\t\t<\/div>\n\n\t\t\t<div\n\t\t\t\tclass=\"sow-accordion-panel-content\"\n\t\t\t\trole=\"region\"\n\t\t\t\taria-labelledby=\"accordion-label-tecnologias-digitais-para-planejamento-e-sustentabilidade-da-agricultura-familiar-nos-campos-gerais\"\n\t\t\t\tid=\"accordion-content-tecnologias-digitais-para-planejamento-e-sustentabilidade-da-agricultura-familiar-nos-campos-gerais\"\n\t\t\t\tstyle=\"display: none;\"\t\t\t>\n\t\t\t\t<div class=\"sow-accordion-panel-border\" tabindex=\"0\">\n\t\t\t\t\t<div id=\"pg-6-0\" class=\"panel-grid panel-no-style\" data-color-label=\"1\">\n<div id=\"pgc-6-0-0\" class=\"panel-grid-cell panel-grid-cell-empty\" data-weight=\"1\">\n<div class=\"entry-content\" style=\"text-align: justify\">\n<div id=\"pl-6\" class=\"panel-layout\">\n<p><span style=\"color: #008000\">O objetivo do projeto \u00e9 promover o uso de tecnologias digitais para fortalecer a agricultura familiar dos Campos Gerais, ampliando autonomia produtiva, sustentabilidade e qualifica\u00e7\u00e3o do planejamento rural, em alinhamento \u00e0s demandas do N\u00facleo de Coopera\u00e7\u00e3o Socioambiental e em parceria com a Itaipu Parquetec. Coordenado pela Prof\u1d43. Dr\u1d43. Maria Salete Marcon Gomes Vaz em conjunto com alunos do Mestrado em Computa\u00e7\u00e3o Aplicada e de inicia\u00e7\u00e3o cient\u00edfica (IC) , o projeto tem como prop\u00f3sito fortalecer a agricultura familiar por meio da incorpora\u00e7\u00e3o de tecnologias digitais e de um processo cont\u00ednuo de capacita\u00e7\u00e3o. Suas a\u00e7\u00f5es abrangem oficinas pr\u00e1ticas, visitas t\u00e9cnicas, diagn\u00f3sticos territoriais e a implementa\u00e7\u00e3o de ferramentas computacionais para apoiar o planejamento, a gest\u00e3o produtiva e a tomada de decis\u00e3o. A iniciativa promove maior autonomia aos produtores, qualifica a organiza\u00e7\u00e3o das propriedades, estimula pr\u00e1ticas ambientalmente sustent\u00e1veis e amplia a inclus\u00e3o digital no meio rural. Ao integrar ensino, pesquisa e extens\u00e3o, o projeto refor\u00e7a o compromisso da UEPG com o desenvolvimento territorial e a inova\u00e7\u00e3o no campo.<\/span><\/p>\n<\/div>\n<\/div>\n<\/div>\n<\/div>\n\t\t\t\t<\/div>\n\t\t\t<\/div>\n\t\t<\/div>\n\t\t<\/div>\n<\/div>\n<\/div><\/div><div id=\"panel-1407-0-0-2\" class=\"so-panel widget widget_sow-accordion panel-last-child\" data-index=\"2\" ><div\n\t\t\t\n\t\t\tclass=\"so-widget-sow-accordion so-widget-sow-accordion-default-33396c0f15f1-1407\"\n\t\t\t\n\t\t><div>\n\t<div class=\"sow-accordion\">\n\t\t\t<div class=\"sow-accordion-panel\"\n\t\t\t data-anchor=\"tecnologias-no-campo-e-capacita%c3%a7%c3%a3o-de-pequenos-e-m%c3%a9dios-produtores-rurais\">\n\t\t\t\t<div class=\"sow-accordion-panel-header-container\" role=\"heading\" aria-level=\"2\">\n\t\t\t\t\t<div class=\"sow-accordion-panel-header\" tabindex=\"0\" role=\"button\" id=\"accordion-label-tecnologias-no-campo-e-capacita%c3%a7%c3%a3o-de-pequenos-e-m%c3%a9dios-produtores-rurais\" aria-controls=\"accordion-content-tecnologias-no-campo-e-capacita%c3%a7%c3%a3o-de-pequenos-e-m%c3%a9dios-produtores-rurais\" aria-expanded=\"false\">\n\t\t\t\t\t\t<div class=\"sow-accordion-title sow-accordion-title-icon-left\">\n\t\t\t\t\t\t\t\t\t\t\t\t\t\tTecnologias no Campo e Capacita\u00e7\u00e3o de Pequenos e M\u00e9dios Produtores Rurais\t\t\t\t\t\t\t\t\t\t\t\t\t<\/div>\n\t\t\t\t\t\t<div class=\"sow-accordion-open-close-button\">\n\t\t\t\t\t\t\t<div class=\"sow-accordion-open-button\">\n\t\t\t\t\t\t\t\t<span class=\"sow-icon-ionicons\" data-sow-icon=\"&#xf218;\"\n\t\t \n\t\taria-hidden=\"true\"><\/span>\t\t\t\t\t\t\t<\/div>\n\t\t\t\t\t\t\t<div class=\"sow-accordion-close-button\">\n\t\t\t\t\t\t\t\t<span class=\"sow-icon-ionicons\" data-sow-icon=\"&#xf209;\"\n\t\t \n\t\taria-hidden=\"true\"><\/span>\t\t\t\t\t\t\t<\/div>\n\t\t\t\t\t\t<\/div>\n\t\t\t\t\t<\/div>\n\t\t\t\t<\/div>\n\n\t\t\t<div\n\t\t\t\tclass=\"sow-accordion-panel-content\"\n\t\t\t\trole=\"region\"\n\t\t\t\taria-labelledby=\"accordion-label-tecnologias-no-campo-e-capacita%c3%a7%c3%a3o-de-pequenos-e-m%c3%a9dios-produtores-rurais\"\n\t\t\t\tid=\"accordion-content-tecnologias-no-campo-e-capacita%c3%a7%c3%a3o-de-pequenos-e-m%c3%a9dios-produtores-rurais\"\n\t\t\t\tstyle=\"display: none;\"\t\t\t>\n\t\t\t\t<div class=\"sow-accordion-panel-border\" tabindex=\"0\">\n\t\t\t\t\t<div id=\"pg-6-0\" class=\"panel-grid panel-no-style\" data-color-label=\"1\">\n<div id=\"pgc-6-0-0\" class=\"panel-grid-cell panel-grid-cell-empty\" data-weight=\"1\">\n<div class=\"entry-content\" style=\"text-align: justify\">\n<div id=\"pl-6\" class=\"panel-layout\">\n<p><span style=\"color: #008000\">A ado\u00e7\u00e3o de tecnologias avan\u00e7adas no agroneg\u00f3cio \u00e9 um desafio para pequenos e m\u00e9dios produtores, devido a barreiras financeiras, falta de conhecimento e infraestrutura rural limitada. Esse cen\u00e1rio compromete a competitividade e sustentabilidade desses agricultores, que enfrentam dificuldades para implementar solu\u00e7\u00f5es como monitoramento por sat\u00e9lite, drones e softwares de gest\u00e3o agr\u00edcola. O projeto proposto busca superar essas limita\u00e7\u00f5es, integrando pr\u00e1ticas computacionais e tecnologias acess\u00edveis, com capacita\u00e7\u00e3o cont\u00ednua e suporte t\u00e9cnico, para otimizar a produtividade, reduzir custos e promover a sustentabilidade ambiental e social no setor agr\u00edcola.<\/span><\/p>\n<p><span style=\"color: #008000\">Com o envolvimento do Programa de P\u00f3s-Gradua\u00e7\u00e3o em Computa\u00e7\u00e3o Aplicada e da AGIPI, o projeto alia conhecimento cient\u00edfico e inova\u00e7\u00e3o tecnol\u00f3gica, promovendo solu\u00e7\u00f5es para desafios espec\u00edficos, como previs\u00e3o de safras e gest\u00e3o de recursos. Espera-se impactos diretos, como aumento da renda e qualidade de vida dos produtores, e benef\u00edcios indiretos, incluindo desenvolvimento socioecon\u00f4mico local, melhoria na sa\u00fade e educa\u00e7\u00e3o, e incentivo \u00e0 sustentabilidade ambiental. Assim, o projeto visa transformar o agroneg\u00f3cio em um modelo mais inclusivo e competitivo, integrando pequenos e m\u00e9dios produtores ao mercado global.<\/span><\/p>\n<p><span style=\"color: #008000\">Saiba mais no\u00a0<strong><a style=\"color: #008000\" href=\"https:\/\/www2.uepg.br\/tecnologias-no-campo\/\">site do projeto<\/a><\/strong><\/span><\/p>\n<\/div>\n<\/div>\n<\/div>\n<\/div>\n\t\t\t\t<\/div>\n\t\t\t<\/div>\n\t\t<\/div>\n\t\t<\/div>\n<\/div>\n<\/div><\/div><\/div><\/div><\/div>","protected":false},"excerpt":{"rendered":"<p>PROENZEM &#8211; Projeto de Intera\u00e7\u00e3o das Engenharias e Zootecnia com o Ensino M\u00e9dio Este Projeto de Extens\u00e3o tem como objetivo principal despertar o interesse dos alunos do ensino m\u00e9dio pelos cursos ofertados pelo Setor de Engenharias, Ci\u00eancias Agr\u00e1rias e de Tecnologia (SECATE), que s\u00e3o: Engenharia de Materiais, Engenharia de Alimentos, Engenharia Civil, Engenharia de Computa\u00e7\u00e3o,&nbsp;&hellip;<\/p>\n","protected":false},"author":661,"featured_media":1519,"parent":0,"menu_order":0,"comment_status":"closed","ping_status":"closed","template":"","meta":[],"_links":{"self":[{"href":"https:\/\/www2.uepg.br\/computacaoaplicada\/wp-json\/wp\/v2\/pages\/1407"}],"collection":[{"href":"https:\/\/www2.uepg.br\/computacaoaplicada\/wp-json\/wp\/v2\/pages"}],"about":[{"href":"https:\/\/www2.uepg.br\/computacaoaplicada\/wp-json\/wp\/v2\/types\/page"}],"author":[{"embeddable":true,"href":"https:\/\/www2.uepg.br\/computacaoaplicada\/wp-json\/wp\/v2\/users\/661"}],"replies":[{"embeddable":true,"href":"https:\/\/www2.uepg.br\/computacaoaplicada\/wp-json\/wp\/v2\/comments?post=1407"}],"version-history":[{"count":16,"href":"https:\/\/www2.uepg.br\/computacaoaplicada\/wp-json\/wp\/v2\/pages\/1407\/revisions"}],"predecessor-version":[{"id":3488,"href":"https:\/\/www2.uepg.br\/computacaoaplicada\/wp-json\/wp\/v2\/pages\/1407\/revisions\/3488"}],"wp:featuredmedia":[{"embeddable":true,"href":"https:\/\/www2.uepg.br\/computacaoaplicada\/wp-json\/wp\/v2\/media\/1519"}],"wp:attachment":[{"href":"https:\/\/www2.uepg.br\/computacaoaplicada\/wp-json\/wp\/v2\/media?parent=1407"}],"curies":[{"name":"wp","href":"https:\/\/api.w.org\/{rel}","templated":true}]}}