{"id":145,"date":"2022-03-03T09:06:38","date_gmt":"2022-03-03T12:06:38","guid":{"rendered":"https:\/\/www2.uepg.br\/computacaoaplicada\/?page_id=145"},"modified":"2025-11-18T15:15:46","modified_gmt":"2025-11-18T18:15:46","slug":"regulamento","status":"publish","type":"page","link":"https:\/\/www2.uepg.br\/computacaoaplicada\/regulamento\/","title":{"rendered":"Regulamento e Relat\u00f3rios de Avalia\u00e7\u00e3o"},"content":{"rendered":"<p><span style=\"color: #008000\"><strong>REGULAMENTO DO PROGRAMA DE P\u00d3S-GRADUA\u00c7\u00c3O EM COMPUTA\u00c7\u00c3O APLICADA<\/strong><\/span><\/p>\n<p><span style=\"color: #008000\">Clique\u00a0<a style=\"color: #008000\" href=\"https:\/\/www2.uepg.br\/computacaoaplicada\/wp-content\/uploads\/sites\/219\/2022\/03\/Novo-Regulamento-PPGCA_AprovadoCEPE.pdf\" target=\"_blank\" rel=\"noopener\">aqui<\/a>\u00a0para ler o\u00a0<strong>Novo regulamento, pelo CEPE em 21 de Novembro de 2017,\u00a0v\u00e1lido para as turmas ingressantes a partir de\u00a0mar\u00e7o de 2018<\/strong><\/span><\/p>\n<p><span style=\"color: #008000\">Clique\u00a0<a style=\"color: #008000\" href=\"https:\/\/www2.uepg.br\/computacaoaplicada\/wp-content\/uploads\/sites\/219\/2022\/03\/Regulamento_Mestrado_em_Computacao_Aplicada_UEPG_2010.pdf\" target=\"_blank\" rel=\"noopener\">aqui<\/a>\u00a0para ler o\u00a0<strong>Regulamento\u00a0Anterior<\/strong><\/span><\/p>\n<hr \/>\n<p><span style=\"color: #008000\"><strong>REGULAMENTOS DA UNIVERSIDADE ESTADUAL DE PONTA GROSSA<\/strong><\/span><\/p>\n<p><span style=\"color: #008000\">Clique\u00a0<a style=\"color: #008000\" href=\"https:\/\/www2.uepg.br\/computacaoaplicada\/wp-content\/uploads\/sites\/219\/2022\/03\/Resolucao-CEPE-30-2016-ODT.pdf\" target=\"_blank\" rel=\"noopener\">aqui<\/a>\u00a0para ler o\u00a0<strong>Regulamento de Orienta\u00e7\u00e3o de Disserta\u00e7\u00e3o de Mestrado nos Programas de P\u00f3s-Gradua\u00e7\u00e3o Stricto Sensu da UEPG<\/strong><\/span><\/p>\n<p><span style=\"color: #008000\">Clique\u00a0<a style=\"color: #008000\" href=\"https:\/\/www2.uepg.br\/computacaoaplicada\/wp-content\/uploads\/sites\/219\/2022\/03\/Resolucao-CEPE-021-2016-Regulamento-do-Estagio-de-Docencia-de-Discentes-dos-Cursos-PPG-Stricto-Sensu.pdf\" target=\"_blank\" rel=\"noopener\">aqui<\/a>\u00a0para ler o\u00a0<strong>Regulamento do Est\u00e1gio de Doc\u00eancia de Discentes dos Cursos de P\u00f3s-Gradua\u00e7\u00e3o Stricto Sensu da UEPG<\/strong><\/span><\/p>\n<p><span style=\"color: #008000\">Clique\u00a0<a style=\"color: #008000\" href=\"https:\/\/www2.uepg.br\/computacaoaplicada\/wp-content\/uploads\/sites\/219\/2022\/03\/Resolucao-CEPE-020-2016-Regulamento-Geral-dos-PPG-Stricto-Sensu-da-UEPG.pdf\" target=\"_blank\" rel=\"noopener\">aqui<\/a>\u00a0para ler o\u00a0<strong>Regulamento Geral dos Programas de P\u00f3s-gradua\u00e7\u00e3o Stricto Sensu da UEPG<\/strong><\/span><\/p>\n<p><span style=\"color: #008000\">Clique\u00a0<a style=\"color: #008000\" href=\"https:\/\/www2.uepg.br\/computacaoaplicada\/wp-content\/uploads\/sites\/219\/2022\/03\/res-CEPE-28-2012.pdf\" target=\"_blank\" rel=\"noopener\">aqui<\/a>\u00a0para ler o\u00a0<strong>Regulamento de Regime Domiciliar e de Abono de Faltas para os Cursos de P\u00f3s-Gradua\u00e7\u00e3o da UEPG<\/strong><\/span><\/p>\n<p><span style=\"color: #008000\">Clique\u00a0<a style=\"color: #008000\" href=\"https:\/\/www2.uepg.br\/computacaoaplicada\/wp-content\/uploads\/sites\/219\/2022\/03\/ResCEPE039.pdf\" target=\"_blank\" rel=\"noopener\">aqui<\/a>\u00a0para ler o\u00a0<strong>Regimento Geral dos Programas de P\u00f3s-Gradua\u00e7\u00e3o Stricto Sensu da UEPG<\/strong><\/span><\/p>\n<hr \/>\n<p><span style=\"color: #008000\"><strong>RELAT\u00d3RIOS DE AVALIA\u00c7\u00c3O<\/strong><\/span><\/p>\n<p><span style=\"color: #008000\">Clique\u00a0<a style=\"color: #008000\" href=\"https:\/\/www2.uepg.br\/computacaoaplicada\/wp-content\/uploads\/sites\/219\/2025\/08\/Relatorio_Autoavaliacao_Institucional_2024.pdf\" target=\"_blank\" rel=\"noopener\">aqui<\/a> para ler o <strong>Relat\u00f3rio de Auto-Avalia\u00e7\u00e3o Institucional 2024<\/strong><\/span><\/p>\n<p><span style=\"color: #008000\">Clique <a style=\"color: #008000\" href=\"https:\/\/drive.google.com\/file\/d\/1oVfEF-lSpzearTy4bKeDTbf6ZJwyOnCc\/view?usp=sharing\" target=\"_blank\" rel=\"noopener\">aqui<\/a> para ler a an\u00e1lise do <strong>Relat\u00f3rio de Auto-Avalia\u00e7\u00e3o Institucional 2024 <\/strong>referente ao Programa de P\u00f3s-Gradua\u00e7\u00e3o em Computa\u00e7\u00e3o Aplicada &#8211; PPGCA<\/span><\/p>\n<p><span style=\"color: #008000\">Clique\u00a0<a style=\"color: #008000\" href=\"https:\/\/www2.uepg.br\/computacaoaplicada\/wp-content\/uploads\/sites\/219\/2025\/08\/Rela_Av_Institucional_2024_SECATE.pdf\" target=\"_blank\" rel=\"noopener\">aqui<\/a> para ler o <strong>Relat\u00f3rio do SECATE 2024<\/strong><\/span><\/p>\n","protected":false},"excerpt":{"rendered":"<p>REGULAMENTO DO PROGRAMA DE P\u00d3S-GRADUA\u00c7\u00c3O EM COMPUTA\u00c7\u00c3O APLICADA Clique\u00a0aqui\u00a0para ler o\u00a0Novo regulamento, pelo CEPE em 21 de Novembro de 2017,\u00a0v\u00e1lido para as turmas ingressantes a partir de\u00a0mar\u00e7o de 2018 Clique\u00a0aqui\u00a0para ler o\u00a0Regulamento\u00a0Anterior REGULAMENTOS DA UNIVERSIDADE ESTADUAL DE PONTA GROSSA Clique\u00a0aqui\u00a0para ler o\u00a0Regulamento de Orienta\u00e7\u00e3o de Disserta\u00e7\u00e3o de Mestrado nos Programas de P\u00f3s-Gradua\u00e7\u00e3o Stricto Sensu da&nbsp;&hellip;<\/p>\n","protected":false},"author":378,"featured_media":1519,"parent":0,"menu_order":0,"comment_status":"closed","ping_status":"closed","template":"","meta":[],"_links":{"self":[{"href":"https:\/\/www2.uepg.br\/computacaoaplicada\/wp-json\/wp\/v2\/pages\/145"}],"collection":[{"href":"https:\/\/www2.uepg.br\/computacaoaplicada\/wp-json\/wp\/v2\/pages"}],"about":[{"href":"https:\/\/www2.uepg.br\/computacaoaplicada\/wp-json\/wp\/v2\/types\/page"}],"author":[{"embeddable":true,"href":"https:\/\/www2.uepg.br\/computacaoaplicada\/wp-json\/wp\/v2\/users\/378"}],"replies":[{"embeddable":true,"href":"https:\/\/www2.uepg.br\/computacaoaplicada\/wp-json\/wp\/v2\/comments?post=145"}],"version-history":[{"count":10,"href":"https:\/\/www2.uepg.br\/computacaoaplicada\/wp-json\/wp\/v2\/pages\/145\/revisions"}],"predecessor-version":[{"id":3356,"href":"https:\/\/www2.uepg.br\/computacaoaplicada\/wp-json\/wp\/v2\/pages\/145\/revisions\/3356"}],"wp:featuredmedia":[{"embeddable":true,"href":"https:\/\/www2.uepg.br\/computacaoaplicada\/wp-json\/wp\/v2\/media\/1519"}],"wp:attachment":[{"href":"https:\/\/www2.uepg.br\/computacaoaplicada\/wp-json\/wp\/v2\/media?parent=145"}],"curies":[{"name":"wp","href":"https:\/\/api.w.org\/{rel}","templated":true}]}}