{"id":146,"date":"2022-03-03T09:06:38","date_gmt":"2022-03-03T12:06:38","guid":{"rendered":"https:\/\/www2.uepg.br\/computacaoaplicada\/?page_id=146"},"modified":"2026-03-11T15:48:42","modified_gmt":"2026-03-11T18:48:42","slug":"parcerias","status":"publish","type":"page","link":"https:\/\/www2.uepg.br\/computacaoaplicada\/parcerias\/","title":{"rendered":"Parcerias"},"content":{"rendered":"<div id=\"pl-6\" class=\"panel-layout\">\n<div id=\"pg-6-0\" class=\"panel-grid panel-no-style\" data-color-label=\"1\">\n<div id=\"pgc-6-0-0\" class=\"panel-grid-cell panel-grid-cell-empty\" data-weight=\"1\">\n<div class=\"entry-content\" style=\"text-align: justify\">\n<p><span style=\"color: #008000\">Considerando que as pesquisas t\u00eam car\u00e1ter aplicado e multidisciplinar, as mesmas s\u00e3o desenvolvidas em parceria com outras Universidades, Funda\u00e7\u00f5es de Pesquisa e Empresas. Dentre os parceiros destacam-se:<\/span><\/p>\n<p><a href=\"https:\/\/portal.uel.br\/home\/\"><img loading=\"lazy\" class=\"alignnone wp-image-1800\" src=\"https:\/\/www2.uepg.br\/computacaoaplicada\/wp-content\/uploads\/sites\/219\/2024\/06\/uel.png\" alt=\"\" width=\"180\" height=\"118\" \/><\/a>\u00a0 \u00a0 <a href=\"https:\/\/www5.usp.br\/\"><img loading=\"lazy\" class=\"alignnone wp-image-1802\" src=\"https:\/\/www2.uepg.br\/computacaoaplicada\/wp-content\/uploads\/sites\/219\/2024\/06\/usp.png\" alt=\"\" width=\"217\" height=\"106\" \/><\/a>\u00a0 \u00a0 \u00a0 \u00a0 <a href=\"https:\/\/www2.unesp.br\/\"><img loading=\"lazy\" class=\"alignnone wp-image-1803\" src=\"https:\/\/www2.uepg.br\/computacaoaplicada\/wp-content\/uploads\/sites\/219\/2024\/06\/unesp.png\" alt=\"\" width=\"213\" height=\"117\" \/><\/a>\u00a0 \u00a0 \u00a0 \u00a0 \u00a0 <img loading=\"lazy\" class=\"alignnone wp-image-1804\" src=\"https:\/\/www2.uepg.br\/computacaoaplicada\/wp-content\/uploads\/sites\/219\/2024\/06\/ufpr.png\" alt=\"\" width=\"153\" height=\"102\" \/>\u00a0 \u00a0 \u00a0\u00a0<a href=\"https:\/\/www.ufl.edu\/\"><img loading=\"lazy\" class=\"alignnone wp-image-1805\" style=\"color: #008000\" src=\"https:\/\/www2.uepg.br\/computacaoaplicada\/wp-content\/uploads\/sites\/219\/2024\/06\/uf.png\" alt=\"\" width=\"112\" height=\"110\" \/><\/a>\u00a0 \u00a0 \u00a0 <a href=\"https:\/\/fundacaoabc.org\/\"><img loading=\"lazy\" class=\"alignnone wp-image-1806\" src=\"https:\/\/www2.uepg.br\/computacaoaplicada\/wp-content\/uploads\/sites\/219\/2024\/06\/abc.png\" alt=\"\" width=\"118\" height=\"115\" \/><\/a>\u00a0 \u00a0 \u00a0 <a href=\"https:\/\/www.embrapa.br\/\"><img loading=\"lazy\" class=\"alignnone wp-image-1807\" src=\"https:\/\/www2.uepg.br\/computacaoaplicada\/wp-content\/uploads\/sites\/219\/2024\/06\/embrapa.png\" alt=\"\" width=\"204\" height=\"100\" \/><\/a>\u00a0 \u00a0 \u00a0 <a href=\"https:\/\/www.bunge.com.br\/\"><img loading=\"lazy\" class=\"alignnone wp-image-1808\" src=\"https:\/\/www2.uepg.br\/computacaoaplicada\/wp-content\/uploads\/sites\/219\/2024\/06\/bunge.png\" alt=\"\" width=\"240\" height=\"55\" \/><\/a>\u00a0 \u00a0 \u00a0 <a href=\"https:\/\/www.socidisco.com.br\/\"><img loading=\"lazy\" class=\"alignnone wp-image-1809\" src=\"https:\/\/www2.uepg.br\/computacaoaplicada\/wp-content\/uploads\/sites\/219\/2024\/06\/socidisco.png\" alt=\"\" width=\"286\" height=\"68\" \/><\/a>\u00a0 \u00a0 \u00a0 \u00a0 <img loading=\"lazy\" class=\"alignnone wp-image-1810\" src=\"https:\/\/www2.uepg.br\/computacaoaplicada\/wp-content\/uploads\/sites\/219\/2024\/06\/stara.png\" alt=\"\" width=\"296\" height=\"89\" \/><img loading=\"lazy\" class=\"alignnone size-full wp-image-3495\" src=\"https:\/\/www2.uepg.br\/computacaoaplicada\/wp-content\/uploads\/sites\/219\/2026\/03\/WhatsApp-Image-2026-03-11-at-11.27.54.jpeg\" alt=\"\" width=\"234\" height=\"71\" \/><\/p>\n<p>&nbsp;<\/p>\n<p><span style=\"color: #008000\">Tais parcerias t\u00eam contribu\u00eddo efetivamente para a obten\u00e7\u00e3o de resultados importantes, seja pelo compartilhamento de conhecimento espec\u00edfico do dom\u00ednio da aplica\u00e7\u00e3o, ou pela disponibilidade do ambiente f\u00edsico e equipamentos espec\u00edficos necess\u00e1rios, ou ainda pelo fornecimento de bases de dados agron\u00f4micas.<\/span><\/p>\n<\/div>\n<\/div>\n<\/div>\n<\/div>\n","protected":false},"excerpt":{"rendered":"<p>Considerando que as pesquisas t\u00eam car\u00e1ter aplicado e multidisciplinar, as mesmas s\u00e3o desenvolvidas em parceria com outras Universidades, Funda\u00e7\u00f5es de Pesquisa e Empresas. Dentre os parceiros destacam-se: \u00a0 \u00a0 \u00a0 \u00a0 \u00a0 \u00a0 \u00a0 \u00a0 \u00a0 \u00a0 \u00a0 \u00a0 \u00a0 \u00a0\u00a0\u00a0 \u00a0 \u00a0 \u00a0 \u00a0 \u00a0 \u00a0 \u00a0 \u00a0 \u00a0 \u00a0 \u00a0 \u00a0 \u00a0 \u00a0&nbsp;&hellip;<\/p>\n","protected":false},"author":378,"featured_media":1519,"parent":0,"menu_order":0,"comment_status":"closed","ping_status":"closed","template":"","meta":[],"_links":{"self":[{"href":"https:\/\/www2.uepg.br\/computacaoaplicada\/wp-json\/wp\/v2\/pages\/146"}],"collection":[{"href":"https:\/\/www2.uepg.br\/computacaoaplicada\/wp-json\/wp\/v2\/pages"}],"about":[{"href":"https:\/\/www2.uepg.br\/computacaoaplicada\/wp-json\/wp\/v2\/types\/page"}],"author":[{"embeddable":true,"href":"https:\/\/www2.uepg.br\/computacaoaplicada\/wp-json\/wp\/v2\/users\/378"}],"replies":[{"embeddable":true,"href":"https:\/\/www2.uepg.br\/computacaoaplicada\/wp-json\/wp\/v2\/comments?post=146"}],"version-history":[{"count":11,"href":"https:\/\/www2.uepg.br\/computacaoaplicada\/wp-json\/wp\/v2\/pages\/146\/revisions"}],"predecessor-version":[{"id":3511,"href":"https:\/\/www2.uepg.br\/computacaoaplicada\/wp-json\/wp\/v2\/pages\/146\/revisions\/3511"}],"wp:featuredmedia":[{"embeddable":true,"href":"https:\/\/www2.uepg.br\/computacaoaplicada\/wp-json\/wp\/v2\/media\/1519"}],"wp:attachment":[{"href":"https:\/\/www2.uepg.br\/computacaoaplicada\/wp-json\/wp\/v2\/media?parent=146"}],"curies":[{"name":"wp","href":"https:\/\/api.w.org\/{rel}","templated":true}]}}