{"id":1664,"date":"2024-06-21T08:22:34","date_gmt":"2024-06-21T11:22:34","guid":{"rendered":"https:\/\/www2.uepg.br\/computacaoaplicada\/?page_id=1664"},"modified":"2026-04-15T11:25:49","modified_gmt":"2026-04-15T14:25:49","slug":"parceiros-de-extensao","status":"publish","type":"page","link":"https:\/\/www2.uepg.br\/computacaoaplicada\/parceiros-de-extensao\/","title":{"rendered":"Parcerias"},"content":{"rendered":"<p><span style=\"color: #008000\">O Programa de P\u00f3s-Gradua\u00e7\u00e3o em Computa\u00e7\u00e3o Aplicada (PPGCA) valoriza e promove parcerias de extens\u00e3o que ampliam o impacto de nossa ensino, pesquisa, extens\u00e3o e inova\u00e7\u00e3o, conectando o conhecimento acad\u00eamico \u00e0s demandas reais da sociedade e do setor agr\u00edcola. Sendo nossos principais parceiros deste segmento:<\/span><\/p>\n<p><img loading=\"lazy\" class=\"\" src=\"https:\/\/pbs.twimg.com\/profile_images\/1604689614\/logo_sind_400x400.jpg\" alt=\"Sindicato Rural PG (@sindruralpg) \/ X\" width=\"153\" height=\"153\" \/>\u00a0 \u00a0 \u00a0<img loading=\"lazy\" class=\"alignnone size-medium wp-image-3498\" src=\"https:\/\/www2.uepg.br\/computacaoaplicada\/wp-content\/uploads\/sites\/219\/2026\/03\/WhatsApp-Image-2026-03-11-at-14.28.29-300x128.jpeg\" alt=\"\" width=\"300\" height=\"128\" srcset=\"https:\/\/www2.uepg.br\/computacaoaplicada\/wp-content\/uploads\/sites\/219\/2026\/03\/WhatsApp-Image-2026-03-11-at-14.28.29-300x128.jpeg 300w, https:\/\/www2.uepg.br\/computacaoaplicada\/wp-content\/uploads\/sites\/219\/2026\/03\/WhatsApp-Image-2026-03-11-at-14.28.29-1024x435.jpeg 1024w, https:\/\/www2.uepg.br\/computacaoaplicada\/wp-content\/uploads\/sites\/219\/2026\/03\/WhatsApp-Image-2026-03-11-at-14.28.29-768x327.jpeg 768w, https:\/\/www2.uepg.br\/computacaoaplicada\/wp-content\/uploads\/sites\/219\/2026\/03\/WhatsApp-Image-2026-03-11-at-14.28.29-1232x524.jpeg 1232w, https:\/\/www2.uepg.br\/computacaoaplicada\/wp-content\/uploads\/sites\/219\/2026\/03\/WhatsApp-Image-2026-03-11-at-14.28.29.jpeg 1392w\" sizes=\"(max-width: 300px) 100vw, 300px\" \/>\u00a0 \u00a0 <img loading=\"lazy\" class=\"alignnone wp-image-3504\" src=\"https:\/\/www2.uepg.br\/computacaoaplicada\/wp-content\/uploads\/sites\/219\/2026\/03\/WhatsApp-Image-2026-03-11-at-15.14.33-300x84.jpeg\" alt=\"\" width=\"286\" height=\"80\" srcset=\"https:\/\/www2.uepg.br\/computacaoaplicada\/wp-content\/uploads\/sites\/219\/2026\/03\/WhatsApp-Image-2026-03-11-at-15.14.33-300x84.jpeg 300w, https:\/\/www2.uepg.br\/computacaoaplicada\/wp-content\/uploads\/sites\/219\/2026\/03\/WhatsApp-Image-2026-03-11-at-15.14.33.jpeg 601w\" sizes=\"(max-width: 286px) 100vw, 286px\" \/> <img loading=\"lazy\" class=\"alignnone wp-image-3505\" src=\"https:\/\/www2.uepg.br\/computacaoaplicada\/wp-content\/uploads\/sites\/219\/2026\/03\/WhatsApp-Image-2026-03-11-at-15.01.02.jpeg\" alt=\"\" width=\"140\" height=\"165\" \/> <img loading=\"lazy\" class=\"alignnone size-medium wp-image-3508\" src=\"https:\/\/www2.uepg.br\/computacaoaplicada\/wp-content\/uploads\/sites\/219\/2026\/03\/WhatsApp-Image-2026-03-11-at-15.35.46-300x156.jpeg\" alt=\"\" width=\"300\" height=\"156\" srcset=\"https:\/\/www2.uepg.br\/computacaoaplicada\/wp-content\/uploads\/sites\/219\/2026\/03\/WhatsApp-Image-2026-03-11-at-15.35.46-300x156.jpeg 300w, https:\/\/www2.uepg.br\/computacaoaplicada\/wp-content\/uploads\/sites\/219\/2026\/03\/WhatsApp-Image-2026-03-11-at-15.35.46-1024x531.jpeg 1024w, https:\/\/www2.uepg.br\/computacaoaplicada\/wp-content\/uploads\/sites\/219\/2026\/03\/WhatsApp-Image-2026-03-11-at-15.35.46-768x398.jpeg 768w, https:\/\/www2.uepg.br\/computacaoaplicada\/wp-content\/uploads\/sites\/219\/2026\/03\/WhatsApp-Image-2026-03-11-at-15.35.46-1232x639.jpeg 1232w, https:\/\/www2.uepg.br\/computacaoaplicada\/wp-content\/uploads\/sites\/219\/2026\/03\/WhatsApp-Image-2026-03-11-at-15.35.46.jpeg 1280w\" sizes=\"(max-width: 300px) 100vw, 300px\" \/><span style=\"color: #008000\"><img loading=\"lazy\" class=\"alignnone size-full wp-image-3616\" src=\"https:\/\/www2.uepg.br\/computacaoaplicada\/wp-content\/uploads\/sites\/219\/2026\/04\/images-_3_.png\" alt=\"\" width=\"225\" height=\"225\" srcset=\"https:\/\/www2.uepg.br\/computacaoaplicada\/wp-content\/uploads\/sites\/219\/2026\/04\/images-_3_.png 225w, https:\/\/www2.uepg.br\/computacaoaplicada\/wp-content\/uploads\/sites\/219\/2026\/04\/images-_3_-150x150.png 150w\" sizes=\"(max-width: 225px) 100vw, 225px\" \/><\/span><\/p>\n","protected":false},"excerpt":{"rendered":"<p>O Programa de P\u00f3s-Gradua\u00e7\u00e3o em Computa\u00e7\u00e3o Aplicada (PPGCA) valoriza e promove parcerias de extens\u00e3o que ampliam o impacto de nossa ensino, pesquisa, extens\u00e3o e inova\u00e7\u00e3o, conectando o conhecimento acad\u00eamico \u00e0s demandas reais da sociedade e do setor agr\u00edcola. Sendo nossos principais parceiros deste segmento: \u00a0 \u00a0 \u00a0\u00a0 \u00a0<\/p>\n","protected":false},"author":661,"featured_media":1542,"parent":0,"menu_order":0,"comment_status":"closed","ping_status":"closed","template":"","meta":[],"_links":{"self":[{"href":"https:\/\/www2.uepg.br\/computacaoaplicada\/wp-json\/wp\/v2\/pages\/1664"}],"collection":[{"href":"https:\/\/www2.uepg.br\/computacaoaplicada\/wp-json\/wp\/v2\/pages"}],"about":[{"href":"https:\/\/www2.uepg.br\/computacaoaplicada\/wp-json\/wp\/v2\/types\/page"}],"author":[{"embeddable":true,"href":"https:\/\/www2.uepg.br\/computacaoaplicada\/wp-json\/wp\/v2\/users\/661"}],"replies":[{"embeddable":true,"href":"https:\/\/www2.uepg.br\/computacaoaplicada\/wp-json\/wp\/v2\/comments?post=1664"}],"version-history":[{"count":10,"href":"https:\/\/www2.uepg.br\/computacaoaplicada\/wp-json\/wp\/v2\/pages\/1664\/revisions"}],"predecessor-version":[{"id":3617,"href":"https:\/\/www2.uepg.br\/computacaoaplicada\/wp-json\/wp\/v2\/pages\/1664\/revisions\/3617"}],"wp:featuredmedia":[{"embeddable":true,"href":"https:\/\/www2.uepg.br\/computacaoaplicada\/wp-json\/wp\/v2\/media\/1542"}],"wp:attachment":[{"href":"https:\/\/www2.uepg.br\/computacaoaplicada\/wp-json\/wp\/v2\/media?parent=1664"}],"curies":[{"name":"wp","href":"https:\/\/api.w.org\/{rel}","templated":true}]}}