{"id":2096,"date":"2024-06-27T09:12:00","date_gmt":"2024-06-27T12:12:00","guid":{"rendered":"https:\/\/www2.uepg.br\/computacaoaplicada\/?page_id=2096"},"modified":"2024-07-24T11:13:52","modified_gmt":"2024-07-24T14:13:52","slug":"biblioteca-2","status":"publish","type":"page","link":"https:\/\/www2.uepg.br\/computacaoaplicada\/es\/biblioteca-2\/","title":{"rendered":"Biblioteca"},"content":{"rendered":"<div id=\"pg-6-0\" class=\"panel-grid panel-no-style\" data-color-label=\"1\">\n<div id=\"pgc-6-0-0\" class=\"panel-grid-cell panel-grid-cell-empty\" data-weight=\"1\">\n<div class=\"entry-content\" style=\"text-align: justify\">\n<div id=\"pl-6\" class=\"panel-layout\">\n<p><span style=\"color: #008000\">El sistema de bibliotecas de la UEPG est\u00e1 compuesto por tres unidades, campus central, campus Uvaranas, campus Castro y una unidad de segunda carrera (Col\u00e9gio Agr\u00edcola Augusto Ribas \u2013 ubicada en el campus Uvaranas).<\/span><\/p>\n<p><span style=\"color: #008000\">En t\u00e9rminos generales, el fondo bibliogr\u00e1fico de la biblioteca comprende 62.157 t\u00edtulos y 98.327 ejemplares. La colecci\u00f3n peri\u00f3dica corresponde a 1827 t\u00edtulos y 92419 ejemplares. Del acervo total de libros, la Biblioteca cuenta con alrededor de 785 t\u00edtulos (1759 ejemplares) en el \u00e1rea de Inform\u00e1tica e Inform\u00e1tica y 1728 t\u00edtulos (3338 ejemplares) relacionados con la Agricultura, totalizando alrededor de 2513 t\u00edtulos (5097 ejemplares) directamente relacionados con el Programa de Postgrado en Computaci\u00f3n Aplicada, \u00e1rea de concentraci\u00f3n en Computaci\u00f3n Aplicada a la Agricultura.<\/span><\/p>\n<p><span style=\"color: #008000\">Las unidades del sistema bibliotecario ofrecen a estudiantes y docentes los siguientes servicios: pr\u00e9stamo a domicilio, pr\u00e9stamo interbibliotecario entre bibliotecas municipales y estatales, servicio de referencia (ofrece al usuario asistencia e instrucci\u00f3n en el uso de la biblioteca, sus cat\u00e1logos, acervo, recursos y servicios), servicio de alerta (informa a los usuarios sobre la llegada de material relevante a su \u00e1rea), levantamiento bibliogr\u00e1fico (elabora levantamientos bibliogr\u00e1ficos sobre temas especializados en bases de datos nacionales e internacionales), estandarizaci\u00f3n de trabajos cient\u00edficos (seg\u00fan recomendaciones de la ABNT), talleres de orientaci\u00f3n bibliogr\u00e1fica (ofrece cursos de extensi\u00f3n a la comunidad universitaria con el objetivo de difundir y orientar el uso de normas y est\u00e1ndares de documentaci\u00f3n seg\u00fan la ABNT), consulta de la colecci\u00f3n en l\u00ednea (Pone a disposici\u00f3n la consulta de su colecci\u00f3n en Internet), visita guiada (Ofrecida a estudiantes de primer a\u00f1o o cuando la soliciten por profesores para presentar los sectores, servicios y recursos de las bibliotecas, intercambio bibliogr\u00e1fico (obtiene copias de art\u00edculos de revistas, tesis, disertaciones, monograf\u00edas, actas\/actas\/conferencias, informes, publicaciones oficiales y cap\u00edtulos de libros, no ubicados en las Bibliotecas de la UEPG y en el Portal de Peri\u00f3dicos de la Capes y existentes en bibliotecas brasile\u00f1as y en la Biblioteca Brit\u00e1nica (Inglaterra)).<\/span><\/p>\n<p><span style=\"color: #008000\">A trav\u00e9s de recursos de Internet, la biblioteca tambi\u00e9n tiene acceso al PORTAL DE PERI\u00d3DICAS DE CAPES,<\/span><\/p>\n<p><span style=\"color: #008000\">PORTAL DE INVESTIGACI\u00d3N (PORTAL CAPES-EDITOR)<\/span><br \/>\n<span style=\"color: #008000\">PORTAL DE DOMINIO P\u00daBLICO<\/span><\/p>\n<p><span style=\"color: #008000\">La UEPG tambi\u00e9n cuenta con el Sistema de Publicaci\u00f3n Electr\u00f3nica de Tesis y Tesis \u2013 Biblioteca Digital de Tesis y Tesis de la UEPG, donde se encuentran disponibles en Internet las tesis y disertaciones defendidas por estudiantes de los Programas de Posgrado de la UEPG.<\/span><\/p>\n<p><span style=\"color: #008000\">Accede al sistema: <strong><a style=\"color: #008000\" href=\"https:\/\/www2.uepg.br\/bicen\/\">BICEN<\/a><\/strong><\/span><\/p>\n<\/div>\n<\/div>\n<\/div>\n<\/div>\n","protected":false},"excerpt":{"rendered":"<p>El sistema de bibliotecas de la UEPG est\u00e1 compuesto por tres unidades, campus central, campus Uvaranas, campus Castro y una unidad de segunda carrera (Col\u00e9gio Agr\u00edcola Augusto Ribas \u2013 ubicada en el campus Uvaranas). En t\u00e9rminos generales, el fondo bibliogr\u00e1fico de la biblioteca comprende 62.157 t\u00edtulos y 98.327 ejemplares. La colecci\u00f3n peri\u00f3dica corresponde a 1827&nbsp;&hellip;<\/p>\n","protected":false},"author":661,"featured_media":1519,"parent":0,"menu_order":0,"comment_status":"closed","ping_status":"closed","template":"","meta":[],"_links":{"self":[{"href":"https:\/\/www2.uepg.br\/computacaoaplicada\/wp-json\/wp\/v2\/pages\/2096"}],"collection":[{"href":"https:\/\/www2.uepg.br\/computacaoaplicada\/wp-json\/wp\/v2\/pages"}],"about":[{"href":"https:\/\/www2.uepg.br\/computacaoaplicada\/wp-json\/wp\/v2\/types\/page"}],"author":[{"embeddable":true,"href":"https:\/\/www2.uepg.br\/computacaoaplicada\/wp-json\/wp\/v2\/users\/661"}],"replies":[{"embeddable":true,"href":"https:\/\/www2.uepg.br\/computacaoaplicada\/wp-json\/wp\/v2\/comments?post=2096"}],"version-history":[{"count":3,"href":"https:\/\/www2.uepg.br\/computacaoaplicada\/wp-json\/wp\/v2\/pages\/2096\/revisions"}],"predecessor-version":[{"id":2260,"href":"https:\/\/www2.uepg.br\/computacaoaplicada\/wp-json\/wp\/v2\/pages\/2096\/revisions\/2260"}],"wp:featuredmedia":[{"embeddable":true,"href":"https:\/\/www2.uepg.br\/computacaoaplicada\/wp-json\/wp\/v2\/media\/1519"}],"wp:attachment":[{"href":"https:\/\/www2.uepg.br\/computacaoaplicada\/wp-json\/wp\/v2\/media?parent=2096"}],"curies":[{"name":"wp","href":"https:\/\/api.w.org\/{rel}","templated":true}]}}