{"id":2100,"date":"2024-06-27T09:12:59","date_gmt":"2024-06-27T12:12:59","guid":{"rendered":"https:\/\/www2.uepg.br\/computacaoaplicada\/?page_id=2100"},"modified":"2024-07-29T14:22:13","modified_gmt":"2024-07-29T17:22:13","slug":"contacto","status":"publish","type":"page","link":"https:\/\/www2.uepg.br\/computacaoaplicada\/es\/contacto\/","title":{"rendered":"Contacto"},"content":{"rendered":"<p><strong><span style=\"color: #008000\">Coordinaci\u00f3n del curso:<\/span><\/strong><br \/>\n<span style=\"color: #008000\">Profe. Dra. Mar\u00eda Salete Marcon Gomes Vaz.<\/span><\/p>\n<p><span style=\"color: #008000\">Correo electr\u00f3nico: <strong>salete@uepg.br<\/strong> o <strong>mestradoca@uepg.br<\/strong><\/span><br \/>\n<span style=\"color: #008000\">Tel\u00e9fono: 3220-3188 o (42) 99915-5737 (Whatsapp)<\/span><\/p>\n<p><span style=\"color: #008000\">DIRECCI\u00d3N:<\/span><br \/>\n<span style=\"color: #008000\">Universidad Estatal de Ponta Grossa<\/span><br \/>\n<span style=\"color: #008000\">Secretar\u00eda del Programa de Posgrado en Computaci\u00f3n Aplicada<\/span><br \/>\n<span style=\"color: #008000\">Campus Universitario de Uvaranas \u2013 Bloque L \u2013 Sala CCA 13<\/span><br \/>\n<span style=\"color: #008000\">Av. Carlos Cavalcanti, 4748<\/span><br \/>\n<span style=\"color: #008000\">CEP: 84030-900 \u2013 Ponta Grossa \u2013 PR<\/span><\/p>\n","protected":false},"excerpt":{"rendered":"<p>Coordinaci\u00f3n del curso: Profe. Dra. Mar\u00eda Salete Marcon Gomes Vaz. Correo electr\u00f3nico: salete@uepg.br o mestradoca@uepg.br Tel\u00e9fono: 3220-3188 o (42) 99915-5737 (Whatsapp) DIRECCI\u00d3N: Universidad Estatal de Ponta Grossa Secretar\u00eda del Programa de Posgrado en Computaci\u00f3n Aplicada Campus Universitario de Uvaranas \u2013 Bloque L \u2013 Sala CCA 13 Av. Carlos Cavalcanti, 4748 CEP: 84030-900 \u2013 Ponta Grossa&nbsp;&hellip;<\/p>\n","protected":false},"author":661,"featured_media":1519,"parent":0,"menu_order":0,"comment_status":"closed","ping_status":"closed","template":"","meta":[],"_links":{"self":[{"href":"https:\/\/www2.uepg.br\/computacaoaplicada\/wp-json\/wp\/v2\/pages\/2100"}],"collection":[{"href":"https:\/\/www2.uepg.br\/computacaoaplicada\/wp-json\/wp\/v2\/pages"}],"about":[{"href":"https:\/\/www2.uepg.br\/computacaoaplicada\/wp-json\/wp\/v2\/types\/page"}],"author":[{"embeddable":true,"href":"https:\/\/www2.uepg.br\/computacaoaplicada\/wp-json\/wp\/v2\/users\/661"}],"replies":[{"embeddable":true,"href":"https:\/\/www2.uepg.br\/computacaoaplicada\/wp-json\/wp\/v2\/comments?post=2100"}],"version-history":[{"count":3,"href":"https:\/\/www2.uepg.br\/computacaoaplicada\/wp-json\/wp\/v2\/pages\/2100\/revisions"}],"predecessor-version":[{"id":2492,"href":"https:\/\/www2.uepg.br\/computacaoaplicada\/wp-json\/wp\/v2\/pages\/2100\/revisions\/2492"}],"wp:featuredmedia":[{"embeddable":true,"href":"https:\/\/www2.uepg.br\/computacaoaplicada\/wp-json\/wp\/v2\/media\/1519"}],"wp:attachment":[{"href":"https:\/\/www2.uepg.br\/computacaoaplicada\/wp-json\/wp\/v2\/media?parent=2100"}],"curies":[{"name":"wp","href":"https:\/\/api.w.org\/{rel}","templated":true}]}}