{"id":2166,"date":"2024-07-16T09:33:45","date_gmt":"2024-07-16T12:33:45","guid":{"rendered":"https:\/\/www2.uepg.br\/computacaoaplicada\/?page_id=2166"},"modified":"2024-07-18T15:52:03","modified_gmt":"2024-07-18T18:52:03","slug":"internacionalizacao","status":"publish","type":"page","link":"https:\/\/www2.uepg.br\/computacaoaplicada\/internacionalizacao\/","title":{"rendered":"Internacionaliza\u00e7\u00e3o"},"content":{"rendered":"<div id=\"pg-6-0\" class=\"panel-grid panel-no-style\" data-color-label=\"1\">\n<div id=\"pgc-6-0-0\" class=\"panel-grid-cell panel-grid-cell-empty\" data-weight=\"1\">\n<div class=\"entry-content\" style=\"text-align: justify\">\n<div id=\"pl-6\" class=\"panel-layout\">\n<p><img loading=\"lazy\" class=\"alignleft\" src=\"https:\/\/cri.uenp.edu.br\/images\/icones\/zicosur.jpg\" alt=\"Rede Zicosur - Coordenadoria de Rela\u00e7\u00f5es Internacionais - UENP\" width=\"248\" height=\"81\" \/><\/p>\n<p><a style=\"color: #008000\" href=\"https:\/\/www2.uepg.br\/computacaoaplicada\/wp-content\/uploads\/sites\/219\/2024\/06\/Edital_01_2024_Programa_de_Bolsas_ZICOSUR_UEPG.pdf\">Edital 01\/2024 &#8211; PROGRAMA DE BOLSAS ZICOSUR &#8211; UEPG\u00a0<\/a><\/p>\n<p><span style=\"color: #008000\"><a style=\"color: #008000\" href=\"https:\/\/www2.uepg.br\/computacaoaplicada\/wp-content\/uploads\/sites\/219\/2024\/06\/Edital_de_homologacao_ZICOSUR_UEPG.pdf\">Edital 02\/2024 &#8211; HOMOLOGA\u00c7\u00c3O DAS INSCRI\u00c7\u00d5ES &#8211; PR\u00c9-SELE\u00c7\u00c3O PARA A MOBILIDADE ACAD\u00caMICA NA P\u00d3S- GRADUA\u00c7\u00c3O<\/a><\/span><\/p>\n<p><span style=\"color: #008000\">O Programa de P\u00f3s-Gradua\u00e7\u00e3o em Computa\u00e7\u00e3o Aplicada &#8211; Mestrado receber\u00e1, em Agosto\/2024, seu novo mestrando <strong>Isaias Jonatan Cruz Castillo<\/strong> oriundo da Bol\u00edvia, formado na Universidad Aut\u00f3noma Juan Misael Saracho.<\/span><\/p>\n<\/div>\n<\/div>\n<\/div>\n<\/div>\n","protected":false},"excerpt":{"rendered":"<p>Edital 01\/2024 &#8211; PROGRAMA DE BOLSAS ZICOSUR &#8211; UEPG\u00a0 Edital 02\/2024 &#8211; HOMOLOGA\u00c7\u00c3O DAS INSCRI\u00c7\u00d5ES &#8211; PR\u00c9-SELE\u00c7\u00c3O PARA A MOBILIDADE ACAD\u00caMICA NA P\u00d3S- GRADUA\u00c7\u00c3O O Programa de P\u00f3s-Gradua\u00e7\u00e3o em Computa\u00e7\u00e3o Aplicada &#8211; Mestrado receber\u00e1, em Agosto\/2024, seu novo mestrando Isaias Jonatan Cruz Castillo oriundo da Bol\u00edvia, formado na Universidad Aut\u00f3noma Juan Misael Saracho.<\/p>\n","protected":false},"author":661,"featured_media":1542,"parent":0,"menu_order":0,"comment_status":"closed","ping_status":"closed","template":"","meta":[],"_links":{"self":[{"href":"https:\/\/www2.uepg.br\/computacaoaplicada\/wp-json\/wp\/v2\/pages\/2166"}],"collection":[{"href":"https:\/\/www2.uepg.br\/computacaoaplicada\/wp-json\/wp\/v2\/pages"}],"about":[{"href":"https:\/\/www2.uepg.br\/computacaoaplicada\/wp-json\/wp\/v2\/types\/page"}],"author":[{"embeddable":true,"href":"https:\/\/www2.uepg.br\/computacaoaplicada\/wp-json\/wp\/v2\/users\/661"}],"replies":[{"embeddable":true,"href":"https:\/\/www2.uepg.br\/computacaoaplicada\/wp-json\/wp\/v2\/comments?post=2166"}],"version-history":[{"count":12,"href":"https:\/\/www2.uepg.br\/computacaoaplicada\/wp-json\/wp\/v2\/pages\/2166\/revisions"}],"predecessor-version":[{"id":2225,"href":"https:\/\/www2.uepg.br\/computacaoaplicada\/wp-json\/wp\/v2\/pages\/2166\/revisions\/2225"}],"wp:featuredmedia":[{"embeddable":true,"href":"https:\/\/www2.uepg.br\/computacaoaplicada\/wp-json\/wp\/v2\/media\/1542"}],"wp:attachment":[{"href":"https:\/\/www2.uepg.br\/computacaoaplicada\/wp-json\/wp\/v2\/media?parent=2166"}],"curies":[{"name":"wp","href":"https:\/\/api.w.org\/{rel}","templated":true}]}}