{"id":2266,"date":"2024-07-24T11:24:32","date_gmt":"2024-07-24T14:24:32","guid":{"rendered":"https:\/\/www2.uepg.br\/computacaoaplicada\/?page_id=2266"},"modified":"2024-07-24T11:24:32","modified_gmt":"2024-07-24T14:24:32","slug":"inicio","status":"publish","type":"page","link":"https:\/\/www2.uepg.br\/computacaoaplicada\/es\/inicio\/","title":{"rendered":"Inicio"},"content":{"rendered":"<div id=\"pg-6-0\" class=\"panel-grid panel-no-style\" data-color-label=\"1\">\n<div id=\"pgc-6-0-0\" class=\"panel-grid-cell panel-grid-cell-empty\" data-weight=\"1\">\n<div class=\"entry-content\" style=\"text-align: justify\">\n<div id=\"pl-6\" class=\"panel-layout\"><span style=\"color: #008000\">El Programa de Postgrado en Computaci\u00f3n Aplicada es una maestr\u00eda interdisciplinaria, aprobada por la Capes en 2010, orientada al estudio y desarrollo de tecnolog\u00eda computacional aplicada a la Agricultura. Al ser una maestr\u00eda interdisciplinaria, dentro del \u00e1rea de Ingenier\u00eda, Gesti\u00f3n y Tecnolog\u00eda de la Capes, cuenta con un cuerpo docente compuesto por reconocidos profesores doctores en las \u00e1reas de Computaci\u00f3n y Agricultura. El curso cuenta con laboratorios multidisciplinarios e infraestructura planificada para brindar a los estudiantes las condiciones para adquirir conocimientos y desarrollar su trabajo con un alto nivel de calidad. Considerando que el desarrollo del sector agr\u00edcola es sumamente importante para Brasil y requiere constantes innovaciones tecnol\u00f3gicas, esta maestr\u00eda atiende una fuerte demanda regional y nacional de formaci\u00f3n de profesionales capaces de actuar en el segmento de inform\u00e1tica aplicada a las l\u00edneas de investigaci\u00f3n: (i) Modelado Computacional Aplicado; y (ii) Computaci\u00f3n, Automatizaci\u00f3n y Gesti\u00f3n de Datos en Agricultura. El PPG en Computaci\u00f3n Aplicada tiene como objetivo formar profesionales para desarrollar y aplicar soluciones computacionales que contribuyan al sector agr\u00edcola, formar profesionales para actuar en la docencia y la investigaci\u00f3n en el \u00e1rea de la computaci\u00f3n aplicada a la agricultura para que estos profesionales contribuyan a la difusi\u00f3n de conocimiento y generaci\u00f3n de nuevas tecnolog\u00edas y soluciones computacionales dirigidas al \u00e1rea agr\u00edcola. El egresado de la maestr\u00eda recibir\u00e1 el t\u00edtulo de Maestro en Computaci\u00f3n Aplicada.<\/span><span style=\"color: #008000\">El PPG en Computaci\u00f3n Aplicada ofrece becas otorgadas por la Capes y la Funda\u00e7\u00e3o Arauc\u00e1ria, cuyo valor es actualmente de R$ 2.100,00. La duraci\u00f3n de la beca es de 24 meses. El criterio para la asignaci\u00f3n de becas es a trav\u00e9s de una convocatoria, clasificando a los candidatos a beca inicialmente en funci\u00f3n de su expediente acad\u00e9mico y luego considerando tambi\u00e9n su desempe\u00f1o en la maestr\u00eda. Las becas se distribuyen por orden de clasificaci\u00f3n de los estudiantes.<\/span><\/p>\n<p><span style=\"color: #008000\">El proceso de selecci\u00f3n est\u00e1 dirigido a todas aquellas personas que cuenten con un t\u00edtulo de pregrado en Ingenier\u00eda en Computaci\u00f3n, Ingenier\u00eda de Software, Agronom\u00eda o \u00e1reas afines, obtenido en carreras reconocidas por el Ministerio de Educaci\u00f3n (MEC). Este enfoque tiene como objetivo atraer candidatos con diferentes formaciones y experiencias acad\u00e9micas, enriqueciendo as\u00ed el entorno de aprendizaje con una diversidad de perspectivas y habilidades.<\/span><\/p>\n<p><span style=\"color: #008000\">A trav\u00e9s de una variedad de cursos de formaci\u00f3n, el programa busca promover la interdisciplinariedad y la colaboraci\u00f3n entre diferentes \u00e1reas del conocimiento, preparando as\u00ed a los estudiantes para enfrentar los complejos desaf\u00edos del desarrollo tecnol\u00f3gico aplicado a la agricultura. Esta diversidad de perfiles contribuye a un ambiente de aprendizaje enriquecedor, donde se anima a los estudiantes a explorar nuevos enfoques y colaborar en proyectos multidisciplinarios.<\/span><\/p>\n<p style=\"text-align: right\"><span style=\"color: #008000\"><em>Coordinaci\u00f3n del Programa de Posgrado en Computaci\u00f3n Aplicada<\/em><\/span><\/p>\n<\/div>\n<\/div>\n<\/div>\n<\/div>\n","protected":false},"excerpt":{"rendered":"<p>El Programa de Postgrado en Computaci\u00f3n Aplicada es una maestr\u00eda interdisciplinaria, aprobada por la Capes en 2010, orientada al estudio y desarrollo de tecnolog\u00eda computacional aplicada a la Agricultura. Al ser una maestr\u00eda interdisciplinaria, dentro del \u00e1rea de Ingenier\u00eda, Gesti\u00f3n y Tecnolog\u00eda de la Capes, cuenta con un cuerpo docente compuesto por reconocidos profesores doctores&nbsp;&hellip;<\/p>\n","protected":false},"author":321,"featured_media":1519,"parent":0,"menu_order":0,"comment_status":"closed","ping_status":"closed","template":"","meta":[],"_links":{"self":[{"href":"https:\/\/www2.uepg.br\/computacaoaplicada\/wp-json\/wp\/v2\/pages\/2266"}],"collection":[{"href":"https:\/\/www2.uepg.br\/computacaoaplicada\/wp-json\/wp\/v2\/pages"}],"about":[{"href":"https:\/\/www2.uepg.br\/computacaoaplicada\/wp-json\/wp\/v2\/types\/page"}],"author":[{"embeddable":true,"href":"https:\/\/www2.uepg.br\/computacaoaplicada\/wp-json\/wp\/v2\/users\/321"}],"replies":[{"embeddable":true,"href":"https:\/\/www2.uepg.br\/computacaoaplicada\/wp-json\/wp\/v2\/comments?post=2266"}],"version-history":[{"count":1,"href":"https:\/\/www2.uepg.br\/computacaoaplicada\/wp-json\/wp\/v2\/pages\/2266\/revisions"}],"predecessor-version":[{"id":2267,"href":"https:\/\/www2.uepg.br\/computacaoaplicada\/wp-json\/wp\/v2\/pages\/2266\/revisions\/2267"}],"wp:featuredmedia":[{"embeddable":true,"href":"https:\/\/www2.uepg.br\/computacaoaplicada\/wp-json\/wp\/v2\/media\/1519"}],"wp:attachment":[{"href":"https:\/\/www2.uepg.br\/computacaoaplicada\/wp-json\/wp\/v2\/media?parent=2266"}],"curies":[{"name":"wp","href":"https:\/\/api.w.org\/{rel}","templated":true}]}}