{"id":2270,"date":"2024-07-24T11:29:53","date_gmt":"2024-07-24T14:29:53","guid":{"rendered":"https:\/\/www2.uepg.br\/computacaoaplicada\/?page_id=2270"},"modified":"2024-07-24T12:50:15","modified_gmt":"2024-07-24T15:50:15","slug":"mision","status":"publish","type":"page","link":"https:\/\/www2.uepg.br\/computacaoaplicada\/es\/mision\/","title":{"rendered":"Misi\u00f3n"},"content":{"rendered":"<div id=\"pg-6-0\" class=\"panel-grid panel-no-style\" data-color-label=\"1\">\n<div id=\"pgc-6-0-0\" class=\"panel-grid-cell panel-grid-cell-empty\" data-weight=\"1\">\n<div class=\"entry-content\" style=\"text-align: justify\">\n<div id=\"pl-6\" class=\"panel-layout\"><span style=\"color: #008000\">El Programa de Posgrado en Computaci\u00f3n Aplicada (PPGCA) tiene como misi\u00f3n formar profesionales calificados para desarrollar y aplicar soluciones computacionales innovadoras que contribuyan al avance tecnol\u00f3gico en el sector agr\u00edcola. El PPGCA tiene como objetivo formar profesionales para actuar en la docencia y la investigaci\u00f3n en el \u00e1rea de la computaci\u00f3n aplicada a la agricultura, promoviendo la difusi\u00f3n del conocimiento y la generaci\u00f3n de nuevas tecnolog\u00edas que satisfagan las necesidades regionales y nacionales. El programa tambi\u00e9n busca fortalecer la colaboraci\u00f3n entre universidades, empresas e instituciones de investigaci\u00f3n, incentivando proyectos que promuevan el desarrollo sostenible y tecnol\u00f3gico de la agricultura brasile\u00f1a.<\/span><br \/>\n<span style=\"color: #008000\">Adem\u00e1s, PPGCA se dedica a crear un ambiente acad\u00e9mico que estimule la creatividad, la interdisciplinariedad y el esp\u00edritu cr\u00edtico de los estudiantes, prepar\u00e1ndolos para enfrentar los desaf\u00edos complejos y din\u00e1micos del sector agr\u00edcola. El programa tambi\u00e9n se compromete a realizar actividades de extensi\u00f3n que beneficien a las comunidades locales, promoviendo la transferencia de tecnolog\u00eda y conocimiento a los productores rurales y otros actores de la agroindustria.<\/span><br \/>\n<span style=\"color: #008000\">Adem\u00e1s, el PPGCA enfatiza la importancia de la internacionalizaci\u00f3n, buscando alianzas con instituciones extranjeras para intercambiar estudiantes e investigadores, participar en proyectos colaborativos y compartir buenas pr\u00e1cticas e innovaciones. Con el objetivo de ampliar la perspectiva de estudiantes e investigadores, ofreci\u00e9ndoles una formaci\u00f3n m\u00e1s completa y alineada con las tendencias y demandas globales en agricultura y tecnolog\u00eda.<\/span><br \/>\n<span style=\"color: #008000\">Finalmente, el programa valora la actualizaci\u00f3n curricular y metodol\u00f3gica continua, incorporando los m\u00e1s recientes descubrimientos cient\u00edficos y avances tecnol\u00f3gicos en el campo de la inform\u00e1tica aplicada a la agricultura. De esta manera, el PPGCA asegura que sus egresados \u200b\u200best\u00e9n a la vanguardia del conocimiento y preparados para contribuir eficazmente a la modernizaci\u00f3n y competitividad del sector agr\u00edcola brasile\u00f1o e internacional.<\/span><\/div>\n<\/div>\n<\/div>\n<\/div>\n","protected":false},"excerpt":{"rendered":"<p>El Programa de Posgrado en Computaci\u00f3n Aplicada (PPGCA) tiene como misi\u00f3n formar profesionales calificados para desarrollar y aplicar soluciones computacionales innovadoras que contribuyan al avance tecnol\u00f3gico en el sector agr\u00edcola. El PPGCA tiene como objetivo formar profesionales para actuar en la docencia y la investigaci\u00f3n en el \u00e1rea de la computaci\u00f3n aplicada a la agricultura,&nbsp;&hellip;<\/p>\n","protected":false},"author":321,"featured_media":1519,"parent":0,"menu_order":0,"comment_status":"closed","ping_status":"closed","template":"","meta":[],"_links":{"self":[{"href":"https:\/\/www2.uepg.br\/computacaoaplicada\/wp-json\/wp\/v2\/pages\/2270"}],"collection":[{"href":"https:\/\/www2.uepg.br\/computacaoaplicada\/wp-json\/wp\/v2\/pages"}],"about":[{"href":"https:\/\/www2.uepg.br\/computacaoaplicada\/wp-json\/wp\/v2\/types\/page"}],"author":[{"embeddable":true,"href":"https:\/\/www2.uepg.br\/computacaoaplicada\/wp-json\/wp\/v2\/users\/321"}],"replies":[{"embeddable":true,"href":"https:\/\/www2.uepg.br\/computacaoaplicada\/wp-json\/wp\/v2\/comments?post=2270"}],"version-history":[{"count":1,"href":"https:\/\/www2.uepg.br\/computacaoaplicada\/wp-json\/wp\/v2\/pages\/2270\/revisions"}],"predecessor-version":[{"id":2271,"href":"https:\/\/www2.uepg.br\/computacaoaplicada\/wp-json\/wp\/v2\/pages\/2270\/revisions\/2271"}],"wp:featuredmedia":[{"embeddable":true,"href":"https:\/\/www2.uepg.br\/computacaoaplicada\/wp-json\/wp\/v2\/media\/1519"}],"wp:attachment":[{"href":"https:\/\/www2.uepg.br\/computacaoaplicada\/wp-json\/wp\/v2\/media?parent=2270"}],"curies":[{"name":"wp","href":"https:\/\/api.w.org\/{rel}","templated":true}]}}