{"id":2274,"date":"2024-07-24T12:54:50","date_gmt":"2024-07-24T15:54:50","guid":{"rendered":"https:\/\/www2.uepg.br\/computacaoaplicada\/?page_id=2274"},"modified":"2024-07-24T12:55:02","modified_gmt":"2024-07-24T15:55:02","slug":"valores-2","status":"publish","type":"page","link":"https:\/\/www2.uepg.br\/computacaoaplicada\/es\/valores-2\/","title":{"rendered":"Valores"},"content":{"rendered":"<div id=\"pg-6-0\" class=\"panel-grid panel-no-style\" data-color-label=\"1\">\n<div id=\"pgc-6-0-0\" class=\"panel-grid-cell panel-grid-cell-empty\" data-weight=\"1\">\n<div class=\"entry-content\" style=\"text-align: justify\">\n<div id=\"pl-6\" class=\"panel-layout\">\n<p><span style=\"color: #008000\"><strong>Interdisciplinariedad:<\/strong> Promover la integraci\u00f3n de conocimientos y pr\u00e1cticas en las \u00e1reas de inform\u00e1tica y agricultura, fomentando la colaboraci\u00f3n multidisciplinaria y la innovaci\u00f3n.<\/span><\/p>\n<p><span style=\"color: #008000\"><strong>Excelencia Acad\u00e9mica:<\/strong> Buscar continuamente la calidad y excelencia en la docencia, la investigaci\u00f3n y la formaci\u00f3n de los estudiantes, asegurando una educaci\u00f3n de alto nivel y pertinencia.<\/span><\/p>\n<p><span style=\"color: #008000\"><strong>Innovaci\u00f3n Tecnol\u00f3gica:<\/strong> Fomentar la creatividad y la innovaci\u00f3n en la b\u00fasqueda de soluciones computacionales que atiendan los desaf\u00edos del sector agr\u00edcola, contribuyendo al desarrollo sostenible y competitivo de la agricultura.<\/span><\/p>\n<p><span style=\"color: #008000\"><strong>Compromiso con el Desarrollo Regional y Nacional:<\/strong> Atender las demandas regionales y nacionales de profesionales calificados y tecnolog\u00edas avanzadas, contribuyendo al crecimiento econ\u00f3mico y social de Brasil.<\/span><\/p>\n<p><span style=\"color: #008000\"><strong>\u00c9tica y Responsabilidad Social:<\/strong> Valorar la \u00e9tica, la responsabilidad social y la sostenibilidad en todas las actividades del programa, formando profesionales concientes y comprometidos con el bienestar de la sociedad y el medio ambiente.<\/span><\/p>\n<p><span style=\"color: #008000\"><strong>Colaboraci\u00f3n y diversidad:<\/strong> Fomentar la colaboraci\u00f3n y el respeto por la diversidad de or\u00edgenes, perspectivas y habilidades, enriqueciendo el entorno de aprendizaje y preparando a los estudiantes para enfrentar desaf\u00edos complejos.<\/span><\/p>\n<p><span style=\"color: #008000\"><strong>Sostenibilidad:<\/strong> Integrar pr\u00e1cticas sustentables en las actividades de investigaci\u00f3n y docencia, buscando soluciones que promuevan la preservaci\u00f3n del medio ambiente y el uso racional de los recursos naturales.<\/span><\/p>\n<p><span style=\"color: #008000\"><strong>Actualizaci\u00f3n Continua:<\/strong> Mantenerse al d\u00eda con las tendencias y avances tecnol\u00f3gicos en el campo de la inform\u00e1tica aplicada a la agricultura, garantizando que el programa ofrezca una formaci\u00f3n contempor\u00e1nea y relevante.<\/span><\/p>\n<p><span style=\"color: #008000\"><strong>Impacto Social:<\/strong> Desarrollar proyectos e investigaciones que generen beneficios sociales, contribuyendo a mejorar la calidad de vida de las comunidades rurales y urbanas.<\/span><\/p>\n<p><span style=\"color: #008000\"><strong>Transparencia e Integridad:<\/strong> Adoptar pr\u00e1cticas transparentes y honestas en la gesti\u00f3n de programas, promoviendo un ambiente de confianza y respeto entre estudiantes, docentes y empleados.<\/span><\/p>\n<\/div>\n<\/div>\n<\/div>\n<\/div>\n","protected":false},"excerpt":{"rendered":"<p>Interdisciplinariedad: Promover la integraci\u00f3n de conocimientos y pr\u00e1cticas en las \u00e1reas de inform\u00e1tica y agricultura, fomentando la colaboraci\u00f3n multidisciplinaria y la innovaci\u00f3n. Excelencia Acad\u00e9mica: Buscar continuamente la calidad y excelencia en la docencia, la investigaci\u00f3n y la formaci\u00f3n de los estudiantes, asegurando una educaci\u00f3n de alto nivel y pertinencia. Innovaci\u00f3n Tecnol\u00f3gica: Fomentar la creatividad y&nbsp;&hellip;<\/p>\n","protected":false},"author":321,"featured_media":1519,"parent":0,"menu_order":0,"comment_status":"closed","ping_status":"closed","template":"","meta":[],"_links":{"self":[{"href":"https:\/\/www2.uepg.br\/computacaoaplicada\/wp-json\/wp\/v2\/pages\/2274"}],"collection":[{"href":"https:\/\/www2.uepg.br\/computacaoaplicada\/wp-json\/wp\/v2\/pages"}],"about":[{"href":"https:\/\/www2.uepg.br\/computacaoaplicada\/wp-json\/wp\/v2\/types\/page"}],"author":[{"embeddable":true,"href":"https:\/\/www2.uepg.br\/computacaoaplicada\/wp-json\/wp\/v2\/users\/321"}],"replies":[{"embeddable":true,"href":"https:\/\/www2.uepg.br\/computacaoaplicada\/wp-json\/wp\/v2\/comments?post=2274"}],"version-history":[{"count":2,"href":"https:\/\/www2.uepg.br\/computacaoaplicada\/wp-json\/wp\/v2\/pages\/2274\/revisions"}],"predecessor-version":[{"id":2276,"href":"https:\/\/www2.uepg.br\/computacaoaplicada\/wp-json\/wp\/v2\/pages\/2274\/revisions\/2276"}],"wp:featuredmedia":[{"embeddable":true,"href":"https:\/\/www2.uepg.br\/computacaoaplicada\/wp-json\/wp\/v2\/media\/1519"}],"wp:attachment":[{"href":"https:\/\/www2.uepg.br\/computacaoaplicada\/wp-json\/wp\/v2\/media?parent=2274"}],"curies":[{"name":"wp","href":"https:\/\/api.w.org\/{rel}","templated":true}]}}