{"id":2279,"date":"2024-07-24T12:58:23","date_gmt":"2024-07-24T15:58:23","guid":{"rendered":"https:\/\/www2.uepg.br\/computacaoaplicada\/?page_id=2279"},"modified":"2024-07-24T12:58:23","modified_gmt":"2024-07-24T15:58:23","slug":"vision-2","status":"publish","type":"page","link":"https:\/\/www2.uepg.br\/computacaoaplicada\/es\/vision-2\/","title":{"rendered":"Visi\u00f3n"},"content":{"rendered":"<div id=\"pg-6-0\" class=\"panel-grid panel-no-style\" data-color-label=\"1\">\n<div id=\"pgc-6-0-0\" class=\"panel-grid-cell panel-grid-cell-empty\" data-weight=\"1\">\n<div class=\"entry-content\" style=\"text-align: justify\">\n<div id=\"pl-6\" class=\"panel-layout\">\n<span style=\"color: #008000\">Ser reconocido a nivel nacional e internacional como un programa de excelencia en computaci\u00f3n aplicada, destac\u00e1ndose por la calidad de su formaci\u00f3n interdisciplinaria, la relevancia e impacto de sus investigaciones y el aporte al desarrollo tecnol\u00f3gico y sustentable del sector agr\u00edcola. El PPGCA pretende ser un hub de innovaci\u00f3n y referencia en la generaci\u00f3n de soluciones tecnol\u00f3gicas que atiendan las demandas del mercado agr\u00edcola, formando l\u00edderes y especialistas capaces de transformar los desaf\u00edos en oportunidades de desarrollo. El PPGCA tambi\u00e9n se esfuerza por desarrollar un entorno de aprendizaje din\u00e1mico e inclusivo. , donde estudiantes e investigadores pueden explorar nuevas ideas, metodolog\u00edas y tecnolog\u00edas, fomentando la creatividad y la innovaci\u00f3n constante. El programa valora la diversidad de perspectivas y experiencias, reconociendo que la colaboraci\u00f3n entre diferentes \u00e1reas del conocimiento es esencial para abordar los complejos desaf\u00edos de la agricultura moderna.<\/span><span style=\"color: #008000\">En su b\u00fasqueda de la excelencia, PPGCA est\u00e1 comprometida con la mejora continua de sus pr\u00e1cticas acad\u00e9micas y de investigaci\u00f3n, adoptando las mejores pr\u00e1cticas internacionales y promoviendo una cultura de evaluaci\u00f3n y retroalimentaci\u00f3n constante. De esta manera, el programa asegura que sus egresados \u200b\u200btengan un alto nivel de competencia t\u00e9cnica y una s\u00f3lida comprensi\u00f3n de las cuestiones \u00e9ticas y sociales relacionadas con el uso de la tecnolog\u00eda en la agricultura.<\/span><\/p>\n<p><span style=\"color: #008000\">Finalmente, el PPGCA pretende ser un catalizador para el desarrollo sostenible de la agricultura, contribuyendo a la conservaci\u00f3n de los recursos naturales y la promoci\u00f3n de pr\u00e1cticas agr\u00edcolas ambientalmente responsables y econ\u00f3micamente viables. Al formar profesionales capaces de integrar conocimientos inform\u00e1ticos y agr\u00edcolas con una visi\u00f3n de sostenibilidad, el programa busca impactar positivamente en la sociedad y el medio ambiente, asegurando un futuro pr\u00f3spero y equilibrado para las pr\u00f3ximas generaciones.<\/span><\/p>\n<p><span style=\"color: #008000\">Adem\u00e1s, el PPGCA busca establecer alianzas estrat\u00e9gicas con instituciones acad\u00e9micas, centros de investigaci\u00f3n y empresas del sector agr\u00edcola, tanto en Brasil como en el exterior, para promover el intercambio de conocimientos y tecnolog\u00edas avanzadas. Este enfoque colaborativo tiene como objetivo ampliar el alcance y la aplicabilidad de las soluciones desarrolladas, asegurando que est\u00e9n alineadas con las necesidades reales del mercado y las comunidades agr\u00edcolas.<\/span><\/p>\n<\/div>\n<\/div>\n<\/div>\n<\/div>\n","protected":false},"excerpt":{"rendered":"<p>Ser reconocido a nivel nacional e internacional como un programa de excelencia en computaci\u00f3n aplicada, destac\u00e1ndose por la calidad de su formaci\u00f3n interdisciplinaria, la relevancia e impacto de sus investigaciones y el aporte al desarrollo tecnol\u00f3gico y sustentable del sector agr\u00edcola. El PPGCA pretende ser un hub de innovaci\u00f3n y referencia en la generaci\u00f3n de&nbsp;&hellip;<\/p>\n","protected":false},"author":321,"featured_media":1519,"parent":0,"menu_order":0,"comment_status":"closed","ping_status":"closed","template":"","meta":[],"_links":{"self":[{"href":"https:\/\/www2.uepg.br\/computacaoaplicada\/wp-json\/wp\/v2\/pages\/2279"}],"collection":[{"href":"https:\/\/www2.uepg.br\/computacaoaplicada\/wp-json\/wp\/v2\/pages"}],"about":[{"href":"https:\/\/www2.uepg.br\/computacaoaplicada\/wp-json\/wp\/v2\/types\/page"}],"author":[{"embeddable":true,"href":"https:\/\/www2.uepg.br\/computacaoaplicada\/wp-json\/wp\/v2\/users\/321"}],"replies":[{"embeddable":true,"href":"https:\/\/www2.uepg.br\/computacaoaplicada\/wp-json\/wp\/v2\/comments?post=2279"}],"version-history":[{"count":1,"href":"https:\/\/www2.uepg.br\/computacaoaplicada\/wp-json\/wp\/v2\/pages\/2279\/revisions"}],"predecessor-version":[{"id":2280,"href":"https:\/\/www2.uepg.br\/computacaoaplicada\/wp-json\/wp\/v2\/pages\/2279\/revisions\/2280"}],"wp:featuredmedia":[{"embeddable":true,"href":"https:\/\/www2.uepg.br\/computacaoaplicada\/wp-json\/wp\/v2\/media\/1519"}],"wp:attachment":[{"href":"https:\/\/www2.uepg.br\/computacaoaplicada\/wp-json\/wp\/v2\/media?parent=2279"}],"curies":[{"name":"wp","href":"https:\/\/api.w.org\/{rel}","templated":true}]}}