{"id":2310,"date":"2024-07-24T16:31:21","date_gmt":"2024-07-24T19:31:21","guid":{"rendered":"https:\/\/www2.uepg.br\/computacaoaplicada\/?page_id=2310"},"modified":"2024-07-24T16:31:21","modified_gmt":"2024-07-24T19:31:21","slug":"laboratorios-2","status":"publish","type":"page","link":"https:\/\/www2.uepg.br\/computacaoaplicada\/es\/laboratorios-2\/","title":{"rendered":"Laboratorios"},"content":{"rendered":"<div id=\"pl-2310\"  class=\"panel-layout\" ><div id=\"pg-2310-0\"  class=\"panel-grid panel-no-style\" ><div id=\"pgc-2310-0-0\"  class=\"panel-grid-cell\" ><div id=\"panel-2310-0-0-0\" class=\"so-panel widget widget_sow-accordion panel-first-child panel-last-child\" data-index=\"0\" ><div\n\t\t\t\n\t\t\tclass=\"so-widget-sow-accordion so-widget-sow-accordion-default-33396c0f15f1-2310\"\n\t\t\t\n\t\t><div>\n\t<div class=\"sow-accordion\">\n\t\t\t<div class=\"sow-accordion-panel\"\n\t\t\t data-anchor=\"laboratorio-de-inform%c3%a1tica-aplicada-a-ciencias-agr%c3%adcolas-y-ambientales\">\n\t\t\t\t<div class=\"sow-accordion-panel-header-container\" role=\"heading\" aria-level=\"2\">\n\t\t\t\t\t<div class=\"sow-accordion-panel-header\" tabindex=\"0\" role=\"button\" id=\"accordion-label-laboratorio-de-inform%c3%a1tica-aplicada-a-ciencias-agr%c3%adcolas-y-ambientales\" aria-controls=\"accordion-content-laboratorio-de-inform%c3%a1tica-aplicada-a-ciencias-agr%c3%adcolas-y-ambientales\" aria-expanded=\"false\">\n\t\t\t\t\t\t<div class=\"sow-accordion-title sow-accordion-title-icon-left\">\n\t\t\t\t\t\t\t\t\t\t\t\t\t\tLABORATORIO DE INFORM\u00c1TICA APLICADA A CIENCIAS AGR\u00cdCOLAS Y AMBIENTALES\t\t\t\t\t\t\t\t\t\t\t\t\t<\/div>\n\t\t\t\t\t\t<div class=\"sow-accordion-open-close-button\">\n\t\t\t\t\t\t\t<div class=\"sow-accordion-open-button\">\n\t\t\t\t\t\t\t\t<span class=\"sow-icon-ionicons\" data-sow-icon=\"&#xf218;\"\n\t\t \n\t\taria-hidden=\"true\"><\/span>\t\t\t\t\t\t\t<\/div>\n\t\t\t\t\t\t\t<div class=\"sow-accordion-close-button\">\n\t\t\t\t\t\t\t\t<span class=\"sow-icon-ionicons\" data-sow-icon=\"&#xf209;\"\n\t\t \n\t\taria-hidden=\"true\"><\/span>\t\t\t\t\t\t\t<\/div>\n\t\t\t\t\t\t<\/div>\n\t\t\t\t\t<\/div>\n\t\t\t\t<\/div>\n\n\t\t\t<div\n\t\t\t\tclass=\"sow-accordion-panel-content\"\n\t\t\t\trole=\"region\"\n\t\t\t\taria-labelledby=\"accordion-label-laboratorio-de-inform%c3%a1tica-aplicada-a-ciencias-agr%c3%adcolas-y-ambientales\"\n\t\t\t\tid=\"accordion-content-laboratorio-de-inform%c3%a1tica-aplicada-a-ciencias-agr%c3%adcolas-y-ambientales\"\n\t\t\t\tstyle=\"display: none;\"\t\t\t>\n\t\t\t\t<div class=\"sow-accordion-panel-border\" tabindex=\"0\">\n\t\t\t\t\t<div id=\"pg-6-0\" class=\"panel-grid panel-no-style\" data-color-label=\"1\">\n<div id=\"pgc-6-0-0\" class=\"panel-grid-cell panel-grid-cell-empty\" data-weight=\"1\">\n<div class=\"entry-content\" style=\"text-align: justify\">\n<div id=\"pl-6\" class=\"panel-layout\">\n<p><span style=\"color: #008000\">Espacio f\u00edsico de 42m\u00b2, con sala para estudiantes y sala para profesores. El laboratorio cuenta con el siguiente equipamiento: 16 computadoras Pentium, 2 impresoras de inyecci\u00f3n de tinta, 1 Impresora Multifuncional, 2 esc\u00e1neres, 1 Servidor IBM. INFOAGRO tambi\u00e9n cuenta con los siguientes equipos para investigaciones en el \u00e1rea de visi\u00f3n por computadora, recibidos en febrero de 2009:<\/span><\/p>\n<ul>\n<li><span style=\"color: #008000\">1 c\u00e1mara prosilica ec1350C 1392X1040, 1394A y placa de montaje;<\/span><br \/>\n<span style=\"color: #008000\">1 c\u00e1mara monocrom\u00e1tica basler scA640-70mg 659X494 GigE;<\/span><br \/>\n<span style=\"color: #008000\">1 c\u00e1mara a color basler scA640-74gc 659X494 GigE;<\/span><br \/>\n<span style=\"color: #008000\">1 tarjeta GigE;<\/span><br \/>\n<span style=\"color: #008000\">2 cables de 12 pines;<\/span><br \/>\n<span style=\"color: #008000\">1 fuente de 12 V;<\/span><br \/>\n<span style=\"color: #008000\">1 iluminaci\u00f3n\u00a0luz inteligente Cognex;<\/span><br \/>\n<span style=\"color: #008000\">1 luz estrobosc\u00f3pica TVP;<\/span><br \/>\n<span style=\"color: #008000\">1 TVP;<\/span><br \/>\n<span style=\"color: #008000\">1\u00a0Puerto\u00a0III;<\/span><br \/>\n<span style=\"color: #008000\">1 caja de aluminio 700X950X600;<\/span><br \/>\n<span style=\"color: #008000\">1 caja de aluminio 700X600X500;<\/span><br \/>\n<span style=\"color: #008000\">1 soporte para c\u00e1mara;<\/span><br \/>\n<span style=\"color: #008000\">1 anillo de luz blanco 56563;<\/span><br \/>\n<span style=\"color: #008000\">1 foco 880nm 55816;<\/span><br \/>\n<span style=\"color: #008000\">1 l\u00ednea de luz blanca 56390;<\/span><br \/>\n<span style=\"color: #008000\">1 filtro IR 54753;<\/span><br \/>\n<span style=\"color: #008000\">1 filtro IR 54756;<\/span><br \/>\n<span style=\"color: #008000\">1 polarizador 52mm 36441;<\/span><br \/>\n<span style=\"color: #008000\">1 aplique LED 660NM 55267;<\/span><br \/>\n<span style=\"color: #008000\">1 L\u00ednea Led Difusa Blanco 56566;<\/span><br \/>\n<span style=\"color: #008000\">1 c\u00e1mara Samsung;<\/span><br \/>\n<span style=\"color: #008000\">1 lente Pelcon de 6 mm;<\/span><br \/>\n<span style=\"color: #008000\">2 fuentes de 12v;<\/span><br \/>\n<span style=\"color: #008000\">Cables y conectores RCA;<\/span><br \/>\n<span style=\"color: #008000\">1 c\u00e1mara Samsung;<\/span><br \/>\n<span style=\"color: #008000\">1 lente de 10 mm; Es<\/span><br \/>\n<span style=\"color: #008000\">1 lente de 15 mm;<\/span><\/li>\n<\/ul>\n<\/div>\n<\/div>\n<\/div>\n<\/div>\n\t\t\t\t<\/div>\n\t\t\t<\/div>\n\t\t<\/div>\n\t\t<\/div>\n<\/div>\n<\/div><\/div><\/div><\/div><div id=\"pg-2310-1\"  class=\"panel-grid panel-no-style\" ><div id=\"pgc-2310-1-0\"  class=\"panel-grid-cell\" ><div id=\"panel-2310-1-0-0\" class=\"so-panel widget widget_sow-accordion panel-first-child panel-last-child\" data-index=\"1\" ><div\n\t\t\t\n\t\t\tclass=\"so-widget-sow-accordion so-widget-sow-accordion-default-33396c0f15f1-2310\"\n\t\t\t\n\t\t><div>\n\t<div class=\"sow-accordion\">\n\t\t\t<div class=\"sow-accordion-panel\"\n\t\t\t data-anchor=\"laboratorio-de-computaci%c3%b3n-cient%c3%adfica-%e2%80%93-lcc\">\n\t\t\t\t<div class=\"sow-accordion-panel-header-container\" role=\"heading\" aria-level=\"2\">\n\t\t\t\t\t<div class=\"sow-accordion-panel-header\" tabindex=\"0\" role=\"button\" id=\"accordion-label-laboratorio-de-computaci%c3%b3n-cient%c3%adfica-%e2%80%93-lcc\" aria-controls=\"accordion-content-laboratorio-de-computaci%c3%b3n-cient%c3%adfica-%e2%80%93-lcc\" aria-expanded=\"false\">\n\t\t\t\t\t\t<div class=\"sow-accordion-title sow-accordion-title-icon-left\">\n\t\t\t\t\t\t\t\t\t\t\t\t\t\tLABORATORIO DE COMPUTACI\u00d3N CIENT\u00cdFICA \u2013 LCC\t\t\t\t\t\t\t\t\t\t\t\t\t<\/div>\n\t\t\t\t\t\t<div class=\"sow-accordion-open-close-button\">\n\t\t\t\t\t\t\t<div class=\"sow-accordion-open-button\">\n\t\t\t\t\t\t\t\t<span class=\"sow-icon-ionicons\" data-sow-icon=\"&#xf218;\"\n\t\t \n\t\taria-hidden=\"true\"><\/span>\t\t\t\t\t\t\t<\/div>\n\t\t\t\t\t\t\t<div class=\"sow-accordion-close-button\">\n\t\t\t\t\t\t\t\t<span class=\"sow-icon-ionicons\" data-sow-icon=\"&#xf209;\"\n\t\t \n\t\taria-hidden=\"true\"><\/span>\t\t\t\t\t\t\t<\/div>\n\t\t\t\t\t\t<\/div>\n\t\t\t\t\t<\/div>\n\t\t\t\t<\/div>\n\n\t\t\t<div\n\t\t\t\tclass=\"sow-accordion-panel-content\"\n\t\t\t\trole=\"region\"\n\t\t\t\taria-labelledby=\"accordion-label-laboratorio-de-computaci%c3%b3n-cient%c3%adfica-%e2%80%93-lcc\"\n\t\t\t\tid=\"accordion-content-laboratorio-de-computaci%c3%b3n-cient%c3%adfica-%e2%80%93-lcc\"\n\t\t\t\tstyle=\"display: none;\"\t\t\t>\n\t\t\t\t<div class=\"sow-accordion-panel-border\" tabindex=\"0\">\n\t\t\t\t\t<p><span style=\"color: #008000\">21m\u00b2 de \u00e1rea, 13 computadoras, 1 impresora, 2 conmutadores de red y un punto de acceso inal\u00e1mbrico, recibiendo en el 1er semestre de 2009 otras 2 computadoras (1 de ellas con 4 n\u00facleos de procesamiento, proyecto CNPQ). Laboratorio dedicado a la investigaci\u00f3n en Ingenier\u00eda del Software y Computaci\u00f3n Paralela y Distribuida.<\/span><\/p>\n\t\t\t\t<\/div>\n\t\t\t<\/div>\n\t\t<\/div>\n\t\t<\/div>\n<\/div>\n<\/div><\/div><\/div><\/div><div id=\"pg-2310-2\"  class=\"panel-grid panel-no-style\" ><div id=\"pgc-2310-2-0\"  class=\"panel-grid-cell\" ><div id=\"panel-2310-2-0-0\" class=\"so-panel widget widget_sow-accordion panel-first-child panel-last-child\" data-index=\"2\" ><div\n\t\t\t\n\t\t\tclass=\"so-widget-sow-accordion so-widget-sow-accordion-default-33396c0f15f1-2310\"\n\t\t\t\n\t\t><div>\n\t<div class=\"sow-accordion\">\n\t\t\t<div class=\"sow-accordion-panel\"\n\t\t\t data-anchor=\"laboratorio-de-investigaci%c3%b3n-de-base-de-datos\">\n\t\t\t\t<div class=\"sow-accordion-panel-header-container\" role=\"heading\" aria-level=\"2\">\n\t\t\t\t\t<div class=\"sow-accordion-panel-header\" tabindex=\"0\" role=\"button\" id=\"accordion-label-laboratorio-de-investigaci%c3%b3n-de-base-de-datos\" aria-controls=\"accordion-content-laboratorio-de-investigaci%c3%b3n-de-base-de-datos\" aria-expanded=\"false\">\n\t\t\t\t\t\t<div class=\"sow-accordion-title sow-accordion-title-icon-left\">\n\t\t\t\t\t\t\t\t\t\t\t\t\t\tLABORATORIO DE INVESTIGACI\u00d3N DE BASE DE DATOS\t\t\t\t\t\t\t\t\t\t\t\t\t<\/div>\n\t\t\t\t\t\t<div class=\"sow-accordion-open-close-button\">\n\t\t\t\t\t\t\t<div class=\"sow-accordion-open-button\">\n\t\t\t\t\t\t\t\t<span class=\"sow-icon-ionicons\" data-sow-icon=\"&#xf218;\"\n\t\t \n\t\taria-hidden=\"true\"><\/span>\t\t\t\t\t\t\t<\/div>\n\t\t\t\t\t\t\t<div class=\"sow-accordion-close-button\">\n\t\t\t\t\t\t\t\t<span class=\"sow-icon-ionicons\" data-sow-icon=\"&#xf209;\"\n\t\t \n\t\taria-hidden=\"true\"><\/span>\t\t\t\t\t\t\t<\/div>\n\t\t\t\t\t\t<\/div>\n\t\t\t\t\t<\/div>\n\t\t\t\t<\/div>\n\n\t\t\t<div\n\t\t\t\tclass=\"sow-accordion-panel-content\"\n\t\t\t\trole=\"region\"\n\t\t\t\taria-labelledby=\"accordion-label-laboratorio-de-investigaci%c3%b3n-de-base-de-datos\"\n\t\t\t\tid=\"accordion-content-laboratorio-de-investigaci%c3%b3n-de-base-de-datos\"\n\t\t\t\tstyle=\"display: none;\"\t\t\t>\n\t\t\t\t<div class=\"sow-accordion-panel-border\" tabindex=\"0\">\n\t\t\t\t\t<p><span style=\"color: #008000\">Espacio f\u00edsico de 21m\u00b2, con habitaci\u00f3n para estancia de profesores. El laboratorio cuenta con el siguiente equipamiento: 5 computadoras, 1 impresora de inyecci\u00f3n de tinta, 1 servidor de base de datos.<\/span><\/p>\n\t\t\t\t<\/div>\n\t\t\t<\/div>\n\t\t<\/div>\n\t\t<\/div>\n<\/div>\n<\/div><\/div><\/div><\/div><div id=\"pg-2310-3\"  class=\"panel-grid panel-no-style\" ><div id=\"pgc-2310-3-0\"  class=\"panel-grid-cell\" ><div id=\"panel-2310-3-0-0\" class=\"so-panel widget widget_sow-accordion panel-first-child panel-last-child\" data-index=\"3\" ><div\n\t\t\t\n\t\t\tclass=\"so-widget-sow-accordion so-widget-sow-accordion-default-33396c0f15f1-2310\"\n\t\t\t\n\t\t><div>\n\t<div class=\"sow-accordion\">\n\t\t\t<div class=\"sow-accordion-panel\"\n\t\t\t data-anchor=\"automation-and-robotics-laboratory-%e2%80%93-arl\">\n\t\t\t\t<div class=\"sow-accordion-panel-header-container\" role=\"heading\" aria-level=\"2\">\n\t\t\t\t\t<div class=\"sow-accordion-panel-header\" tabindex=\"0\" role=\"button\" id=\"accordion-label-automation-and-robotics-laboratory-%e2%80%93-arl\" aria-controls=\"accordion-content-automation-and-robotics-laboratory-%e2%80%93-arl\" aria-expanded=\"false\">\n\t\t\t\t\t\t<div class=\"sow-accordion-title sow-accordion-title-icon-left\">\n\t\t\t\t\t\t\t\t\t\t\t\t\t\tAUTOMATION AND ROBOTICS LABORATORY \u2013 ARL\t\t\t\t\t\t\t\t\t\t\t\t\t<\/div>\n\t\t\t\t\t\t<div class=\"sow-accordion-open-close-button\">\n\t\t\t\t\t\t\t<div class=\"sow-accordion-open-button\">\n\t\t\t\t\t\t\t\t<span class=\"sow-icon-ionicons\" data-sow-icon=\"&#xf218;\"\n\t\t \n\t\taria-hidden=\"true\"><\/span>\t\t\t\t\t\t\t<\/div>\n\t\t\t\t\t\t\t<div class=\"sow-accordion-close-button\">\n\t\t\t\t\t\t\t\t<span class=\"sow-icon-ionicons\" data-sow-icon=\"&#xf209;\"\n\t\t \n\t\taria-hidden=\"true\"><\/span>\t\t\t\t\t\t\t<\/div>\n\t\t\t\t\t\t<\/div>\n\t\t\t\t\t<\/div>\n\t\t\t\t<\/div>\n\n\t\t\t<div\n\t\t\t\tclass=\"sow-accordion-panel-content\"\n\t\t\t\trole=\"region\"\n\t\t\t\taria-labelledby=\"accordion-label-automation-and-robotics-laboratory-%e2%80%93-arl\"\n\t\t\t\tid=\"accordion-content-automation-and-robotics-laboratory-%e2%80%93-arl\"\n\t\t\t\tstyle=\"display: none;\"\t\t\t>\n\t\t\t\t<div class=\"sow-accordion-panel-border\" tabindex=\"0\">\n\t\t\t\t\t<p><span style=\"color: #008000\">Espacio f\u00edsico de 42m\u00b2 sin divisiones. Este laboratorio contiene el siguiente equipamiento: kits did\u00e1cticos para sistemas microcontrolados (3) y sistemas de control (2); 02 controladores l\u00f3gicos programables (PLC) modelo SR2B201BD de Telemecanique Schneider; 01 Osciloscopio de 20 MHz, modelo OS-21 de ICEL; 01 generador de funciones, modelo 8120 de TOPWARD; 02 Fuentes de alimentaci\u00f3n CC, modelo FA-3003 de INSTRUTHERM; 02 fuentes de alimentaci\u00f3n DC sim\u00e9tricas fijadas en paneles; 01 contador de pulsos; 02 mult\u00edmetros anal\u00f3gicos y 02 mult\u00edmetros digitales; sensores y actuadores; 04 computadoras personales; 01 esc\u00e1ner y componentes e instrumentos electr\u00f3nicos en general (resistencias, capacitores, transistores, diodos, LED, microcontroladores, circuitos integrados, soldadores, succionadores de soldadura, matrices de contactos, pares de sondas y otros).<\/span><\/p>\n<p>&nbsp;<\/p>\n\t\t\t\t<\/div>\n\t\t\t<\/div>\n\t\t<\/div>\n\t\t<\/div>\n<\/div>\n<\/div><\/div><\/div><\/div><div id=\"pg-2310-4\"  class=\"panel-grid panel-no-style\" ><div id=\"pgc-2310-4-0\"  class=\"panel-grid-cell\" ><div id=\"panel-2310-4-0-0\" class=\"so-panel widget widget_sow-accordion panel-first-child panel-last-child\" data-index=\"4\" ><div\n\t\t\t\n\t\t\tclass=\"so-widget-sow-accordion so-widget-sow-accordion-default-33396c0f15f1-2310\"\n\t\t\t\n\t\t><div>\n\t<div class=\"sow-accordion\">\n\t\t\t<div class=\"sow-accordion-panel\"\n\t\t\t data-anchor=\"laboratorio-de-electr%c3%b3nica-y-microprocesadores-%e2%80%93-lem\">\n\t\t\t\t<div class=\"sow-accordion-panel-header-container\" role=\"heading\" aria-level=\"2\">\n\t\t\t\t\t<div class=\"sow-accordion-panel-header\" tabindex=\"0\" role=\"button\" id=\"accordion-label-laboratorio-de-electr%c3%b3nica-y-microprocesadores-%e2%80%93-lem\" aria-controls=\"accordion-content-laboratorio-de-electr%c3%b3nica-y-microprocesadores-%e2%80%93-lem\" aria-expanded=\"false\">\n\t\t\t\t\t\t<div class=\"sow-accordion-title sow-accordion-title-icon-left\">\n\t\t\t\t\t\t\t\t\t\t\t\t\t\tLABORATORIO DE ELECTR\u00d3NICA Y MICROPROCESADORES \u2013 LEM\t\t\t\t\t\t\t\t\t\t\t\t\t<\/div>\n\t\t\t\t\t\t<div class=\"sow-accordion-open-close-button\">\n\t\t\t\t\t\t\t<div class=\"sow-accordion-open-button\">\n\t\t\t\t\t\t\t\t<span class=\"sow-icon-ionicons\" data-sow-icon=\"&#xf218;\"\n\t\t \n\t\taria-hidden=\"true\"><\/span>\t\t\t\t\t\t\t<\/div>\n\t\t\t\t\t\t\t<div class=\"sow-accordion-close-button\">\n\t\t\t\t\t\t\t\t<span class=\"sow-icon-ionicons\" data-sow-icon=\"&#xf209;\"\n\t\t \n\t\taria-hidden=\"true\"><\/span>\t\t\t\t\t\t\t<\/div>\n\t\t\t\t\t\t<\/div>\n\t\t\t\t\t<\/div>\n\t\t\t\t<\/div>\n\n\t\t\t<div\n\t\t\t\tclass=\"sow-accordion-panel-content\"\n\t\t\t\trole=\"region\"\n\t\t\t\taria-labelledby=\"accordion-label-laboratorio-de-electr%c3%b3nica-y-microprocesadores-%e2%80%93-lem\"\n\t\t\t\tid=\"accordion-content-laboratorio-de-electr%c3%b3nica-y-microprocesadores-%e2%80%93-lem\"\n\t\t\t\tstyle=\"display: none;\"\t\t\t>\n\t\t\t\t<div class=\"sow-accordion-panel-border\" tabindex=\"0\">\n\t\t\t\t\t<p><span style=\"color: #808000\">Espacio f\u00edsico de 42m\u00b2 sin divisiones. Este laboratorio cuenta con el siguiente equipamiento: 04 kits did\u00e1cticos para estudios de electr\u00f3nica; 01 Osciloscopio de 20 MHz, modelo OS-21 de ICEL; 01 generador de funciones, modelo 8120 de TOPWARD; 02 Fuentes de alimentaci\u00f3n CC, modelo FA-3003 de INSTRUTHERM; 04 fuentes de alimentaci\u00f3n CC; 01 contador de pulsos; 02 mult\u00edmetros anal\u00f3gicos y 06 mult\u00edmetros digitales; 02 computadoras personales y componentes e instrumentos electr\u00f3nicos en general (resistencias, capacitores, transistores, diodos, LED, circuitos integrados, soldadores, succionadores de soldadura, matrices de contactos, pares de sondas y otros).<\/span><\/p>\n\t\t\t\t<\/div>\n\t\t\t<\/div>\n\t\t<\/div>\n\t\t<\/div>\n<\/div>\n<\/div><\/div><\/div><\/div><div id=\"pg-2310-5\"  class=\"panel-grid panel-no-style\" ><div id=\"pgc-2310-5-0\"  class=\"panel-grid-cell\" ><div id=\"panel-2310-5-0-0\" class=\"so-panel widget widget_sow-accordion panel-first-child panel-last-child\" data-index=\"5\" ><div\n\t\t\t\n\t\t\tclass=\"so-widget-sow-accordion so-widget-sow-accordion-default-33396c0f15f1-2310\"\n\t\t\t\n\t\t><div>\n\t<div class=\"sow-accordion\">\n\t\t\t<div class=\"sow-accordion-panel\"\n\t\t\t data-anchor=\"laboratorio-de-fertilidad-de-suelos\">\n\t\t\t\t<div class=\"sow-accordion-panel-header-container\" role=\"heading\" aria-level=\"2\">\n\t\t\t\t\t<div class=\"sow-accordion-panel-header\" tabindex=\"0\" role=\"button\" id=\"accordion-label-laboratorio-de-fertilidad-de-suelos\" aria-controls=\"accordion-content-laboratorio-de-fertilidad-de-suelos\" aria-expanded=\"false\">\n\t\t\t\t\t\t<div class=\"sow-accordion-title sow-accordion-title-icon-left\">\n\t\t\t\t\t\t\t\t\t\t\t\t\t\tLABORATORIO DE FERTILIDAD DE SUELOS\t\t\t\t\t\t\t\t\t\t\t\t\t<\/div>\n\t\t\t\t\t\t<div class=\"sow-accordion-open-close-button\">\n\t\t\t\t\t\t\t<div class=\"sow-accordion-open-button\">\n\t\t\t\t\t\t\t\t<span class=\"sow-icon-ionicons\" data-sow-icon=\"&#xf218;\"\n\t\t \n\t\taria-hidden=\"true\"><\/span>\t\t\t\t\t\t\t<\/div>\n\t\t\t\t\t\t\t<div class=\"sow-accordion-close-button\">\n\t\t\t\t\t\t\t\t<span class=\"sow-icon-ionicons\" data-sow-icon=\"&#xf209;\"\n\t\t \n\t\taria-hidden=\"true\"><\/span>\t\t\t\t\t\t\t<\/div>\n\t\t\t\t\t\t<\/div>\n\t\t\t\t\t<\/div>\n\t\t\t\t<\/div>\n\n\t\t\t<div\n\t\t\t\tclass=\"sow-accordion-panel-content\"\n\t\t\t\trole=\"region\"\n\t\t\t\taria-labelledby=\"accordion-label-laboratorio-de-fertilidad-de-suelos\"\n\t\t\t\tid=\"accordion-content-laboratorio-de-fertilidad-de-suelos\"\n\t\t\t\tstyle=\"display: none;\"\t\t\t>\n\t\t\t\t<div class=\"sow-accordion-panel-border\" tabindex=\"0\">\n\t\t\t\t\t<p><span style=\"color: #008000\">Laboratorio de 110 m\u00b2 con mesas equipadas para realizar an\u00e1lisis qu\u00edmicos de suelo y tejido vegetal. Dispone de sala de apoyo con ordenador (4) e impresora (3). La infraestructura de equipos consta de refrigerador (1), congelador (1), balanza anal\u00edtica (2), invernadero con circulaci\u00f3n de aire forzado (2), molino de plantas (1), molino de suelo (1), c\u00e1mara de gases con campana extractora (1). , bloque digestor (2), destilador de nitr\u00f3geno-kjeldhal (2), potenci\u00f3metro (2), medidor de conductividad (1), fot\u00f3metro de llama de emisi\u00f3n (2), espectrofot\u00f3metro (2), horno de mufla (2), mesa vibratoria de suelo (2) , dispositivo separador de resina (1), dispositivo de recuperaci\u00f3n de resina (1), desionizador (1) y dispositivo de titulaci\u00f3n (2).<\/span><\/p>\n\t\t\t\t<\/div>\n\t\t\t<\/div>\n\t\t<\/div>\n\t\t<\/div>\n<\/div>\n<\/div><\/div><\/div><\/div><div id=\"pg-2310-6\"  class=\"panel-grid panel-no-style\" ><div id=\"pgc-2310-6-0\"  class=\"panel-grid-cell\" ><div id=\"panel-2310-6-0-0\" class=\"so-panel widget widget_sow-accordion panel-first-child panel-last-child\" data-index=\"6\" ><div\n\t\t\t\n\t\t\tclass=\"so-widget-sow-accordion so-widget-sow-accordion-default-33396c0f15f1-2310\"\n\t\t\t\n\t\t><div>\n\t<div class=\"sow-accordion\">\n\t\t\t<div class=\"sow-accordion-panel\"\n\t\t\t data-anchor=\"laboratorio-integrado-de-pregrado-y-posgrado\">\n\t\t\t\t<div class=\"sow-accordion-panel-header-container\" role=\"heading\" aria-level=\"2\">\n\t\t\t\t\t<div class=\"sow-accordion-panel-header\" tabindex=\"0\" role=\"button\" id=\"accordion-label-laboratorio-integrado-de-pregrado-y-posgrado\" aria-controls=\"accordion-content-laboratorio-integrado-de-pregrado-y-posgrado\" aria-expanded=\"false\">\n\t\t\t\t\t\t<div class=\"sow-accordion-title sow-accordion-title-icon-left\">\n\t\t\t\t\t\t\t\t\t\t\t\t\t\tLABORATORIO INTEGRADO DE PREGRADO Y POSGRADO\t\t\t\t\t\t\t\t\t\t\t\t\t<\/div>\n\t\t\t\t\t\t<div class=\"sow-accordion-open-close-button\">\n\t\t\t\t\t\t\t<div class=\"sow-accordion-open-button\">\n\t\t\t\t\t\t\t\t<span class=\"sow-icon-ionicons\" data-sow-icon=\"&#xf218;\"\n\t\t \n\t\taria-hidden=\"true\"><\/span>\t\t\t\t\t\t\t<\/div>\n\t\t\t\t\t\t\t<div class=\"sow-accordion-close-button\">\n\t\t\t\t\t\t\t\t<span class=\"sow-icon-ionicons\" data-sow-icon=\"&#xf209;\"\n\t\t \n\t\taria-hidden=\"true\"><\/span>\t\t\t\t\t\t\t<\/div>\n\t\t\t\t\t\t<\/div>\n\t\t\t\t\t<\/div>\n\t\t\t\t<\/div>\n\n\t\t\t<div\n\t\t\t\tclass=\"sow-accordion-panel-content\"\n\t\t\t\trole=\"region\"\n\t\t\t\taria-labelledby=\"accordion-label-laboratorio-integrado-de-pregrado-y-posgrado\"\n\t\t\t\tid=\"accordion-content-laboratorio-integrado-de-pregrado-y-posgrado\"\n\t\t\t\tstyle=\"display: none;\"\t\t\t>\n\t\t\t\t<div class=\"sow-accordion-panel-border\" tabindex=\"0\">\n\t\t\t\t\t<p><span style=\"color: #008000\">Este laboratorio, de 21 m\u00b2, est\u00e1 destinado actualmente a estudiantes de Grado, que realizan en esta ubicaci\u00f3n sus labores de Iniciaci\u00f3n Cient\u00edfica. Considerando que uno de los objetivos del Programa de Posgrado en Inform\u00e1tica Aplicada a la Agricultura es integrar los estudios de Grado con los Estudios de Posgrado, este laboratorio tambi\u00e9n estar\u00e1 destinado a estudiantes de Posgrado que tengan un tutor en com\u00fan con los estudiantes de Grado que utilicen este laboratorio.<\/span><\/p>\n\t\t\t\t<\/div>\n\t\t\t<\/div>\n\t\t<\/div>\n\t\t<\/div>\n<\/div>\n<\/div><\/div><\/div><\/div><\/div>","protected":false},"excerpt":{"rendered":"<p>LABORATORIO DE INFORM\u00c1TICA APLICADA A CIENCIAS AGR\u00cdCOLAS Y AMBIENTALES Espacio f\u00edsico de 42m\u00b2, con sala para estudiantes y sala para profesores. El laboratorio cuenta con el siguiente equipamiento: 16 computadoras Pentium, 2 impresoras de inyecci\u00f3n de tinta, 1 Impresora Multifuncional, 2 esc\u00e1neres, 1 Servidor IBM. INFOAGRO tambi\u00e9n cuenta con los siguientes equipos para investigaciones en&nbsp;&hellip;<\/p>\n","protected":false},"author":321,"featured_media":1519,"parent":0,"menu_order":0,"comment_status":"closed","ping_status":"closed","template":"","meta":[],"_links":{"self":[{"href":"https:\/\/www2.uepg.br\/computacaoaplicada\/wp-json\/wp\/v2\/pages\/2310"}],"collection":[{"href":"https:\/\/www2.uepg.br\/computacaoaplicada\/wp-json\/wp\/v2\/pages"}],"about":[{"href":"https:\/\/www2.uepg.br\/computacaoaplicada\/wp-json\/wp\/v2\/types\/page"}],"author":[{"embeddable":true,"href":"https:\/\/www2.uepg.br\/computacaoaplicada\/wp-json\/wp\/v2\/users\/321"}],"replies":[{"embeddable":true,"href":"https:\/\/www2.uepg.br\/computacaoaplicada\/wp-json\/wp\/v2\/comments?post=2310"}],"version-history":[{"count":1,"href":"https:\/\/www2.uepg.br\/computacaoaplicada\/wp-json\/wp\/v2\/pages\/2310\/revisions"}],"predecessor-version":[{"id":2311,"href":"https:\/\/www2.uepg.br\/computacaoaplicada\/wp-json\/wp\/v2\/pages\/2310\/revisions\/2311"}],"wp:featuredmedia":[{"embeddable":true,"href":"https:\/\/www2.uepg.br\/computacaoaplicada\/wp-json\/wp\/v2\/media\/1519"}],"wp:attachment":[{"href":"https:\/\/www2.uepg.br\/computacaoaplicada\/wp-json\/wp\/v2\/media?parent=2310"}],"curies":[{"name":"wp","href":"https:\/\/api.w.org\/{rel}","templated":true}]}}