{"id":2318,"date":"2024-07-25T14:49:49","date_gmt":"2024-07-25T17:49:49","guid":{"rendered":"https:\/\/www2.uepg.br\/computacaoaplicada\/?page_id=2318"},"modified":"2024-07-25T14:49:49","modified_gmt":"2024-07-25T17:49:49","slug":"internacionalizacion","status":"publish","type":"page","link":"https:\/\/www2.uepg.br\/computacaoaplicada\/es\/internacionalizacion\/","title":{"rendered":"Internacionalizaci\u00f3n"},"content":{"rendered":"<p><a style=\"color: #008000\" href=\"https:\/\/www2.uepg.br\/computacaoaplicada\/wp-content\/uploads\/sites\/219\/2024\/06\/Edital_01_2024_Programa_de_Bolsas_ZICOSUR_UEPG.pdf\">Aviso 01\/2024 &#8211; PROGRAMA DE BECAS ZICOSUR &#8211; UEPG\u00a0<\/a><\/p>\n<p><span style=\"color: #008000\"><a style=\"color: #008000\" href=\"https:\/\/www2.uepg.br\/computacaoaplicada\/wp-content\/uploads\/sites\/219\/2024\/06\/Edital_de_homologacao_ZICOSUR_UEPG.pdf\">Aviso 02\/2024 &#8211; APROBACI\u00d3N DE INSCRIPCIONES &#8211; PRESELECCI\u00d3N PARA MOVILIDAD ACAD\u00c9MICA EN POSGRADO<\/a><\/span><\/p>\n<p><span style=\"color: #008000\">El Programa de Posgrado en Computaci\u00f3n Aplicada &#8211; Maestr\u00eda recibir\u00e1, en agosto\/2024, a su nuevo estudiante de maestr\u00eda <strong>Isa\u00edas Jonatan Cruz Castillo<\/strong> de Bolivia, egresado de la Universidad Aut\u00f3noma Juan Misael Saracho.<\/span><\/p>\n","protected":false},"excerpt":{"rendered":"<p>Aviso 01\/2024 &#8211; PROGRAMA DE BECAS ZICOSUR &#8211; UEPG\u00a0 Aviso 02\/2024 &#8211; APROBACI\u00d3N DE INSCRIPCIONES &#8211; PRESELECCI\u00d3N PARA MOVILIDAD ACAD\u00c9MICA EN POSGRADO El Programa de Posgrado en Computaci\u00f3n Aplicada &#8211; Maestr\u00eda recibir\u00e1, en agosto\/2024, a su nuevo estudiante de maestr\u00eda Isa\u00edas Jonatan Cruz Castillo de Bolivia, egresado de la Universidad Aut\u00f3noma Juan Misael Saracho.<\/p>\n","protected":false},"author":321,"featured_media":1542,"parent":0,"menu_order":0,"comment_status":"closed","ping_status":"closed","template":"","meta":[],"_links":{"self":[{"href":"https:\/\/www2.uepg.br\/computacaoaplicada\/wp-json\/wp\/v2\/pages\/2318"}],"collection":[{"href":"https:\/\/www2.uepg.br\/computacaoaplicada\/wp-json\/wp\/v2\/pages"}],"about":[{"href":"https:\/\/www2.uepg.br\/computacaoaplicada\/wp-json\/wp\/v2\/types\/page"}],"author":[{"embeddable":true,"href":"https:\/\/www2.uepg.br\/computacaoaplicada\/wp-json\/wp\/v2\/users\/321"}],"replies":[{"embeddable":true,"href":"https:\/\/www2.uepg.br\/computacaoaplicada\/wp-json\/wp\/v2\/comments?post=2318"}],"version-history":[{"count":1,"href":"https:\/\/www2.uepg.br\/computacaoaplicada\/wp-json\/wp\/v2\/pages\/2318\/revisions"}],"predecessor-version":[{"id":2385,"href":"https:\/\/www2.uepg.br\/computacaoaplicada\/wp-json\/wp\/v2\/pages\/2318\/revisions\/2385"}],"wp:featuredmedia":[{"embeddable":true,"href":"https:\/\/www2.uepg.br\/computacaoaplicada\/wp-json\/wp\/v2\/media\/1542"}],"wp:attachment":[{"href":"https:\/\/www2.uepg.br\/computacaoaplicada\/wp-json\/wp\/v2\/media?parent=2318"}],"curies":[{"name":"wp","href":"https:\/\/api.w.org\/{rel}","templated":true}]}}