{"id":2426,"date":"2024-07-29T13:00:08","date_gmt":"2024-07-29T16:00:08","guid":{"rendered":"https:\/\/www2.uepg.br\/computacaoaplicada\/?page_id=2426"},"modified":"2024-07-29T13:00:08","modified_gmt":"2024-07-29T16:00:08","slug":"reglamento","status":"publish","type":"page","link":"https:\/\/www2.uepg.br\/computacaoaplicada\/es\/reglamento\/","title":{"rendered":"REGLAMENTO"},"content":{"rendered":"<p><span style=\"color: #008000\"><strong>REGLAMENTO DEL PROGRAMA DE POSGRADO EN COMPUTACI\u00d3N APLICADA<\/strong><\/span><\/p>\n<p><span style=\"color: #008000\">Haga clic <a style=\"color: #008000\" href=\"https:\/\/www2.uepg.br\/computacaoaplicada\/wp-content\/uploads\/sites\/219\/2022\/03\/Novo-Regulamento-PPGCA_AprovadoCEPE.pdf\" target=\"_blank\" rel=\"noopener\">aqu\u00ed<\/a> para leer el <strong>Nuevo reglamento, aprobado por el CEPE el 21 de noviembre de 2017, v\u00e1lido para las clases que ingresan a partir de marzo de 2018<\/strong><\/span><\/p>\n<p><span style=\"color: #008000\">Haga clic <a style=\"color: #008000\" href=\"https:\/\/www2.uepg.br\/computacaoaplicada\/wp-content\/uploads\/sites\/219\/2022\/03\/Regulamento_Mestrado_em_Computacao_Aplicada_UEPG_2010.pdf\" target=\"_blank\" rel=\"noopener\">aqu\u00ed<\/a> para leer el <strong>Reglamento Anterior<\/strong><\/span><\/p>\n<hr \/>\n<p><span style=\"color: #008000\"><strong>REGLAMENTOS DE LA UNIVERSIDAD ESTADUAL DE PONTA GROSSA<\/strong><\/span><\/p>\n<p><span style=\"color: #008000\">Haga clic <a style=\"color: #008000\" href=\"https:\/\/www2.uepg.br\/computacaoaplicada\/wp-content\/uploads\/sites\/219\/2022\/03\/Resolucao-CEPE-30-2016-ODT.pdf\" target=\"_blank\" rel=\"noopener\">aqu\u00ed<\/a> para leer el <strong>Reglamento de Orientaci\u00f3n de Disertaci\u00f3n de Maestr\u00eda en los Programas de Posgrado Stricto Sensu de la UEPG<\/strong><\/span><\/p>\n<p><span style=\"color: #008000\">Haga clic <a style=\"color: #008000\" href=\"https:\/\/www2.uepg.br\/computacaoaplicada\/wp-content\/uploads\/sites\/219\/2022\/03\/Resolucao-CEPE-021-2016-Regulamento-do-Estagio-de-Docencia-de-Discentes-dos-Cursos-PPG-Stricto-Sensu.pdf\" target=\"_blank\" rel=\"noopener\">aqu\u00ed<\/a> para leer el <strong>Reglamento de la Pasant\u00eda de Docencia de los Estudiantes de los Cursos de Posgrado Stricto Sensu de la UEPG<\/strong><\/span><\/p>\n<p><span style=\"color: #008000\">Haga clic <a style=\"color: #008000\" href=\"https:\/\/www2.uepg.br\/computacaoaplicada\/wp-content\/uploads\/sites\/219\/2022\/03\/Resolucao-CEPE-020-2016-Regulamento-Geral-dos-PPG-Stricto-Sensu-da-UEPG.pdf\" target=\"_blank\" rel=\"noopener\">aqu\u00ed<\/a> para leer el <strong>Reglamento General de los Programas de Posgrado Stricto Sensu de la UEPG<\/strong><\/span><\/p>\n<p><span style=\"color: #008000\">Haga clic <a style=\"color: #008000\" href=\"https:\/\/www2.uepg.br\/computacaoaplicada\/wp-content\/uploads\/sites\/219\/2022\/03\/res-CEPE-28-2012.pdf\" target=\"_blank\" rel=\"noopener\">aqu\u00ed<\/a> para leer el <strong>Reglamento de R\u00e9gimen Domiciliario y de Exenci\u00f3n de Faltas para los Cursos de Posgrado de la UEPG<\/strong><\/span><\/p>\n<p><span style=\"color: #008000\">Haga clic <a style=\"color: #008000\" href=\"https:\/\/www2.uepg.br\/computacaoaplicada\/wp-content\/uploads\/sites\/219\/2022\/03\/ResCEPE039.pdf\" target=\"_blank\" rel=\"noopener\">aqu\u00ed<\/a> para leer el <strong>Reglamento General de los Programas de Posgrado Stricto Sensu de la UEPG<\/strong><\/span><\/p>\n","protected":false},"excerpt":{"rendered":"<p>REGLAMENTO DEL PROGRAMA DE POSGRADO EN COMPUTACI\u00d3N APLICADA Haga clic aqu\u00ed para leer el Nuevo reglamento, aprobado por el CEPE el 21 de noviembre de 2017, v\u00e1lido para las clases que ingresan a partir de marzo de 2018 Haga clic aqu\u00ed para leer el Reglamento Anterior REGLAMENTOS DE LA UNIVERSIDAD ESTADUAL DE PONTA GROSSA Haga&nbsp;&hellip;<\/p>\n","protected":false},"author":321,"featured_media":1519,"parent":0,"menu_order":0,"comment_status":"closed","ping_status":"closed","template":"","meta":[],"_links":{"self":[{"href":"https:\/\/www2.uepg.br\/computacaoaplicada\/wp-json\/wp\/v2\/pages\/2426"}],"collection":[{"href":"https:\/\/www2.uepg.br\/computacaoaplicada\/wp-json\/wp\/v2\/pages"}],"about":[{"href":"https:\/\/www2.uepg.br\/computacaoaplicada\/wp-json\/wp\/v2\/types\/page"}],"author":[{"embeddable":true,"href":"https:\/\/www2.uepg.br\/computacaoaplicada\/wp-json\/wp\/v2\/users\/321"}],"replies":[{"embeddable":true,"href":"https:\/\/www2.uepg.br\/computacaoaplicada\/wp-json\/wp\/v2\/comments?post=2426"}],"version-history":[{"count":1,"href":"https:\/\/www2.uepg.br\/computacaoaplicada\/wp-json\/wp\/v2\/pages\/2426\/revisions"}],"predecessor-version":[{"id":2427,"href":"https:\/\/www2.uepg.br\/computacaoaplicada\/wp-json\/wp\/v2\/pages\/2426\/revisions\/2427"}],"wp:featuredmedia":[{"embeddable":true,"href":"https:\/\/www2.uepg.br\/computacaoaplicada\/wp-json\/wp\/v2\/media\/1519"}],"wp:attachment":[{"href":"https:\/\/www2.uepg.br\/computacaoaplicada\/wp-json\/wp\/v2\/media?parent=2426"}],"curies":[{"name":"wp","href":"https:\/\/api.w.org\/{rel}","templated":true}]}}