{"id":2442,"date":"2024-07-29T13:17:25","date_gmt":"2024-07-29T16:17:25","guid":{"rendered":"https:\/\/www2.uepg.br\/computacaoaplicada\/?page_id=2442"},"modified":"2024-12-16T11:27:07","modified_gmt":"2024-12-16T14:27:07","slug":"horarios-e-inscripciones","status":"publish","type":"page","link":"https:\/\/www2.uepg.br\/computacaoaplicada\/es\/horarios-e-inscripciones\/","title":{"rendered":"Horarios e Inscripciones"},"content":{"rendered":"<div><span style=\"color: #008000\">Haga clic <strong><a style=\"color: #008000\" href=\"https:\/\/www2.uepg.br\/computacaoaplicada\/wp-content\/uploads\/sites\/219\/2024\/12\/Ensalamento_2025-1_PPGCA.pdf\">aqu\u00ed<\/a><\/strong> para descargar el horario de 2025\/1.<\/span><\/div>\n<div>\n<hr \/>\n<\/div>\n<div><span style=\"color: #008000\">Los cursos <strong>Investigaci\u00f3n Guiada, ODM I, ODM II, Pr\u00e1ctica Docente<\/strong> no tienen aulas ni horarios espec\u00edficos, ya que tanto el lugar como el horario deben ser definidos por el respectivo asesor del estudiante.<\/span><\/div>\n<div><\/div>\n<div><strong style=\"color: #008000\">Per\u00edodo Acad\u00e9mico del 1\u00ba. Semestre:<\/strong><span style=\"color: #008000\"> 10\/03 al 04\/07\/2025<\/span><\/div>\n<div><\/div>\n<div><span style=\"color: #008000\"><strong>Per\u00edodo de inscripci\u00f3n:<\/strong> 24\/02 al 07\/03\/2025<\/span><\/div>\n","protected":false},"excerpt":{"rendered":"<p>Haga clic aqu\u00ed para descargar el horario de 2025\/1. Los cursos Investigaci\u00f3n Guiada, ODM I, ODM II, Pr\u00e1ctica Docente no tienen aulas ni horarios espec\u00edficos, ya que tanto el lugar como el horario deben ser definidos por el respectivo asesor del estudiante. Per\u00edodo Acad\u00e9mico del 1\u00ba. Semestre: 10\/03 al 04\/07\/2025 Per\u00edodo de inscripci\u00f3n: 24\/02 al&nbsp;&hellip;<\/p>\n","protected":false},"author":321,"featured_media":1519,"parent":0,"menu_order":0,"comment_status":"closed","ping_status":"closed","template":"","meta":[],"_links":{"self":[{"href":"https:\/\/www2.uepg.br\/computacaoaplicada\/wp-json\/wp\/v2\/pages\/2442"}],"collection":[{"href":"https:\/\/www2.uepg.br\/computacaoaplicada\/wp-json\/wp\/v2\/pages"}],"about":[{"href":"https:\/\/www2.uepg.br\/computacaoaplicada\/wp-json\/wp\/v2\/types\/page"}],"author":[{"embeddable":true,"href":"https:\/\/www2.uepg.br\/computacaoaplicada\/wp-json\/wp\/v2\/users\/321"}],"replies":[{"embeddable":true,"href":"https:\/\/www2.uepg.br\/computacaoaplicada\/wp-json\/wp\/v2\/comments?post=2442"}],"version-history":[{"count":3,"href":"https:\/\/www2.uepg.br\/computacaoaplicada\/wp-json\/wp\/v2\/pages\/2442\/revisions"}],"predecessor-version":[{"id":3062,"href":"https:\/\/www2.uepg.br\/computacaoaplicada\/wp-json\/wp\/v2\/pages\/2442\/revisions\/3062"}],"wp:featuredmedia":[{"embeddable":true,"href":"https:\/\/www2.uepg.br\/computacaoaplicada\/wp-json\/wp\/v2\/media\/1519"}],"wp:attachment":[{"href":"https:\/\/www2.uepg.br\/computacaoaplicada\/wp-json\/wp\/v2\/media?parent=2442"}],"curies":[{"name":"wp","href":"https:\/\/api.w.org\/{rel}","templated":true}]}}