{"id":2451,"date":"2024-07-29T13:24:00","date_gmt":"2024-07-29T16:24:00","guid":{"rendered":"https:\/\/www2.uepg.br\/computacaoaplicada\/?page_id=2451"},"modified":"2024-07-29T13:24:00","modified_gmt":"2024-07-29T16:24:00","slug":"lineas-de-investigacion","status":"publish","type":"page","link":"https:\/\/www2.uepg.br\/computacaoaplicada\/es\/lineas-de-investigacion\/","title":{"rendered":"L\u00edneas de Investigaci\u00f3n"},"content":{"rendered":"<div style=\"text-align: center\">\n<h4 style=\"text-align: left;margin: 0;padding: 0\"><span style=\"color: #008000\">MODELADO DE COMPUTACI\u00d3N APLICADA<\/span><\/h4>\n<\/div>\n<div style=\"text-align: justify;margin: 0;padding: 0\"><span style=\"color: #008000\">Los proyectos de esta l\u00ednea abordan el desarrollo y an\u00e1lisis de modelos computacionales para la toma de decisiones, trazabilidad y simulaci\u00f3n de fen\u00f3menos relacionados con la producci\u00f3n agr\u00edcola y el medio ambiente. Tambi\u00e9n aborda el uso de computaci\u00f3n paralela y distribuida para optimizar los procedimientos de aprendizaje autom\u00e1tico. Las aplicaciones objetivo est\u00e1n relacionadas con el uso de t\u00e9cnicas de Inteligencia Artificial en bioinform\u00e1tica, visi\u00f3n por ordenador para im\u00e1genes agr\u00edcolas, diagn\u00f3stico autom\u00e1tico y predicci\u00f3n de la aparici\u00f3n de enfermedades en plantas y el tratamiento de informaci\u00f3n imperfecta en el procesamiento de datos agr\u00edcolas.<\/span><\/div>\n<div><\/div>\n<p>&nbsp;<\/p>\n<h4 style=\"margin: 0;padding: 0\"><span style=\"color: #008000\">COMPUTACI\u00d3N, AUTOMATIZACI\u00d3N Y GESTI\u00d3N DE DATOS EN AGRICULTURA<\/span><\/h4>\n<div style=\"text-align: justify;margin: 0;padding: 0\"><span style=\"color: #008000\">Esta l\u00ednea est\u00e1 dirigida a la investigaci\u00f3n y aplicaci\u00f3n de t\u00e9cnicas computacionales en problemas agr\u00edcolas que implican an\u00e1lisis y gesti\u00f3n de datos, instrumentaci\u00f3n y automatizaci\u00f3n de procesos agroindustriales, teledetecci\u00f3n y adquisici\u00f3n y procesamiento de im\u00e1genes. Esta l\u00ednea tambi\u00e9n tiene como objetivo desarrollar soluciones interdisciplinares que integren ciencia, tecnolog\u00eda e innovaci\u00f3n en el contexto de la agricultura de precisi\u00f3n.<\/span><\/div>\n<div><\/div>\n","protected":false},"excerpt":{"rendered":"<p>MODELADO DE COMPUTACI\u00d3N APLICADA Los proyectos de esta l\u00ednea abordan el desarrollo y an\u00e1lisis de modelos computacionales para la toma de decisiones, trazabilidad y simulaci\u00f3n de fen\u00f3menos relacionados con la producci\u00f3n agr\u00edcola y el medio ambiente. Tambi\u00e9n aborda el uso de computaci\u00f3n paralela y distribuida para optimizar los procedimientos de aprendizaje autom\u00e1tico. Las aplicaciones objetivo&nbsp;&hellip;<\/p>\n","protected":false},"author":321,"featured_media":1519,"parent":0,"menu_order":0,"comment_status":"closed","ping_status":"closed","template":"","meta":[],"_links":{"self":[{"href":"https:\/\/www2.uepg.br\/computacaoaplicada\/wp-json\/wp\/v2\/pages\/2451"}],"collection":[{"href":"https:\/\/www2.uepg.br\/computacaoaplicada\/wp-json\/wp\/v2\/pages"}],"about":[{"href":"https:\/\/www2.uepg.br\/computacaoaplicada\/wp-json\/wp\/v2\/types\/page"}],"author":[{"embeddable":true,"href":"https:\/\/www2.uepg.br\/computacaoaplicada\/wp-json\/wp\/v2\/users\/321"}],"replies":[{"embeddable":true,"href":"https:\/\/www2.uepg.br\/computacaoaplicada\/wp-json\/wp\/v2\/comments?post=2451"}],"version-history":[{"count":1,"href":"https:\/\/www2.uepg.br\/computacaoaplicada\/wp-json\/wp\/v2\/pages\/2451\/revisions"}],"predecessor-version":[{"id":2452,"href":"https:\/\/www2.uepg.br\/computacaoaplicada\/wp-json\/wp\/v2\/pages\/2451\/revisions\/2452"}],"wp:featuredmedia":[{"embeddable":true,"href":"https:\/\/www2.uepg.br\/computacaoaplicada\/wp-json\/wp\/v2\/media\/1519"}],"wp:attachment":[{"href":"https:\/\/www2.uepg.br\/computacaoaplicada\/wp-json\/wp\/v2\/media?parent=2451"}],"curies":[{"name":"wp","href":"https:\/\/api.w.org\/{rel}","templated":true}]}}