{"id":2462,"date":"2024-07-29T14:02:03","date_gmt":"2024-07-29T17:02:03","guid":{"rendered":"https:\/\/www2.uepg.br\/computacaoaplicada\/?page_id=2462"},"modified":"2024-07-29T14:02:03","modified_gmt":"2024-07-29T17:02:03","slug":"asociaciones","status":"publish","type":"page","link":"https:\/\/www2.uepg.br\/computacaoaplicada\/es\/asociaciones\/","title":{"rendered":"Asociaciones"},"content":{"rendered":"<p><span style=\"color: #008000\">Considerando que la investigaci\u00f3n es de car\u00e1cter aplicado y multidisciplinario, se desarrolla en alianza con otras Universidades, Fundaciones de Investigaci\u00f3n y Empresas. Entre los socios destacan los siguientes:<\/span><\/p>\n<p><span style=\"color: #008000\"><a style=\"color: #008000\" href=\"https:\/\/portal.uel.br\/home\/\"><img loading=\"lazy\" class=\"alignnone wp-image-1800\" src=\"https:\/\/www2.uepg.br\/computacaoaplicada\/wp-content\/uploads\/sites\/219\/2024\/06\/uel.png\" alt=\"\" width=\"180\" height=\"118\" \/><\/a>\u00a0 \u00a0 <a style=\"color: #008000\" href=\"https:\/\/www5.usp.br\/\"><img loading=\"lazy\" class=\"alignnone wp-image-1802\" src=\"https:\/\/www2.uepg.br\/computacaoaplicada\/wp-content\/uploads\/sites\/219\/2024\/06\/usp.png\" alt=\"\" width=\"217\" height=\"106\" \/><\/a>\u00a0 \u00a0 \u00a0 \u00a0 <a style=\"color: #008000\" href=\"https:\/\/www2.unesp.br\/\"><img loading=\"lazy\" class=\"alignnone wp-image-1803\" src=\"https:\/\/www2.uepg.br\/computacaoaplicada\/wp-content\/uploads\/sites\/219\/2024\/06\/unesp.png\" alt=\"\" width=\"213\" height=\"117\" \/><\/a>\u00a0 \u00a0 \u00a0 \u00a0 \u00a0 <img loading=\"lazy\" class=\"alignnone wp-image-1804\" src=\"https:\/\/www2.uepg.br\/computacaoaplicada\/wp-content\/uploads\/sites\/219\/2024\/06\/ufpr.png\" alt=\"\" width=\"153\" height=\"102\" \/>\u00a0 \u00a0 \u00a0\u00a0<a style=\"color: #008000\" href=\"https:\/\/www.ufl.edu\/\"><img loading=\"lazy\" class=\"alignnone wp-image-1805\" src=\"https:\/\/www2.uepg.br\/computacaoaplicada\/wp-content\/uploads\/sites\/219\/2024\/06\/uf.png\" alt=\"\" width=\"112\" height=\"110\" \/><\/a>\u00a0 \u00a0 \u00a0 <a style=\"color: #008000\" href=\"https:\/\/fundacaoabc.org\/\"><img loading=\"lazy\" class=\"alignnone wp-image-1806\" src=\"https:\/\/www2.uepg.br\/computacaoaplicada\/wp-content\/uploads\/sites\/219\/2024\/06\/abc.png\" alt=\"\" width=\"118\" height=\"115\" \/><\/a>\u00a0 \u00a0 \u00a0 <a style=\"color: #008000\" href=\"https:\/\/www.embrapa.br\/\"><img loading=\"lazy\" class=\"alignnone wp-image-1807\" src=\"https:\/\/www2.uepg.br\/computacaoaplicada\/wp-content\/uploads\/sites\/219\/2024\/06\/embrapa.png\" alt=\"\" width=\"204\" height=\"100\" \/><\/a>\u00a0 \u00a0 \u00a0 <a style=\"color: #008000\" href=\"https:\/\/www.bunge.com.br\/\"><img loading=\"lazy\" class=\"alignnone wp-image-1808\" src=\"https:\/\/www2.uepg.br\/computacaoaplicada\/wp-content\/uploads\/sites\/219\/2024\/06\/bunge.png\" alt=\"\" width=\"240\" height=\"55\" \/><\/a>\u00a0 \u00a0 \u00a0 <a style=\"color: #008000\" href=\"https:\/\/www.socidisco.com.br\/\"><img loading=\"lazy\" class=\"alignnone wp-image-1809\" src=\"https:\/\/www2.uepg.br\/computacaoaplicada\/wp-content\/uploads\/sites\/219\/2024\/06\/socidisco.png\" alt=\"\" width=\"286\" height=\"68\" \/><\/a>\u00a0 \u00a0 \u00a0 \u00a0 <a style=\"color: #008000\" href=\"https:\/\/www.stara.com.br\/\"><img loading=\"lazy\" class=\"alignnone wp-image-1810\" src=\"https:\/\/www2.uepg.br\/computacaoaplicada\/wp-content\/uploads\/sites\/219\/2024\/06\/stara.png\" alt=\"\" width=\"296\" height=\"89\" \/><\/a><\/span><\/p>\n<p>&nbsp;<\/p>\n<p><span style=\"color: #008000\">Estas asociaciones han contribuido eficazmente a obtener resultados importantes, ya sea compartiendo conocimientos espec\u00edficos del \u00e1mbito de aplicaci\u00f3n, proporcionando el entorno f\u00edsico y el equipo espec\u00edfico necesarios, o proporcionando bases de datos agron\u00f3micas.<\/span><\/p>\n","protected":false},"excerpt":{"rendered":"<p>Considerando que la investigaci\u00f3n es de car\u00e1cter aplicado y multidisciplinario, se desarrolla en alianza con otras Universidades, Fundaciones de Investigaci\u00f3n y Empresas. Entre los socios destacan los siguientes: \u00a0 \u00a0 \u00a0 \u00a0 \u00a0 \u00a0 \u00a0 \u00a0 \u00a0 \u00a0 \u00a0 \u00a0 \u00a0 \u00a0\u00a0\u00a0 \u00a0 \u00a0 \u00a0 \u00a0 \u00a0 \u00a0 \u00a0 \u00a0 \u00a0 \u00a0 \u00a0 \u00a0 \u00a0&nbsp;&hellip;<\/p>\n","protected":false},"author":321,"featured_media":1519,"parent":0,"menu_order":0,"comment_status":"closed","ping_status":"closed","template":"","meta":[],"_links":{"self":[{"href":"https:\/\/www2.uepg.br\/computacaoaplicada\/wp-json\/wp\/v2\/pages\/2462"}],"collection":[{"href":"https:\/\/www2.uepg.br\/computacaoaplicada\/wp-json\/wp\/v2\/pages"}],"about":[{"href":"https:\/\/www2.uepg.br\/computacaoaplicada\/wp-json\/wp\/v2\/types\/page"}],"author":[{"embeddable":true,"href":"https:\/\/www2.uepg.br\/computacaoaplicada\/wp-json\/wp\/v2\/users\/321"}],"replies":[{"embeddable":true,"href":"https:\/\/www2.uepg.br\/computacaoaplicada\/wp-json\/wp\/v2\/comments?post=2462"}],"version-history":[{"count":1,"href":"https:\/\/www2.uepg.br\/computacaoaplicada\/wp-json\/wp\/v2\/pages\/2462\/revisions"}],"predecessor-version":[{"id":2463,"href":"https:\/\/www2.uepg.br\/computacaoaplicada\/wp-json\/wp\/v2\/pages\/2462\/revisions\/2463"}],"wp:featuredmedia":[{"embeddable":true,"href":"https:\/\/www2.uepg.br\/computacaoaplicada\/wp-json\/wp\/v2\/media\/1519"}],"wp:attachment":[{"href":"https:\/\/www2.uepg.br\/computacaoaplicada\/wp-json\/wp\/v2\/media?parent=2462"}],"curies":[{"name":"wp","href":"https:\/\/api.w.org\/{rel}","templated":true}]}}