{"id":2470,"date":"2024-07-29T14:11:32","date_gmt":"2024-07-29T17:11:32","guid":{"rendered":"https:\/\/www2.uepg.br\/computacaoaplicada\/?page_id=2470"},"modified":"2024-07-29T14:11:32","modified_gmt":"2024-07-29T17:11:32","slug":"eventos-2","status":"publish","type":"page","link":"https:\/\/www2.uepg.br\/computacaoaplicada\/es\/eventos-2\/","title":{"rendered":"Eventos"},"content":{"rendered":"<div id=\"pl-2470\"  class=\"panel-layout\" ><div id=\"pg-2470-0\"  class=\"panel-grid panel-no-style\" ><div id=\"pgc-2470-0-0\"  class=\"panel-grid-cell\" ><div id=\"panel-2470-0-0-0\" class=\"so-panel widget widget_sow-accordion panel-first-child panel-last-child\" data-index=\"0\" ><div\n\t\t\t\n\t\t\tclass=\"so-widget-sow-accordion so-widget-sow-accordion-default-33396c0f15f1-2470\"\n\t\t\t\n\t\t><div>\n\t<div class=\"sow-accordion\">\n\t\t\t<div class=\"sow-accordion-panel\"\n\t\t\t data-anchor=\"i-taller-de-computaci%c3%b3n-aplicada-en-agronegocios\">\n\t\t\t\t<div class=\"sow-accordion-panel-header-container\" role=\"heading\" aria-level=\"2\">\n\t\t\t\t\t<div class=\"sow-accordion-panel-header\" tabindex=\"0\" role=\"button\" id=\"accordion-label-i-taller-de-computaci%c3%b3n-aplicada-en-agronegocios\" aria-controls=\"accordion-content-i-taller-de-computaci%c3%b3n-aplicada-en-agronegocios\" aria-expanded=\"false\">\n\t\t\t\t\t\t<div class=\"sow-accordion-title sow-accordion-title-icon-left\">\n\t\t\t\t\t\t\t\t\t\t\t\t\t\tI Taller de Computaci\u00f3n Aplicada en Agronegocios\t\t\t\t\t\t\t\t\t\t\t\t\t<\/div>\n\t\t\t\t\t\t<div class=\"sow-accordion-open-close-button\">\n\t\t\t\t\t\t\t<div class=\"sow-accordion-open-button\">\n\t\t\t\t\t\t\t\t<span class=\"sow-icon-ionicons\" data-sow-icon=\"&#xf218;\"\n\t\t \n\t\taria-hidden=\"true\"><\/span>\t\t\t\t\t\t\t<\/div>\n\t\t\t\t\t\t\t<div class=\"sow-accordion-close-button\">\n\t\t\t\t\t\t\t\t<span class=\"sow-icon-ionicons\" data-sow-icon=\"&#xf209;\"\n\t\t \n\t\taria-hidden=\"true\"><\/span>\t\t\t\t\t\t\t<\/div>\n\t\t\t\t\t\t<\/div>\n\t\t\t\t\t<\/div>\n\t\t\t\t<\/div>\n\n\t\t\t<div\n\t\t\t\tclass=\"sow-accordion-panel-content\"\n\t\t\t\trole=\"region\"\n\t\t\t\taria-labelledby=\"accordion-label-i-taller-de-computaci%c3%b3n-aplicada-en-agronegocios\"\n\t\t\t\tid=\"accordion-content-i-taller-de-computaci%c3%b3n-aplicada-en-agronegocios\"\n\t\t\t\tstyle=\"display: none;\"\t\t\t>\n\t\t\t\t<div class=\"sow-accordion-panel-border\" tabindex=\"0\">\n\t\t\t\t\t<p><span style=\"color: #008000\">El 1er Taller de Computaci\u00f3n Aplicada en Agronegocios tendr\u00e1 lugar los d\u00edas 12 y 13 de septiembre de 2024, en el Centro de Eventos de la ciudad de Ponta Grossa. La inscripci\u00f3n comienza el 01\/07\/2024. Para obtener m\u00e1s informaci\u00f3n, visite:<strong><a href=\"https:\/\/siseve.apps.uepg.br\/pt_BR\/IWCA\"> I WCAA.<\/a><\/strong><\/span><\/p>\n<p><span style=\"color: #008000\">El I Taller de Computaci\u00f3n Aplicada en Agronegocios ser\u00e1 un evento en el campo de la tecnolog\u00eda que reunir\u00e1 a profesionales, estudiantes y entusiastas para discutir las \u00faltimas tendencias y avances en computaci\u00f3n aplicada a la agricultura y \u00e1reas afines. El taller se llevar\u00e1 a cabo en un entorno colaborativo, brindando oportunidades para establecer contactos, aprender e intercambiar experiencias.<\/span><\/p>\n<p><span style=\"color: #008000\">El evento contar\u00e1 con conferencias y paneles, que abarcar\u00e1n temas relevantes dentro del campo de la inform\u00e1tica aplicada a los agronegocios. Los ponentes invitados son expertos en las \u00e1reas inherentes a la inform\u00e1tica aplicada. Los participantes tendr\u00e1n la oportunidad de conocer los \u00faltimos avances en inform\u00e1tica aplicada a la agroindustria.<\/span><\/p>\n<p><span style=\"color: #008000\">Los oradores compartir\u00e1n informaci\u00f3n y conocimientos sobre t\u00e9cnicas inform\u00e1ticas aplicadas y discutir\u00e1n tendencias en la resoluci\u00f3n de problemas complejos e identificar\u00e1n oportunidades de mejora en diferentes contextos. Se compartir\u00e1n las mejores pr\u00e1cticas en la creaci\u00f3n de soluciones innovadoras y de alta calidad que satisfagan las demandas del mercado.<\/span><\/p>\n<p><span style=\"color: #008000\">El 1er Taller de Computaci\u00f3n Aplicada tambi\u00e9n ofrecer\u00e1 varias oportunidades para establecer contactos y colaborar. Los participantes tendr\u00e1n la oportunidad de interactuar con colegas en el campo, acad\u00e9micos y expertos en tecnolog\u00eda, compartiendo ideas, experiencias y oportunidades. Adem\u00e1s, promover\u00e1 la oportunidad de establecer asociaciones estrat\u00e9gicas entre empresas\/industrias de agronegocios, universidades e instituciones de investigaci\u00f3n, con el objetivo de promover la innovaci\u00f3n y el desarrollo tecnol\u00f3gico.<\/span><\/p>\n\t\t\t\t<\/div>\n\t\t\t<\/div>\n\t\t<\/div>\n\t\t<\/div>\n<\/div>\n<\/div><\/div><\/div><\/div><div id=\"pg-2470-1\"  class=\"panel-grid panel-no-style\" ><div id=\"pgc-2470-1-0\"  class=\"panel-grid-cell\" ><div id=\"panel-2470-1-0-0\" class=\"so-panel widget widget_sow-accordion panel-first-child panel-last-child\" data-index=\"1\" ><div\n\t\t\t\n\t\t\tclass=\"so-widget-sow-accordion so-widget-sow-accordion-default-33396c0f15f1-2470\"\n\t\t\t\n\t\t><div>\n\t<div class=\"sow-accordion\">\n\t\t\t<div class=\"sow-accordion-panel\"\n\t\t\t data-anchor=\"conaitec-congreso-agr%c3%adcola-industrial-y-tecnol%c3%b3gico-de-paran%c3%a1-organizado-por-la-uepg\">\n\t\t\t\t<div class=\"sow-accordion-panel-header-container\" role=\"heading\" aria-level=\"2\">\n\t\t\t\t\t<div class=\"sow-accordion-panel-header\" tabindex=\"0\" role=\"button\" id=\"accordion-label-conaitec-congreso-agr%c3%adcola-industrial-y-tecnol%c3%b3gico-de-paran%c3%a1-organizado-por-la-uepg\" aria-controls=\"accordion-content-conaitec-congreso-agr%c3%adcola-industrial-y-tecnol%c3%b3gico-de-paran%c3%a1-organizado-por-la-uepg\" aria-expanded=\"false\">\n\t\t\t\t\t\t<div class=\"sow-accordion-title sow-accordion-title-icon-left\">\n\t\t\t\t\t\t\t\t\t\t\t\t\t\tCONAITEC - Congreso Agr\u00edcola, Industrial y Tecnol\u00f3gico de Paran\u00e1, organizado por la UEPG\t\t\t\t\t\t\t\t\t\t\t\t\t<\/div>\n\t\t\t\t\t\t<div class=\"sow-accordion-open-close-button\">\n\t\t\t\t\t\t\t<div class=\"sow-accordion-open-button\">\n\t\t\t\t\t\t\t\t<span class=\"sow-icon-ionicons\" data-sow-icon=\"&#xf218;\"\n\t\t \n\t\taria-hidden=\"true\"><\/span>\t\t\t\t\t\t\t<\/div>\n\t\t\t\t\t\t\t<div class=\"sow-accordion-close-button\">\n\t\t\t\t\t\t\t\t<span class=\"sow-icon-ionicons\" data-sow-icon=\"&#xf209;\"\n\t\t \n\t\taria-hidden=\"true\"><\/span>\t\t\t\t\t\t\t<\/div>\n\t\t\t\t\t\t<\/div>\n\t\t\t\t\t<\/div>\n\t\t\t\t<\/div>\n\n\t\t\t<div\n\t\t\t\tclass=\"sow-accordion-panel-content\"\n\t\t\t\trole=\"region\"\n\t\t\t\taria-labelledby=\"accordion-label-conaitec-congreso-agr%c3%adcola-industrial-y-tecnol%c3%b3gico-de-paran%c3%a1-organizado-por-la-uepg\"\n\t\t\t\tid=\"accordion-content-conaitec-congreso-agr%c3%adcola-industrial-y-tecnol%c3%b3gico-de-paran%c3%a1-organizado-por-la-uepg\"\n\t\t\t\tstyle=\"display: none;\"\t\t\t>\n\t\t\t\t<div class=\"sow-accordion-panel-border\" tabindex=\"0\">\n\t\t\t\t\t<p><span style=\"color: #008000\">CONAITEC 2024 se llevar\u00e1 a cabo entre los d\u00edas 10 y 11 de septiembre de 2024, en el centro de eventos de la ciudad de Ponta Grossa, las inscripciones comienzan el 01\/07\/2024, para conocer m\u00e1s visite: CONAITEC.<\/span><\/p>\n<p><span style=\"color: #008000\">El Congreso Agr\u00edcola, Industrial y Tecnol\u00f3gico de Paran\u00e1 (CONAITEC) es organizado por la Universidad Estadual de Ponta Grossa (UEPG). Este congreso re\u00fane a profesionales, empresarios, acad\u00e9micos y estudiantes con el objetivo de discutir temas relevantes para los sectores agr\u00edcola, industrial y tecnol\u00f3gico.<\/span><\/p>\n<p><span style=\"color: #008000\">La importancia de CONAITEC radica en su papel fundamental en la promoci\u00f3n del di\u00e1logo y la colaboraci\u00f3n entre los diferentes sectores de la econom\u00eda. El evento fomenta el intercambio de conocimientos y la presentaci\u00f3n de nuevas tecnolog\u00edas y tendencias, facilitando la comunicaci\u00f3n y la cooperaci\u00f3n entre los distintos actores implicados. Adem\u00e1s, el congreso sirve como plataforma imprescindible para la exposici\u00f3n de innovaciones, permitiendo a los participantes y empresas actualizarse con las mejores pr\u00e1cticas y avances tecnol\u00f3gicos del sector.<\/span><\/p>\n<p><span style=\"color: #008000\">Durante CONAITEC se realizan diversas conferencias, talleres y mesas redondas, que abarcan temas como sostenibilidad, innovaci\u00f3n tecnol\u00f3gica y nuevas demandas del mercado. Estos encuentros brindan a los participantes una visi\u00f3n integral de las transformaciones y desaf\u00edos que enfrentan los sectores agr\u00edcola, industrial y tecnol\u00f3gico.<\/span><\/p>\n<p><span style=\"color: #008000\">Al promover la integraci\u00f3n entre la academia, la industria y la sociedad, CONAITEC contribuye significativamente al desarrollo econ\u00f3mico y social de la regi\u00f3n, fomentando la adopci\u00f3n de pr\u00e1cticas innovadoras y sostenibles que fortalezcan la competitividad y sostenibilidad de los sectores involucrados.<\/span><\/p>\n<p><span style=\"color: #008000\">Obtenga m\u00e1s informaci\u00f3n en el <strong><a style=\"color: #008000\" href=\"https:\/\/siseve.apps.uepg.br\/pt_BR\/CONAITEC2024\">sitio web del evento.<\/a><\/strong><\/span><\/p>\n\t\t\t\t<\/div>\n\t\t\t<\/div>\n\t\t<\/div>\n\t\t<\/div>\n<\/div>\n<\/div><\/div><\/div><\/div><div id=\"pg-2470-2\"  class=\"panel-grid panel-no-style\" ><div id=\"pgc-2470-2-0\"  class=\"panel-grid-cell\" ><div id=\"panel-2470-2-0-0\" class=\"so-panel widget widget_sow-accordion panel-first-child panel-last-child\" data-index=\"2\" ><div\n\t\t\t\n\t\t\tclass=\"so-widget-sow-accordion so-widget-sow-accordion-default-33396c0f15f1-2470\"\n\t\t\t\n\t\t><div>\n\t<div class=\"sow-accordion\">\n\t\t\t<div class=\"sow-accordion-panel\"\n\t\t\t data-anchor=\"v-conferencia-estatal-de-ciencia-tecnolog%c3%ada-e-innovaci%c3%b3n-de-paran%c3%a1-y-v-conferencia-regional-sur-de-ciencia-tecnolog%c3%ada-e-innovaci%c3%b3n\">\n\t\t\t\t<div class=\"sow-accordion-panel-header-container\" role=\"heading\" aria-level=\"2\">\n\t\t\t\t\t<div class=\"sow-accordion-panel-header\" tabindex=\"0\" role=\"button\" id=\"accordion-label-v-conferencia-estatal-de-ciencia-tecnolog%c3%ada-e-innovaci%c3%b3n-de-paran%c3%a1-y-v-conferencia-regional-sur-de-ciencia-tecnolog%c3%ada-e-innovaci%c3%b3n\" aria-controls=\"accordion-content-v-conferencia-estatal-de-ciencia-tecnolog%c3%ada-e-innovaci%c3%b3n-de-paran%c3%a1-y-v-conferencia-regional-sur-de-ciencia-tecnolog%c3%ada-e-innovaci%c3%b3n\" aria-expanded=\"false\">\n\t\t\t\t\t\t<div class=\"sow-accordion-title sow-accordion-title-icon-left\">\n\t\t\t\t\t\t\t\t\t\t\t\t\t\tV Conferencia Estatal de Ciencia, Tecnolog\u00eda e Innovaci\u00f3n de Paran\u00e1 y V Conferencia Regional Sur de Ciencia, Tecnolog\u00eda e Innovaci\u00f3n\t\t\t\t\t\t\t\t\t\t\t\t\t<\/div>\n\t\t\t\t\t\t<div class=\"sow-accordion-open-close-button\">\n\t\t\t\t\t\t\t<div class=\"sow-accordion-open-button\">\n\t\t\t\t\t\t\t\t<span class=\"sow-icon-ionicons\" data-sow-icon=\"&#xf218;\"\n\t\t \n\t\taria-hidden=\"true\"><\/span>\t\t\t\t\t\t\t<\/div>\n\t\t\t\t\t\t\t<div class=\"sow-accordion-close-button\">\n\t\t\t\t\t\t\t\t<span class=\"sow-icon-ionicons\" data-sow-icon=\"&#xf209;\"\n\t\t \n\t\taria-hidden=\"true\"><\/span>\t\t\t\t\t\t\t<\/div>\n\t\t\t\t\t\t<\/div>\n\t\t\t\t\t<\/div>\n\t\t\t\t<\/div>\n\n\t\t\t<div\n\t\t\t\tclass=\"sow-accordion-panel-content\"\n\t\t\t\trole=\"region\"\n\t\t\t\taria-labelledby=\"accordion-label-v-conferencia-estatal-de-ciencia-tecnolog%c3%ada-e-innovaci%c3%b3n-de-paran%c3%a1-y-v-conferencia-regional-sur-de-ciencia-tecnolog%c3%ada-e-innovaci%c3%b3n\"\n\t\t\t\tid=\"accordion-content-v-conferencia-estatal-de-ciencia-tecnolog%c3%ada-e-innovaci%c3%b3n-de-paran%c3%a1-y-v-conferencia-regional-sur-de-ciencia-tecnolog%c3%ada-e-innovaci%c3%b3n\"\n\t\t\t\tstyle=\"display: none;\"\t\t\t>\n\t\t\t\t<div class=\"sow-accordion-panel-border\" tabindex=\"0\">\n\t\t\t\t\t<p><span style=\"color: #008000\">El Gobierno del Estado organiza la V Conferencia Estatal de Ciencia, Tecnolog\u00eda e Innovaci\u00f3n de Paran\u00e1 y la V Conferencia Regional Sur de Ciencia, Tecnolog\u00eda e Innovaci\u00f3n. Los dos eventos forman parte de la V Conferencia Nacional de Ciencia, Tecnolog\u00eda e Innovaci\u00f3n, que se realizar\u00e1 del 4 al 6 de junio de 2024, en Brasilia, en el Distrito Federal. La iniciativa es coordinada por la Secretar\u00eda de Ciencia, Tecnolog\u00eda y Educaci\u00f3n Superior de Paran\u00e1 (Seti), en alianza con la Secretar\u00eda de Innovaci\u00f3n, Modernizaci\u00f3n y Transformaci\u00f3n Digital (SEI), la Fundaci\u00f3n Arauc\u00e1ria de Apoyo al Desarrollo Cient\u00edfico y Tecnol\u00f3gico de Paran\u00e1 y la Universidad Instituto Tecnol\u00f3gico Federal de Paran\u00e1 (UTFPR).<\/span><\/p>\n<p><span style=\"color: #008000\">Con el tema Justicia, Sostenibilidad y Desarrollo, en esta edici\u00f3n los congresos estatales y regionales tienen como objetivo promover la participaci\u00f3n ciudadana en los debates, con el fin de orientar la formulaci\u00f3n de pol\u00edticas p\u00fablicas que contribuyan al fortalecimiento de la democracia y el desarrollo socioecon\u00f3mico y sostenible. El objetivo es debatir temas relacionados con el desarrollo de pol\u00edticas p\u00fablicas dirigidas al segmento cient\u00edfico, tecnol\u00f3gico y de innovaci\u00f3n, articulando acciones de asociaci\u00f3n y cooperaci\u00f3n para una econom\u00eda basada en el conocimiento.<\/span><\/p>\n<p><span style=\"color: #008000\">Los grupos de trabajo de estas jornadas contaron tambi\u00e9n con la participaci\u00f3n activa de estudiantes de maestr\u00eda en Computaci\u00f3n Aplicada. Esta iniciativa demuestra el compromiso del Estado con la integraci\u00f3n y la formaci\u00f3n acad\u00e9mica, adem\u00e1s de enriquecer los debates con perspectivas innovadoras y actualizadas. La inclusi\u00f3n de estudiantes de posgrado en estos foros fortalece la interdisciplinariedad y la cooperaci\u00f3n entre la academia y el gobierno, representando una valiosa inversi\u00f3n en el futuro de la ciencia, la tecnolog\u00eda y la innovaci\u00f3n en Paran\u00e1 y Brasil.<\/span><\/p>\n\t\t\t\t<\/div>\n\t\t\t<\/div>\n\t\t<\/div>\n\t\t<\/div>\n<\/div>\n<\/div><\/div><\/div><\/div><div id=\"pg-2470-3\"  class=\"panel-grid panel-no-style\" ><div id=\"pgc-2470-3-0\"  class=\"panel-grid-cell\" ><div id=\"panel-2470-3-0-0\" class=\"so-panel widget widget_sow-accordion panel-first-child panel-last-child\" data-index=\"3\" ><div\n\t\t\t\n\t\t\tclass=\"so-widget-sow-accordion so-widget-sow-accordion-default-33396c0f15f1-2470\"\n\t\t\t\n\t\t><div>\n\t<div class=\"sow-accordion\">\n\t\t\t<div class=\"sow-accordion-panel\"\n\t\t\t data-anchor=\"transformaagro-2023\">\n\t\t\t\t<div class=\"sow-accordion-panel-header-container\" role=\"heading\" aria-level=\"2\">\n\t\t\t\t\t<div class=\"sow-accordion-panel-header\" tabindex=\"0\" role=\"button\" id=\"accordion-label-transformaagro-2023\" aria-controls=\"accordion-content-transformaagro-2023\" aria-expanded=\"false\">\n\t\t\t\t\t\t<div class=\"sow-accordion-title sow-accordion-title-icon-left\">\n\t\t\t\t\t\t\t\t\t\t\t\t\t\tTransformaAgro 2023\t\t\t\t\t\t\t\t\t\t\t\t\t<\/div>\n\t\t\t\t\t\t<div class=\"sow-accordion-open-close-button\">\n\t\t\t\t\t\t\t<div class=\"sow-accordion-open-button\">\n\t\t\t\t\t\t\t\t<span class=\"sow-icon-ionicons\" data-sow-icon=\"&#xf218;\"\n\t\t \n\t\taria-hidden=\"true\"><\/span>\t\t\t\t\t\t\t<\/div>\n\t\t\t\t\t\t\t<div class=\"sow-accordion-close-button\">\n\t\t\t\t\t\t\t\t<span class=\"sow-icon-ionicons\" data-sow-icon=\"&#xf209;\"\n\t\t \n\t\taria-hidden=\"true\"><\/span>\t\t\t\t\t\t\t<\/div>\n\t\t\t\t\t\t<\/div>\n\t\t\t\t\t<\/div>\n\t\t\t\t<\/div>\n\n\t\t\t<div\n\t\t\t\tclass=\"sow-accordion-panel-content\"\n\t\t\t\trole=\"region\"\n\t\t\t\taria-labelledby=\"accordion-label-transformaagro-2023\"\n\t\t\t\tid=\"accordion-content-transformaagro-2023\"\n\t\t\t\tstyle=\"display: none;\"\t\t\t>\n\t\t\t\t<div class=\"sow-accordion-panel-border\" tabindex=\"0\">\n\t\t\t\t\t<p><span style=\"color: #008000\">Transforma Agro Paran\u00e1 2023 fue un evento destacado promovido por el Ayuntamiento de Ponta Grossa, en colaboraci\u00f3n con la Rede Paran\u00e1 Tecnologia e Metrologia. Tuvo lugar del 19 al 24 de septiembre de 2023, en las instalaciones del Centro Municipal Agr\u00edcola (CAM) y Centro de Eventos (CE) de la ciudad de Ponta Grossa, Paran\u00e1.<\/span><\/p>\n<p><span style=\"color: #008000\">Sus objetivos eran promover actividades dirigidas a los sectores de la Agricultura, la Industria y el Comercio, tanto en el sector p\u00fablico como en el privado. Buscando crear un espacio de conexi\u00f3n para toda la cadena de Agronegocios, fomentando el intercambio de conocimientos y brindando momentos de cultura y ocio. Transforma Agro Paran\u00e1 2023 es un evento de gran relevancia, que re\u00fane a diversos segmentos de la econom\u00eda local y regional, contribuyendo as\u00ed al desarrollo y promoci\u00f3n de los agronegocios en la regi\u00f3n.<\/span><\/p>\n<p><span style=\"color: #008000\">M\u00e1s informaci\u00f3n en la <strong><a style=\"color: #008000\" href=\"https:\/\/transformaagro.com.br\/\">web oficial del evento.<\/a><\/strong><\/span><\/p>\n<p>&nbsp;<\/p>\n\t\t\t\t<\/div>\n\t\t\t<\/div>\n\t\t<\/div>\n\t\t<\/div>\n<\/div>\n<\/div><\/div><\/div><\/div><div id=\"pg-2470-4\"  class=\"panel-grid panel-no-style\" ><div id=\"pgc-2470-4-0\"  class=\"panel-grid-cell\" ><div id=\"panel-2470-4-0-0\" class=\"so-panel widget widget_sow-accordion panel-first-child panel-last-child\" data-index=\"4\" ><div\n\t\t\t\n\t\t\tclass=\"so-widget-sow-accordion so-widget-sow-accordion-default-33396c0f15f1-2470\"\n\t\t\t\n\t\t><div>\n\t<div class=\"sow-accordion\">\n\t\t\t<div class=\"sow-accordion-panel\"\n\t\t\t data-anchor=\"sbiagro-2015-%e2%80%93-evento-de-la-asociaci%c3%b3n-brasile%c3%b1a-de-agroinform%c3%a1tica-organizado-por-la-uepg\">\n\t\t\t\t<div class=\"sow-accordion-panel-header-container\" role=\"heading\" aria-level=\"2\">\n\t\t\t\t\t<div class=\"sow-accordion-panel-header\" tabindex=\"0\" role=\"button\" id=\"accordion-label-sbiagro-2015-%e2%80%93-evento-de-la-asociaci%c3%b3n-brasile%c3%b1a-de-agroinform%c3%a1tica-organizado-por-la-uepg\" aria-controls=\"accordion-content-sbiagro-2015-%e2%80%93-evento-de-la-asociaci%c3%b3n-brasile%c3%b1a-de-agroinform%c3%a1tica-organizado-por-la-uepg\" aria-expanded=\"false\">\n\t\t\t\t\t\t<div class=\"sow-accordion-title sow-accordion-title-icon-left\">\n\t\t\t\t\t\t\t\t\t\t\t\t\t\tSBIAgro 2015 \u2013 Evento de la Asociaci\u00f3n Brasile\u00f1a de Agroinform\u00e1tica, organizado por la UEPG\t\t\t\t\t\t\t\t\t\t\t\t\t<\/div>\n\t\t\t\t\t\t<div class=\"sow-accordion-open-close-button\">\n\t\t\t\t\t\t\t<div class=\"sow-accordion-open-button\">\n\t\t\t\t\t\t\t\t<span class=\"sow-icon-ionicons\" data-sow-icon=\"&#xf218;\"\n\t\t \n\t\taria-hidden=\"true\"><\/span>\t\t\t\t\t\t\t<\/div>\n\t\t\t\t\t\t\t<div class=\"sow-accordion-close-button\">\n\t\t\t\t\t\t\t\t<span class=\"sow-icon-ionicons\" data-sow-icon=\"&#xf209;\"\n\t\t \n\t\taria-hidden=\"true\"><\/span>\t\t\t\t\t\t\t<\/div>\n\t\t\t\t\t\t<\/div>\n\t\t\t\t\t<\/div>\n\t\t\t\t<\/div>\n\n\t\t\t<div\n\t\t\t\tclass=\"sow-accordion-panel-content\"\n\t\t\t\trole=\"region\"\n\t\t\t\taria-labelledby=\"accordion-label-sbiagro-2015-%e2%80%93-evento-de-la-asociaci%c3%b3n-brasile%c3%b1a-de-agroinform%c3%a1tica-organizado-por-la-uepg\"\n\t\t\t\tid=\"accordion-content-sbiagro-2015-%e2%80%93-evento-de-la-asociaci%c3%b3n-brasile%c3%b1a-de-agroinform%c3%a1tica-organizado-por-la-uepg\"\n\t\t\t\tstyle=\"display: none;\"\t\t\t>\n\t\t\t\t<div class=\"sow-accordion-panel-border\" tabindex=\"0\">\n\t\t\t\t\t<p><span style=\"color: #008000\">El Congreso Brasile\u00f1o de Agroinform\u00e1tica, en su d\u00e9cima edici\u00f3n, es un evento bienal promovido por la Asociaci\u00f3n Brasile\u00f1a de Agroinform\u00e1tica (SBIAGRO). SBIAgro 2015 fue realizado por la Universidad Estadual de Ponta Grossa (UEPG) y tuvo lugar del 21 al 23 de octubre de 2015, en las instalaciones de la UEPG \u2013 Campus Uvaranas, en la ciudad de Ponta Grossa, PR.<\/span><\/p>\n<p><span style=\"color: #008000\">El tema central del congreso fue \u201cUso de UAV y Sensores para avances en Agronegocios\u201d. La elecci\u00f3n del tema se justifica por el importante momento que presenta para el avance de la agroindustria con el uso adecuado y optimizado de los Veh\u00edculos A\u00e9reos No Tripulados, los llamados UAV, as\u00ed como mediante el uso de los m\u00e1s variados tipos de sensores agr\u00edcolas. Los UAV y los Sensores pueden considerarse hoy como alternativas estrat\u00e9gicas para optimizar el desempe\u00f1o de las actividades de campo, capturar y procesar datos y apoyar la toma de decisiones.<\/span><\/p>\n<p><span style=\"color: #008000\">El Congreso cont\u00f3 con importantes ponentes nacionales e internacionales. Se presentaron trabajos en forma oral y en p\u00f3ster y se realizaron mesas redondas, conferencias y talleres.<\/span><\/p>\n<p><span style=\"color: #008000\">M\u00e1s informaci\u00f3n en la <strong><a style=\"color: #008000\" href=\"https:\/\/memoria.apps.uepg.br\/sbiagro2015\/\">web oficial del congreso.<\/a><\/strong><\/span><\/p>\n\t\t\t\t<\/div>\n\t\t\t<\/div>\n\t\t<\/div>\n\t\t<\/div>\n<\/div>\n<\/div><\/div><\/div><\/div><\/div>","protected":false},"excerpt":{"rendered":"<p>I Taller de Computaci\u00f3n Aplicada en Agronegocios El 1er Taller de Computaci\u00f3n Aplicada en Agronegocios tendr\u00e1 lugar los d\u00edas 12 y 13 de septiembre de 2024, en el Centro de Eventos de la ciudad de Ponta Grossa. La inscripci\u00f3n comienza el 01\/07\/2024. Para obtener m\u00e1s informaci\u00f3n, visite: I WCAA. El I Taller de Computaci\u00f3n Aplicada&nbsp;&hellip;<\/p>\n","protected":false},"author":321,"featured_media":1519,"parent":0,"menu_order":0,"comment_status":"closed","ping_status":"closed","template":"","meta":[],"_links":{"self":[{"href":"https:\/\/www2.uepg.br\/computacaoaplicada\/wp-json\/wp\/v2\/pages\/2470"}],"collection":[{"href":"https:\/\/www2.uepg.br\/computacaoaplicada\/wp-json\/wp\/v2\/pages"}],"about":[{"href":"https:\/\/www2.uepg.br\/computacaoaplicada\/wp-json\/wp\/v2\/types\/page"}],"author":[{"embeddable":true,"href":"https:\/\/www2.uepg.br\/computacaoaplicada\/wp-json\/wp\/v2\/users\/321"}],"replies":[{"embeddable":true,"href":"https:\/\/www2.uepg.br\/computacaoaplicada\/wp-json\/wp\/v2\/comments?post=2470"}],"version-history":[{"count":1,"href":"https:\/\/www2.uepg.br\/computacaoaplicada\/wp-json\/wp\/v2\/pages\/2470\/revisions"}],"predecessor-version":[{"id":2472,"href":"https:\/\/www2.uepg.br\/computacaoaplicada\/wp-json\/wp\/v2\/pages\/2470\/revisions\/2472"}],"wp:featuredmedia":[{"embeddable":true,"href":"https:\/\/www2.uepg.br\/computacaoaplicada\/wp-json\/wp\/v2\/media\/1519"}],"wp:attachment":[{"href":"https:\/\/www2.uepg.br\/computacaoaplicada\/wp-json\/wp\/v2\/media?parent=2470"}],"curies":[{"name":"wp","href":"https:\/\/api.w.org\/{rel}","templated":true}]}}