{"id":144,"date":"2022-04-18T09:30:16","date_gmt":"2022-04-18T12:30:16","guid":{"rendered":"https:\/\/www2.uepg.br\/corpos\/?page_id=144"},"modified":"2022-04-18T10:09:10","modified_gmt":"2022-04-18T13:09:10","slug":"passos-para-doacao","status":"publish","type":"page","link":"https:\/\/www2.uepg.br\/corpos\/passos-para-doacao\/","title":{"rendered":"Passos para Doa\u00e7\u00e3o"},"content":{"rendered":"<h3 style=\"text-align: center;\"><strong><a href=\"https:\/\/www2.uepg.br\/corpos\/wp-content\/uploads\/sites\/237\/2022\/04\/Doacao-em-Vida-2018.pdf\" target=\"_blank\" rel=\"noopener\">Informa\u00e7\u00f5es sobre Doa\u00e7\u00e3o em Vida<\/a><\/strong><\/h3>\n<h3 style=\"text-align: center;\"><strong><a href=\"https:\/\/www2.uepg.br\/corpos\/wp-content\/uploads\/sites\/237\/2022\/04\/Doacao-apos-Morte-2018.pdf\" target=\"_blank\" rel=\"noopener\">Doa\u00e7\u00e3o ap\u00f3s Falecimento<\/a><\/strong><\/h3>\n<h3 style=\"text-align: center;\"><strong><a href=\"https:\/\/www2.uepg.br\/corpos\/wp-content\/uploads\/sites\/237\/2022\/04\/Passo-a-passo-para-realizacao-do-Protocolo-Digital-2019.pdf\" target=\"_blank\" rel=\"noopener\">Como iniciar o processo de doa\u00e7\u00e3o via protocolo digital (SEI)<\/a><\/strong><\/h3>\n<p style=\"text-align: center;\"><strong>Documentos que devem ser preenchidos e levados \u00e0 UEPG, junto com RG e CPF, ou anexados para envio via protocolo digital (SEI)<\/strong><\/p>\n<p style=\"text-align: center;\"><strong>\u2013\u00a0<a href=\"https:\/\/www2.uepg.br\/corpos\/wp-content\/uploads\/sites\/237\/2022\/04\/Termo_de_Intencao_UEPG.pdf\" target=\"_blank\" rel=\"noopener\">Termo de inten\u00e7\u00e3o \u00e0 UEPG<\/a><\/strong><\/p>\n<p style=\"text-align: center;\"><strong>\u00a0\u00a0<a href=\"https:\/\/www2.uepg.br\/corpos\/wp-content\/uploads\/sites\/237\/2022\/04\/Termo-de-intencao-ao-SEBISA.pdf\" target=\"_blank\" rel=\"noopener\">\u2013 Termo de inten\u00e7\u00e3o ao SEBISA<\/a><\/strong><\/p>\n<p style=\"text-align: center;\">\n","protected":false},"excerpt":{"rendered":"<p>Informa\u00e7\u00f5es sobre Doa\u00e7\u00e3o em Vida Doa\u00e7\u00e3o ap\u00f3s Falecimento Como iniciar o processo de doa\u00e7\u00e3o via protocolo digital (SEI) Documentos que devem ser preenchidos e levados \u00e0 UEPG, junto com RG e CPF, ou anexados para envio via protocolo digital (SEI) \u2013\u00a0Termo de inten\u00e7\u00e3o \u00e0 UEPG \u00a0\u00a0\u2013 Termo de inten\u00e7\u00e3o ao SEBISA<\/p>\n","protected":false},"author":378,"featured_media":0,"parent":0,"menu_order":0,"comment_status":"closed","ping_status":"closed","template":"","meta":[],"_links":{"self":[{"href":"https:\/\/www2.uepg.br\/corpos\/wp-json\/wp\/v2\/pages\/144"}],"collection":[{"href":"https:\/\/www2.uepg.br\/corpos\/wp-json\/wp\/v2\/pages"}],"about":[{"href":"https:\/\/www2.uepg.br\/corpos\/wp-json\/wp\/v2\/types\/page"}],"author":[{"embeddable":true,"href":"https:\/\/www2.uepg.br\/corpos\/wp-json\/wp\/v2\/users\/378"}],"replies":[{"embeddable":true,"href":"https:\/\/www2.uepg.br\/corpos\/wp-json\/wp\/v2\/comments?post=144"}],"version-history":[{"count":4,"href":"https:\/\/www2.uepg.br\/corpos\/wp-json\/wp\/v2\/pages\/144\/revisions"}],"predecessor-version":[{"id":204,"href":"https:\/\/www2.uepg.br\/corpos\/wp-json\/wp\/v2\/pages\/144\/revisions\/204"}],"wp:attachment":[{"href":"https:\/\/www2.uepg.br\/corpos\/wp-json\/wp\/v2\/media?parent=144"}],"curies":[{"name":"wp","href":"https:\/\/api.w.org\/{rel}","templated":true}]}}