{"id":145,"date":"2022-04-18T09:30:16","date_gmt":"2022-04-18T12:30:16","guid":{"rendered":"https:\/\/www2.uepg.br\/corpos\/?page_id=145"},"modified":"2022-04-18T10:10:01","modified_gmt":"2022-04-18T13:10:01","slug":"doacao-apos-falecimento","status":"publish","type":"page","link":"https:\/\/www2.uepg.br\/corpos\/doacao-apos-falecimento\/","title":{"rendered":"Doa\u00e7\u00e3o ap\u00f3s Falecimento"},"content":{"rendered":"<p style=\"text-align: center;\"><a href=\"https:\/\/www2.uepg.br\/corpos\/wp-content\/uploads\/sites\/237\/2022\/04\/Doacao-apos-Falecimento.pdf\">Baixar PDF<\/a><\/p>\n<hr \/>\n<p style=\"text-align: center;\"><strong>Universidade Estadual de Ponta Grossa<\/strong><\/p>\n<p style=\"text-align: center;\"><strong>Setor de Ci\u00eancias Biol\u00f3gicas e da Sa\u00fade<\/strong><\/p>\n<p style=\"text-align: center;\"><strong>Conselho Estadual de Distribui\u00e7\u00e3o de Cad\u00e1veres (CEDC)<\/strong><\/p>\n<p style=\"text-align: center;\">\n<p style=\"text-align: center;\"><strong>PROCEDIMENTOS NA UNIVERSIDADE ESTADUAL DE PONTA GROSSA PARA DOA\u00c7\u00c3O DO CORPO PELA FAMILIA AP\u00d3S A MORTE<\/strong><\/p>\n<p>\u00c9 importante frisar que a cess\u00e3o do corpo apenas se concretizar\u00e1 em caso de morte natural. Se o \u00f3bito resultar de suic\u00eddio ou homic\u00eddio, ou nos casos em que a morte for obscura e, ensejar a instaura\u00e7\u00e3o de inqu\u00e9rito policial, a doa\u00e7\u00e3o\u00a0<strong>N\u00c3O<\/strong>\u00a0poder\u00e1 ser realizada.<\/p>\n<p>A doa\u00e7\u00e3o poder\u00e1 ser feita diretamente para a Universidade Estadual de Ponta Grossa (UEPG) ou para o Conselho Estadual de Distribui\u00e7\u00e3o de Cad\u00e1veres do Paran\u00e1 (CEDC). Quando a doa\u00e7\u00e3o for feita ao CEDC, o conselho proceder\u00e1 a distribui\u00e7\u00e3o para a pr\u00f3xima Institui\u00e7\u00e3o de Ensino Superior do Paran\u00e1 na lista de espera, podendo o corpo ser designado para qualquer cidade do Estado.<\/p>\n<p><strong>Se a doa\u00e7\u00e3o for ao CEDC:<\/strong><\/p>\n<ul>\n<li>Entrar em contato pelo n\u00famero (41)3281-7346 \u2013 hor\u00e1rio comercial.<\/li>\n<\/ul>\n<p><strong>Caso a doa\u00e7\u00e3o seja espec\u00edfica \u00e0 UEPG:<\/strong><\/p>\n<ul>\n<li>Ligar para o n\u00famero (42)3220-3101 \u2013 hor\u00e1rio comercial.<\/li>\n<\/ul>\n<p>&nbsp;<\/p>\n<ol>\n<li>O t\u00e9cnico autorizado a representar a UEPG dever\u00e1 apresentar-se para a fam\u00edlia e explicar os tr\u00e2mites legais.<\/li>\n<li>No Cart\u00f3rio de Registro Civil o familiar dever\u00e1 apresentar o Atestado de \u00d3bito fornecido pelo m\u00e9dico, RG e CPF do falecido para efetuar a Certid\u00e3o de \u00d3bito de doa\u00e7\u00e3o.<\/li>\n<li>Na Certid\u00e3o de \u00d3bito\u00a0<strong>dever\u00e1 ser informado<\/strong>\u00a0no campo \u201cSepultamento\u201d ou no campo \u201cObserva\u00e7\u00f5es\u201d que: \u201cO cad\u00e1ver foi cedido para fins de ensino e pesquisa, conforme preconiza a Lei n<sup>o<\/sup>501, de 30 de novembro de 1992, para a UEPG\u201d\u00a0<em>ou para o CEDC<\/em>.<\/li>\n<li>A Certid\u00e3o de \u00d3bito\u00a0<strong><u>n\u00e3o<\/u><\/strong>\u00a0poder\u00e1 apresentar os seguintes dizeres: \u201cSeu sepultamento ocorreu dia ?? no local ??.\u00a0<strong>Dever\u00e1 constar<\/strong>: \u201cAp\u00f3s utiliza\u00e7\u00e3o para fins preconizados, dever\u00e1 ser incinerado, cremado ou sepultado no cemit\u00e9rio ??\u201d.<\/li>\n<li>A Universidade se responsabilizar\u00e1 pelo preparo e translado do corpo para a Institui\u00e7\u00e3o.<\/li>\n<li>Fica a crit\u00e9rio da fam\u00edlia a realiza\u00e7\u00e3o ou n\u00e3o de vel\u00f3rio.<\/li>\n<li>O corpo ser\u00e1 preparado para perman\u00eancia no laborat\u00f3rio de ensino e, ap\u00f3s o tempo adequado de uso, ser\u00e1 realizado o sepultamento de acordo com as normas vigentes.<\/li>\n<\/ol>\n","protected":false},"excerpt":{"rendered":"<p>Baixar PDF Universidade Estadual de Ponta Grossa Setor de Ci\u00eancias Biol\u00f3gicas e da Sa\u00fade Conselho Estadual de Distribui\u00e7\u00e3o de Cad\u00e1veres (CEDC) PROCEDIMENTOS NA UNIVERSIDADE ESTADUAL DE PONTA GROSSA PARA DOA\u00c7\u00c3O DO CORPO PELA FAMILIA AP\u00d3S A MORTE \u00c9 importante frisar que a cess\u00e3o do corpo apenas se concretizar\u00e1 em caso de morte natural. Se o&nbsp;&hellip;<\/p>\n","protected":false},"author":378,"featured_media":0,"parent":0,"menu_order":0,"comment_status":"closed","ping_status":"closed","template":"","meta":[],"_links":{"self":[{"href":"https:\/\/www2.uepg.br\/corpos\/wp-json\/wp\/v2\/pages\/145"}],"collection":[{"href":"https:\/\/www2.uepg.br\/corpos\/wp-json\/wp\/v2\/pages"}],"about":[{"href":"https:\/\/www2.uepg.br\/corpos\/wp-json\/wp\/v2\/types\/page"}],"author":[{"embeddable":true,"href":"https:\/\/www2.uepg.br\/corpos\/wp-json\/wp\/v2\/users\/378"}],"replies":[{"embeddable":true,"href":"https:\/\/www2.uepg.br\/corpos\/wp-json\/wp\/v2\/comments?post=145"}],"version-history":[{"count":2,"href":"https:\/\/www2.uepg.br\/corpos\/wp-json\/wp\/v2\/pages\/145\/revisions"}],"predecessor-version":[{"id":205,"href":"https:\/\/www2.uepg.br\/corpos\/wp-json\/wp\/v2\/pages\/145\/revisions\/205"}],"wp:attachment":[{"href":"https:\/\/www2.uepg.br\/corpos\/wp-json\/wp\/v2\/media?parent=145"}],"curies":[{"name":"wp","href":"https:\/\/api.w.org\/{rel}","templated":true}]}}