{"id":146,"date":"2022-04-18T09:30:16","date_gmt":"2022-04-18T12:30:16","guid":{"rendered":"https:\/\/www2.uepg.br\/corpos\/?page_id=146"},"modified":"2022-04-18T10:14:58","modified_gmt":"2022-04-18T13:14:58","slug":"doacao-em-vida","status":"publish","type":"page","link":"https:\/\/www2.uepg.br\/corpos\/doacao-em-vida\/","title":{"rendered":"Doa\u00e7\u00e3o em Vida"},"content":{"rendered":"<p style=\"text-align: center;\"><a href=\"https:\/\/www2.uepg.br\/corpos\/wp-content\/uploads\/sites\/237\/2022\/04\/Doacao-em-Vida.pdf\">Baixar PDF<\/a><\/p>\n<hr \/>\n<p style=\"text-align: center;\"><strong>Universidade Estadual de Ponta Grossa<\/strong><\/p>\n<p style=\"text-align: center;\"><strong>Setor de Ci\u00eancias Biol\u00f3gicas e da Sa\u00fade<\/strong><\/p>\n<p style=\"text-align: center;\"><strong>Conselho Estadual de Distribui\u00e7\u00e3o de Cad\u00e1veres (CEDC)<\/strong><\/p>\n<p>&nbsp;<\/p>\n<p><strong>PROCEDIMENTOS NA UNIVERSIDADE ESTADUAL DE PONTA GROSSA\u00a0<\/strong><strong>PARA DOA\u00c7\u00c3O DO CORPO EM VIDA<\/strong><\/p>\n<p>Para doa\u00e7\u00e3o do corpo em vida, o doador deve ser maior de 18 anos e estar em perfeito estado de sa\u00fade e mental.<\/p>\n<p>A doa\u00e7\u00e3o pode ser feita diretamente para a Universidade Estadual de Ponta Grossa (UEPG) ou para o Conselho Estadual de Distribui\u00e7\u00e3o de Cad\u00e1veres do Paran\u00e1 (CEDC).<\/p>\n<p>Quando a doa\u00e7\u00e3o for feita ao CEDC, o conselho proceder\u00e1 a distribui\u00e7\u00e3o para a pr\u00f3xima IES (Institui\u00e7\u00e3o de Ensino Superior) do Paran\u00e1 na lista de espera, podendo o corpo ser designado para qualquer cidade do Estado.<\/p>\n<p><strong>Se a doa\u00e7\u00e3o for ao CEDC:<\/strong><\/p>\n<p>O interessado deve dirigir-se, munido de seus documentos pessoais (RG e CPF) e acompanhado por duas testemunhas, preferencialmente familiares, diretamente a qualquer cart\u00f3rio. O cart\u00f3rio deve emitir uma declara\u00e7\u00e3o, denominada \u201cescritura p\u00fablica\u201d, na qual deve constar que o doador deseja fazer a doa\u00e7\u00e3o do seu corpo ap\u00f3s o falecimento para fins de Estudo e pesquisa (nos termos da Lei Federal no. 8.501\/1992), em favor do Conselho Estadual de Distribui\u00e7\u00e3o de Cad\u00e1veres do Paran\u00e1.<\/p>\n<p><strong>Caso a doa\u00e7\u00e3o seja espec\u00edfica \u00e0 UEPG:<\/strong><\/p>\n<p>O interessado em doar seu corpo deve dirigir-se ao Protocolo Geral do Campus Central ou de Uvaranas e solicitar documento apropriado no qual informar\u00e1 a sua inten\u00e7\u00e3o. Esse documento ser\u00e1 encaminhado para o \u00f3rg\u00e3o respons\u00e1vel dentro da Institui\u00e7\u00e3o, o qual verificar\u00e1 a possibilidade de aprova\u00e7\u00e3o de or\u00e7amento para arcar com as custas de cart\u00f3rio e prestar\u00e1 aux\u00edlio para emiss\u00e3o da escritura p\u00fablica. Se o doador optar em ir diretamente ao cart\u00f3rio deve entregar o\u00a0<strong>Modelo do Termo de Inten\u00e7\u00e3o\u00a0<\/strong>(<em>solicitar c\u00f3pia<\/em>) ao tabeli\u00e3o para que as informa\u00e7\u00f5es corretas sejam inclu\u00eddas na escritura p\u00fablica.<\/p>\n<p><strong>Ap\u00f3s a emiss\u00e3o da escritura p\u00fablica, o doador deve:<\/strong><\/p>\n<p><strong>1 \u2013<\/strong>\u00a0Deixar uma c\u00f3pia do documento com um familiar, ou outra pessoa de sua confian\u00e7a, para que ap\u00f3s o seu falecimento avise ao CEDC (41)3281-7346 ou a UEPG (42)3220-3101;<\/p>\n<p><strong>2 \u2013<\/strong>\u00a0Outra c\u00f3pia autenticada, da escritura p\u00fablica dever\u00e1 ser entregue para o Setor Jur\u00eddico da UEPG, para que se possa tomar ci\u00eancia da sua doa\u00e7\u00e3o;<\/p>\n<p><strong>3 \u2013<\/strong>\u00a0A UEPG se responsabilizar\u00e1 pelas custas de cart\u00f3rio e pelo transporte do corpo at\u00e9 o laborat\u00f3rio pr\u00e1tico na ocasi\u00e3o do falecimento (conforme Lei Estadual no. 15.471\/2007);<\/p>\n<p><strong>4 \u2013<\/strong>\u00a0O corpo ser\u00e1 preparado para perman\u00eancia no laborat\u00f3rio de ensino e ap\u00f3s o tempo adequado de uso, ser\u00e1 realizado o sepultamento de acordo com as normas vigentes.<\/p>\n<p><strong>Observa\u00e7\u00f5es:<\/strong><\/p>\n<ul>\n<li><strong>Havendo d\u00favidas sobre a sanidade mental do doador exigir-se-\u00e1 atestado ou laudo emitido por m\u00e9dico psiquiatra.<\/strong><\/li>\n<li><strong>\u00c9 importante frisar que a cess\u00e3o do corpo apenas se concretizar\u00e1 em caso de morte natural e por acidente, ficando sem efeito a escritura p\u00fablica de doa\u00e7\u00e3o quando o \u00f3bito resultar de suic\u00eddio e homic\u00eddio, ou nos casos em que a morte for obscura, e ensejar a instaura\u00e7\u00e3o de inqu\u00e9rito policial.<\/strong><\/li>\n<\/ul>\n","protected":false},"excerpt":{"rendered":"<p>Baixar PDF Universidade Estadual de Ponta Grossa Setor de Ci\u00eancias Biol\u00f3gicas e da Sa\u00fade Conselho Estadual de Distribui\u00e7\u00e3o de Cad\u00e1veres (CEDC) &nbsp; PROCEDIMENTOS NA UNIVERSIDADE ESTADUAL DE PONTA GROSSA\u00a0PARA DOA\u00c7\u00c3O DO CORPO EM VIDA Para doa\u00e7\u00e3o do corpo em vida, o doador deve ser maior de 18 anos e estar em perfeito estado de sa\u00fade&nbsp;&hellip;<\/p>\n","protected":false},"author":378,"featured_media":0,"parent":0,"menu_order":0,"comment_status":"closed","ping_status":"closed","template":"","meta":[],"_links":{"self":[{"href":"https:\/\/www2.uepg.br\/corpos\/wp-json\/wp\/v2\/pages\/146"}],"collection":[{"href":"https:\/\/www2.uepg.br\/corpos\/wp-json\/wp\/v2\/pages"}],"about":[{"href":"https:\/\/www2.uepg.br\/corpos\/wp-json\/wp\/v2\/types\/page"}],"author":[{"embeddable":true,"href":"https:\/\/www2.uepg.br\/corpos\/wp-json\/wp\/v2\/users\/378"}],"replies":[{"embeddable":true,"href":"https:\/\/www2.uepg.br\/corpos\/wp-json\/wp\/v2\/comments?post=146"}],"version-history":[{"count":3,"href":"https:\/\/www2.uepg.br\/corpos\/wp-json\/wp\/v2\/pages\/146\/revisions"}],"predecessor-version":[{"id":207,"href":"https:\/\/www2.uepg.br\/corpos\/wp-json\/wp\/v2\/pages\/146\/revisions\/207"}],"wp:attachment":[{"href":"https:\/\/www2.uepg.br\/corpos\/wp-json\/wp\/v2\/media?parent=146"}],"curies":[{"name":"wp","href":"https:\/\/api.w.org\/{rel}","templated":true}]}}