{"id":151,"date":"2022-04-18T09:30:16","date_gmt":"2022-04-18T12:30:16","guid":{"rendered":"https:\/\/www2.uepg.br\/corpos\/?page_id=151"},"modified":"2022-04-18T10:35:47","modified_gmt":"2022-04-18T13:35:47","slug":"28-de-agosto","status":"publish","type":"page","link":"https:\/\/www2.uepg.br\/corpos\/28-de-agosto\/","title":{"rendered":"28 de Agosto"},"content":{"rendered":"<p><img loading=\"lazy\" class=\"alignnone size-full wp-image-171 aligncenter\" src=\"https:\/\/www2.uepg.br\/corpos\/wp-content\/uploads\/sites\/237\/2022\/04\/IMG-20170828-WA0013.jpg\" alt=\"\" width=\"960\" height=\"720\" srcset=\"https:\/\/www2.uepg.br\/corpos\/wp-content\/uploads\/sites\/237\/2022\/04\/IMG-20170828-WA0013.jpg 960w, https:\/\/www2.uepg.br\/corpos\/wp-content\/uploads\/sites\/237\/2022\/04\/IMG-20170828-WA0013-300x225.jpg 300w, https:\/\/www2.uepg.br\/corpos\/wp-content\/uploads\/sites\/237\/2022\/04\/IMG-20170828-WA0013-768x576.jpg 768w\" sizes=\"(max-width: 960px) 100vw, 960px\" \/><\/p>\n<p>Hoje \u00e9 dia 28 de agosto, dia Nacional do Voluntariado, dia daquelas pessoas que se doam para ajudar os outros. Doar o corpo para fins de estudo e pesquisa tamb\u00e9m \u00e9 um ato de altru\u00edsmo que beneficiar\u00e1 n\u00e3o somente uma, mas milhares de pessoas. A Sociedade Brasileira de Anatomia escolheu o dia de hoje para criar o Dia Nacional da Doa\u00e7\u00e3o de Corpos para Fins de Ensino e Pesquisa: um dia para divulgar a import\u00e2ncia da utiliza\u00e7\u00e3o de corpos humanos e animais para o ensino da Anatomia e para estimular a cria\u00e7\u00e3o de programas de doa\u00e7\u00e3o pelas institui\u00e7\u00f5es de ensino superior. Participe desta iniciativa! \u201cA pessoa conscientizada tem uma compreens\u00e3o diferente da hist\u00f3ria e de seu papel nela. Recusa acomodar-se, mobiliza-se, organiza-se para mudar o mundo.\u201d (Paulo Freire em Cartas \u00e0 Cristina, 1994.)<\/p>\n","protected":false},"excerpt":{"rendered":"<p>Hoje \u00e9 dia 28 de agosto, dia Nacional do Voluntariado, dia daquelas pessoas que se doam para ajudar os outros. Doar o corpo para fins de estudo e pesquisa tamb\u00e9m \u00e9 um ato de altru\u00edsmo que beneficiar\u00e1 n\u00e3o somente uma, mas milhares de pessoas. A Sociedade Brasileira de Anatomia escolheu o dia de hoje para&nbsp;&hellip;<\/p>\n","protected":false},"author":378,"featured_media":0,"parent":0,"menu_order":0,"comment_status":"closed","ping_status":"closed","template":"","meta":[],"_links":{"self":[{"href":"https:\/\/www2.uepg.br\/corpos\/wp-json\/wp\/v2\/pages\/151"}],"collection":[{"href":"https:\/\/www2.uepg.br\/corpos\/wp-json\/wp\/v2\/pages"}],"about":[{"href":"https:\/\/www2.uepg.br\/corpos\/wp-json\/wp\/v2\/types\/page"}],"author":[{"embeddable":true,"href":"https:\/\/www2.uepg.br\/corpos\/wp-json\/wp\/v2\/users\/378"}],"replies":[{"embeddable":true,"href":"https:\/\/www2.uepg.br\/corpos\/wp-json\/wp\/v2\/comments?post=151"}],"version-history":[{"count":2,"href":"https:\/\/www2.uepg.br\/corpos\/wp-json\/wp\/v2\/pages\/151\/revisions"}],"predecessor-version":[{"id":225,"href":"https:\/\/www2.uepg.br\/corpos\/wp-json\/wp\/v2\/pages\/151\/revisions\/225"}],"wp:attachment":[{"href":"https:\/\/www2.uepg.br\/corpos\/wp-json\/wp\/v2\/media?parent=151"}],"curies":[{"name":"wp","href":"https:\/\/api.w.org\/{rel}","templated":true}]}}