{"id":6,"date":"2020-04-20T14:56:52","date_gmt":"2020-04-20T17:56:52","guid":{"rendered":"http:\/\/www2.uepg.br\/corpos\/?page_id=6"},"modified":"2022-04-18T09:57:33","modified_gmt":"2022-04-18T12:57:33","slug":"home","status":"publish","type":"page","link":"https:\/\/www2.uepg.br\/corpos\/","title":{"rendered":"Home"},"content":{"rendered":"<div id=\"pl-6\"  class=\"panel-layout\" ><div id=\"pg-6-0\"  class=\"panel-grid panel-no-style\" ><div id=\"pgc-6-0-0\"  class=\"panel-grid-cell\" ><div id=\"panel-6-0-0-0\" class=\"so-panel widget widget_sow-editor panel-first-child panel-last-child\" data-index=\"0\" ><div class=\"panel-widget-style panel-widget-style-for-6-0-0-0\" ><div\n\t\t\t\n\t\t\tclass=\"so-widget-sow-editor so-widget-sow-editor-base\"\n\t\t\t\n\t\t>\n<div class=\"siteorigin-widget-tinymce textwidget\">\n\t<h4 style=\"text-align: center\"><strong>\u00daltimas Not\u00edcias<\/strong><\/h4>\n\t\t<div class=\"wppsac-slick-carousel-wrp wppsac-clearfix \">\r\n\t\t\t<div id=\"wppsac-post-carousel-1\" class=\"wppsac-post-slider-init wppsac-post-carousel design-1\">\r\n\t\t\t\t\r\n<div class=\"wppsac-carousel-slides\">\r\n\t\t<div class=\"wppsac-post-content-position\">\r\n\t\t\t\t\t<div class=\"wppsac-post-categories\"><ul class=\"wppsac-post-categories-list\"><li><a href=\"https:\/\/www2.uepg.br\/corpos\/category\/noticias\/\" rel=\"category\"> Not\u00edcias <\/a><\/li><\/ul><\/div>\r\n\t\t\t  \t<h2 class=\"wppsac-post-title\">\r\n\t\t\t<a href=\"https:\/\/www2.uepg.br\/corpos\/mae-e-filhos-registram-em-cartorio-desejo-de-doar-os-corpos-apos-a-morte-para-curso-de-medicina\/\">M\u00e3e e filhos registram em cart\u00f3rio desejo de doar os corpos ap\u00f3s a morte para curso de medicina<\/a>\r\n\t\t<\/h2>\r\n\t\t\t\t\t<div class=\"wppsac-post-date\">\r\n\t\t\t\t22 de outubro de 2017\t\t\t<\/div>\r\n\t\t\t\t\t<\/div>\r\n<\/div>\r\n<div class=\"wppsac-carousel-slides\">\r\n\t\t<div class=\"wppsac-post-content-position\">\r\n\t\t\t\t\t<div class=\"wppsac-post-categories\"><ul class=\"wppsac-post-categories-list\"><li><a href=\"https:\/\/www2.uepg.br\/corpos\/category\/noticias\/\" rel=\"category\"> Not\u00edcias <\/a><\/li><\/ul><\/div>\r\n\t\t\t  \t<h2 class=\"wppsac-post-title\">\r\n\t\t\t<a href=\"https:\/\/www2.uepg.br\/corpos\/sebisa-lanca-campanha-de-doacao-de-corpos-no-hu\/\">Sebisa lan\u00e7a Campanha de Doa\u00e7\u00e3o de Corpos no HU<\/a>\r\n\t\t<\/h2>\r\n\t\t\t\t\t<div class=\"wppsac-post-date\">\r\n\t\t\t\t27 de setembro de 2017\t\t\t<\/div>\r\n\t\t\t\t\t<\/div>\r\n<\/div>\r\n<div class=\"wppsac-carousel-slides\">\r\n\t\t<div class=\"wppsac-post-content-position\">\r\n\t\t\t\t\t<div class=\"wppsac-post-categories\"><ul class=\"wppsac-post-categories-list\"><li><a href=\"https:\/\/www2.uepg.br\/corpos\/category\/noticias\/\" rel=\"category\"> Not\u00edcias <\/a><\/li><\/ul><\/div>\r\n\t\t\t  \t<h2 class=\"wppsac-post-title\">\r\n\t\t\t<a href=\"https:\/\/www2.uepg.br\/corpos\/sebisa-lanca-programa-de-doacao-de-corpos\/\">Sebisa lan\u00e7a programa de doa\u00e7\u00e3o de corpos<\/a>\r\n\t\t<\/h2>\r\n\t\t\t\t\t<div class=\"wppsac-post-date\">\r\n\t\t\t\t13 de julho de 2017\t\t\t<\/div>\r\n\t\t\t\t\t<\/div>\r\n<\/div>\t\t\t<\/div>\r\n\t\t\t<div class=\"wppsac-carousel-conf wppsac-hide\" data-conf=\"{&quot;slides_to_show&quot;:&quot;4&quot;,&quot;slides_to_scroll&quot;:1,&quot;dots&quot;:&quot;false&quot;,&quot;arrows&quot;:&quot;true&quot;,&quot;autoplay&quot;:&quot;true&quot;,&quot;autoplay_interval&quot;:&quot;19500&quot;,&quot;speed&quot;:500,&quot;rtl&quot;:&quot;false&quot;,&quot;lazyload&quot;:&quot;&quot;}\"><\/div>\r\n\t\t<\/div>\r\n\t\n<\/div>\n<\/div><\/div><\/div><\/div><\/div><div id=\"pg-6-1\"  class=\"panel-grid panel-no-style\" ><div id=\"pgc-6-1-0\"  class=\"panel-grid-cell\" ><div id=\"panel-6-1-0-0\" class=\"so-panel widget widget_sow-button panel-first-child panel-last-child\" data-index=\"1\" ><div class=\"panel-widget-style panel-widget-style-for-6-1-0-0\" ><div\n\t\t\t\n\t\t\tclass=\"so-widget-sow-button so-widget-sow-button-atom-f28947f507e4-227\"\n\t\t\t\n\t\t><div class=\"ow-button-base ow-button-align-center\">\n\t<a href=\"https:\/\/www2.uepg.br\/corpos\/noticias\/\" class=\"ow-icon-placement-left ow-button-hover\" \t\t>\n\t\t<span>\n\t\t\t\n\t\t\tveja todas as not\u00edcias\t\t<\/span>\n\t<\/a>\n<\/div>\n<\/div><\/div><\/div><\/div><\/div><div id=\"pg-6-2\"  class=\"panel-grid panel-no-style\" ><div id=\"pgc-6-2-0\"  class=\"panel-grid-cell\" ><div id=\"panel-6-2-0-0\" class=\"so-panel widget widget_sow-editor panel-first-child panel-last-child\" data-index=\"2\" ><div class=\"panel-widget-style panel-widget-style-for-6-2-0-0\" ><div\n\t\t\t\n\t\t\tclass=\"so-widget-sow-editor so-widget-sow-editor-base\"\n\t\t\t\n\t\t><h3 class=\"widget-title\">Import\u00e2ncia da Doa\u00e7\u00e3o de Corpos<\/h3>\n<div class=\"siteorigin-widget-tinymce textwidget\">\n\t<p align=\"justify\">Anatomia humana \u00e9 o estudo da estrutura do corpo. O conhecimento desta disciplina \u00e9 fundamental na forma\u00e7\u00e3o b\u00e1sica de profissionais que atuam na \u00e1rea de sa\u00fade e biol\u00f3gicas, tais como: m\u00e9dicos, enfermeiros, dentistas, fisioterapeutas e muitos outros. Em \u00faltima an\u00e1lise, as habilidades e os conhecimentos adquiridos a partir do uso de corpos doados desempenham papel crucial na forma\u00e7\u00e3o de profissionais altamente capacitados e diretamente beneficiando os futuros pacientes.<\/p>\n<p align=\"justify\">Inclusive, a disciplina de anatomia \u00e9 ofertada no primeiro ano dos cursos de gradua\u00e7\u00e3o e serve como base para disciplinas relacionadas, como biologia celular, histologia, embriologia, fisiologia, biof\u00edsica, zoologia comparada e outras.<\/p>\n<p align=\"justify\">De acordo com texto publicado pela\u00a0<a href=\"http:\/\/www.usd.edu\/medicine\">University of South Dakota<\/a>\u00a0(Estados Unidos) o\u00a0cad\u00e1ver serve como primeiro paciente de nossos alunos, ensinando-lhes respeito e profissionalismo. Os livros e modelos did\u00e1ticos s\u00f3 conseguem transmitir aos graduandos cerca de 80% do que eles precisam aprender sobre a anatomia humana e, os 20% restantes devem ser aprendidos na pr\u00e1tica com cad\u00e1veres.<\/p>\n<p align=\"justify\">\u00c9 por isso que o \u201cPrograma de Doa\u00e7\u00e3o de Corpos\u201d \u00e9 t\u00e3o relevante para as aulas de anatomia humana. Desde 2007, foi institu\u00eddo o Conselho Estadual de Distribui\u00e7\u00e3o de Cad\u00e1veres (CEDC) o qual est\u00e1 comprometido com a excel\u00eancia em pesquisa e educa\u00e7\u00e3o e tem como foco principal angariar e distribuir cad\u00e1veres humanos para fins de estudos nas Institui\u00e7\u00f5es de Ensino Superior do Paran\u00e1.<\/p>\n<p align=\"justify\">Se voc\u00ea considera a op\u00e7\u00e3o de doar seu corpo ou de um familiar, saiba que a necessidade \u00e9 grande e que seu presente vai ser valorizado e respeitado. Sua doa\u00e7\u00e3o ir\u00e1 desempenhar um papel fundamental para ajudar os nossos estudantes a desvendar e conhecer a complexa anatomia do corpo humano e ir\u00e1 fornecer aos pesquisadores ferramentas essenciais para ajudar os nossos pacientes de amanh\u00e3.<\/p>\n<p align=\"justify\">N\u00f3s, professores de Anatomia Humana, somos muito gratos a todas as pessoas que doaram seus corpos para a ci\u00eancia.<\/p>\n<p align=\"justify\">Se voc\u00ea quiser tirar d\u00favidas ou saber mais sobre o Programa de Doa\u00e7\u00e3o de Corpos promovido pela Universidade Estadual de Ponta Grossa escreva para o e-mail\u00a0<b>doacaodecorpos@uepg.br<\/b>\u00a0ou ligue para\u00a0<b>(<\/b><b>42) 3220-3101<\/b>,<b>\u00a0<\/b>em hor\u00e1rio comercial ou<b>\u00a0(42) 99142-7980<\/b>, a qualquer hor\u00e1rio.<\/p>\n<p align=\"center\"><strong>Julianne Mill\u00e9o<\/strong><\/p>\n<p align=\"center\"><b>Prof<\/b><sup><b>a<\/b><\/sup><b>\u00a0de Anatomia Humana<\/b><\/p>\n<p align=\"center\"><strong>Organiza\u00e7\u00e3o:\u00a0<\/strong>Maria Domenica Christiano Nadal<\/p>\n<p align=\"center\"><strong>UEPG<\/strong><\/p>\n<\/div>\n<\/div><\/div><\/div><\/div><\/div><div id=\"pg-6-3\"  class=\"panel-grid panel-no-style\" ><div id=\"pgc-6-3-0\"  class=\"panel-grid-cell\" ><div id=\"panel-6-3-0-0\" class=\"so-panel widget widget_sow-features panel-first-child panel-last-child\" data-index=\"3\" ><div class=\"panel-widget-style panel-widget-style-for-6-3-0-0\" ><div\n\t\t\t\n\t\t\tclass=\"so-widget-sow-features so-widget-sow-features-default-6ad04bc5162e-227\"\n\t\t\t\n\t\t>\n<div class=\"sow-features-list sow-features-responsive\">\n\n\t\t\t\t\t\t<div\n\t\t\t\tclass=\"sow-features-feature sow-icon-container-position-top sow-features-feature-last-row\"\n\t\t\t\tstyle=\"display: flex; flex-direction: column; float: left; width: 50%;\"\n\t\t\t>\n\n\t\t\t\t\t\t\t\t\t<a\n\t\t\t\t\t\thref=\"https:\/\/www.uepg.br\/\"\n\t\t\t\t\t\t\t\t\t\t\t>\n\t\t\t\t\t\t\t\t<div\n\t\t\t\t\tclass=\"sow-icon-container sow-container-rounded-square\"\n                    style=\"color: #03336c; \"\n\t\t\t\t\ttitle=\"Portal UEPG\">\n\t\t\t\t\t<span class=\"sow-icon-fontawesome sow-fas\" data-sow-icon=\"&#xf19c;\"\n\t\tstyle=\"font-size: 50px; color: #FFFFFF\" \n\t\taria-hidden=\"true\"><\/span>\t\t\t\t<\/div>\n\t\t\t\t\t\t\t\t\t<\/a>\n\t\t\t\t\n\t\t\t\t<div class=\"textwidget\">\n\t\t\t\t\t\t\t\t\t\t\t<h5>\n\t\t\t\t\t\t\t\t\t\t\t\t\t\t\t<a\n\t\t\t\t\t\t\t\t\thref=\"https:\/\/www.uepg.br\/\"\n\t\t\t\t\t\t\t\t\t\t\t\t\t\t\t\t\t>\n\t\t\t\t\t\t\t\n\t\t\t\t\t\t\tPortal UEPG\t\t\t\t\t\t\t\t\t\t\t\t\t\t\t<\/a>\n\t\t\t\t\t\t\t\t\t\t\t\t\t<\/h5>\n\t\t\t\t\t\n\t\t\t\t\t\n\t\t\t\t\t\t\t\t\t<\/div>\n\t\t\t\t\t\t\t<\/div>\n\n\t\t\t\t\t<div\n\t\t\t\tclass=\"sow-features-feature sow-icon-container-position-top sow-features-feature-last-row\"\n\t\t\t\tstyle=\"display: flex; flex-direction: column; float: left; width: 50%;\"\n\t\t\t>\n\n\t\t\t\t\t\t\t\t\t<a\n\t\t\t\t\t\thref=\"https:\/\/sei.uepg.br\/\"\n\t\t\t\t\t\t\t\t\t\t\t>\n\t\t\t\t\t\t\t\t<div\n\t\t\t\t\tclass=\"sow-icon-container sow-container-rounded-square\"\n                    style=\"color: #ffffff; \"\n\t\t\t\t\ttitle=\"Protocolo Digital\">\n\t\t\t\t\t<div class=\"sow-icon-image\" style=\"background-image: url(https:\/\/www2.uepg.br\/corpos\/wp-content\/uploads\/sites\/237\/2020\/04\/sei.jpg); font-size: 50px\"><\/div>\t\t\t\t<\/div>\n\t\t\t\t\t\t\t\t\t<\/a>\n\t\t\t\t\n\t\t\t\t<div class=\"textwidget\">\n\t\t\t\t\t\t\t\t\t\t\t<h5>\n\t\t\t\t\t\t\t\t\t\t\t\t\t\t\t<a\n\t\t\t\t\t\t\t\t\thref=\"https:\/\/sei.uepg.br\/\"\n\t\t\t\t\t\t\t\t\t\t\t\t\t\t\t\t\t>\n\t\t\t\t\t\t\t\n\t\t\t\t\t\t\tProtocolo Digital\t\t\t\t\t\t\t\t\t\t\t\t\t\t\t<\/a>\n\t\t\t\t\t\t\t\t\t\t\t\t\t<\/h5>\n\t\t\t\t\t\n\t\t\t\t\t\n\t\t\t\t\t\t\t\t\t<\/div>\n\t\t\t\t\t\t\t<\/div>\n\n\t\t\t\n<\/div>\n<\/div><\/div><\/div><\/div><\/div><div id=\"pg-6-4\"  class=\"panel-grid panel-no-style\" ><div id=\"pgc-6-4-0\"  class=\"panel-grid-cell\" ><div id=\"panel-6-4-0-0\" class=\"so-panel widget widget_sow-slider panel-first-child panel-last-child\" data-index=\"4\" ><div\n\t\t\t\n\t\t\tclass=\"so-widget-sow-slider so-widget-sow-slider-default-4a43979cea38-227\"\n\t\t\t\n\t\t><div class=\"sow-slider-base\" style=\"display: none\"><ul\n\t\t\t\t\tclass=\"sow-slider-images\"\n\t\t\t\t\tdata-settings=\"{&quot;pagination&quot;:true,&quot;speed&quot;:800,&quot;timeout&quot;:8000,&quot;paused&quot;:false,&quot;pause_on_hover&quot;:false,&quot;swipe&quot;:true,&quot;nav_always_show_desktop&quot;:&quot;&quot;,&quot;nav_always_show_mobile&quot;:&quot;&quot;,&quot;breakpoint&quot;:&quot;780px&quot;,&quot;unmute&quot;:false,&quot;anchor&quot;:null}\"\n\t\t\t\t\t\t\t\t\t\tdata-anchor-id=\"\"\n\t\t\t\t>\t\t<li class=\"sow-slider-image  sow-slider-image-cover\" style=\"background-image: url(https:\/\/www2.uepg.br\/corpos\/wp-content\/uploads\/sites\/237\/2022\/04\/Cartaz-Menor.jpg)\" >\n\t\t\t\t\t\t\t\t\t<img width=\"1008\" height=\"1344\" src=\"https:\/\/www2.uepg.br\/corpos\/wp-content\/uploads\/sites\/237\/2022\/04\/Cartaz-Menor.jpg\" class=\"sow-slider-background-image skip-lazy\" alt=\"\" loading=\"eager\" srcset=\"https:\/\/www2.uepg.br\/corpos\/wp-content\/uploads\/sites\/237\/2022\/04\/Cartaz-Menor.jpg 1008w, https:\/\/www2.uepg.br\/corpos\/wp-content\/uploads\/sites\/237\/2022\/04\/Cartaz-Menor-225x300.jpg 225w, https:\/\/www2.uepg.br\/corpos\/wp-content\/uploads\/sites\/237\/2022\/04\/Cartaz-Menor-768x1024.jpg 768w, https:\/\/www2.uepg.br\/corpos\/wp-content\/uploads\/sites\/237\/2022\/04\/Cartaz-Menor-810x1080.jpg 810w\" sizes=\"(max-width: 1008px) 100vw, 1008px\" \/>\t\t\t\t\t\t\t\t<\/li>\n\t\t\t\t<li class=\"sow-slider-image  sow-slider-image-cover\" style=\"background-image: url(https:\/\/www2.uepg.br\/corpos\/wp-content\/uploads\/sites\/237\/2022\/04\/Cartaz-Maior-scaled.jpg)\" >\n\t\t\t\t\t\t\t\t\t<img width=\"2048\" height=\"2560\" src=\"https:\/\/www2.uepg.br\/corpos\/wp-content\/uploads\/sites\/237\/2022\/04\/Cartaz-Maior-scaled.jpg\" class=\"sow-slider-background-image skip-lazy\" alt=\"\" loading=\"eager\" srcset=\"https:\/\/www2.uepg.br\/corpos\/wp-content\/uploads\/sites\/237\/2022\/04\/Cartaz-Maior-scaled.jpg 2048w, https:\/\/www2.uepg.br\/corpos\/wp-content\/uploads\/sites\/237\/2022\/04\/Cartaz-Maior-240x300.jpg 240w, https:\/\/www2.uepg.br\/corpos\/wp-content\/uploads\/sites\/237\/2022\/04\/Cartaz-Maior-819x1024.jpg 819w, https:\/\/www2.uepg.br\/corpos\/wp-content\/uploads\/sites\/237\/2022\/04\/Cartaz-Maior-768x960.jpg 768w, https:\/\/www2.uepg.br\/corpos\/wp-content\/uploads\/sites\/237\/2022\/04\/Cartaz-Maior-1229x1536.jpg 1229w, https:\/\/www2.uepg.br\/corpos\/wp-content\/uploads\/sites\/237\/2022\/04\/Cartaz-Maior-1638x2048.jpg 1638w, https:\/\/www2.uepg.br\/corpos\/wp-content\/uploads\/sites\/237\/2022\/04\/Cartaz-Maior-1232x1540.jpg 1232w, https:\/\/www2.uepg.br\/corpos\/wp-content\/uploads\/sites\/237\/2022\/04\/Cartaz-Maior-864x1080.jpg 864w\" sizes=\"(max-width: 2048px) 100vw, 2048px\" \/>\t\t\t\t\t\t\t\t<\/li>\n\t\t\t\t<li class=\"sow-slider-image  sow-slider-image-cover\" style=\"background-image: url(https:\/\/www2.uepg.br\/corpos\/wp-content\/uploads\/sites\/237\/2022\/04\/Carteirinha.jpg)\" >\n\t\t\t\t\t\t\t\t\t<img width=\"321\" height=\"227\" src=\"https:\/\/www2.uepg.br\/corpos\/wp-content\/uploads\/sites\/237\/2022\/04\/Carteirinha.jpg\" class=\"sow-slider-background-image skip-lazy\" alt=\"\" loading=\"eager\" srcset=\"https:\/\/www2.uepg.br\/corpos\/wp-content\/uploads\/sites\/237\/2022\/04\/Carteirinha.jpg 321w, https:\/\/www2.uepg.br\/corpos\/wp-content\/uploads\/sites\/237\/2022\/04\/Carteirinha-300x212.jpg 300w\" sizes=\"(max-width: 321px) 100vw, 321px\" \/>\t\t\t\t\t\t\t\t<\/li>\n\t\t<\/ul>\t\t\t\t<ol class=\"sow-slider-pagination\">\n\t\t\t\t\t\t\t\t\t\t\t<li><a href=\"#\" data-goto=\"0\" aria-label=\"display slide 1\"><\/a><\/li>\n\t\t\t\t\t\t\t\t\t\t\t<li><a href=\"#\" data-goto=\"1\" aria-label=\"display slide 2\"><\/a><\/li>\n\t\t\t\t\t\t\t\t\t\t\t<li><a href=\"#\" data-goto=\"2\" aria-label=\"display slide 3\"><\/a><\/li>\n\t\t\t\t\t\t\t\t\t<\/ol>\n\n\t\t\t\t<div class=\"sow-slide-nav sow-slide-nav-next\">\n\t\t\t\t\t<a href=\"#\" data-goto=\"next\" aria-label=\"next slide\" data-action=\"next\">\n\t\t\t\t\t\t<em class=\"sow-sld-icon-thin-right\"><\/em>\n\t\t\t\t\t<\/a>\n\t\t\t\t<\/div>\n\n\t\t\t\t<div class=\"sow-slide-nav sow-slide-nav-prev\">\n\t\t\t\t\t<a href=\"#\" data-goto=\"previous\" aria-label=\"previous slide\" data-action=\"prev\">\n\t\t\t\t\t\t<em class=\"sow-sld-icon-thin-left\"><\/em>\n\t\t\t\t\t<\/a>\n\t\t\t\t<\/div>\n\t\t\t\t<\/div><\/div><\/div><\/div><\/div><\/div>","protected":false},"excerpt":{"rendered":"<p>\u00daltimas Not\u00edcias Import\u00e2ncia da Doa\u00e7\u00e3o de Corpos Anatomia humana \u00e9 o estudo da estrutura do corpo. O conhecimento desta disciplina \u00e9 fundamental na forma\u00e7\u00e3o b\u00e1sica de profissionais que atuam na \u00e1rea de sa\u00fade e biol\u00f3gicas, tais como: m\u00e9dicos, enfermeiros, dentistas, fisioterapeutas e muitos outros. Em \u00faltima an\u00e1lise, as habilidades e os conhecimentos adquiridos a partir&nbsp;&hellip;<\/p>\n","protected":false},"author":24,"featured_media":0,"parent":0,"menu_order":0,"comment_status":"closed","ping_status":"closed","template":"","meta":[],"_links":{"self":[{"href":"https:\/\/www2.uepg.br\/corpos\/wp-json\/wp\/v2\/pages\/6"}],"collection":[{"href":"https:\/\/www2.uepg.br\/corpos\/wp-json\/wp\/v2\/pages"}],"about":[{"href":"https:\/\/www2.uepg.br\/corpos\/wp-json\/wp\/v2\/types\/page"}],"author":[{"embeddable":true,"href":"https:\/\/www2.uepg.br\/corpos\/wp-json\/wp\/v2\/users\/24"}],"replies":[{"embeddable":true,"href":"https:\/\/www2.uepg.br\/corpos\/wp-json\/wp\/v2\/comments?post=6"}],"version-history":[{"count":17,"href":"https:\/\/www2.uepg.br\/corpos\/wp-json\/wp\/v2\/pages\/6\/revisions"}],"predecessor-version":[{"id":193,"href":"https:\/\/www2.uepg.br\/corpos\/wp-json\/wp\/v2\/pages\/6\/revisions\/193"}],"wp:attachment":[{"href":"https:\/\/www2.uepg.br\/corpos\/wp-json\/wp\/v2\/media?parent=6"}],"curies":[{"name":"wp","href":"https:\/\/api.w.org\/{rel}","templated":true}]}}