{"id":1025,"date":"2025-08-14T15:19:21","date_gmt":"2025-08-14T18:19:21","guid":{"rendered":"https:\/\/www2.uepg.br\/cps\/?page_id=1025"},"modified":"2025-08-14T16:57:07","modified_gmt":"2025-08-14T19:57:07","slug":"residencias-multi","status":"publish","type":"page","link":"https:\/\/www2.uepg.br\/cps\/residencias-multi\/","title":{"rendered":"Resid\u00eancias Multiprofissionais"},"content":{"rendered":"<div id=\"pl-1025\"  class=\"panel-layout\" ><div id=\"pg-1025-0\"  class=\"panel-grid panel-no-style\" ><div id=\"pgc-1025-0-0\"  class=\"panel-grid-cell\" ><div id=\"panel-1025-0-0-0\" class=\"so-panel widget widget_sow-editor panel-first-child panel-last-child\" data-index=\"0\" ><div\n\t\t\t\n\t\t\tclass=\"so-widget-sow-editor so-widget-sow-editor-base\"\n\t\t\t\n\t\t>\n<div class=\"siteorigin-widget-tinymce textwidget\">\n\t<h1 style=\"text-align: center\"><strong>ATEN\u00c7\u00c3O CANDIDATO!<\/strong><\/h1>\n<h4 style=\"text-align: center\">Voc\u00ea poder\u00e1 realizar a inscri\u00e7\u00e3o tanto para a\u00a0<strong>Resid\u00eancia do HU-UEPG<\/strong> como para a<strong> Resid\u00eancia da FMS\/NEP<\/strong>, desde que as inscri\u00e7\u00f5es sejam para a mesma \u00e1rea dentro de um dos Programas de Resid\u00eancia e desde que seja efetuado o pagamento da taxa de inscri\u00e7\u00e3o para cada um dos processos de sele\u00e7\u00e3o.<\/h4>\n<h4 style=\"text-align: center\">As provas ser\u00e3o realizadas no mesmo local, data e hor\u00e1rio para os dois processos de sele\u00e7\u00e3o.<\/h4>\n<h4 style=\"text-align: center\">Os conte\u00fados program\u00e1ticos s\u00e3o os mesmos para os dois processos de sele\u00e7\u00e3o.<\/h4>\n<\/div>\n<\/div><\/div><\/div><\/div><div id=\"pg-1025-1\"  class=\"panel-grid panel-no-style\" ><div id=\"pgc-1025-1-0\"  class=\"panel-grid-cell\" ><div id=\"panel-1025-1-0-0\" class=\"so-panel widget widget_sow-image panel-first-child panel-last-child\" data-index=\"1\" ><div class=\"panel-widget-style panel-widget-style-for-1025-1-0-0\" ><div\n\t\t\t\n\t\t\tclass=\"so-widget-sow-image so-widget-sow-image-default-d6014b76747a-1025\"\n\t\t\t\n\t\t>\n\n<div class=\"sow-image-container\">\n\t\t\t<a href=\"https:\/\/www2.uepg.br\/cps\/residencia-hu-uepg-2026\"\n\t\t\t\t\t>\n\t\t\t<img src=\"https:\/\/www2.uepg.br\/cps\/wp-content\/uploads\/sites\/270\/2025\/08\/hu2024.jpeg\" width=\"800\" height=\"600\" srcset=\"https:\/\/www2.uepg.br\/cps\/wp-content\/uploads\/sites\/270\/2025\/08\/hu2024.jpeg 800w, https:\/\/www2.uepg.br\/cps\/wp-content\/uploads\/sites\/270\/2025\/08\/hu2024-300x225.jpeg 300w, https:\/\/www2.uepg.br\/cps\/wp-content\/uploads\/sites\/270\/2025\/08\/hu2024-768x576.jpeg 768w\" sizes=\"(max-width: 800px) 100vw, 800px\" alt=\"\" loading=\"lazy\" \t\tclass=\"so-widget-image\"\/>\n\t<\/a><\/div>\n\n<\/div><\/div><\/div><\/div><div id=\"pgc-1025-1-1\"  class=\"panel-grid-cell panel-grid-cell-empty\" ><\/div><div id=\"pgc-1025-1-2\"  class=\"panel-grid-cell\" ><div id=\"panel-1025-1-2-0\" class=\"so-panel widget widget_sow-image panel-first-child panel-last-child\" data-index=\"2\" ><div class=\"panel-widget-style panel-widget-style-for-1025-1-2-0\" ><div\n\t\t\t\n\t\t\tclass=\"so-widget-sow-image so-widget-sow-image-default-d6014b76747a-1025\"\n\t\t\t\n\t\t>\n\n<div class=\"sow-image-container\">\n\t\t\t<a href=\"https:\/\/www2.uepg.br\/cps\/residencia-fms-nep-2026\"\n\t\t\t\t\t>\n\t\t\t<img src=\"https:\/\/www2.uepg.br\/cps\/wp-content\/uploads\/sites\/270\/2025\/08\/smsp-pg-e1756756655162.png\" width=\"800\" height=\"600\" srcset=\"https:\/\/www2.uepg.br\/cps\/wp-content\/uploads\/sites\/270\/2025\/08\/smsp-pg-e1756756655162.png 800w, https:\/\/www2.uepg.br\/cps\/wp-content\/uploads\/sites\/270\/2025\/08\/smsp-pg-e1756756655162-300x225.png 300w, https:\/\/www2.uepg.br\/cps\/wp-content\/uploads\/sites\/270\/2025\/08\/smsp-pg-e1756756655162-768x576.png 768w\" sizes=\"(max-width: 800px) 100vw, 800px\" title=\"smsp-pg\" alt=\"\" loading=\"lazy\" \t\tclass=\"so-widget-image\"\/>\n\t<\/a><\/div>\n\n<\/div><\/div><\/div><\/div><\/div><\/div>","protected":false},"excerpt":{"rendered":"<p>ATEN\u00c7\u00c3O CANDIDATO! Voc\u00ea poder\u00e1 realizar a inscri\u00e7\u00e3o tanto para a\u00a0Resid\u00eancia do HU-UEPG como para a Resid\u00eancia da FMS\/NEP, desde que as inscri\u00e7\u00f5es sejam para a mesma \u00e1rea dentro de um dos Programas de Resid\u00eancia e desde que seja efetuado o pagamento da taxa de inscri\u00e7\u00e3o para cada um dos processos de sele\u00e7\u00e3o. As provas ser\u00e3o&nbsp;&hellip;<\/p>\n","protected":false},"author":670,"featured_media":0,"parent":0,"menu_order":0,"comment_status":"closed","ping_status":"closed","template":"","meta":[],"_links":{"self":[{"href":"https:\/\/www2.uepg.br\/cps\/wp-json\/wp\/v2\/pages\/1025"}],"collection":[{"href":"https:\/\/www2.uepg.br\/cps\/wp-json\/wp\/v2\/pages"}],"about":[{"href":"https:\/\/www2.uepg.br\/cps\/wp-json\/wp\/v2\/types\/page"}],"author":[{"embeddable":true,"href":"https:\/\/www2.uepg.br\/cps\/wp-json\/wp\/v2\/users\/670"}],"replies":[{"embeddable":true,"href":"https:\/\/www2.uepg.br\/cps\/wp-json\/wp\/v2\/comments?post=1025"}],"version-history":[{"count":20,"href":"https:\/\/www2.uepg.br\/cps\/wp-json\/wp\/v2\/pages\/1025\/revisions"}],"predecessor-version":[{"id":1081,"href":"https:\/\/www2.uepg.br\/cps\/wp-json\/wp\/v2\/pages\/1025\/revisions\/1081"}],"wp:attachment":[{"href":"https:\/\/www2.uepg.br\/cps\/wp-json\/wp\/v2\/media?parent=1025"}],"curies":[{"name":"wp","href":"https:\/\/api.w.org\/{rel}","templated":true}]}}