{"id":1052,"date":"2025-08-14T16:15:53","date_gmt":"2025-08-14T19:15:53","guid":{"rendered":"https:\/\/www2.uepg.br\/cps\/?page_id=1052"},"modified":"2026-03-03T12:09:35","modified_gmt":"2026-03-03T15:09:35","slug":"residencia-fms-nep-2026","status":"publish","type":"page","link":"https:\/\/www2.uepg.br\/cps\/residencia-fms-nep-2026\/","title":{"rendered":"Resid\u00eancia Multiprofissional em Sa\u00fade Coletiva &#8211; FMS-NEP &#8211; 2026"},"content":{"rendered":"<div id=\"pl-1052\"  class=\"panel-layout\" ><div id=\"pg-1052-0\"  class=\"panel-grid panel-no-style\" ><div id=\"pgc-1052-0-0\"  class=\"panel-grid-cell\" ><div id=\"panel-1052-0-0-0\" class=\"so-panel widget widget_sow-image panel-first-child panel-last-child\" data-index=\"0\" ><div class=\"panel-widget-style panel-widget-style-for-1052-0-0-0\" ><div\n\t\t\t\n\t\t\tclass=\"so-widget-sow-image so-widget-sow-image-default-d6014b76747a-1052\"\n\t\t\t\n\t\t>\n\n<div class=\"sow-image-container\">\n\t\t<img src=\"https:\/\/www2.uepg.br\/cps\/wp-content\/uploads\/sites\/270\/2025\/08\/smsp-pg-e1756756655162.png\" width=\"800\" height=\"600\" srcset=\"https:\/\/www2.uepg.br\/cps\/wp-content\/uploads\/sites\/270\/2025\/08\/smsp-pg-e1756756655162.png 800w, https:\/\/www2.uepg.br\/cps\/wp-content\/uploads\/sites\/270\/2025\/08\/smsp-pg-e1756756655162-300x225.png 300w, https:\/\/www2.uepg.br\/cps\/wp-content\/uploads\/sites\/270\/2025\/08\/smsp-pg-e1756756655162-768x576.png 768w\" sizes=\"(max-width: 800px) 100vw, 800px\" title=\"smsp-pg\" alt=\"\" loading=\"lazy\" \t\tclass=\"so-widget-image\"\/>\n\t<\/div>\n\n<\/div><\/div><\/div><\/div><div id=\"pgc-1052-0-1\"  class=\"panel-grid-cell\" ><div id=\"panel-1052-0-1-0\" class=\"so-panel widget widget_sow-editor panel-first-child panel-last-child\" data-index=\"1\" ><div\n\t\t\t\n\t\t\tclass=\"so-widget-sow-editor so-widget-sow-editor-base\"\n\t\t\t\n\t\t>\n<div class=\"siteorigin-widget-tinymce textwidget\">\n\t<table style=\"width: 100%;border-collapse: collapse;border: 2px solid #cccccc;font-size: 18px\">\n<tbody>\n<tr style=\"background-color: #f7f7f7\">\n<td style=\"padding: 5px 5px 2px 15px;vertical-align: middle;color: #13729a;font-weight: bold;text-align: left\"><strong>Per\u00edodo de inscri\u00e7\u00e3o:<\/strong><\/td>\n<td style=\"padding: 5px 5px 2px 15px;vertical-align: middle;color: #003366;text-align: left\"><span style=\"color: #333333\">01\/09\/2025 a 30\/09\/2025<\/span><\/td>\n<\/tr>\n<tr style=\"background-color: #ffffff\">\n<td style=\"padding: 5px 5px 2px 15px;vertical-align: middle;color: #13729a;font-weight: bold;text-align: left\"><strong>Pagamento da Taxa de inscri\u00e7\u00e3o:<\/strong><\/td>\n<td style=\"padding: 5px 5px 2px 15px;vertical-align: middle;color: #003366;text-align: left\"><span style=\"color: #333333\">07\/10\/2025<\/span><\/td>\n<\/tr>\n<tr style=\"background-color: #f7f7f7\">\n<td style=\"padding: 5px 5px 2px 15px;vertical-align: middle;color: #13729a;font-weight: bold;text-align: left\"><strong>Taxa de inscri\u00e7\u00e3o:<\/strong><\/td>\n<td style=\"padding: 5px 5px 2px 15px;vertical-align: middle;color: #003366;text-align: left\"><span style=\"color: #333333\">R$ 360,00<\/span><\/td>\n<\/tr>\n<tr style=\"background-color: #ffffff\">\n<td style=\"padding: 5px 5px 2px 15px;vertical-align: middle;color: #13729a;font-weight: bold;text-align: left\"><strong>Homologa\u00e7\u00e3o dos Inscritos:<\/strong><\/td>\n<td style=\"padding: 5px 5px 2px 15px;vertical-align: middle;color: #003366;text-align: left\"><span style=\"color: #333333\">21\/10\/2025<\/span><\/td>\n<\/tr>\n<tr style=\"background-color: #f7f7f7\">\n<td style=\"padding: 5px 5px 2px 15px;vertical-align: middle;color: #13729a;font-weight: bold;text-align: left\"><strong>Homologa\u00e7\u00e3o dos Inscritos ap\u00f3s Recursos:<\/strong><\/td>\n<td style=\"padding: 5px 5px 2px 15px;vertical-align: middle;color: #003366;text-align: left\"><span style=\"color: #333333\">24\/10\/2025<\/span><\/td>\n<\/tr>\n<tr style=\"background-color: #ffffff\">\n<td style=\"padding: 5px 5px 2px 15px;vertical-align: middle;color: #13729a;font-weight: bold;text-align: left\"><strong>Divulga\u00e7\u00e3o do Ensalamento:<\/strong><\/td>\n<td style=\"padding: 5px 5px 2px 15px;vertical-align: middle;color: #003366;text-align: left\"><span style=\"color: #333333\">a partir de 30\/10\/2025<\/span><\/td>\n<\/tr>\n<tr style=\"background-color: #f7f7f7\">\n<td style=\"padding: 5px 5px 2px 15px;vertical-align: middle;color: #13729a;font-weight: bold;text-align: left\"><strong>Aplica\u00e7\u00e3o das Provas<\/strong><\/td>\n<td style=\"padding: 5px 5px 2px 15px;vertical-align: middle;color: #003366;text-align: left\"><span style=\"color: #333333\">09\/11\/2025<\/span><\/td>\n<\/tr>\n<tr style=\"background-color: #ffffff\">\n<td style=\"padding: 5px 5px 2px 15px;vertical-align: middle;color: #13729a;font-weight: bold;text-align: left\"><strong>Divulga\u00e7\u00e3o dos Gabaritos<\/strong><\/td>\n<td style=\"padding: 5px 5px 2px 15px;vertical-align: middle;color: #003366;text-align: left\"><span style=\"color: #333333\">09\/11\/2025 <em>(a partir das 18h00min)<\/em><\/span><\/td>\n<\/tr>\n<tr style=\"background-color: #f7f7f7\">\n<td style=\"padding: 5px 5px 2px 15px;vertical-align: middle;color: #13729a;font-weight: bold;text-align: left\"><strong>Divulga\u00e7\u00e3o dos Resultados<\/strong><\/td>\n<td style=\"padding: 5px 5px 2px 15px;vertical-align: middle;color: #003366;text-align: left\"><span style=\"color: #333333\">14\/11\/2025<\/span><\/td>\n<\/tr>\n<\/tbody>\n<\/table>\n<\/div>\n<\/div><\/div><\/div><\/div><div id=\"pg-1052-1\"  class=\"panel-grid panel-no-style\" ><div id=\"pgc-1052-1-0\"  class=\"panel-grid-cell\" ><div id=\"panel-1052-1-0-0\" class=\"so-panel widget widget_sow-tabs panel-first-child panel-last-child\" data-index=\"2\" ><div\n\t\t\t\n\t\t\tclass=\"so-widget-sow-tabs so-widget-sow-tabs-default-d6bcc355c986-1052\"\n\t\t\t\n\t\t><div class=\"sow-tabs\">\n\t<div class=\"sow-tabs-tab-container\" role=\"tablist\">\n\t\t\t<div class=\"sow-tabs-tab\"\n\t\t\t role=\"tab\" data-anchor=\"sobre-o-programa\"\n\t\t\t aria-selected=\"false\" tabindex=\"-1\">\n\t\t\t<div class=\"sow-tabs-title sow-tabs-title-icon-left\">\n\t\t\t\t\t\t\t\tSobre o Programa\t\t\t\t\t\t\t<\/div>\n\t\t<\/div>\n\t\t\t<div class=\"sow-tabs-tab\"\n\t\t\t role=\"tab\" data-anchor=\"editais\"\n\t\t\t aria-selected=\"false\" tabindex=\"-1\">\n\t\t\t<div class=\"sow-tabs-title sow-tabs-title-icon-left\">\n\t\t\t\t\t\t\t\tEditais\t\t\t\t\t\t\t<\/div>\n\t\t<\/div>\n\t\t\t<div class=\"sow-tabs-tab\"\n\t\t\t role=\"tab\" data-anchor=\"inscri%c3%a7%c3%a3o\"\n\t\t\t aria-selected=\"false\" tabindex=\"-1\">\n\t\t\t<div class=\"sow-tabs-title sow-tabs-title-icon-left\">\n\t\t\t\t\t\t\t\tInscri\u00e7\u00e3o\t\t\t\t\t\t\t<\/div>\n\t\t<\/div>\n\t\t\t<div class=\"sow-tabs-tab\"\n\t\t\t role=\"tab\" data-anchor=\"homologa%c3%a7%c3%a3o-das-inscri%c3%a7%c3%b5es\"\n\t\t\t aria-selected=\"false\" tabindex=\"-1\">\n\t\t\t<div class=\"sow-tabs-title sow-tabs-title-icon-left\">\n\t\t\t\t\t\t\t\tHomologa\u00e7\u00e3o das Inscri\u00e7\u00f5es\t\t\t\t\t\t\t<\/div>\n\t\t<\/div>\n\t\t\t<div class=\"sow-tabs-tab\"\n\t\t\t role=\"tab\" data-anchor=\"ensalamento\"\n\t\t\t aria-selected=\"false\" tabindex=\"-1\">\n\t\t\t<div class=\"sow-tabs-title sow-tabs-title-icon-left\">\n\t\t\t\t\t\t\t\tEnsalamento\t\t\t\t\t\t\t<\/div>\n\t\t<\/div>\n\t\t\t<div class=\"sow-tabs-tab\"\n\t\t\t role=\"tab\" data-anchor=\"concorr%c3%aancia\"\n\t\t\t aria-selected=\"false\" tabindex=\"-1\">\n\t\t\t<div class=\"sow-tabs-title sow-tabs-title-icon-left\">\n\t\t\t\t\t\t\t\tConcorr\u00eancia\t\t\t\t\t\t\t<\/div>\n\t\t<\/div>\n\t\t\t<div class=\"sow-tabs-tab\"\n\t\t\t role=\"tab\" data-anchor=\"provas-e-gabaritos\"\n\t\t\t aria-selected=\"false\" tabindex=\"-1\">\n\t\t\t<div class=\"sow-tabs-title sow-tabs-title-icon-left\">\n\t\t\t\t\t\t\t\tProvas e Gabaritos\t\t\t\t\t\t\t<\/div>\n\t\t<\/div>\n\t\t\t<div class=\"sow-tabs-tab\"\n\t\t\t role=\"tab\" data-anchor=\"resultado\"\n\t\t\t aria-selected=\"false\" tabindex=\"-1\">\n\t\t\t<div class=\"sow-tabs-title sow-tabs-title-icon-left\">\n\t\t\t\t\t\t\t\tResultado\t\t\t\t\t\t\t<\/div>\n\t\t<\/div>\n\t\t\t<div class=\"sow-tabs-tab sow-tabs-tab-selected\"\n\t\t\t role=\"tab\" data-anchor=\"informa%c3%a7%c3%b5es-sobre-matr%c3%adcula\"\n\t\t\t aria-selected=\"true\" tabindex=\"0\">\n\t\t\t<div class=\"sow-tabs-title sow-tabs-title-icon-left\">\n\t\t\t\t\t\t\t\tInforma\u00e7\u00f5es sobre Matr\u00edcula\t\t\t\t\t\t\t<\/div>\n\t\t<\/div>\n\t\t\t<div class=\"sow-tabs-tab\"\n\t\t\t role=\"tab\" data-anchor=\"contato\"\n\t\t\t aria-selected=\"false\" tabindex=\"-1\">\n\t\t\t<div class=\"sow-tabs-title sow-tabs-title-icon-left\">\n\t\t\t\t\t\t\t\tContato\t\t\t\t\t\t\t<\/div>\n\t\t<\/div>\n\t\t<\/div>\n\t\n\t<div class=\"sow-tabs-panel-container\">\n\t\t\t<div class=\"sow-tabs-panel\">\n\t\t\t<div class=\"sow-tabs-panel-content\" role=\"tabpanel\" aria-hidden=\"true\">\n\t\t\t\t<p><em>Em breve.<\/em><\/p>\n\t\t\t<\/div>\n\t\t<\/div>\n\t\t\t<div class=\"sow-tabs-panel\">\n\t\t\t<div class=\"sow-tabs-panel-content\" role=\"tabpanel\" aria-hidden=\"true\">\n\t\t\t\t<ul>\n<li><img class=\"alignnone wp-image-443\" src=\"https:\/\/www2.uepg.br\/cps\/wp-content\/uploads\/sites\/270\/2023\/07\/pdf_icone-e1754049170692.png\" alt=\"\" width=\"23\" height=\"23\" \/><a href=\"https:\/\/www2.uepg.br\/cps\/wp-content\/uploads\/sites\/270\/2025\/09\/EDITAL-SMS-NEP-No-03-2025-ISENCAO-RESULTADO-APOS-RECURSOS.pdf\">EDITAL SMS-NEP No 03-2025 - ISEN\u00c7\u00c3O - RESULTADO - AP\u00d3S RECURSOS<\/a>\u00a0<img class=\"size-full wp-image-442 alignnone\" src=\"https:\/\/www2.uepg.br\/cps\/wp-content\/uploads\/sites\/270\/2023\/07\/novo.gif\" alt=\"\" width=\"35\" height=\"15\" \/><\/li>\n<li><img class=\"alignnone wp-image-443\" src=\"https:\/\/www2.uepg.br\/cps\/wp-content\/uploads\/sites\/270\/2023\/07\/pdf_icone-e1754049170692.png\" alt=\"\" width=\"23\" height=\"23\" \/><a href=\"https:\/\/www2.uepg.br\/cps\/wp-content\/uploads\/sites\/270\/2025\/09\/EDITAL-SMS-NEP-No-02-2025-ISENCAO-RESULTADO.pdf\">EDITAL SMS-NEP No 02-2025 - ISEN\u00c7\u00c3O - RESULTADO<\/a><\/li>\n<li><img class=\"alignnone wp-image-443\" src=\"https:\/\/www2.uepg.br\/cps\/wp-content\/uploads\/sites\/270\/2023\/07\/pdf_icone-e1754049170692.png\" alt=\"\" width=\"23\" height=\"23\" \/><a href=\"https:\/\/www2.uepg.br\/cps\/wp-content\/uploads\/sites\/270\/2025\/09\/EDITAL-SMS-NEP-No-01-2025-MULTIPROFISSIONAL-SAUDE-COLETIVA.pdf\">EDITAL FMS-NEP N\u00ba 01-2025 - RESID\u00caNCIA MULTIPROFISSIONAL EM SA\u00daDE COLETIVA<\/a><\/li>\n<\/ul>\n\t\t\t<\/div>\n\t\t<\/div>\n\t\t\t<div class=\"sow-tabs-panel\">\n\t\t\t<div class=\"sow-tabs-panel-content\" role=\"tabpanel\" aria-hidden=\"true\">\n\t\t\t\t<p data-wp-editing=\"1\"><img class=\"alignleft wp-image-708\" src=\"https:\/\/www2.uepg.br\/cps\/wp-content\/uploads\/sites\/270\/2025\/06\/Inclusao.png\" alt=\"\" width=\"34\" height=\"34\" \/><a href=\"https:\/\/sistemas.uepg.br\/cps\/fms_nep_2026\/\">Acesso ao Sistema de Inscri\u00e7\u00e3o<\/a> <img class=\"size-full wp-image-442 alignnone\" src=\"https:\/\/www2.uepg.br\/cps\/wp-content\/uploads\/sites\/270\/2023\/07\/novo.gif\" alt=\"\" width=\"35\" height=\"15\" \/><\/p>\n\t\t\t<\/div>\n\t\t<\/div>\n\t\t\t<div class=\"sow-tabs-panel\">\n\t\t\t<div class=\"sow-tabs-panel-content\" role=\"tabpanel\" aria-hidden=\"true\">\n\t\t\t\t<ul>\n<li><img class=\"alignnone wp-image-443\" src=\"https:\/\/www2.uepg.br\/cps\/wp-content\/uploads\/sites\/270\/2023\/07\/pdf_icone-e1754049170692.png\" alt=\"\" width=\"23\" height=\"23\" \/><a href=\"https:\/\/www2.uepg.br\/cps\/wp-content\/uploads\/sites\/270\/2025\/10\/EDITAL-SMS-NEP-No-05-2025-HOMOLOGACAO-DAS-INSCRICOES-MULTIPROFISSIONAL-FMS-APOS-RECURSOS.pdf\">EDITAL SMS-NEP N\u00ba 05-2025 - HOMOLOGA\u00c7\u00c3O DAS INSCRI\u00c7\u00d5ES - RESID\u00caNCIA MULTIPROFISSIONAL EM SA\u00daDE COLETIVA - AP\u00d3S RECURSOS<\/a>\u00a0<img class=\"size-full wp-image-442 alignnone\" src=\"https:\/\/www2.uepg.br\/cps\/wp-content\/uploads\/sites\/270\/2023\/07\/novo.gif\" alt=\"\" width=\"35\" height=\"15\" \/><\/li>\n<li><img class=\"alignnone wp-image-443\" src=\"https:\/\/www2.uepg.br\/cps\/wp-content\/uploads\/sites\/270\/2023\/07\/pdf_icone-e1754049170692.png\" alt=\"\" width=\"23\" height=\"23\" \/><a href=\"https:\/\/www2.uepg.br\/cps\/wp-content\/uploads\/sites\/270\/2025\/10\/EDITAL-SMS-NEP-No-04-2025-HOMOLOGACAO-DAS-INSCRICOES-MULTIPROFISSIONAL-FMS-ANEXOS.pdf\">EDITAL SMS-NEP N\u00ba 04-2025 - HOMOLOGA\u00c7\u00c3O DAS INSCRI\u00c7\u00d5ES - RESID\u00caNCIA MULTIPROFISSIONAL EM SA\u00daDE COLETIVA<\/a><\/li>\n<\/ul>\n\t\t\t<\/div>\n\t\t<\/div>\n\t\t\t<div class=\"sow-tabs-panel\">\n\t\t\t<div class=\"sow-tabs-panel-content\" role=\"tabpanel\" aria-hidden=\"true\">\n\t\t\t\t<ul>\n<li><img class=\"alignnone wp-image-443\" src=\"https:\/\/www2.uepg.br\/cps\/wp-content\/uploads\/sites\/270\/2023\/07\/pdf_icone-e1754049170692.png\" alt=\"\" width=\"23\" height=\"23\" \/><a href=\"https:\/\/www2.uepg.br\/cps\/wp-content\/uploads\/sites\/270\/2025\/10\/EDITAL-SMS-NEP-No-06-2025-ENSALAMENTO-MULTIPROFISSIONAL-FMS.pdf\">EDITAL SMS-NEP No 06-2025 - ENSALAMENTO - RESID\u00caNCIA MULTIPROFISSIONAL EM SA\u00daDE COLETIVA<\/a>\u00a0<img class=\"size-full wp-image-442 alignnone\" src=\"https:\/\/www2.uepg.br\/cps\/wp-content\/uploads\/sites\/270\/2023\/07\/novo.gif\" alt=\"\" width=\"35\" height=\"15\" \/><\/li>\n<\/ul>\n\t\t\t<\/div>\n\t\t<\/div>\n\t\t\t<div class=\"sow-tabs-panel\">\n\t\t\t<div class=\"sow-tabs-panel-content\" role=\"tabpanel\" aria-hidden=\"true\">\n\t\t\t\t<ul>\n<li><img class=\"alignnone wp-image-443\" src=\"https:\/\/www2.uepg.br\/cps\/wp-content\/uploads\/sites\/270\/2023\/07\/pdf_icone-e1754049170692.png\" alt=\"\" width=\"23\" height=\"23\" \/><a href=\"https:\/\/www2.uepg.br\/cps\/wp-content\/uploads\/sites\/270\/2025\/11\/Candidato-Vaga-FMS_NEP_2026.pdf\">PROPOR\u00c7\u00c3O CANDIDATO\/VAGA<\/a> <img class=\"size-full wp-image-442 alignnone\" src=\"https:\/\/www2.uepg.br\/cps\/wp-content\/uploads\/sites\/270\/2023\/07\/novo.gif\" alt=\"\" width=\"35\" height=\"15\" \/><\/li>\n<\/ul>\n\t\t\t<\/div>\n\t\t<\/div>\n\t\t\t<div class=\"sow-tabs-panel\">\n\t\t\t<div class=\"sow-tabs-panel-content\" role=\"tabpanel\" aria-hidden=\"true\">\n\t\t\t\t<ul>\n<li><a href=\"https:\/\/www2.uepg.br\/cps\/wp-content\/uploads\/sites\/270\/2025\/11\/EDITAL-HU-UEPG-No-08-2025-GABARITO-1.pdf\"><strong><img class=\" wp-image-443 alignnone\" src=\"https:\/\/www2.uepg.br\/cps\/wp-content\/uploads\/sites\/270\/2023\/07\/pdf_icone-e1754049170692.png\" alt=\"\" width=\"21\" height=\"22\" \/><\/strong><\/a><a href=\"https:\/\/www2.uepg.br\/cps\/wp-content\/uploads\/sites\/270\/2025\/11\/EDITAL-FMS-NEP-No-08-2025-GABARITO-APOS-ANALISE-DE-RECURSOS.pdf\">EDITAL FMS-NEP No 08-2025 - GABARITOS - AP\u00d3S AN\u00c1LISE DE RECURSOS<\/a> <img class=\"size-full wp-image-442 alignnone\" src=\"https:\/\/www2.uepg.br\/cps\/wp-content\/uploads\/sites\/270\/2023\/07\/novo.gif\" alt=\"\" width=\"35\" height=\"15\" \/><\/li>\n<li><strong><img class=\" wp-image-443 alignnone\" src=\"https:\/\/www2.uepg.br\/cps\/wp-content\/uploads\/sites\/270\/2023\/07\/pdf_icone-e1754049170692.png\" alt=\"\" width=\"21\" height=\"22\" \/><\/strong><a href=\"https:\/\/www2.uepg.br\/cps\/wp-content\/uploads\/sites\/270\/2025\/11\/EDITAL-FMS-NEP-No-07-2025-GABARITO.pdf\">EDITAL FMS-NEP N\u00ba 07-2025 -<\/a><a href=\"https:\/\/www2.uepg.br\/cps\/wp-content\/uploads\/sites\/270\/2025\/11\/EDITAL-FMS-NEP-No-07-2025-GABARITO.pdf\"> GABARITOS<\/a><\/li>\n<\/ul>\n<hr \/>\n<ul>\n<li><strong><img class=\" wp-image-443 alignnone\" src=\"https:\/\/www2.uepg.br\/cps\/wp-content\/uploads\/sites\/270\/2023\/07\/pdf_icone-e1754049170692.png\" alt=\"\" width=\"21\" height=\"22\" \/><\/strong><a href=\"https:\/\/www2.uepg.br\/cps\/wp-content\/uploads\/sites\/270\/2025\/11\/Educacao-Fisica.pdf\">Educa\u00e7\u00e3o F\u00edsica<\/a><\/li>\n<li><strong><img class=\" wp-image-443 alignnone\" src=\"https:\/\/www2.uepg.br\/cps\/wp-content\/uploads\/sites\/270\/2023\/07\/pdf_icone-e1754049170692.png\" alt=\"\" width=\"21\" height=\"22\" \/><\/strong><a href=\"https:\/\/www2.uepg.br\/cps\/wp-content\/uploads\/sites\/270\/2025\/11\/Enfermagem.pdf\">Enfermagem<\/a><\/li>\n<li><strong><img class=\" wp-image-443 alignnone\" src=\"https:\/\/www2.uepg.br\/cps\/wp-content\/uploads\/sites\/270\/2023\/07\/pdf_icone-e1754049170692.png\" alt=\"\" width=\"21\" height=\"22\" \/><\/strong><a href=\"https:\/\/www2.uepg.br\/cps\/wp-content\/uploads\/sites\/270\/2025\/11\/Farmacia.pdf\">Farm\u00e1cia<\/a><\/li>\n<li><strong><img class=\" wp-image-443 alignnone\" src=\"https:\/\/www2.uepg.br\/cps\/wp-content\/uploads\/sites\/270\/2023\/07\/pdf_icone-e1754049170692.png\" alt=\"\" width=\"21\" height=\"22\" \/><\/strong><a href=\"https:\/\/www2.uepg.br\/cps\/wp-content\/uploads\/sites\/270\/2025\/11\/Medicina-Veterinaria.pdf\">Medicina Veterin\u00e1ria<\/a><\/li>\n<li><strong><img class=\" wp-image-443 alignnone\" src=\"https:\/\/www2.uepg.br\/cps\/wp-content\/uploads\/sites\/270\/2023\/07\/pdf_icone-e1754049170692.png\" alt=\"\" width=\"21\" height=\"22\" \/><\/strong><a href=\"https:\/\/www2.uepg.br\/cps\/wp-content\/uploads\/sites\/270\/2025\/11\/Odontologia.pdf\">Odontologia<\/a><\/li>\n<li><strong><img class=\" wp-image-443 alignnone\" src=\"https:\/\/www2.uepg.br\/cps\/wp-content\/uploads\/sites\/270\/2023\/07\/pdf_icone-e1754049170692.png\" alt=\"\" width=\"21\" height=\"22\" \/><\/strong><a href=\"https:\/\/www2.uepg.br\/cps\/wp-content\/uploads\/sites\/270\/2025\/11\/Servico-Social.pdf\">Servi\u00e7o Social<\/a><\/li>\n<\/ul>\n\t\t\t<\/div>\n\t\t<\/div>\n\t\t\t<div class=\"sow-tabs-panel\">\n\t\t\t<div class=\"sow-tabs-panel-content\" role=\"tabpanel\" aria-hidden=\"true\">\n\t\t\t\t<ul>\n<li><img class=\"alignnone wp-image-443\" src=\"https:\/\/www2.uepg.br\/cps\/wp-content\/uploads\/sites\/270\/2023\/07\/pdf_icone-e1754049170692.png\" alt=\"\" width=\"23\" height=\"23\" \/> <a href=\"https:\/\/www2.uepg.br\/cps\/wp-content\/uploads\/sites\/270\/2025\/11\/EDITAL-FMS-NEP-No-10-2025-RESULTADO-FINAL-APOS-RECURSOS.pdf\">EDITAL FMS-NEP N\u00ba 10-2025 - RESULTADO FINAL - AP\u00d3S RECURSOS<\/a>\u00a0<img class=\"size-full wp-image-442 alignnone\" src=\"https:\/\/www2.uepg.br\/cps\/wp-content\/uploads\/sites\/270\/2023\/07\/novo.gif\" alt=\"\" width=\"35\" height=\"15\" \/><\/li>\n<li><img class=\"alignnone wp-image-443\" src=\"https:\/\/www2.uepg.br\/cps\/wp-content\/uploads\/sites\/270\/2023\/07\/pdf_icone-e1754049170692.png\" alt=\"\" width=\"23\" height=\"23\" \/> <a href=\"https:\/\/www2.uepg.br\/cps\/wp-content\/uploads\/sites\/270\/2025\/11\/EDITAL-FMS-NEP-No-09-2025-RESULTADO-FINAL-ANEXOS-1.pdf\">EDITAL FMS-NEP N\u00ba 09-2025 - RESULTADO FINAL\u00a0<\/a><\/li>\n<\/ul>\n\t\t\t<\/div>\n\t\t<\/div>\n\t\t\t<div class=\"sow-tabs-panel\">\n\t\t\t<div class=\"sow-tabs-panel-content\" role=\"tabpanel\" tabindex=\"0\">\n\t\t\t\t<ul>\n<li><img class=\"alignnone wp-image-443\" src=\"https:\/\/www2.uepg.br\/cps\/wp-content\/uploads\/sites\/270\/2023\/07\/pdf_icone-e1754049170692.png\" alt=\"\" width=\"23\" height=\"23\" \/><a href=\"https:\/\/www2.uepg.br\/cps\/wp-content\/uploads\/sites\/270\/2026\/03\/6a-CHAMADA-UEPG-2026.pdf\">CONVOCA\u00c7\u00c3O \u2013 6\u00aa CHAMADA<\/a><img class=\"size-full wp-image-442 alignnone\" src=\"https:\/\/www2.uepg.br\/cps\/wp-content\/uploads\/sites\/270\/2023\/07\/novo.gif\" alt=\"\" width=\"35\" height=\"15\" \/><\/li>\n<li><img class=\"alignnone wp-image-443\" src=\"https:\/\/www2.uepg.br\/cps\/wp-content\/uploads\/sites\/270\/2023\/07\/pdf_icone-e1754049170692.png\" alt=\"\" width=\"23\" height=\"23\" \/><a href=\"https:\/\/www2.uepg.br\/cps\/wp-content\/uploads\/sites\/270\/2026\/02\/5a-CHAMADA-UEPG-2026.pdf\">CONVOCA\u00c7\u00c3O \u2013 5\u00aa CHAMADA<\/a><\/li>\n<li><img class=\"alignnone wp-image-443\" src=\"https:\/\/www2.uepg.br\/cps\/wp-content\/uploads\/sites\/270\/2023\/07\/pdf_icone-e1754049170692.png\" alt=\"\" width=\"23\" height=\"23\" \/><a href=\"https:\/\/www2.uepg.br\/cps\/wp-content\/uploads\/sites\/270\/2026\/02\/4a-CHAMADA-UEPG-2026.pdf\">CONVOCA\u00c7\u00c3O \u2013 4\u00aa CHAMADA<\/a><\/li>\n<li><img class=\"alignnone wp-image-443\" src=\"https:\/\/www2.uepg.br\/cps\/wp-content\/uploads\/sites\/270\/2023\/07\/pdf_icone-e1754049170692.png\" alt=\"\" width=\"23\" height=\"23\" \/><a href=\"https:\/\/www2.uepg.br\/cps\/wp-content\/uploads\/sites\/270\/2026\/02\/3a-CHAMADA-UEPG-2026.pdf\">CONVOCA\u00c7\u00c3O \u2013 3\u00aa CHAMADA<\/a><\/li>\n<li><img class=\"alignnone wp-image-443\" src=\"https:\/\/www2.uepg.br\/cps\/wp-content\/uploads\/sites\/270\/2023\/07\/pdf_icone-e1754049170692.png\" alt=\"\" width=\"23\" height=\"23\" \/><a href=\"https:\/\/www2.uepg.br\/cps\/wp-content\/uploads\/sites\/270\/2026\/02\/2a-CHAMADA-UEPG-2026.pdf\">CONVOCA\u00c7\u00c3O \u2013 2\u00aa CHAMADA<\/a><\/li>\n<li><img class=\"alignnone wp-image-443\" src=\"https:\/\/www2.uepg.br\/cps\/wp-content\/uploads\/sites\/270\/2023\/07\/pdf_icone-e1754049170692.png\" alt=\"\" width=\"23\" height=\"23\" \/><a href=\"https:\/\/www2.uepg.br\/cps\/wp-content\/uploads\/sites\/270\/2026\/02\/Homologacao-1a-chamada-UEPG-2026.pdf\">HOMOLOGA\u00c7\u00c3O DOS MATRICULADOS \u2013 1\u00aa CHAMADA<\/a><\/li>\n<li><img class=\"alignnone wp-image-443\" src=\"https:\/\/www2.uepg.br\/cps\/wp-content\/uploads\/sites\/270\/2023\/07\/pdf_icone-e1754049170692.png\" alt=\"\" width=\"23\" height=\"23\" \/><a href=\"https:\/\/www2.uepg.br\/cps\/wp-content\/uploads\/sites\/270\/2025\/11\/Boletim-Matricula-UEPG.pdf\">Boletim Matr\u00edcula<\/a><\/li>\n<\/ul>\n\t\t\t<\/div>\n\t\t<\/div>\n\t\t\t<div class=\"sow-tabs-panel\">\n\t\t\t<div class=\"sow-tabs-panel-content\" role=\"tabpanel\" aria-hidden=\"true\">\n\t\t\t\t<p><strong>Informa\u00e7\u00f5es sobre o Programa e Matr\u00edcula<br \/>\n<\/strong><br \/>\n<strong>Secretaria da COREMU\/FMS<\/strong><\/p>\n<ul>\n<li><strong>Endere\u00e7o:<\/strong><br \/>\nFunda\u00e7\u00e3o Municipal de Sa\u00fade<br \/>\nRua Babu\u00edno Taques 3070, esquina com a Rua Afonso Pena 87 - Vila Estrela<\/li>\n<li><strong>Email: <\/strong><a href=\"mailto:residenciamultipg@gmail.com\">residenciamultipg@gmail.com<\/a><\/li>\n<\/ul>\n<p><strong>Informa\u00e7\u00f5es sobre o Processo de Sele\u00e7\u00e3o<\/strong><\/p>\n<p>Coordenadoria de Processos de Sele\u00e7\u00e3o - (CPS)<\/p>\n<ul>\n<li>(42) 3220-3718<\/li>\n<\/ul>\n<hr \/>\n<p><strong>Atendimento<\/strong><\/p>\n<p>Dias \u00fateis (de segunda a sexta-feira), das 8h00min \u00e0s 12h00min das 13h30min \u00e0s 17h30min<\/p>\n<hr \/>\n<p><strong>Outros<\/strong><\/p>\n<p><a href=\"https:\/\/www.facebook.com\/oficialuepg\/\">@oficialuepg<\/a><\/p>\n\t\t\t<\/div>\n\t\t<\/div>\n\t\t<\/div>\n<\/div>\n<\/div><\/div><\/div><\/div><\/div>","protected":false},"excerpt":{"rendered":"<p>Per\u00edodo de inscri\u00e7\u00e3o: 01\/09\/2025 a 30\/09\/2025 Pagamento da Taxa de inscri\u00e7\u00e3o: 07\/10\/2025 Taxa de inscri\u00e7\u00e3o: R$ 360,00 Homologa\u00e7\u00e3o dos Inscritos: 21\/10\/2025 Homologa\u00e7\u00e3o dos Inscritos ap\u00f3s Recursos: 24\/10\/2025 Divulga\u00e7\u00e3o do Ensalamento: a partir de 30\/10\/2025 Aplica\u00e7\u00e3o das Provas 09\/11\/2025 Divulga\u00e7\u00e3o dos Gabaritos 09\/11\/2025 (a partir das 18h00min) Divulga\u00e7\u00e3o dos Resultados 14\/11\/2025<\/p>\n","protected":false},"author":670,"featured_media":0,"parent":0,"menu_order":0,"comment_status":"closed","ping_status":"closed","template":"","meta":[],"_links":{"self":[{"href":"https:\/\/www2.uepg.br\/cps\/wp-json\/wp\/v2\/pages\/1052"}],"collection":[{"href":"https:\/\/www2.uepg.br\/cps\/wp-json\/wp\/v2\/pages"}],"about":[{"href":"https:\/\/www2.uepg.br\/cps\/wp-json\/wp\/v2\/types\/page"}],"author":[{"embeddable":true,"href":"https:\/\/www2.uepg.br\/cps\/wp-json\/wp\/v2\/users\/670"}],"replies":[{"embeddable":true,"href":"https:\/\/www2.uepg.br\/cps\/wp-json\/wp\/v2\/comments?post=1052"}],"version-history":[{"count":24,"href":"https:\/\/www2.uepg.br\/cps\/wp-json\/wp\/v2\/pages\/1052\/revisions"}],"predecessor-version":[{"id":1562,"href":"https:\/\/www2.uepg.br\/cps\/wp-json\/wp\/v2\/pages\/1052\/revisions\/1562"}],"wp:attachment":[{"href":"https:\/\/www2.uepg.br\/cps\/wp-json\/wp\/v2\/media?parent=1052"}],"curies":[{"name":"wp","href":"https:\/\/api.w.org\/{rel}","templated":true}]}}